{"id":12951,"date":"2020-10-07T13:20:07","date_gmt":"2020-10-07T11:20:07","guid":{"rendered":"http:\/\/nuovosito.museoomero.it\/?page_id=12951"},"modified":"2024-09-26T10:08:44","modified_gmt":"2024-09-26T08:08:44","slug":"familioj","status":"publish","type":"page","link":"https:\/\/museoomero.it\/eo\/edukado\/familioj\/","title":{"rendered":"Familioj"},"content":{"rendered":"\n<p>Muzeo Homero estas amata de infanoj kaj knaboj, tiom ke \u011duste ili ofte trenas tien gepatrojn kaj parencojn. Tio okazas, \u0109ar ili sentas sin akceptitaj en loko, kie ili povas libere esplori kaj alproksimi\u011di sentime al la verkoj.<\/p>\n\n\n\n<p>Je la prezo de 2 e\u016droj vi povos ricevi <strong>okulbendon<\/strong> por sperti viziton ekskluzive palpsentan.<\/p>\n\n\n\n<h2 class=\"wp-block-heading\">Pagendaj aktivadoj kun niaj de\u0135orantoj<\/h2>\n\n\n\n<p><strong>Aktivadoj <\/strong>gvidataj de niaj de\u0135orantoj okazas en la Muzeo por<strong> minimumo 10 partoprenantoj<\/strong>.<\/p>\n\n\n\n<h3 class=\"wp-block-heading\">Palpendaj rakontoj<\/h3>\n\n\n\n<p>La rakontoj legataj en la Muzeo estas veraj kaj originalaj kiel la via estos amuze kunmeti vian familian historion, \u011di estos tute palpebla,  \u011duste kiel la libroj, kiujn vi malkovris \u0109i tie en la Muzeo.<br>Vi prilaboros grandan kartonan libron jam binditan kaj, sen koloroj kaj krajonoj, sed nur per glua\u0135o, tondilo kaj multaj materialoj vi povos rakonti \u0109ion pri vi mem.<\/p>\n\n\n\n<p>Por familioj kun infanoj de kvar \u011dis na\u016d jaroj.<\/p>\n\n\n\n<h3 class=\"wp-block-heading\">Premsignoj<\/h3>\n\n\n\n<p>Argilo, la plej diversfaceta materialo, kiun la homaro iam utiligis!<br>Ni helpas vin modli amuzajn bildojn el argilo, kiujn vi povos pendigi sur viaj muroj.<br>Gvidvorto: krei (transitive) = produkti el nenio.<\/p>\n\n\n\n<p>Por familioj kun infanoj de kvar \u011dis na\u016d jaroj.<\/p>\n\n\n\n<h3 class=\"wp-block-heading\">Muzeaj talpoj<\/h3>\n\n\n\n<p>\u0108u vi iam provis palpi skulpta\u0135on? Kaj \u011din palpi ne vidante \u011din? \u0108i tie vi povos fari tion!<br>Vi, banda\u011dite, palpos skulpta\u0135on de nuntempa arto; poste vi kunigos viajn ideojn, sentojn kaj emociojn por provi desegni \u011din \u0109iuj kune. \u0108u vi sukcesos?<br>Venu por provi kaj por malkovri kiom multe vidas viaj manoj!<\/p>\n\n\n\n<p>Por familioj kun infanoj na\u016djaraj kaj pli a\u011daj.<\/p>\n\n\n\n<h3 class=\"wp-block-heading\">Eta kurso pri ceramiko<\/h3>\n\n\n\n<p>3 renkonti\u011doj por malkovri argilon kaj \u011diajn transformi\u011dojn.<br>Ser\u0109ataj estas laboremaj manoj por transformi akvon kaj teron en realajn objektojn:<br>Vi modlos permane kaj per tornilo, bakos kaj glazuros. Kiu venas amuzi\u011das, kaj baka\u0135ojn kunportas!<\/p>\n\n\n\n<p>Por \u0109iuj.<\/p>\n\n\n\n<h2 class=\"wp-block-heading\">Kostoj kaj anta\u016dmendo<\/h2>\n\n\n\n<p>Anta\u016dmendo estas deviga,<strong> kontaktu nin \u0109e 335 56 96 985 <\/strong>(telefono kaj whatsapp) <strong>minimume 7 tagojn anta\u016de<\/strong>.<br><strong>Kosto<\/strong>: 5,00 e\u016drojn por \u0109iu partoprenanto, senpage por infanoj 0-4-jara\u011daj, handikapuloj kaj ties akompanantoj.<br><strong>Eta kurso pri ceramiko<\/strong>: 30,00  e\u016drojn  por familioj. <br><strong>Pago<\/strong>: kontante, per banka\u016dtomato, kreditkarto, banka \u011diro.<\/p>\n","protected":false},"excerpt":{"rendered":"<p>Muzeo Homero estas amata de infanoj kaj knaboj, tiom ke \u011duste ili ofte trenas tien gepatrojn kaj parencojn. Tio okazas, \u0109ar ili sentas sin akceptitaj en loko, kie ili povas libere esplori kaj alproksimi\u011di sentime al la verkoj. Je la prezo de 2 e\u016droj vi povos ricevi okulbendon por sperti viziton ekskluzive palpsentan. Pagendaj aktivadoj [&#8230;] <span class=\"sr-only\"><a href=\"https:\/\/museoomero.it\/eo\/edukado\/familioj\/\">Continua a leggere: Familioj<\/a><\/span><\/p>\n","protected":false},"author":2,"featured_media":34591,"parent":14436,"menu_order":353,"comment_status":"closed","ping_status":"closed","template":"","meta":{"_acf_changed":false,"footnotes":""},"class_list":["post-12951","page","type-page","status-publish","has-post-thumbnail","hentry"],"acf":[],"yoast_head":"<!-- This site is optimized with the Yoast SEO plugin v27.3 - https:\/\/yoast.com\/product\/yoast-seo-wordpress\/ -->\n<title>Familioj - Museo Omero<\/title>\n<meta name=\"description\" content=\"Muzeo Homero estas amata de infanoj kaj knaboj, tiom ke \u011duste ili ofte trenas tien gepatrojn kaj parencojn.\" \/>\n<meta name=\"robots\" content=\"index, follow, max-snippet:-1, max-image-preview:large, max-video-preview:-1\" \/>\n<link rel=\"canonical\" href=\"https:\/\/museoomero.it\/eo\/edukado\/familioj\/\" \/>\n<meta property=\"og:locale\" content=\"eo_EO\" \/>\n<meta property=\"og:type\" content=\"article\" \/>\n<meta property=\"og:title\" content=\"Familioj - Museo Omero\" \/>\n<meta property=\"og:description\" content=\"Muzeo Homero estas amata de infanoj kaj knaboj, tiom ke \u011duste ili ofte trenas tien gepatrojn kaj parencojn.\" \/>\n<meta property=\"og:url\" content=\"https:\/\/museoomero.it\/eo\/edukado\/familioj\/\" \/>\n<meta property=\"og:site_name\" content=\"Museo Omero\" \/>\n<meta property=\"article:modified_time\" content=\"2024-09-26T08:08:44+00:00\" \/>\n<meta property=\"og:image\" content=\"https:\/\/museoomero.it\/wp-content\/uploads\/2024\/09\/museo-omero-famiglie.jpg\" \/>\n\t<meta property=\"og:image:width\" content=\"1536\" \/>\n\t<meta property=\"og:image:height\" content=\"1027\" \/>\n\t<meta property=\"og:image:type\" content=\"image\/jpeg\" \/>\n<meta name=\"twitter:card\" content=\"summary_large_image\" \/>\n<meta name=\"twitter:label1\" content=\"Est. reading time\" \/>\n\t<meta name=\"twitter:data1\" content=\"3 minutes\" \/>\n<script type=\"application\/ld+json\" class=\"yoast-schema-graph\">{\"@context\":\"https:\\\/\\\/schema.org\",\"@graph\":[{\"@type\":\"WebPage\",\"@id\":\"https:\\\/\\\/museoomero.it\\\/eo\\\/edukado\\\/familioj\\\/\",\"url\":\"https:\\\/\\\/museoomero.it\\\/eo\\\/edukado\\\/familioj\\\/\",\"name\":\"Familioj - Museo Omero\",\"isPartOf\":{\"@id\":\"https:\\\/\\\/museoomero.it\\\/eo\\\/#website\"},\"primaryImageOfPage\":{\"@id\":\"https:\\\/\\\/museoomero.it\\\/eo\\\/edukado\\\/familioj\\\/#primaryimage\"},\"image\":{\"@id\":\"https:\\\/\\\/museoomero.it\\\/eo\\\/edukado\\\/familioj\\\/#primaryimage\"},\"thumbnailUrl\":\"https:\\\/\\\/museoomero.it\\\/wp-content\\\/uploads\\\/2024\\\/09\\\/museo-omero-famiglie.jpg\",\"datePublished\":\"2020-10-07T11:20:07+00:00\",\"dateModified\":\"2024-09-26T08:08:44+00:00\",\"description\":\"Muzeo Homero estas amata de infanoj kaj knaboj, tiom ke \u011duste ili ofte trenas tien gepatrojn kaj parencojn.\",\"breadcrumb\":{\"@id\":\"https:\\\/\\\/museoomero.it\\\/eo\\\/edukado\\\/familioj\\\/#breadcrumb\"},\"inLanguage\":\"eo-UY\",\"potentialAction\":[{\"@type\":\"ReadAction\",\"target\":[\"https:\\\/\\\/museoomero.it\\\/eo\\\/edukado\\\/familioj\\\/\"]}]},{\"@type\":\"ImageObject\",\"inLanguage\":\"eo-UY\",\"@id\":\"https:\\\/\\\/museoomero.it\\\/eo\\\/edukado\\\/familioj\\\/#primaryimage\",\"url\":\"https:\\\/\\\/museoomero.it\\\/wp-content\\\/uploads\\\/2024\\\/09\\\/museo-omero-famiglie.jpg\",\"contentUrl\":\"https:\\\/\\\/museoomero.it\\\/wp-content\\\/uploads\\\/2024\\\/09\\\/museo-omero-famiglie.jpg\",\"width\":1536,\"height\":1027,\"caption\":\"Plenkreskulo tenas infanon en siaj brakoj por permesi al li tu\u015di la kopion de Moseo de Mikelan\u011delo.\"},{\"@type\":\"BreadcrumbList\",\"@id\":\"https:\\\/\\\/museoomero.it\\\/eo\\\/edukado\\\/familioj\\\/#breadcrumb\",\"itemListElement\":[{\"@type\":\"ListItem\",\"position\":1,\"name\":\"Edukado\",\"item\":\"https:\\\/\\\/museoomero.it\\\/eo\\\/edukado\\\/\"},{\"@type\":\"ListItem\",\"position\":2,\"name\":\"Familioj\"}]},{\"@type\":\"WebSite\",\"@id\":\"https:\\\/\\\/museoomero.it\\\/eo\\\/#website\",\"url\":\"https:\\\/\\\/museoomero.it\\\/eo\\\/\",\"name\":\"Museo Omero\",\"description\":\"Museo Tattile Statale\",\"publisher\":{\"@id\":\"https:\\\/\\\/museoomero.it\\\/eo\\\/#organization\"},\"potentialAction\":[{\"@type\":\"SearchAction\",\"target\":{\"@type\":\"EntryPoint\",\"urlTemplate\":\"https:\\\/\\\/museoomero.it\\\/eo\\\/?s={search_term_string}\"},\"query-input\":{\"@type\":\"PropertyValueSpecification\",\"valueRequired\":true,\"valueName\":\"search_term_string\"}}],\"inLanguage\":\"eo-UY\"},{\"@type\":\"Organization\",\"@id\":\"https:\\\/\\\/museoomero.it\\\/eo\\\/#organization\",\"name\":\"Museo Omero\",\"url\":\"https:\\\/\\\/museoomero.it\\\/eo\\\/\",\"logo\":{\"@type\":\"ImageObject\",\"inLanguage\":\"eo-UY\",\"@id\":\"https:\\\/\\\/museoomero.it\\\/eo\\\/#\\\/schema\\\/logo\\\/image\\\/\",\"url\":\"https:\\\/\\\/museoomero.it\\\/wp-content\\\/uploads\\\/2019\\\/12\\\/logo_museoomero_nomibact.png\",\"contentUrl\":\"https:\\\/\\\/museoomero.it\\\/wp-content\\\/uploads\\\/2019\\\/12\\\/logo_museoomero_nomibact.png\",\"width\":400,\"height\":127,\"caption\":\"Museo Omero\"},\"image\":{\"@id\":\"https:\\\/\\\/museoomero.it\\\/eo\\\/#\\\/schema\\\/logo\\\/image\\\/\"}}]}<\/script>\n<!-- \/ Yoast SEO plugin. -->","yoast_head_json":{"title":"Familioj - Museo Omero","description":"Muzeo Homero estas amata de infanoj kaj knaboj, tiom ke \u011duste ili ofte trenas tien gepatrojn kaj parencojn.","robots":{"index":"index","follow":"follow","max-snippet":"max-snippet:-1","max-image-preview":"max-image-preview:large","max-video-preview":"max-video-preview:-1"},"canonical":"https:\/\/museoomero.it\/eo\/edukado\/familioj\/","og_locale":"eo_EO","og_type":"article","og_title":"Familioj - Museo Omero","og_description":"Muzeo Homero estas amata de infanoj kaj knaboj, tiom ke \u011duste ili ofte trenas tien gepatrojn kaj parencojn.","og_url":"https:\/\/museoomero.it\/eo\/edukado\/familioj\/","og_site_name":"Museo Omero","article_modified_time":"2024-09-26T08:08:44+00:00","og_image":[{"width":1536,"height":1027,"url":"https:\/\/museoomero.it\/wp-content\/uploads\/2024\/09\/museo-omero-famiglie.jpg","type":"image\/jpeg"}],"twitter_card":"summary_large_image","twitter_misc":{"Est. reading time":"3 minutes"},"schema":{"@context":"https:\/\/schema.org","@graph":[{"@type":"WebPage","@id":"https:\/\/museoomero.it\/eo\/edukado\/familioj\/","url":"https:\/\/museoomero.it\/eo\/edukado\/familioj\/","name":"Familioj - Museo Omero","isPartOf":{"@id":"https:\/\/museoomero.it\/eo\/#website"},"primaryImageOfPage":{"@id":"https:\/\/museoomero.it\/eo\/edukado\/familioj\/#primaryimage"},"image":{"@id":"https:\/\/museoomero.it\/eo\/edukado\/familioj\/#primaryimage"},"thumbnailUrl":"https:\/\/museoomero.it\/wp-content\/uploads\/2024\/09\/museo-omero-famiglie.jpg","datePublished":"2020-10-07T11:20:07+00:00","dateModified":"2024-09-26T08:08:44+00:00","description":"Muzeo Homero estas amata de infanoj kaj knaboj, tiom ke \u011duste ili ofte trenas tien gepatrojn kaj parencojn.","breadcrumb":{"@id":"https:\/\/museoomero.it\/eo\/edukado\/familioj\/#breadcrumb"},"inLanguage":"eo-UY","potentialAction":[{"@type":"ReadAction","target":["https:\/\/museoomero.it\/eo\/edukado\/familioj\/"]}]},{"@type":"ImageObject","inLanguage":"eo-UY","@id":"https:\/\/museoomero.it\/eo\/edukado\/familioj\/#primaryimage","url":"https:\/\/museoomero.it\/wp-content\/uploads\/2024\/09\/museo-omero-famiglie.jpg","contentUrl":"https:\/\/museoomero.it\/wp-content\/uploads\/2024\/09\/museo-omero-famiglie.jpg","width":1536,"height":1027,"caption":"Plenkreskulo tenas infanon en siaj brakoj por permesi al li tu\u015di la kopion de Moseo de Mikelan\u011delo."},{"@type":"BreadcrumbList","@id":"https:\/\/museoomero.it\/eo\/edukado\/familioj\/#breadcrumb","itemListElement":[{"@type":"ListItem","position":1,"name":"Edukado","item":"https:\/\/museoomero.it\/eo\/edukado\/"},{"@type":"ListItem","position":2,"name":"Familioj"}]},{"@type":"WebSite","@id":"https:\/\/museoomero.it\/eo\/#website","url":"https:\/\/museoomero.it\/eo\/","name":"Museo Omero","description":"Museo Tattile Statale","publisher":{"@id":"https:\/\/museoomero.it\/eo\/#organization"},"potentialAction":[{"@type":"SearchAction","target":{"@type":"EntryPoint","urlTemplate":"https:\/\/museoomero.it\/eo\/?s={search_term_string}"},"query-input":{"@type":"PropertyValueSpecification","valueRequired":true,"valueName":"search_term_string"}}],"inLanguage":"eo-UY"},{"@type":"Organization","@id":"https:\/\/museoomero.it\/eo\/#organization","name":"Museo Omero","url":"https:\/\/museoomero.it\/eo\/","logo":{"@type":"ImageObject","inLanguage":"eo-UY","@id":"https:\/\/museoomero.it\/eo\/#\/schema\/logo\/image\/","url":"https:\/\/museoomero.it\/wp-content\/uploads\/2019\/12\/logo_museoomero_nomibact.png","contentUrl":"https:\/\/museoomero.it\/wp-content\/uploads\/2019\/12\/logo_museoomero_nomibact.png","width":400,"height":127,"caption":"Museo Omero"},"image":{"@id":"https:\/\/museoomero.it\/eo\/#\/schema\/logo\/image\/"}}]}},"jetpack_sharing_enabled":true,"_links":{"self":[{"href":"https:\/\/museoomero.it\/eo\/wp-json\/wp\/v2\/pages\/12951","targetHints":{"allow":["GET"]}}],"collection":[{"href":"https:\/\/museoomero.it\/eo\/wp-json\/wp\/v2\/pages"}],"about":[{"href":"https:\/\/museoomero.it\/eo\/wp-json\/wp\/v2\/types\/page"}],"author":[{"embeddable":true,"href":"https:\/\/museoomero.it\/eo\/wp-json\/wp\/v2\/users\/2"}],"replies":[{"embeddable":true,"href":"https:\/\/museoomero.it\/eo\/wp-json\/wp\/v2\/comments?post=12951"}],"version-history":[{"count":16,"href":"https:\/\/museoomero.it\/eo\/wp-json\/wp\/v2\/pages\/12951\/revisions"}],"predecessor-version":[{"id":34775,"href":"https:\/\/museoomero.it\/eo\/wp-json\/wp\/v2\/pages\/12951\/revisions\/34775"}],"up":[{"embeddable":true,"href":"https:\/\/museoomero.it\/eo\/wp-json\/wp\/v2\/pages\/14436"}],"wp:featuredmedia":[{"embeddable":true,"href":"https:\/\/museoomero.it\/eo\/wp-json\/wp\/v2\/media\/34591"}],"wp:attachment":[{"href":"https:\/\/museoomero.it\/eo\/wp-json\/wp\/v2\/media?parent=12951"}],"curies":[{"name":"wp","href":"https:\/\/api.w.org\/{rel}","templated":true}]}}