{"id":14381,"date":"2020-10-26T10:04:27","date_gmt":"2020-10-26T09:04:27","guid":{"rendered":"http:\/\/nuovosito.museoomero.it\/?page_id=14381"},"modified":"2026-03-12T08:18:25","modified_gmt":"2026-03-12T07:18:25","slug":"organizu-vian-viziton","status":"publish","type":"page","link":"https:\/\/museoomero.it\/eo\/muzeo\/organizu-vian-viziton\/","title":{"rendered":"Organizu vian viziton"},"content":{"rendered":"\n<p><strong>En nia muzeo vi estas bonvena!<\/strong><\/p>\n\n\n\n<p>La de\u0135orantoj pretas akcepti vin kaj rakonti pri nia naski\u011do, pri nia filozofio kaj pri nia rolo en la internacia panoramo.<\/p>\n\n\n\n<h2 class=\"wp-block-heading\">Horaro<\/h2>\n\n\n\n<p><strong>De mardo \u011dis sabato<\/strong> 15:00 -18:00.<br><strong>Diman\u0109e kaj festtage<\/strong> 10:00 &#8211; 18:00. La 1a de januaro 15:00 &#8211; 18:00.<br>De la 1a de aprilo \u011dis la 31a de oktobro la malfermo \u0109iun vendredon estas anta\u016denigita al la 14:00.<br><strong>Post rezervado<\/strong> ni estas malfermitaj de lundo \u011dis vendredo 9:00 &#8211; 13:00.<br><strong>Fermite:<\/strong> lunde posttagmeze; la 24a, 25a kaj 31a de decembro.<br><strong>Lasta eniro<\/strong> por la Dezajna Kolekto: 17:30.<\/p>\n\n\n\n<h2 class=\"wp-block-heading\">Kie ni estas<\/h2>\n\n\n\n<p>Museo Tattile Statale Omero &#8211; Mole Vanvitelliana<br>Banchina Giovanni da Chio 28, 60121 &#8211; Ancona, Italujo<br><a href=\"https:\/\/www.google.com\/maps\/place\/\/data=!4m2!3m1!1s0x132d7f90e3bd5d15:0xee2e1208808a68e0?source=g.page.share\">Google map<\/a><\/p>\n\n\n\n<p>Estas du enirejoj al la Mole: la \u0109efa enirejo situas proksime al la doganejo kaj Porta Pia: ponto el brikoj kondukas al monumenta portalo el blanka \u015dtono, kronita de emblemo kaj flago. La alia situas en la areo Mandracchio, proksime al la Fi\u015dbazaro: alia ponto el brikoj kondukas al granda pordego; super la muroj estas la skulpta\u0135o &#8220;Cavallo rosso&#8221; de Mimmo Paladino.<\/p>\n\n\n\n<p>Estas <strong>senpagaj parkejoj <\/strong>proksime de la Mole.<\/p>\n\n\n\n<p>Por aliri la Muzeon Omero vi devas atingi la <strong>internan korton<\/strong> de la Mole Vanvitelliana, kie estas du enirejoj: unu kun monumenta \u015dtuparo, signalita de arko, kaj la alia ekipita per lifto, situanta en la tereta\u011do. Post trapaso de la pordo, vi devas sonigi la sonorilon dekstre de la vitra pordo.<\/p>\n\n\n\n<h2 class=\"wp-block-heading\">Eniro<\/h2>\n\n\n\n<p>Al Muzeo Homero la eniro estas <strong>senpaga<\/strong>, escepte de la <strong>kolekto Design <\/strong>kiu havas enirbileton de <strong>5 e\u016droj<\/strong>. \u0108iun unuan diman\u0109on de la monato la Kolekto pri Dezajno estas senpaga. Pri senpageco konsultu la retejon de la <a href=\"https:\/\/www.beniculturali.it\/agevolazioni\">Ministerio pri Kulturo<\/a>. Aldone, estas reciproka rabatita eniro inter la Dezajn-Kolekto kaj la ekspozicioj nun montrataj \u0109e la Mole Vanvitelliana.<br><strong>Po\u015dtelefono kaj whatsapp<\/strong>: 335 56 96 985.<br><strong>Retpo\u015dto<\/strong>: <a href=\"mailto:prenotazioni@museoomero.it\">prenotazioni@museoomero.it<\/a><br><strong>Eniro de hundoj<\/strong>: permesita nur al gvidhundoj.<br>Utiligon de desinfekta \u011delo trovebla en \u0109iuj ejoj kaj\/a\u016d de unuuzaj gantoj por palpi la verkojn.<\/p>\n\n\n\n<h2 class=\"wp-block-heading\">Vizitoj kaj laborejoj<\/h2>\n\n\n\n<p>Anta\u016dmendo deviga. Por informoj kaj anta\u016dmendoj kontaktu la <a href=\"https:\/\/museoomero.it\/eo\/edukado\/\">Edukan Sekcion<\/a>.<br><strong>Po\u015dtelefono kaj whatsapp<\/strong>: 335 56 96 985.<br><strong>Retpo\u015dto<\/strong>: <a href=\"mailto:didattica@museoomero.it\"><\/a><a href=\"mailto:prenotazioni@museoomero.it\">prenotazioni@museoomero.it<\/a>.<br>Gvidataj vizitoj kaj atelieroj kun komizo estas anta\u016dmendendaj, por maksimume 10 homoj.<br><strong>Kosto<\/strong>: po 5 e\u016droj. <br><strong>Ceramika minikurso<\/strong>: 30 e\u016droj por \u0109iu familio.<br><strong>Lernejoj<\/strong>: 80 e\u016droj por \u0109iu klaso.<\/p>\n\n\n\n<p><strong>Senpage <\/strong>por infanoj 0-4-jara\u011daj, handikapuloj kaj ties akompanantoj.<\/p>\n\n\n\n<h2 class=\"wp-block-heading\">Servoj<\/h2>\n\n\n\n<h3 class=\"wp-block-heading\">Senpagaj<\/h3>\n\n\n\n<ul class=\"wp-block-list\">\n<li>Faldfolioj multlingvaj kaj brajlaj.<\/li>\n\n\n\n<li>Gvidbro\u015duroj porinfanaj por memstara esplorado de la ejoj kun la familio.<\/li>\n\n\n\n<li>Facila gvidilo por viziti la Muzeon.<\/li>\n<\/ul>\n\n\n\n<h2 class=\"wp-block-heading\">Pagendaj<\/h2>\n\n\n\n<ul class=\"wp-block-list\">\n<li>OkulBendo por &#8220;kunbenda vizito&#8221;: kosto 2 e\u016droj.<\/li>\n\n\n\n<li>Alireblaj a\u016ddgvidiloj en la itala, angla kaj franca, uzeblaj per a\u016ddoplumoj: kosto 5 e\u016droj. <br>Senpage por personoj kun handikapoj ties akompanantoj.<\/li>\n<\/ul>\n\n\n\n<h2 class=\"wp-block-heading\">Alirobleco<\/h2>\n\n\n\n<p>Kontrolu \u0109iujn informojn pri la <a href=\"https:\/\/museoomero.it\/eo\/muzeo\/alirebleco\/\">alirobleco <\/a>de la loko kaj la rilataj servoj.<\/p>\n\n\n\n<h2 class=\"wp-block-heading\">Konvencioj<\/h2>\n\n\n\n<p>Membroj de la subaj institucioj\/asocioj rajtas, \u0109iam en la jaro, ricevi rabatitan bileton por \u0109iuj ekspozicioj organizitaj de Muzeo Homero kaj 20-elcentan rabaton en la librovendejo por eldona\u0135oj Museo Omero.<\/p>\n\n\n\n<ul class=\"wp-block-list\">\n<li><a href=\"https:\/\/club.aci.it\/syc_convenzione\/museo-tattile-statale-omero\/\">ACI &#8211; Automobile Club d&#8217;Italia<\/a>: membroj de ACI kaj ACI Storico krome havas ekskluzivan rajton ricevi senpagan katalogon la\u016d elekto inter &#8220;Francesco Messina, Cent skulpta\u0135oj 1920-1994&#8221; a\u016d &#8220;Manz\u00f9: La aventuro de Uliso&#8221;;<\/li>\n\n\n\n<li>Artsupp Card;<\/li>\n\n\n\n<li><a href=\"https:\/\/www.coopalleanza3-0.it\/soci\/convenzioni-socio-coop\/dettaglio-convenzione\/2711-museo-tattile-statale-omero.html\">Coop 3.0<\/a>;<\/li>\n\n\n\n<li><a href=\"https:\/\/www.icom-italia.org\/soci\/\">Icom<\/a>;<\/li>\n\n\n\n<li><a href=\"https:\/\/www.touringclub.it\/cosa-puoi-fare-tu\/convenzionati\/convenzioni-e-offerte?subtype=museum_monument%20OR%20monumental_build%20OR%20nature%20OR%20church\">Touring Club Italiano<\/a>;<\/li>\n\n\n\n<li><a href=\"https:\/\/www.comune.ancona.it\/it\/news\/ancona-lancia-la-nuova-university-card-per-gli-studenti\">University Card Comune di Ancona<\/a>, UnivPM.<\/li>\n<\/ul>\n","protected":false},"excerpt":{"rendered":"<p>En nia muzeo vi estas bonvena! La de\u0135orantoj pretas akcepti vin kaj rakonti pri nia naski\u011do, pri nia filozofio kaj pri nia rolo en la internacia panoramo. Horaro De mardo \u011dis sabato 15:00 -18:00.Diman\u0109e kaj festtage 10:00 &#8211; 18:00. La 1a de januaro 15:00 &#8211; 18:00.De la 1a de aprilo \u011dis la 31a de oktobro [&#8230;] <span class=\"sr-only\"><a href=\"https:\/\/museoomero.it\/eo\/muzeo\/organizu-vian-viziton\/\">Continua a leggere: Organizu vian viziton<\/a><\/span><\/p>\n","protected":false},"author":2,"featured_media":25699,"parent":14392,"menu_order":131,"comment_status":"closed","ping_status":"closed","template":"","meta":{"_acf_changed":false,"footnotes":""},"class_list":["post-14381","page","type-page","status-publish","has-post-thumbnail","hentry"],"acf":[],"yoast_head":"<!-- This site is optimized with the Yoast SEO plugin v27.3 - https:\/\/yoast.com\/product\/yoast-seo-wordpress\/ -->\n<title>Organizu vian viziton - Museo Omero<\/title>\n<meta name=\"description\" content=\"La de\u0135orantoj pretas akcepti vin kaj rakonti pri nia naski\u011do, pri nia filozofio kaj pri nia rolo en la internacia panoramo.\" \/>\n<meta name=\"robots\" content=\"index, follow, max-snippet:-1, max-image-preview:large, max-video-preview:-1\" \/>\n<link rel=\"canonical\" href=\"https:\/\/museoomero.it\/eo\/muzeo\/organizu-vian-viziton\/\" \/>\n<meta property=\"og:locale\" content=\"eo_EO\" \/>\n<meta property=\"og:type\" content=\"article\" \/>\n<meta property=\"og:title\" content=\"Organizu vian viziton - Museo Omero\" \/>\n<meta property=\"og:description\" content=\"La de\u0135orantoj pretas akcepti vin kaj rakonti pri nia naski\u011do, pri nia filozofio kaj pri nia rolo en la internacia panoramo.\" \/>\n<meta property=\"og:url\" content=\"https:\/\/museoomero.it\/eo\/muzeo\/organizu-vian-viziton\/\" \/>\n<meta property=\"og:site_name\" content=\"Museo Omero\" \/>\n<meta property=\"article:modified_time\" content=\"2026-03-12T07:18:25+00:00\" \/>\n<meta property=\"og:image\" content=\"https:\/\/museoomero.it\/wp-content\/uploads\/2022\/05\/museo-organizza-la-visita-.jpg\" \/>\n\t<meta property=\"og:image:width\" content=\"1024\" \/>\n\t<meta property=\"og:image:height\" content=\"683\" \/>\n\t<meta property=\"og:image:type\" content=\"image\/jpeg\" \/>\n<meta name=\"twitter:card\" content=\"summary_large_image\" \/>\n<meta name=\"twitter:label1\" content=\"Est. reading time\" \/>\n\t<meta name=\"twitter:data1\" content=\"3 minutes\" \/>\n<script type=\"application\/ld+json\" class=\"yoast-schema-graph\">{\"@context\":\"https:\\\/\\\/schema.org\",\"@graph\":[{\"@type\":\"WebPage\",\"@id\":\"https:\\\/\\\/museoomero.it\\\/eo\\\/muzeo\\\/organizu-vian-viziton\\\/\",\"url\":\"https:\\\/\\\/museoomero.it\\\/eo\\\/muzeo\\\/organizu-vian-viziton\\\/\",\"name\":\"Organizu vian viziton - Museo Omero\",\"isPartOf\":{\"@id\":\"https:\\\/\\\/museoomero.it\\\/eo\\\/#website\"},\"primaryImageOfPage\":{\"@id\":\"https:\\\/\\\/museoomero.it\\\/eo\\\/muzeo\\\/organizu-vian-viziton\\\/#primaryimage\"},\"image\":{\"@id\":\"https:\\\/\\\/museoomero.it\\\/eo\\\/muzeo\\\/organizu-vian-viziton\\\/#primaryimage\"},\"thumbnailUrl\":\"https:\\\/\\\/museoomero.it\\\/wp-content\\\/uploads\\\/2022\\\/05\\\/museo-organizza-la-visita-.jpg\",\"datePublished\":\"2020-10-26T09:04:27+00:00\",\"dateModified\":\"2026-03-12T07:18:25+00:00\",\"description\":\"La de\u0135orantoj pretas akcepti vin kaj rakonti pri nia naski\u011do, pri nia filozofio kaj pri nia rolo en la internacia panoramo.\",\"breadcrumb\":{\"@id\":\"https:\\\/\\\/museoomero.it\\\/eo\\\/muzeo\\\/organizu-vian-viziton\\\/#breadcrumb\"},\"inLanguage\":\"eo-UY\",\"potentialAction\":[{\"@type\":\"ReadAction\",\"target\":[\"https:\\\/\\\/museoomero.it\\\/eo\\\/muzeo\\\/organizu-vian-viziton\\\/\"]}]},{\"@type\":\"ImageObject\",\"inLanguage\":\"eo-UY\",\"@id\":\"https:\\\/\\\/museoomero.it\\\/eo\\\/muzeo\\\/organizu-vian-viziton\\\/#primaryimage\",\"url\":\"https:\\\/\\\/museoomero.it\\\/wp-content\\\/uploads\\\/2022\\\/05\\\/museo-organizza-la-visita-.jpg\",\"contentUrl\":\"https:\\\/\\\/museoomero.it\\\/wp-content\\\/uploads\\\/2022\\\/05\\\/museo-organizza-la-visita-.jpg\",\"width\":1024,\"height\":683,\"caption\":\"ragazza che accarezza un'opera d'arte\"},{\"@type\":\"BreadcrumbList\",\"@id\":\"https:\\\/\\\/museoomero.it\\\/eo\\\/muzeo\\\/organizu-vian-viziton\\\/#breadcrumb\",\"itemListElement\":[{\"@type\":\"ListItem\",\"position\":1,\"name\":\"Muzeo\",\"item\":\"https:\\\/\\\/museoomero.it\\\/eo\\\/muzeo\\\/\"},{\"@type\":\"ListItem\",\"position\":2,\"name\":\"Organizu vian viziton\"}]},{\"@type\":\"WebSite\",\"@id\":\"https:\\\/\\\/museoomero.it\\\/eo\\\/#website\",\"url\":\"https:\\\/\\\/museoomero.it\\\/eo\\\/\",\"name\":\"Museo Omero\",\"description\":\"Museo Tattile Statale\",\"publisher\":{\"@id\":\"https:\\\/\\\/museoomero.it\\\/eo\\\/#organization\"},\"potentialAction\":[{\"@type\":\"SearchAction\",\"target\":{\"@type\":\"EntryPoint\",\"urlTemplate\":\"https:\\\/\\\/museoomero.it\\\/eo\\\/?s={search_term_string}\"},\"query-input\":{\"@type\":\"PropertyValueSpecification\",\"valueRequired\":true,\"valueName\":\"search_term_string\"}}],\"inLanguage\":\"eo-UY\"},{\"@type\":\"Organization\",\"@id\":\"https:\\\/\\\/museoomero.it\\\/eo\\\/#organization\",\"name\":\"Museo Omero\",\"url\":\"https:\\\/\\\/museoomero.it\\\/eo\\\/\",\"logo\":{\"@type\":\"ImageObject\",\"inLanguage\":\"eo-UY\",\"@id\":\"https:\\\/\\\/museoomero.it\\\/eo\\\/#\\\/schema\\\/logo\\\/image\\\/\",\"url\":\"https:\\\/\\\/museoomero.it\\\/wp-content\\\/uploads\\\/2019\\\/12\\\/logo_museoomero_nomibact.png\",\"contentUrl\":\"https:\\\/\\\/museoomero.it\\\/wp-content\\\/uploads\\\/2019\\\/12\\\/logo_museoomero_nomibact.png\",\"width\":400,\"height\":127,\"caption\":\"Museo Omero\"},\"image\":{\"@id\":\"https:\\\/\\\/museoomero.it\\\/eo\\\/#\\\/schema\\\/logo\\\/image\\\/\"}}]}<\/script>\n<!-- \/ Yoast SEO plugin. -->","yoast_head_json":{"title":"Organizu vian viziton - Museo Omero","description":"La de\u0135orantoj pretas akcepti vin kaj rakonti pri nia naski\u011do, pri nia filozofio kaj pri nia rolo en la internacia panoramo.","robots":{"index":"index","follow":"follow","max-snippet":"max-snippet:-1","max-image-preview":"max-image-preview:large","max-video-preview":"max-video-preview:-1"},"canonical":"https:\/\/museoomero.it\/eo\/muzeo\/organizu-vian-viziton\/","og_locale":"eo_EO","og_type":"article","og_title":"Organizu vian viziton - Museo Omero","og_description":"La de\u0135orantoj pretas akcepti vin kaj rakonti pri nia naski\u011do, pri nia filozofio kaj pri nia rolo en la internacia panoramo.","og_url":"https:\/\/museoomero.it\/eo\/muzeo\/organizu-vian-viziton\/","og_site_name":"Museo Omero","article_modified_time":"2026-03-12T07:18:25+00:00","og_image":[{"width":1024,"height":683,"url":"https:\/\/museoomero.it\/wp-content\/uploads\/2022\/05\/museo-organizza-la-visita-.jpg","type":"image\/jpeg"}],"twitter_card":"summary_large_image","twitter_misc":{"Est. reading time":"3 minutes"},"schema":{"@context":"https:\/\/schema.org","@graph":[{"@type":"WebPage","@id":"https:\/\/museoomero.it\/eo\/muzeo\/organizu-vian-viziton\/","url":"https:\/\/museoomero.it\/eo\/muzeo\/organizu-vian-viziton\/","name":"Organizu vian viziton - Museo Omero","isPartOf":{"@id":"https:\/\/museoomero.it\/eo\/#website"},"primaryImageOfPage":{"@id":"https:\/\/museoomero.it\/eo\/muzeo\/organizu-vian-viziton\/#primaryimage"},"image":{"@id":"https:\/\/museoomero.it\/eo\/muzeo\/organizu-vian-viziton\/#primaryimage"},"thumbnailUrl":"https:\/\/museoomero.it\/wp-content\/uploads\/2022\/05\/museo-organizza-la-visita-.jpg","datePublished":"2020-10-26T09:04:27+00:00","dateModified":"2026-03-12T07:18:25+00:00","description":"La de\u0135orantoj pretas akcepti vin kaj rakonti pri nia naski\u011do, pri nia filozofio kaj pri nia rolo en la internacia panoramo.","breadcrumb":{"@id":"https:\/\/museoomero.it\/eo\/muzeo\/organizu-vian-viziton\/#breadcrumb"},"inLanguage":"eo-UY","potentialAction":[{"@type":"ReadAction","target":["https:\/\/museoomero.it\/eo\/muzeo\/organizu-vian-viziton\/"]}]},{"@type":"ImageObject","inLanguage":"eo-UY","@id":"https:\/\/museoomero.it\/eo\/muzeo\/organizu-vian-viziton\/#primaryimage","url":"https:\/\/museoomero.it\/wp-content\/uploads\/2022\/05\/museo-organizza-la-visita-.jpg","contentUrl":"https:\/\/museoomero.it\/wp-content\/uploads\/2022\/05\/museo-organizza-la-visita-.jpg","width":1024,"height":683,"caption":"ragazza che accarezza un'opera d'arte"},{"@type":"BreadcrumbList","@id":"https:\/\/museoomero.it\/eo\/muzeo\/organizu-vian-viziton\/#breadcrumb","itemListElement":[{"@type":"ListItem","position":1,"name":"Muzeo","item":"https:\/\/museoomero.it\/eo\/muzeo\/"},{"@type":"ListItem","position":2,"name":"Organizu vian viziton"}]},{"@type":"WebSite","@id":"https:\/\/museoomero.it\/eo\/#website","url":"https:\/\/museoomero.it\/eo\/","name":"Museo Omero","description":"Museo Tattile Statale","publisher":{"@id":"https:\/\/museoomero.it\/eo\/#organization"},"potentialAction":[{"@type":"SearchAction","target":{"@type":"EntryPoint","urlTemplate":"https:\/\/museoomero.it\/eo\/?s={search_term_string}"},"query-input":{"@type":"PropertyValueSpecification","valueRequired":true,"valueName":"search_term_string"}}],"inLanguage":"eo-UY"},{"@type":"Organization","@id":"https:\/\/museoomero.it\/eo\/#organization","name":"Museo Omero","url":"https:\/\/museoomero.it\/eo\/","logo":{"@type":"ImageObject","inLanguage":"eo-UY","@id":"https:\/\/museoomero.it\/eo\/#\/schema\/logo\/image\/","url":"https:\/\/museoomero.it\/wp-content\/uploads\/2019\/12\/logo_museoomero_nomibact.png","contentUrl":"https:\/\/museoomero.it\/wp-content\/uploads\/2019\/12\/logo_museoomero_nomibact.png","width":400,"height":127,"caption":"Museo Omero"},"image":{"@id":"https:\/\/museoomero.it\/eo\/#\/schema\/logo\/image\/"}}]}},"jetpack_sharing_enabled":true,"_links":{"self":[{"href":"https:\/\/museoomero.it\/eo\/wp-json\/wp\/v2\/pages\/14381","targetHints":{"allow":["GET"]}}],"collection":[{"href":"https:\/\/museoomero.it\/eo\/wp-json\/wp\/v2\/pages"}],"about":[{"href":"https:\/\/museoomero.it\/eo\/wp-json\/wp\/v2\/types\/page"}],"author":[{"embeddable":true,"href":"https:\/\/museoomero.it\/eo\/wp-json\/wp\/v2\/users\/2"}],"replies":[{"embeddable":true,"href":"https:\/\/museoomero.it\/eo\/wp-json\/wp\/v2\/comments?post=14381"}],"version-history":[{"count":48,"href":"https:\/\/museoomero.it\/eo\/wp-json\/wp\/v2\/pages\/14381\/revisions"}],"predecessor-version":[{"id":41896,"href":"https:\/\/museoomero.it\/eo\/wp-json\/wp\/v2\/pages\/14381\/revisions\/41896"}],"up":[{"embeddable":true,"href":"https:\/\/museoomero.it\/eo\/wp-json\/wp\/v2\/pages\/14392"}],"wp:featuredmedia":[{"embeddable":true,"href":"https:\/\/museoomero.it\/eo\/wp-json\/wp\/v2\/media\/25699"}],"wp:attachment":[{"href":"https:\/\/museoomero.it\/eo\/wp-json\/wp\/v2\/media?parent=14381"}],"curies":[{"name":"wp","href":"https:\/\/api.w.org\/{rel}","templated":true}]}}