{"id":14385,"date":"2020-10-26T10:22:00","date_gmt":"2020-10-26T09:22:00","guid":{"rendered":"http:\/\/nuovosito.museoomero.it\/?page_id=14385"},"modified":"2026-03-03T15:44:59","modified_gmt":"2026-03-03T14:44:59","slug":"alirebleco","status":"publish","type":"page","link":"https:\/\/museoomero.it\/eo\/muzeo\/alirebleco\/","title":{"rendered":"Alirebleco"},"content":{"rendered":"\n<p><strong>Kontaktulo pri alirebleco<\/strong>: Andrea Socrati. Email: <a href=\"mailto:andrea.socrati@museoomero.it\">andrea.socrati@museoomero.it<\/a> Tel. +39 071 28 11 935.<\/p>\n\n\n\n<h2 class=\"wp-block-heading\">Komplekso Vanvitelli <\/h2>\n\n\n\n<p>\u011ci estas konstrua\u0135o el la dekoka jarcento, projektita sur la akvo de Luigi Vanvitelli kaj hodia\u016d ligita al la kontinento per tri pontoj.<\/p>\n\n\n\n<p>Estas du enirejoj al la Mole: la \u0109efa enirejo situas proksime al la doganejo kaj Porta Pia: ponto el brikoj kondukas al monumenta portalo el blanka \u015dtono, kronita de emblemo kaj flago. La alia situas en la areo Mandracchio, proksime al la Fi\u015dbazaro: alia ponto el brikoj kondukas al granda pordego; super la muroj estas la skulpta\u0135o &#8220;Cavallo rosso&#8221; de Mimmo Paladino.<\/p>\n\n\n\n<p>Estas <strong>senpagaj parkejoj <\/strong>proksime de la Mole.<\/p>\n\n\n\n<p>Por aliri la Muzeon Omero vi devas atingi la <strong>internan korton<\/strong> de la Mole Vanvitelliana, kie estas du enirejoj: unu kun monumenta \u015dtuparo, signalita de arko, kaj la alia ekipita per lifto, situanta en la tereta\u011do. Post trapaso de la pordo, vi devas sonigi la sonorilon dekstre de la vitra pordo.<\/p>\n\n\n\n<p><strong>Personoj kun movi\u011dmalfacila\u0135oj <\/strong>povas eniri per a\u016dto en la korton de la Mole Vanvitelliana \u011dis la enirejo de la Muzeo kun lifto, kaj poste parki en la<strong> tri lokoj rezervitaj <\/strong>por transporto de personoj kun handikapo interne de la Mole. Por pliaj bezonoj kontaktu la asistadon \u0109e +39 333 61 66 898 (Ancona Servizi) a\u016d la Muzeon Omero telefone a\u016d per WhatsApp \u0109e +39 335 56 96 985.<\/p>\n\n\n\n<p>La Mole havas pavimon el &#8220;sanpietrini&#8221;, kiu tamen estas alirebla por rulse\u011duzantoj.<\/p>\n\n\n\n<h2 class=\"wp-block-heading\">Museo Omero &#8211; ekspoziciaj salonoj<\/h2>\n\n\n\n<p>La <a href=\"https:\/\/museoomero.it\/eo\/verkoj\/\">tuta vizitvojo<\/a>, dividita en tri nivelojn, estas <strong>alirebla<\/strong> danke al la liftoj.<\/p>\n\n\n\n<p><strong>Eniro de hundoj<\/strong>: permesata nur al gvidhundoj.<\/p>\n\n\n\n<h2 class=\"wp-block-heading\">Akcepto kaj Servoj<\/h2>\n\n\n\n<h3 class=\"wp-block-heading\">\u0108e la enirejo de la Muzeo<\/h3>\n\n\n\n<ul class=\"wp-block-list\">\n<li>Vesta\u0135deponejo<\/li>\n\n\n\n<li>Ripoz-spaco kun a\u016dtomatoj por akvo kaj kafo<\/li>\n\n\n\n<li>Necesejoj kun vindotablo; aliaj necesejoj trovi\u011das en la korto de la Mole<\/li>\n\n\n\n<li>Du manmovataj rulse\u011doj la\u016dpetite<\/li>\n\n\n\n<li>Sidiloj<\/li>\n\n\n\n<li>Plurlingvaj informmaterialoj kaj Brajlo-materialoj<\/li>\n\n\n\n<li>Alireblaj a\u016ddgvidiloj en la itala, angla kaj franca, uzeblaj per a\u016ddoplumoj<\/li>\n\n\n\n<li>Volumetra modelo de la Mole Vanvitelliana kaj reliefoj kun la mapo de la salonoj<\/li>\n\n\n\n<li>Senpagaj familiaj gvidiloj, anka\u016d en Brajlo kaj en Alternativa Pliiga Komunikado (por infanoj 3-6 jarojn)<\/li>\n\n\n\n<li>Konsultejo kie oni povas Preni la Facile-Legendan kaj Facile-Kompreneblan Gvidilon por viziti la Muzeon Omero (en la itala kaj la angla) kaj legi la numerojn de la revuo Aisthesis kaj aliajn materialojn.<\/li>\n<\/ul>\n\n\n\n<h3 class=\"wp-block-heading\">Tra la salonoj de la Muzeo<\/h3>\n\n\n\n<ul class=\"wp-block-list\">\n<li>Kunvensalono por akcepto de grupoj kaj eventoj<\/li>\n\n\n\n<li>Ebleco esplori per tu\u015dado \u0109iujn arta\u0135ojn: skulpta\u0135kopiojn, originalajn skulpta\u0135ojn, arkitekturajn modelojn kaj objektojn de Dezajno<\/li>\n\n\n\n<li>Paneloj kaj etikedoj en Brajlo, en grandaj literoj kaj kun alta kontrasto<\/li>\n\n\n\n<li>Moveblaj platformoj kun \u015dtuparoj por la taktila esplorado de pli altaj arta\u0135oj<\/li>\n\n\n\n<li>Video alirebla en LIS kaj kun subtekstoj por la verko Pietra sonora<\/li>\n\n\n\n<li>Ebleco, la\u016dpetite, loki tablojn kaj se\u011dojn en ajna salono por agadoj destinitaj al personoj en la a\u016dtisma spektro<\/li>\n\n\n\n<li>Spaco &#8220;Fuori Tutti&#8221; en la Dezajno-kolekto: loko kie vizitantoj povas ripozi kaj relaksi.<\/li>\n<\/ul>\n","protected":false},"excerpt":{"rendered":"<p>Kontaktulo pri alirebleco: Andrea Socrati. Email: andrea.socrati@museoomero.it Tel. +39 071 28 11 935. Komplekso Vanvitelli \u011ci estas konstrua\u0135o el la dekoka jarcento, projektita sur la akvo de Luigi Vanvitelli kaj hodia\u016d ligita al la kontinento per tri pontoj. Estas du enirejoj al la Mole: la \u0109efa enirejo situas proksime al la doganejo kaj Porta Pia: [&#8230;] <span class=\"sr-only\"><a href=\"https:\/\/museoomero.it\/eo\/muzeo\/alirebleco\/\">Continua a leggere: Alirebleco<\/a><\/span><\/p>\n","protected":false},"author":2,"featured_media":24408,"parent":14392,"menu_order":172,"comment_status":"closed","ping_status":"closed","template":"","meta":{"_acf_changed":false,"footnotes":""},"class_list":["post-14385","page","type-page","status-publish","has-post-thumbnail","hentry"],"acf":[],"yoast_head":"<!-- This site is optimized with the Yoast SEO plugin v27.3 - https:\/\/yoast.com\/product\/yoast-seo-wordpress\/ -->\n<title>Alirebleco - Museo Omero<\/title>\n<meta name=\"description\" content=\"\u0108iuj servoj dedi\u0109itaj al handikapuloj kaj pli: informoj pri enirejoj, liftoj, ban\u0109ambroj, aran\u011do kaj ricevo.\" \/>\n<meta name=\"robots\" content=\"index, follow, max-snippet:-1, max-image-preview:large, max-video-preview:-1\" \/>\n<link rel=\"canonical\" href=\"https:\/\/museoomero.it\/eo\/muzeo\/alirebleco\/\" \/>\n<meta property=\"og:locale\" content=\"eo_EO\" \/>\n<meta property=\"og:type\" content=\"article\" \/>\n<meta property=\"og:title\" content=\"Alirebleco - Museo Omero\" \/>\n<meta property=\"og:description\" content=\"\u0108iuj servoj dedi\u0109itaj al handikapuloj kaj pli: informoj pri enirejoj, liftoj, ban\u0109ambroj, aran\u011do kaj ricevo.\" \/>\n<meta property=\"og:url\" content=\"https:\/\/museoomero.it\/eo\/muzeo\/alirebleco\/\" \/>\n<meta property=\"og:site_name\" content=\"Museo Omero\" \/>\n<meta property=\"article:modified_time\" content=\"2026-03-03T14:44:59+00:00\" \/>\n<meta property=\"og:image\" content=\"https:\/\/museoomero.it\/wp-content\/uploads\/2022\/03\/accessibilita.jpg\" \/>\n\t<meta property=\"og:image:width\" content=\"1024\" \/>\n\t<meta property=\"og:image:height\" content=\"683\" \/>\n\t<meta property=\"og:image:type\" content=\"image\/jpeg\" \/>\n<meta name=\"twitter:card\" content=\"summary_large_image\" \/>\n<meta name=\"twitter:label1\" content=\"Est. reading time\" \/>\n\t<meta name=\"twitter:data1\" content=\"3 minutes\" \/>\n<script type=\"application\/ld+json\" class=\"yoast-schema-graph\">{\"@context\":\"https:\\\/\\\/schema.org\",\"@graph\":[{\"@type\":\"WebPage\",\"@id\":\"https:\\\/\\\/museoomero.it\\\/eo\\\/muzeo\\\/alirebleco\\\/\",\"url\":\"https:\\\/\\\/museoomero.it\\\/eo\\\/muzeo\\\/alirebleco\\\/\",\"name\":\"Alirebleco - Museo Omero\",\"isPartOf\":{\"@id\":\"https:\\\/\\\/museoomero.it\\\/eo\\\/#website\"},\"primaryImageOfPage\":{\"@id\":\"https:\\\/\\\/museoomero.it\\\/eo\\\/muzeo\\\/alirebleco\\\/#primaryimage\"},\"image\":{\"@id\":\"https:\\\/\\\/museoomero.it\\\/eo\\\/muzeo\\\/alirebleco\\\/#primaryimage\"},\"thumbnailUrl\":\"https:\\\/\\\/museoomero.it\\\/wp-content\\\/uploads\\\/2022\\\/03\\\/accessibilita.jpg\",\"datePublished\":\"2020-10-26T09:22:00+00:00\",\"dateModified\":\"2026-03-03T14:44:59+00:00\",\"description\":\"\u0108iuj servoj dedi\u0109itaj al handikapuloj kaj pli: informoj pri enirejoj, liftoj, ban\u0109ambroj, aran\u011do kaj ricevo.\",\"breadcrumb\":{\"@id\":\"https:\\\/\\\/museoomero.it\\\/eo\\\/muzeo\\\/alirebleco\\\/#breadcrumb\"},\"inLanguage\":\"eo-UY\",\"potentialAction\":[{\"@type\":\"ReadAction\",\"target\":[\"https:\\\/\\\/museoomero.it\\\/eo\\\/muzeo\\\/alirebleco\\\/\"]}]},{\"@type\":\"ImageObject\",\"inLanguage\":\"eo-UY\",\"@id\":\"https:\\\/\\\/museoomero.it\\\/eo\\\/muzeo\\\/alirebleco\\\/#primaryimage\",\"url\":\"https:\\\/\\\/museoomero.it\\\/wp-content\\\/uploads\\\/2022\\\/03\\\/accessibilita.jpg\",\"contentUrl\":\"https:\\\/\\\/museoomero.it\\\/wp-content\\\/uploads\\\/2022\\\/03\\\/accessibilita.jpg\",\"width\":1024,\"height\":683,\"caption\":\"manoj karesas taktilan pentra\u0135on de Roberto Papini\"},{\"@type\":\"BreadcrumbList\",\"@id\":\"https:\\\/\\\/museoomero.it\\\/eo\\\/muzeo\\\/alirebleco\\\/#breadcrumb\",\"itemListElement\":[{\"@type\":\"ListItem\",\"position\":1,\"name\":\"Muzeo\",\"item\":\"https:\\\/\\\/museoomero.it\\\/eo\\\/muzeo\\\/\"},{\"@type\":\"ListItem\",\"position\":2,\"name\":\"Alirebleco\"}]},{\"@type\":\"WebSite\",\"@id\":\"https:\\\/\\\/museoomero.it\\\/eo\\\/#website\",\"url\":\"https:\\\/\\\/museoomero.it\\\/eo\\\/\",\"name\":\"Museo Omero\",\"description\":\"Museo Tattile Statale\",\"publisher\":{\"@id\":\"https:\\\/\\\/museoomero.it\\\/eo\\\/#organization\"},\"potentialAction\":[{\"@type\":\"SearchAction\",\"target\":{\"@type\":\"EntryPoint\",\"urlTemplate\":\"https:\\\/\\\/museoomero.it\\\/eo\\\/?s={search_term_string}\"},\"query-input\":{\"@type\":\"PropertyValueSpecification\",\"valueRequired\":true,\"valueName\":\"search_term_string\"}}],\"inLanguage\":\"eo-UY\"},{\"@type\":\"Organization\",\"@id\":\"https:\\\/\\\/museoomero.it\\\/eo\\\/#organization\",\"name\":\"Museo Omero\",\"url\":\"https:\\\/\\\/museoomero.it\\\/eo\\\/\",\"logo\":{\"@type\":\"ImageObject\",\"inLanguage\":\"eo-UY\",\"@id\":\"https:\\\/\\\/museoomero.it\\\/eo\\\/#\\\/schema\\\/logo\\\/image\\\/\",\"url\":\"https:\\\/\\\/museoomero.it\\\/wp-content\\\/uploads\\\/2019\\\/12\\\/logo_museoomero_nomibact.png\",\"contentUrl\":\"https:\\\/\\\/museoomero.it\\\/wp-content\\\/uploads\\\/2019\\\/12\\\/logo_museoomero_nomibact.png\",\"width\":400,\"height\":127,\"caption\":\"Museo Omero\"},\"image\":{\"@id\":\"https:\\\/\\\/museoomero.it\\\/eo\\\/#\\\/schema\\\/logo\\\/image\\\/\"}}]}<\/script>\n<!-- \/ Yoast SEO plugin. -->","yoast_head_json":{"title":"Alirebleco - Museo Omero","description":"\u0108iuj servoj dedi\u0109itaj al handikapuloj kaj pli: informoj pri enirejoj, liftoj, ban\u0109ambroj, aran\u011do kaj ricevo.","robots":{"index":"index","follow":"follow","max-snippet":"max-snippet:-1","max-image-preview":"max-image-preview:large","max-video-preview":"max-video-preview:-1"},"canonical":"https:\/\/museoomero.it\/eo\/muzeo\/alirebleco\/","og_locale":"eo_EO","og_type":"article","og_title":"Alirebleco - Museo Omero","og_description":"\u0108iuj servoj dedi\u0109itaj al handikapuloj kaj pli: informoj pri enirejoj, liftoj, ban\u0109ambroj, aran\u011do kaj ricevo.","og_url":"https:\/\/museoomero.it\/eo\/muzeo\/alirebleco\/","og_site_name":"Museo Omero","article_modified_time":"2026-03-03T14:44:59+00:00","og_image":[{"width":1024,"height":683,"url":"https:\/\/museoomero.it\/wp-content\/uploads\/2022\/03\/accessibilita.jpg","type":"image\/jpeg"}],"twitter_card":"summary_large_image","twitter_misc":{"Est. reading time":"3 minutes"},"schema":{"@context":"https:\/\/schema.org","@graph":[{"@type":"WebPage","@id":"https:\/\/museoomero.it\/eo\/muzeo\/alirebleco\/","url":"https:\/\/museoomero.it\/eo\/muzeo\/alirebleco\/","name":"Alirebleco - Museo Omero","isPartOf":{"@id":"https:\/\/museoomero.it\/eo\/#website"},"primaryImageOfPage":{"@id":"https:\/\/museoomero.it\/eo\/muzeo\/alirebleco\/#primaryimage"},"image":{"@id":"https:\/\/museoomero.it\/eo\/muzeo\/alirebleco\/#primaryimage"},"thumbnailUrl":"https:\/\/museoomero.it\/wp-content\/uploads\/2022\/03\/accessibilita.jpg","datePublished":"2020-10-26T09:22:00+00:00","dateModified":"2026-03-03T14:44:59+00:00","description":"\u0108iuj servoj dedi\u0109itaj al handikapuloj kaj pli: informoj pri enirejoj, liftoj, ban\u0109ambroj, aran\u011do kaj ricevo.","breadcrumb":{"@id":"https:\/\/museoomero.it\/eo\/muzeo\/alirebleco\/#breadcrumb"},"inLanguage":"eo-UY","potentialAction":[{"@type":"ReadAction","target":["https:\/\/museoomero.it\/eo\/muzeo\/alirebleco\/"]}]},{"@type":"ImageObject","inLanguage":"eo-UY","@id":"https:\/\/museoomero.it\/eo\/muzeo\/alirebleco\/#primaryimage","url":"https:\/\/museoomero.it\/wp-content\/uploads\/2022\/03\/accessibilita.jpg","contentUrl":"https:\/\/museoomero.it\/wp-content\/uploads\/2022\/03\/accessibilita.jpg","width":1024,"height":683,"caption":"manoj karesas taktilan pentra\u0135on de Roberto Papini"},{"@type":"BreadcrumbList","@id":"https:\/\/museoomero.it\/eo\/muzeo\/alirebleco\/#breadcrumb","itemListElement":[{"@type":"ListItem","position":1,"name":"Muzeo","item":"https:\/\/museoomero.it\/eo\/muzeo\/"},{"@type":"ListItem","position":2,"name":"Alirebleco"}]},{"@type":"WebSite","@id":"https:\/\/museoomero.it\/eo\/#website","url":"https:\/\/museoomero.it\/eo\/","name":"Museo Omero","description":"Museo Tattile Statale","publisher":{"@id":"https:\/\/museoomero.it\/eo\/#organization"},"potentialAction":[{"@type":"SearchAction","target":{"@type":"EntryPoint","urlTemplate":"https:\/\/museoomero.it\/eo\/?s={search_term_string}"},"query-input":{"@type":"PropertyValueSpecification","valueRequired":true,"valueName":"search_term_string"}}],"inLanguage":"eo-UY"},{"@type":"Organization","@id":"https:\/\/museoomero.it\/eo\/#organization","name":"Museo Omero","url":"https:\/\/museoomero.it\/eo\/","logo":{"@type":"ImageObject","inLanguage":"eo-UY","@id":"https:\/\/museoomero.it\/eo\/#\/schema\/logo\/image\/","url":"https:\/\/museoomero.it\/wp-content\/uploads\/2019\/12\/logo_museoomero_nomibact.png","contentUrl":"https:\/\/museoomero.it\/wp-content\/uploads\/2019\/12\/logo_museoomero_nomibact.png","width":400,"height":127,"caption":"Museo Omero"},"image":{"@id":"https:\/\/museoomero.it\/eo\/#\/schema\/logo\/image\/"}}]}},"jetpack_sharing_enabled":true,"_links":{"self":[{"href":"https:\/\/museoomero.it\/eo\/wp-json\/wp\/v2\/pages\/14385","targetHints":{"allow":["GET"]}}],"collection":[{"href":"https:\/\/museoomero.it\/eo\/wp-json\/wp\/v2\/pages"}],"about":[{"href":"https:\/\/museoomero.it\/eo\/wp-json\/wp\/v2\/types\/page"}],"author":[{"embeddable":true,"href":"https:\/\/museoomero.it\/eo\/wp-json\/wp\/v2\/users\/2"}],"replies":[{"embeddable":true,"href":"https:\/\/museoomero.it\/eo\/wp-json\/wp\/v2\/comments?post=14385"}],"version-history":[{"count":16,"href":"https:\/\/museoomero.it\/eo\/wp-json\/wp\/v2\/pages\/14385\/revisions"}],"predecessor-version":[{"id":41768,"href":"https:\/\/museoomero.it\/eo\/wp-json\/wp\/v2\/pages\/14385\/revisions\/41768"}],"up":[{"embeddable":true,"href":"https:\/\/museoomero.it\/eo\/wp-json\/wp\/v2\/pages\/14392"}],"wp:featuredmedia":[{"embeddable":true,"href":"https:\/\/museoomero.it\/eo\/wp-json\/wp\/v2\/media\/24408"}],"wp:attachment":[{"href":"https:\/\/museoomero.it\/eo\/wp-json\/wp\/v2\/media?parent=14385"}],"curies":[{"name":"wp","href":"https:\/\/api.w.org\/{rel}","templated":true}]}}