{"id":14392,"date":"2020-10-26T10:50:54","date_gmt":"2020-10-26T09:50:54","guid":{"rendered":"http:\/\/nuovosito.museoomero.it\/?page_id=14392"},"modified":"2024-12-05T10:13:41","modified_gmt":"2024-12-05T09:13:41","slug":"muzeo","status":"publish","type":"page","link":"https:\/\/museoomero.it\/eo\/muzeo\/","title":{"rendered":"Muzeo"},"content":{"rendered":"\n<p><strong>La \u015ctata Palpsenta Muzeo Homero tra pasinteco, nuno kaj estonto<\/strong>.<\/p>\n\n\n\n<h2 class=\"wp-block-heading\">La ideo<\/h2>\n\n\n\n<p>En <strong>1985 <\/strong>du nevidantaj homoj, Aldo Grassini kaj lia edzino Daniela Bottegoni, voja\u011dantoj, esperantistoj kaj amantoj de arto, lacaj pro la &#8220;malpermeso tu\u015di&#8221; reganta en muzeoj de la tuta mondo, ekhavas ideon: krei muzeon, kie \u0109io estos palpebla.<\/p>\n\n\n\n<h2 class=\"wp-block-heading\">La fondo<\/h2>\n\n\n\n<p>En 1986 la ideo akiras subtenon de <strong>Rosa Brunori Ciriaco<\/strong>, tiama estraranino de Regiono Markio, en la fako de Socialaj Servoj. Post jaroj de petoj kaj kunvenoj, la <strong>29-an de Majo 1993<\/strong> la Komunumo Ankono, kun la kontribuo de la Regiono Markio kaj inspirite de la Itala Blindulunui\u011do, starigas Muzeon Homeron, kiun \u011di ina\u016dguras en tri klas\u0109ambroj de la elementa lernejo Carlo Antognini de Ankono kun 19 gipsaj kopioj de klasika skulptarto kaj arkitektura maketo. Poste la Muzeo transloki\u011das kun pli ampleksa kolekto al alo de la ankona lernejo Donatello, sur strato Tiziano. <strong>Sergio Rigotti<\/strong>, lernejestro de la urba Arta Instituto &#8220;Edgardo Mannucci&#8221; havis fundamentan rolon en la elekto de multaj verkoj nun ekspoziciataj kaj estis poste dum pluraj jaroj membro de la Konsulta Komitato.<\/p>\n\n\n\n<h2 class=\"wp-block-heading\">\u015ctata Muzeo<\/h2>\n\n\n\n<p>En <strong>1999<\/strong> la itala Parlamento titolas \u011din<strong> \u015ctata Muzeo<\/strong> per la le\u011do n-ro 452 de la 25-a de Novembro 1999, agnoskante \u011dian unikan valoron je nacia nivelo. Celo de la Muzeo, kiel asertas la artikolo 2 de la supre citita le\u011do, estas &#8220;anta\u016denigi la kreskon kaj kulturan integri\u011don de vidhandikapuloj kaj disvastigi inter ili la konon de la realo&#8221;. Tamen, jam ekde sia origino, la Muzeo volas esti ne loko rezervita al nevidantoj, sed senbarila kultura spaco pla\u0109a kaj fruktodona por \u0109iuj. <br><br>Surbaze de la konvencio subskribita de la Komunumo Ancona kaj de la Kulturministerio (3a de A\u016dgusto 2001, modifita la 22an de Februaro 2002, renovigita la <a href=\"http:\/\/museoomero.it\/wp-content\/uploads\/2023\/02\/Convenzione_Comune-Ministero-Museo.pdf\">15 decembro 2022<\/a>) kaj de la sekva <a href=\"http:\/\/museoomero.it\/deliberazione-2002-458-approvazione-regolamento\/\">reglamento <\/a>la Muzeon regas Direkta Komitato kun kvinjara mandato, subtenata de Konsulta Komitato.<\/p>\n\n\n\n<h2 class=\"wp-block-heading\">En Mole Vanvitelliana<\/h2>\n\n\n\n<p>En la <strong>somero 2012<\/strong> la Muzeo transloki\u011das en Komplekson Vanvitelli de Ankono, sia definitiva sidejo, okupante spacon de \u0109. 3000 kv. m sur kvar eta\u011doj, igante \u011dueblaj parton de la kolekto sur la unua eta\u011do, la didaktikajn laborejojn, la oficejojn, la konferencan \u0109ambron, la Dokumentan Centron kaj aliajn ekspoziciajn spacojn por ekspozicioj kaj eventoj.<\/p>\n\n\n\n<p><strong>Ekde Septembro 2017<\/strong> estas fine ekspoziciata la tuta kolekto sur la eta\u011doj dua kaj tria de la Komplekso, kie nun estas \u011dueblaj pli ol 200 verkoj, ampleksantaj gipsajn kaj rezinajn kopiojn de klasikaj \u0109efverkoj, arkitekturajn maketojn kaj nuntempajn originalajn skulpta\u0135ojn. La ejoj estas definitivaj, la aran\u011do estas ankora\u016d provizora.<\/p>\n\n\n\n<p>La <strong>29-an de Majo 2018<\/strong> la Muzeo festis siajn unuajn 25 jarojn kun kelkaj el la \u0109efaj protagonistoj de sia historio kaj honormemoris Roberto Farroni, direktoro de la Muzeo de 2002 \u011dis 2011. <\/p>\n\n\n\n<p>La <strong>18-an de Decembro 2021<\/strong> estos ina\u016dgurita la <strong>kolekto Design<\/strong>: nova spaco interne de Komplekso Vanvitelli konceptita akorde kun la filozofio de Muzeo Homero kiel loko de plursensa spertado kie ekkoni 32 reprezentajn verkojn de la itala dezajno. Nova spaco donacita de la asocio &#8220;Por la \u015ctata Palpsenta Muzeo Homero ODV-ETS&#8221;.<\/p>\n\n\n\n<p><strong>Venonta etapo<\/strong>: nova kaj definitiva aran\u011do de la kolekto kun vizitvojo noviga, plursensa kaj teknologie avana.<\/p>\n\n\n\n<h2 class=\"wp-block-heading\">Pliaj informoj<\/h2>\n\n\n\n<p>La Muzeo estas parto de la<strong> Regiona Direkcio de la markiaj muzeoj <\/strong>de la Ministerio pri Kulturo ekde la 23-a de Decembro 2014.<\/p>\n\n\n\n<p>Ekde la <strong>13-a de Julio 2017 <\/strong>la Prezidanto de Muzeo Homero, Aldo Grassini, estas ano de la Laborgrupo starigita de la Direkcio de Muzeoj de la Kulturministerio por la difino de preskriboj por la venko de kulturaj, kognaj kaj psikosensoraj baroj en la kulturlokoj de ministeria kompetenteco (direkcia dekreto de la 27-a de Junio 2017). La grupo difinis la gvidliniojn por la redakto de la plano por la forigo de arkitekturaj bariloj (P.E.B.A.) aperinta la 6-an de Julio 2018.<\/p>\n\n\n\n<p>Ekde la <strong>20-a de A\u016dgusto 2018<\/strong> la Muzeo estas kvalifikita instanco por formado de docentoj la\u016d la Ministeria Direktivo 170\/2016 de MIUR, Departemento por la eduka sistemo de instruado kaj formado, \u011cenerala Direkcio por la lerneja personaro.<\/p>\n\n\n\n<p><strong>La 19-an de januaro 2024<\/strong>, la Museo Omero subskribis interkonsenton kun la <strong>Heritage International Institute<\/strong>, nova centro de akademio, kulturo, kaj arto de internacia ekcelo subtenata de la Ministerio de Eksterlandaj Aferoj kaj Internacia Kunlaboro.<\/p>\n\n\n\n<p>La Kolekto de Dezajno de la Muzeo estis inkludita en la <strong>ADI Design Index 2022 kaj 2023<\/strong>, kaj do estas kandidato <strong>por la 28-a Compasso d&#8217;Oro<\/strong>.<\/p>\n","protected":false},"excerpt":{"rendered":"<p>La \u015ctata Palpsenta Muzeo Homero tra pasinteco, nuno kaj estonto. La ideo En 1985 du nevidantaj homoj, Aldo Grassini kaj lia edzino Daniela Bottegoni, voja\u011dantoj, esperantistoj kaj amantoj de arto, lacaj pro la &#8220;malpermeso tu\u015di&#8221; reganta en muzeoj de la tuta mondo, ekhavas ideon: krei muzeon, kie \u0109io estos palpebla. La fondo En 1986 la [&#8230;] <span class=\"sr-only\"><a href=\"https:\/\/museoomero.it\/eo\/muzeo\/\">Continua a leggere: Muzeo<\/a><\/span><\/p>\n","protected":false},"author":2,"featured_media":16792,"parent":0,"menu_order":375,"comment_status":"closed","ping_status":"closed","template":"","meta":{"_acf_changed":false,"footnotes":""},"class_list":["post-14392","page","type-page","status-publish","has-post-thumbnail","hentry"],"acf":[],"yoast_head":"<!-- This site is optimized with the Yoast SEO plugin v27.3 - https:\/\/yoast.com\/product\/yoast-seo-wordpress\/ -->\n<title>Muzeo - Museo Omero<\/title>\n<meta name=\"description\" content=\"La \u015ctata Palpsenta Muzeo Homero tra pasinteco nuno kaj estonto\" \/>\n<meta name=\"robots\" content=\"index, follow, max-snippet:-1, max-image-preview:large, max-video-preview:-1\" \/>\n<link rel=\"canonical\" href=\"https:\/\/museoomero.it\/eo\/muzeo\/\" \/>\n<meta property=\"og:locale\" content=\"eo_EO\" \/>\n<meta property=\"og:type\" content=\"article\" \/>\n<meta property=\"og:title\" content=\"Muzeo - Museo Omero\" \/>\n<meta property=\"og:description\" content=\"La \u015ctata Palpsenta Muzeo Homero tra pasinteco nuno kaj estonto\" \/>\n<meta property=\"og:url\" content=\"https:\/\/museoomero.it\/eo\/muzeo\/\" \/>\n<meta property=\"og:site_name\" content=\"Museo Omero\" \/>\n<meta property=\"article:modified_time\" content=\"2024-12-05T09:13:41+00:00\" \/>\n<meta property=\"og:image\" content=\"https:\/\/museoomero.it\/wp-content\/uploads\/2020\/11\/museo.jpg\" \/>\n\t<meta property=\"og:image:width\" content=\"1200\" \/>\n\t<meta property=\"og:image:height\" content=\"802\" \/>\n\t<meta property=\"og:image:type\" content=\"image\/jpeg\" \/>\n<meta name=\"twitter:card\" content=\"summary_large_image\" \/>\n<meta name=\"twitter:label1\" content=\"Est. reading time\" \/>\n\t<meta name=\"twitter:data1\" content=\"4 minutes\" \/>\n<script type=\"application\/ld+json\" class=\"yoast-schema-graph\">{\"@context\":\"https:\\\/\\\/schema.org\",\"@graph\":[{\"@type\":\"WebPage\",\"@id\":\"https:\\\/\\\/museoomero.it\\\/eo\\\/muzeo\\\/\",\"url\":\"https:\\\/\\\/museoomero.it\\\/eo\\\/muzeo\\\/\",\"name\":\"Muzeo - Museo Omero\",\"isPartOf\":{\"@id\":\"https:\\\/\\\/museoomero.it\\\/eo\\\/#website\"},\"primaryImageOfPage\":{\"@id\":\"https:\\\/\\\/museoomero.it\\\/eo\\\/muzeo\\\/#primaryimage\"},\"image\":{\"@id\":\"https:\\\/\\\/museoomero.it\\\/eo\\\/muzeo\\\/#primaryimage\"},\"thumbnailUrl\":\"https:\\\/\\\/museoomero.it\\\/wp-content\\\/uploads\\\/2020\\\/11\\\/museo.jpg\",\"datePublished\":\"2020-10-26T09:50:54+00:00\",\"dateModified\":\"2024-12-05T09:13:41+00:00\",\"description\":\"La \u015ctata Palpsenta Muzeo Homero tra pasinteco nuno kaj estonto\",\"inLanguage\":\"eo-UY\",\"potentialAction\":[{\"@type\":\"ReadAction\",\"target\":[\"https:\\\/\\\/museoomero.it\\\/eo\\\/muzeo\\\/\"]}]},{\"@type\":\"ImageObject\",\"inLanguage\":\"eo-UY\",\"@id\":\"https:\\\/\\\/museoomero.it\\\/eo\\\/muzeo\\\/#primaryimage\",\"url\":\"https:\\\/\\\/museoomero.it\\\/wp-content\\\/uploads\\\/2020\\\/11\\\/museo.jpg\",\"contentUrl\":\"https:\\\/\\\/museoomero.it\\\/wp-content\\\/uploads\\\/2020\\\/11\\\/museo.jpg\",\"width\":1200,\"height\":802,\"caption\":\"Aldo Grassini kaj Daniela Bottegoni palpantaj\"},{\"@type\":\"WebSite\",\"@id\":\"https:\\\/\\\/museoomero.it\\\/eo\\\/#website\",\"url\":\"https:\\\/\\\/museoomero.it\\\/eo\\\/\",\"name\":\"Museo Omero\",\"description\":\"Museo Tattile Statale\",\"publisher\":{\"@id\":\"https:\\\/\\\/museoomero.it\\\/eo\\\/#organization\"},\"potentialAction\":[{\"@type\":\"SearchAction\",\"target\":{\"@type\":\"EntryPoint\",\"urlTemplate\":\"https:\\\/\\\/museoomero.it\\\/eo\\\/?s={search_term_string}\"},\"query-input\":{\"@type\":\"PropertyValueSpecification\",\"valueRequired\":true,\"valueName\":\"search_term_string\"}}],\"inLanguage\":\"eo-UY\"},{\"@type\":\"Organization\",\"@id\":\"https:\\\/\\\/museoomero.it\\\/eo\\\/#organization\",\"name\":\"Museo Omero\",\"url\":\"https:\\\/\\\/museoomero.it\\\/eo\\\/\",\"logo\":{\"@type\":\"ImageObject\",\"inLanguage\":\"eo-UY\",\"@id\":\"https:\\\/\\\/museoomero.it\\\/eo\\\/#\\\/schema\\\/logo\\\/image\\\/\",\"url\":\"https:\\\/\\\/museoomero.it\\\/wp-content\\\/uploads\\\/2019\\\/12\\\/logo_museoomero_nomibact.png\",\"contentUrl\":\"https:\\\/\\\/museoomero.it\\\/wp-content\\\/uploads\\\/2019\\\/12\\\/logo_museoomero_nomibact.png\",\"width\":400,\"height\":127,\"caption\":\"Museo Omero\"},\"image\":{\"@id\":\"https:\\\/\\\/museoomero.it\\\/eo\\\/#\\\/schema\\\/logo\\\/image\\\/\"}}]}<\/script>\n<!-- \/ Yoast SEO plugin. -->","yoast_head_json":{"title":"Muzeo - Museo Omero","description":"La \u015ctata Palpsenta Muzeo Homero tra pasinteco nuno kaj estonto","robots":{"index":"index","follow":"follow","max-snippet":"max-snippet:-1","max-image-preview":"max-image-preview:large","max-video-preview":"max-video-preview:-1"},"canonical":"https:\/\/museoomero.it\/eo\/muzeo\/","og_locale":"eo_EO","og_type":"article","og_title":"Muzeo - Museo Omero","og_description":"La \u015ctata Palpsenta Muzeo Homero tra pasinteco nuno kaj estonto","og_url":"https:\/\/museoomero.it\/eo\/muzeo\/","og_site_name":"Museo Omero","article_modified_time":"2024-12-05T09:13:41+00:00","og_image":[{"width":1200,"height":802,"url":"https:\/\/museoomero.it\/wp-content\/uploads\/2020\/11\/museo.jpg","type":"image\/jpeg"}],"twitter_card":"summary_large_image","twitter_misc":{"Est. reading time":"4 minutes"},"schema":{"@context":"https:\/\/schema.org","@graph":[{"@type":"WebPage","@id":"https:\/\/museoomero.it\/eo\/muzeo\/","url":"https:\/\/museoomero.it\/eo\/muzeo\/","name":"Muzeo - Museo Omero","isPartOf":{"@id":"https:\/\/museoomero.it\/eo\/#website"},"primaryImageOfPage":{"@id":"https:\/\/museoomero.it\/eo\/muzeo\/#primaryimage"},"image":{"@id":"https:\/\/museoomero.it\/eo\/muzeo\/#primaryimage"},"thumbnailUrl":"https:\/\/museoomero.it\/wp-content\/uploads\/2020\/11\/museo.jpg","datePublished":"2020-10-26T09:50:54+00:00","dateModified":"2024-12-05T09:13:41+00:00","description":"La \u015ctata Palpsenta Muzeo Homero tra pasinteco nuno kaj estonto","inLanguage":"eo-UY","potentialAction":[{"@type":"ReadAction","target":["https:\/\/museoomero.it\/eo\/muzeo\/"]}]},{"@type":"ImageObject","inLanguage":"eo-UY","@id":"https:\/\/museoomero.it\/eo\/muzeo\/#primaryimage","url":"https:\/\/museoomero.it\/wp-content\/uploads\/2020\/11\/museo.jpg","contentUrl":"https:\/\/museoomero.it\/wp-content\/uploads\/2020\/11\/museo.jpg","width":1200,"height":802,"caption":"Aldo Grassini kaj Daniela Bottegoni palpantaj"},{"@type":"WebSite","@id":"https:\/\/museoomero.it\/eo\/#website","url":"https:\/\/museoomero.it\/eo\/","name":"Museo Omero","description":"Museo Tattile Statale","publisher":{"@id":"https:\/\/museoomero.it\/eo\/#organization"},"potentialAction":[{"@type":"SearchAction","target":{"@type":"EntryPoint","urlTemplate":"https:\/\/museoomero.it\/eo\/?s={search_term_string}"},"query-input":{"@type":"PropertyValueSpecification","valueRequired":true,"valueName":"search_term_string"}}],"inLanguage":"eo-UY"},{"@type":"Organization","@id":"https:\/\/museoomero.it\/eo\/#organization","name":"Museo Omero","url":"https:\/\/museoomero.it\/eo\/","logo":{"@type":"ImageObject","inLanguage":"eo-UY","@id":"https:\/\/museoomero.it\/eo\/#\/schema\/logo\/image\/","url":"https:\/\/museoomero.it\/wp-content\/uploads\/2019\/12\/logo_museoomero_nomibact.png","contentUrl":"https:\/\/museoomero.it\/wp-content\/uploads\/2019\/12\/logo_museoomero_nomibact.png","width":400,"height":127,"caption":"Museo Omero"},"image":{"@id":"https:\/\/museoomero.it\/eo\/#\/schema\/logo\/image\/"}}]}},"jetpack_sharing_enabled":true,"_links":{"self":[{"href":"https:\/\/museoomero.it\/eo\/wp-json\/wp\/v2\/pages\/14392","targetHints":{"allow":["GET"]}}],"collection":[{"href":"https:\/\/museoomero.it\/eo\/wp-json\/wp\/v2\/pages"}],"about":[{"href":"https:\/\/museoomero.it\/eo\/wp-json\/wp\/v2\/types\/page"}],"author":[{"embeddable":true,"href":"https:\/\/museoomero.it\/eo\/wp-json\/wp\/v2\/users\/2"}],"replies":[{"embeddable":true,"href":"https:\/\/museoomero.it\/eo\/wp-json\/wp\/v2\/comments?post=14392"}],"version-history":[{"count":19,"href":"https:\/\/museoomero.it\/eo\/wp-json\/wp\/v2\/pages\/14392\/revisions"}],"predecessor-version":[{"id":32842,"href":"https:\/\/museoomero.it\/eo\/wp-json\/wp\/v2\/pages\/14392\/revisions\/32842"}],"wp:featuredmedia":[{"embeddable":true,"href":"https:\/\/museoomero.it\/eo\/wp-json\/wp\/v2\/media\/16792"}],"wp:attachment":[{"href":"https:\/\/museoomero.it\/eo\/wp-json\/wp\/v2\/media?parent=14392"}],"curies":[{"name":"wp","href":"https:\/\/api.w.org\/{rel}","templated":true}]}}