{"id":14398,"date":"2020-10-26T11:28:53","date_gmt":"2020-10-26T10:28:53","guid":{"rendered":"http:\/\/nuovosito.museoomero.it\/?page_id=14398"},"modified":"2024-06-27T17:09:28","modified_gmt":"2024-06-27T15:09:28","slug":"la-associazione-per-il-museo-tattile-statale-omero-onlus","status":"publish","type":"page","link":"https:\/\/museoomero.it\/eo\/muzeo\/la-stata-palpsenta-muzeo-homero-iam-nun-kaj-estonte\/la-associazione-per-il-museo-tattile-statale-omero-onlus\/","title":{"rendered":"La Associazione Per il Museo Tattile Statale Omero ODV-ETS"},"content":{"rendered":"\n<p>La Associazione &#8220;Per il Museo Tattile Statale Omero ODV-ETS&#8221; estas volontula asocio sen profita celo, naski\u011dinta por helpi la Muzeon, disponigante al \u011di volontulojn kaj monrimedojn por \u011diaj aktivadoj.<br><br>La Asocio, naski\u011dinta en 2007, havas edukajn kaj kulturajn celojn, ne estas profitcela kaj strebas nur al sociala solidareco.<\/p>\n\n\n\n<ul class=\"wp-block-list\">\n<li><a href=\"http:\/\/museoomero.it\/wp-content\/uploads\/2024\/06\/Statuto-ODV-ETS2024.pdf\">La Statuto<\/a><\/li>\n\n\n\n<li><a href=\"http:\/\/museoomero.it\/wp-content\/uploads\/2020\/02\/Convenzione-_Museo_Omero_Associazione.pdf\">La Konvencio kun la Muzeo<\/a><\/li>\n<\/ul>\n\n\n\n<p>\u011cia prezidanto estas <strong>Andrea Gioia<\/strong>.<\/p>\n\n\n\n<p>La volontulinoj de la Asocio nun agantaj \u0109e Muzeo Homero estas: <strong>Asia Carletti, Marinella Giampieri, Maria Valentini.<\/strong><\/p>\n\n\n\n<p><strong>Mondonacojn <\/strong>al la Asocio eblas fari per banka \u011diro \u0109e INTESA SAN PAOLO<br>IBAN: IT67I0306902722100000006642<br>Motivo: subtene al la agado de la Asocio.<\/p>\n\n\n\n<p>Siaflanke, Associazione &#8220;Per il Museo tattile Statale Omero&#8221; ODV-ETS subtenis plurajn reala\u0135ojn per la enspezoj de la vesperaj spektakloj de &#8220;Sensi d&#8217;Estate&#8221;:<\/p>\n\n\n\n<ul class=\"wp-block-list\">\n<li>En Decembro 2016 \u011di donacis entute 1.000 e\u016drojn al du asocioj: &#8220;Time for Peace&#8221; (500 e\u016droj) kaj &#8220;Chiedi alla polvere&#8221; (500 e\u016droj).<\/li>\n\n\n\n<li>En Septembro 2017 \u011di donacis 1.000 e\u016drojn (23-an de A\u016dgusto) al Icom Marche por la kampanjo &#8220;Adoptu Muzeon&#8221; iniciatita de Icom Italia.<\/li>\n\n\n\n<li>En Septembro 2018 \u011di donacis 842,00 e\u016drojn (16-an de A\u016dgusto) al AIDO, Itala Asocio por Donado de Organoj, Histoj kaj \u0108eloj-provinca sekcio Ankono.<\/li>\n\n\n\n<li>En Oktobro 2019 \u011di donacis 250 e\u016drojn (21-an de A\u016dgusto) al Associazione Lettura Agevolata (Asocio por faciligita legado) Onlus.<\/li>\n<\/ul>\n\n\n\n<p>Dankesprimoj:<\/p>\n\n\n\n<ul class=\"wp-block-list\">\n<li>Al la spektantoj de \u0109iuj aran\u011doj de Sensi d&#8217;Estate<\/li>\n\n\n\n<li>Al donacintoj kiuj proksimis al ni per bankaj \u011diroj al la konto de la Asocio<\/li>\n<\/ul>\n","protected":false},"excerpt":{"rendered":"<p>La Associazione &#8220;Per il Museo Tattile Statale Omero ODV-ETS&#8221; estas volontula asocio sen profita celo, naski\u011dinta por helpi la Muzeon, disponigante al \u011di volontulojn kaj monrimedojn por \u011diaj aktivadoj. La Asocio, naski\u011dinta en 2007, havas edukajn kaj kulturajn celojn, ne estas profitcela kaj strebas nur al sociala solidareco. \u011cia prezidanto estas Andrea Gioia. La volontulinoj [&#8230;] <span class=\"sr-only\"><a href=\"https:\/\/museoomero.it\/eo\/muzeo\/la-stata-palpsenta-muzeo-homero-iam-nun-kaj-estonte\/la-associazione-per-il-museo-tattile-statale-omero-onlus\/\">Continua a leggere: La Associazione Per il Museo Tattile Statale Omero ODV-ETS<\/a><\/span><\/p>\n","protected":false},"author":2,"featured_media":0,"parent":14377,"menu_order":351,"comment_status":"closed","ping_status":"closed","template":"","meta":{"_acf_changed":false,"footnotes":""},"class_list":["post-14398","page","type-page","status-publish","hentry"],"acf":[],"yoast_head":"<!-- This site is optimized with the Yoast SEO plugin v27.4 - https:\/\/yoast.com\/product\/yoast-seo-wordpress\/ -->\n<title>La Associazione Per il Museo Tattile Statale Omero ODV-ETS - Museo Omero<\/title>\n<meta name=\"description\" content=\"La Associazione &quot;Per il Museo Tattile Statale Omero ODV - ETS&quot; estas volontula asocio sen profita celo, naski\u011dinta por helpi la Muzeon.\" \/>\n<meta name=\"robots\" content=\"index, follow, max-snippet:-1, max-image-preview:large, max-video-preview:-1\" \/>\n<link rel=\"canonical\" href=\"https:\/\/museoomero.it\/eo\/muzeo\/la-stata-palpsenta-muzeo-homero-iam-nun-kaj-estonte\/la-associazione-per-il-museo-tattile-statale-omero-onlus\/\" \/>\n<meta property=\"og:locale\" content=\"eo_EO\" \/>\n<meta property=\"og:type\" content=\"article\" \/>\n<meta property=\"og:title\" content=\"La Associazione Per il Museo Tattile Statale Omero ODV-ETS - Museo Omero\" \/>\n<meta property=\"og:description\" content=\"La Associazione &quot;Per il Museo Tattile Statale Omero ODV - ETS&quot; estas volontula asocio sen profita celo, naski\u011dinta por helpi la Muzeon.\" \/>\n<meta property=\"og:url\" content=\"https:\/\/museoomero.it\/eo\/muzeo\/la-stata-palpsenta-muzeo-homero-iam-nun-kaj-estonte\/la-associazione-per-il-museo-tattile-statale-omero-onlus\/\" \/>\n<meta property=\"og:site_name\" content=\"Museo Omero\" \/>\n<meta property=\"article:modified_time\" content=\"2024-06-27T15:09:28+00:00\" \/>\n<meta name=\"twitter:card\" content=\"summary_large_image\" \/>\n<meta name=\"twitter:label1\" content=\"Est. reading time\" \/>\n\t<meta name=\"twitter:data1\" content=\"2 minutes\" \/>\n<script type=\"application\/ld+json\" class=\"yoast-schema-graph\">{\"@context\":\"https:\\\/\\\/schema.org\",\"@graph\":[{\"@type\":\"WebPage\",\"@id\":\"https:\\\/\\\/museoomero.it\\\/eo\\\/muzeo\\\/la-stata-palpsenta-muzeo-homero-iam-nun-kaj-estonte\\\/la-associazione-per-il-museo-tattile-statale-omero-onlus\\\/\",\"url\":\"https:\\\/\\\/museoomero.it\\\/eo\\\/muzeo\\\/la-stata-palpsenta-muzeo-homero-iam-nun-kaj-estonte\\\/la-associazione-per-il-museo-tattile-statale-omero-onlus\\\/\",\"name\":\"La Associazione Per il Museo Tattile Statale Omero ODV-ETS - Museo Omero\",\"isPartOf\":{\"@id\":\"https:\\\/\\\/museoomero.it\\\/eo\\\/#website\"},\"datePublished\":\"2020-10-26T10:28:53+00:00\",\"dateModified\":\"2024-06-27T15:09:28+00:00\",\"description\":\"La Associazione \\\"Per il Museo Tattile Statale Omero ODV - ETS\\\" estas volontula asocio sen profita celo, naski\u011dinta por helpi la Muzeon.\",\"breadcrumb\":{\"@id\":\"https:\\\/\\\/museoomero.it\\\/eo\\\/muzeo\\\/la-stata-palpsenta-muzeo-homero-iam-nun-kaj-estonte\\\/la-associazione-per-il-museo-tattile-statale-omero-onlus\\\/#breadcrumb\"},\"inLanguage\":\"eo-UY\",\"potentialAction\":[{\"@type\":\"ReadAction\",\"target\":[\"https:\\\/\\\/museoomero.it\\\/eo\\\/muzeo\\\/la-stata-palpsenta-muzeo-homero-iam-nun-kaj-estonte\\\/la-associazione-per-il-museo-tattile-statale-omero-onlus\\\/\"]}]},{\"@type\":\"BreadcrumbList\",\"@id\":\"https:\\\/\\\/museoomero.it\\\/eo\\\/muzeo\\\/la-stata-palpsenta-muzeo-homero-iam-nun-kaj-estonte\\\/la-associazione-per-il-museo-tattile-statale-omero-onlus\\\/#breadcrumb\",\"itemListElement\":[{\"@type\":\"ListItem\",\"position\":1,\"name\":\"Muzeo\",\"item\":\"https:\\\/\\\/museoomero.it\\\/eo\\\/muzeo\\\/\"},{\"@type\":\"ListItem\",\"position\":2,\"name\":\"Kiuj ni estas\",\"item\":\"https:\\\/\\\/museoomero.it\\\/eo\\\/muzeo\\\/la-stata-palpsenta-muzeo-homero-iam-nun-kaj-estonte\\\/\"},{\"@type\":\"ListItem\",\"position\":3,\"name\":\"La Associazione Per il Museo Tattile Statale Omero ODV-ETS\"}]},{\"@type\":\"WebSite\",\"@id\":\"https:\\\/\\\/museoomero.it\\\/eo\\\/#website\",\"url\":\"https:\\\/\\\/museoomero.it\\\/eo\\\/\",\"name\":\"Museo Omero\",\"description\":\"Museo Tattile Statale\",\"publisher\":{\"@id\":\"https:\\\/\\\/museoomero.it\\\/eo\\\/#organization\"},\"potentialAction\":[{\"@type\":\"SearchAction\",\"target\":{\"@type\":\"EntryPoint\",\"urlTemplate\":\"https:\\\/\\\/museoomero.it\\\/eo\\\/?s={search_term_string}\"},\"query-input\":{\"@type\":\"PropertyValueSpecification\",\"valueRequired\":true,\"valueName\":\"search_term_string\"}}],\"inLanguage\":\"eo-UY\"},{\"@type\":\"Organization\",\"@id\":\"https:\\\/\\\/museoomero.it\\\/eo\\\/#organization\",\"name\":\"Museo Omero\",\"url\":\"https:\\\/\\\/museoomero.it\\\/eo\\\/\",\"logo\":{\"@type\":\"ImageObject\",\"inLanguage\":\"eo-UY\",\"@id\":\"https:\\\/\\\/museoomero.it\\\/eo\\\/#\\\/schema\\\/logo\\\/image\\\/\",\"url\":\"https:\\\/\\\/museoomero.it\\\/wp-content\\\/uploads\\\/2019\\\/12\\\/logo_museoomero_nomibact.png\",\"contentUrl\":\"https:\\\/\\\/museoomero.it\\\/wp-content\\\/uploads\\\/2019\\\/12\\\/logo_museoomero_nomibact.png\",\"width\":400,\"height\":127,\"caption\":\"Museo Omero\"},\"image\":{\"@id\":\"https:\\\/\\\/museoomero.it\\\/eo\\\/#\\\/schema\\\/logo\\\/image\\\/\"}}]}<\/script>\n<!-- \/ Yoast SEO plugin. -->","yoast_head_json":{"title":"La Associazione Per il Museo Tattile Statale Omero ODV-ETS - Museo Omero","description":"La Associazione \"Per il Museo Tattile Statale Omero ODV - ETS\" estas volontula asocio sen profita celo, naski\u011dinta por helpi la Muzeon.","robots":{"index":"index","follow":"follow","max-snippet":"max-snippet:-1","max-image-preview":"max-image-preview:large","max-video-preview":"max-video-preview:-1"},"canonical":"https:\/\/museoomero.it\/eo\/muzeo\/la-stata-palpsenta-muzeo-homero-iam-nun-kaj-estonte\/la-associazione-per-il-museo-tattile-statale-omero-onlus\/","og_locale":"eo_EO","og_type":"article","og_title":"La Associazione Per il Museo Tattile Statale Omero ODV-ETS - Museo Omero","og_description":"La Associazione \"Per il Museo Tattile Statale Omero ODV - ETS\" estas volontula asocio sen profita celo, naski\u011dinta por helpi la Muzeon.","og_url":"https:\/\/museoomero.it\/eo\/muzeo\/la-stata-palpsenta-muzeo-homero-iam-nun-kaj-estonte\/la-associazione-per-il-museo-tattile-statale-omero-onlus\/","og_site_name":"Museo Omero","article_modified_time":"2024-06-27T15:09:28+00:00","twitter_card":"summary_large_image","twitter_misc":{"Est. reading time":"2 minutes"},"schema":{"@context":"https:\/\/schema.org","@graph":[{"@type":"WebPage","@id":"https:\/\/museoomero.it\/eo\/muzeo\/la-stata-palpsenta-muzeo-homero-iam-nun-kaj-estonte\/la-associazione-per-il-museo-tattile-statale-omero-onlus\/","url":"https:\/\/museoomero.it\/eo\/muzeo\/la-stata-palpsenta-muzeo-homero-iam-nun-kaj-estonte\/la-associazione-per-il-museo-tattile-statale-omero-onlus\/","name":"La Associazione Per il Museo Tattile Statale Omero ODV-ETS - Museo Omero","isPartOf":{"@id":"https:\/\/museoomero.it\/eo\/#website"},"datePublished":"2020-10-26T10:28:53+00:00","dateModified":"2024-06-27T15:09:28+00:00","description":"La Associazione \"Per il Museo Tattile Statale Omero ODV - ETS\" estas volontula asocio sen profita celo, naski\u011dinta por helpi la Muzeon.","breadcrumb":{"@id":"https:\/\/museoomero.it\/eo\/muzeo\/la-stata-palpsenta-muzeo-homero-iam-nun-kaj-estonte\/la-associazione-per-il-museo-tattile-statale-omero-onlus\/#breadcrumb"},"inLanguage":"eo-UY","potentialAction":[{"@type":"ReadAction","target":["https:\/\/museoomero.it\/eo\/muzeo\/la-stata-palpsenta-muzeo-homero-iam-nun-kaj-estonte\/la-associazione-per-il-museo-tattile-statale-omero-onlus\/"]}]},{"@type":"BreadcrumbList","@id":"https:\/\/museoomero.it\/eo\/muzeo\/la-stata-palpsenta-muzeo-homero-iam-nun-kaj-estonte\/la-associazione-per-il-museo-tattile-statale-omero-onlus\/#breadcrumb","itemListElement":[{"@type":"ListItem","position":1,"name":"Muzeo","item":"https:\/\/museoomero.it\/eo\/muzeo\/"},{"@type":"ListItem","position":2,"name":"Kiuj ni estas","item":"https:\/\/museoomero.it\/eo\/muzeo\/la-stata-palpsenta-muzeo-homero-iam-nun-kaj-estonte\/"},{"@type":"ListItem","position":3,"name":"La Associazione Per il Museo Tattile Statale Omero ODV-ETS"}]},{"@type":"WebSite","@id":"https:\/\/museoomero.it\/eo\/#website","url":"https:\/\/museoomero.it\/eo\/","name":"Museo Omero","description":"Museo Tattile Statale","publisher":{"@id":"https:\/\/museoomero.it\/eo\/#organization"},"potentialAction":[{"@type":"SearchAction","target":{"@type":"EntryPoint","urlTemplate":"https:\/\/museoomero.it\/eo\/?s={search_term_string}"},"query-input":{"@type":"PropertyValueSpecification","valueRequired":true,"valueName":"search_term_string"}}],"inLanguage":"eo-UY"},{"@type":"Organization","@id":"https:\/\/museoomero.it\/eo\/#organization","name":"Museo Omero","url":"https:\/\/museoomero.it\/eo\/","logo":{"@type":"ImageObject","inLanguage":"eo-UY","@id":"https:\/\/museoomero.it\/eo\/#\/schema\/logo\/image\/","url":"https:\/\/museoomero.it\/wp-content\/uploads\/2019\/12\/logo_museoomero_nomibact.png","contentUrl":"https:\/\/museoomero.it\/wp-content\/uploads\/2019\/12\/logo_museoomero_nomibact.png","width":400,"height":127,"caption":"Museo Omero"},"image":{"@id":"https:\/\/museoomero.it\/eo\/#\/schema\/logo\/image\/"}}]}},"jetpack_sharing_enabled":true,"_links":{"self":[{"href":"https:\/\/museoomero.it\/eo\/wp-json\/wp\/v2\/pages\/14398","targetHints":{"allow":["GET"]}}],"collection":[{"href":"https:\/\/museoomero.it\/eo\/wp-json\/wp\/v2\/pages"}],"about":[{"href":"https:\/\/museoomero.it\/eo\/wp-json\/wp\/v2\/types\/page"}],"author":[{"embeddable":true,"href":"https:\/\/museoomero.it\/eo\/wp-json\/wp\/v2\/users\/2"}],"replies":[{"embeddable":true,"href":"https:\/\/museoomero.it\/eo\/wp-json\/wp\/v2\/comments?post=14398"}],"version-history":[{"count":10,"href":"https:\/\/museoomero.it\/eo\/wp-json\/wp\/v2\/pages\/14398\/revisions"}],"predecessor-version":[{"id":34083,"href":"https:\/\/museoomero.it\/eo\/wp-json\/wp\/v2\/pages\/14398\/revisions\/34083"}],"up":[{"embeddable":true,"href":"https:\/\/museoomero.it\/eo\/wp-json\/wp\/v2\/pages\/14377"}],"wp:attachment":[{"href":"https:\/\/museoomero.it\/eo\/wp-json\/wp\/v2\/media?parent=14398"}],"curies":[{"name":"wp","href":"https:\/\/api.w.org\/{rel}","templated":true}]}}