{"id":14400,"date":"2020-10-26T11:59:21","date_gmt":"2020-10-26T10:59:21","guid":{"rendered":"http:\/\/nuovosito.museoomero.it\/?page_id=14400"},"modified":"2022-03-10T12:26:19","modified_gmt":"2022-03-10T11:26:19","slug":"25-jaroj-de-la-muzeo-en-la-rememoroj-de-la-protagonistoj","status":"publish","type":"page","link":"https:\/\/museoomero.it\/eo\/muzeo\/la-stata-palpsenta-muzeo-homero-iam-nun-kaj-estonte\/25-jaroj-de-la-muzeo-en-la-rememoroj-de-la-protagonistoj\/","title":{"rendered":"La memoroj de la protagonistoj"},"content":{"rendered":"\n<p><strong>25 jaroj de la Muzeo en la rememoroj de la protagonistoj.<\/strong><\/p>\n\n\n\n<p>La <strong>29-an de Majo 2018<\/strong> la \u015ctata Palpsenta Muzeo Homero finis siajn unuajn 25 jarojn kun serio de festoj, inkluzive de la speciala tago de la <strong>24-a de Majo<\/strong>, kiam \u011di invitis amikojn, kunlaborantojn kaj a\u016dtoritatulojn, kiuj en la tempo kontribuis al la konkretigo de la ideo de \u011diaj fondintoj, <strong>Aldo Grassini<\/strong>, nuna prezidanto de la Muzeo, kaj lia edzino <strong>Daniela Bottegoni<\/strong>.<\/p>\n\n\n\n<h2 class=\"wp-block-heading\">1985: La ideo<\/h2>\n\n\n\n<p>Ideo naski\u011dinta en 1985 kiu trovis unuan subtenon en <strong>Rosa Brunori Ciriaco<\/strong>, eksa estrarano de Regiono Markio por Socialaj Servoj; por \u015di la realigo de Muzeo Homero estas &#8220;konstitucia rajto&#8221;. Memorigante sian unuan renkonti\u011don kun aldo Grassini, s-ino Brunori diras: &#8220;Li venis prezenti al mi tiun ideon, kiun li mem, ankora\u016d hodia\u016d, taksas freneza, tutnova. Ver\u015dajne tiam \u011di estis vere tia.&#8221;<\/p>\n\n\n\n<h2 class=\"wp-block-heading\">1993: La ina\u016dguro<\/h2>\n\n\n\n<p>Fabio Sturani, tiam magistratano de la Komunumo Ankono por Publikaj Laboroj, memorigis la akcelon donitan de la proksima komunuma vo\u0109donado al la ina\u016dguro de la Muzeo, rapideme okazinta la 29-an de Majo 1993 \u0109e la tiama elementa lernejo Antognini.<\/p>\n\n\n\n<h2 class=\"wp-block-heading\">1999: La Muzeo fari\u011das \u015dtata<\/h2>\n\n\n\n<p>La parlamentano Eugenio Duca detaligis la le\u011dofaran procedon, kiu igis \u015dtata la Muzeon per la le\u011do 452 de la 25-a de Novembro 1999: &#8220;3 minutojn kaj 30 sekundojn por aprobi la le\u011don kiu igis \u015dtata Muzeon Homeron, unuanime: rekordo por la itala Parlamento!&#8221;<\/p>\n\n\n\n<p>Aldo Grassini kaj Daniela Bottegoni memorigis la konstantan sindedi\u0109on kaj laboron De la karmemora Roberto Farroni, kiu direktis kaj kreskigis la Muzeon de 2002 \u011dis 2011, preparante \u011dian translokigon el la mezgrada lernejo Donatello al la presti\u011da sidejo de Komplekso Vanvitelli.<\/p>\n\n\n\n<h2 class=\"wp-block-heading\">2012: La transloki\u011do al Komplekso Vanvitelli<\/h2>\n\n\n\n<p><strong>Mariagrazia Conti<\/strong>, komunuma funkciulo respondeca pri la Muzeo \u011dis 2002, tiel substrekis la valoron de tiu sidejo:<br>&#8220;La loko kiu gastigas nin estis konstruita kiel lazareto, do por ekskluzivo.<br>Nun, efektive, ni vivas la plej plenan inkluzivon, kaj \u015dajnas do al mi, ke ne nur oni faris pa\u015dojn anta\u016den, sed ke oni povas vivi kaj reinterpreti la spacojn en malsama maniero, de ekskluzivo al inkluzivo.&#8221;<\/p>\n\n\n\n<p>La gravecon de la Muzeo la\u016d la Itala Blindulunui\u011do klarigas <strong>Armando Giampieri<\/strong>, de la Direkta Komitato de la Muzeo: &#8220;\u0108i tie validas nova gvidvorto: &#8220;malpermesite ne palpi!&#8221;<br>Temas pri revolucio en la mondo de arta\u0135oj, pri kiu neniu anta\u016de pensis. [\u2026]<br>Aldo uzis \u0109iujn siajn energiojn kaj fortojn por krei en nia urbo tiun kulturan juvelon, tiun Altvaloran ujon, tiun kofron de bela\u0135oj, kiu ebligas al Ankono disponi tian lumon.&#8221;<\/p>\n\n\n\n<p>Elpa\u015dis anka\u016d aliaj roluloj: por la Itala Blindulunui\u011do, sekcio de ankono, <strong>Andrea Cionna<\/strong>, prezidanto, kaj <strong>Andrea Cinti<\/strong>; la unuaj volontulinoj de Muzeo Homero, kiel la tiam dekkvinjara Simona Rossi; la parlamentano <strong>Carlo Ciccioli<\/strong> kaj la urbestrino <strong>Valeria Mancinelli<\/strong>, kiu malfermis la kunveno per la bondeziro: &#8220;Feli\u0109an naski\u011dtagon, Muzeo Homero, atendante la oran geedzi\u011dan jubileon inter la Muzeo kaj la urbo Ankono.&#8221;<\/p>\n\n\n\n<h2 class=\"wp-block-heading\">Dum la kunveno oni krome legis leterojn senditajn de aliaj a\u016dtoritatuloj<\/h2>\n\n\n\n<h3 class=\"wp-block-heading\">La la\u016ddo de Antonio Lampis, tiama \u011cenerala, Muzeo-Direktoro de Mibact<\/h3>\n\n\n\n<p>Per \u0109i tiu letero mi deziras esprimi al Vi mian vivan aprezon kaj mian personan solenan la\u016ddon por via realigo, en la dudek kvin jaroj pasintaj ekde la starigo de la \u015ctata Palpsenta Muzeo Homero de Ankono, de kultura centro unika en la mondo, loko de integrigo kaj kundivido, igante reala, anka\u016d por homoj kun specialaj bezonoj, la eblon vivi kaj emocii\u011di en muzeo.<\/p>\n\n\n\n<p>Vi pruvis ne nur rimarkindajn profesiajn kaj organizajn kapablojn, sed anka\u016d raran sindedi\u0109on kaj profundan devosenton, kvalitojn kiujn Vi disponigis senrezerve, trans la limoj de neceso kaj devo, por pedagogio de la kultura hava\u0135o, didaktiko de arto, estetiko kaj plej plena alirebleco de muzeaj kolektoj.<\/p>\n\n\n\n<p>La ideo de palpsenta aliro al la \u0109efverkoj de Muzeo \u201cHomero\u201d prezentas efektive \u011du-strategion nun tre \u015datatan de \u0109iuspecaj vizitantoj kaj aparte de la junularo, kiu trovas en la plursensa sperto novan manieron alproksimi\u011di al arto kaj kulturo.<br>Mi profitas la okazon por danki \u0109iujn, kiuj en tiuj jaroj ebligis per sia kunlaborado kaj per siaj kvalifikitaj kaj fruktodonaj energioj la realigon de projekto tiom noviga kaj eksterordinara sur kampoj nacia kaj internacia.\u201d<\/p>\n\n\n\n<h3 class=\"wp-block-heading\">La saluto de Peter Aufreiter, la tiama Direktoro de la Muzea Centro de Markio &#8211; Mibact<\/h3>\n\n\n\n<p>Tre kara Profesoro,<br>vere mirigas min, \u0109iufoje, la grandega laboro de vi plenumata;<br>atinginte do dudek jarojn de la ina\u016dguro de la Muzeo, mi dankas Vin pro la entuziasmo kaj energio per kiuj Vi anta\u016denigas la multnombrajn iniciatojn, kiuj jam elstaras anka\u016d je internacia nivelo.<\/p>\n\n\n\n<h3 class=\"wp-block-heading\">La senatanino Luciana Sbarbati, referanto de la le\u011do kiu igis \u015dtata Muzeon Homeron<\/h3>\n\n\n\n<p>Tre kara Aldo, dankon pro la \u015datata invito al la ceremonio pri la dudek kvin jaroj ekde la ina\u016dguro de la Muzeo. Dankon \u0109efe al Vi kaj al tiuj, kiuj en \u011di laboris kaj je \u011di kredis. Hodia\u016d Muzeo Homero estas granda kultura rimedo ne nur por nia lando sed anka\u016d por E\u016dropo. Inter la etapoj de \u011dia vojo kiujn vi memorigos, estas anka\u016d mia eta pa\u015do, \u0109iam kun via subteno kaj kun la konstanta kaj plenfida apogo de la kolego Eugenio Duca. Ni estis bela laborgrupo kaj mi tre feli\u0109as, ke mi estis referanto de la le\u011dpropono kaj ke mi proponis \u011dian refinancadon.<\/p>\n\n\n\n<p>La ceremonio fini\u011dis per la projekcio de kunmeta <strong>video kun salutoj de volontuloj kaj kunlaborantoj de la Muzeo.<\/strong><\/p>\n","protected":false},"excerpt":{"rendered":"<p>25 jaroj de la Muzeo en la rememoroj de la protagonistoj. La 29-an de Majo 2018 la \u015ctata Palpsenta Muzeo Homero finis siajn unuajn 25 jarojn kun serio de festoj, inkluzive de la speciala tago de la 24-a de Majo, kiam \u011di invitis amikojn, kunlaborantojn kaj a\u016dtoritatulojn, kiuj en la tempo kontribuis al la konkretigo [&#8230;] <span class=\"sr-only\"><a href=\"https:\/\/museoomero.it\/eo\/muzeo\/la-stata-palpsenta-muzeo-homero-iam-nun-kaj-estonte\/25-jaroj-de-la-muzeo-en-la-rememoroj-de-la-protagonistoj\/\">Continua a leggere: La memoroj de la protagonistoj<\/a><\/span><\/p>\n","protected":false},"author":2,"featured_media":17120,"parent":14377,"menu_order":389,"comment_status":"closed","ping_status":"closed","template":"","meta":{"_acf_changed":false,"footnotes":""},"class_list":["post-14400","page","type-page","status-publish","has-post-thumbnail","hentry"],"acf":[],"yoast_head":"<!-- This site is optimized with the Yoast SEO plugin v27.4 - https:\/\/yoast.com\/product\/yoast-seo-wordpress\/ -->\n<title>La memoroj de la protagonistoj - Museo Omero<\/title>\n<meta name=\"description\" content=\"25 jaroj de la Muzeo en la rememoroj de la protagonistoj.\" \/>\n<meta name=\"robots\" content=\"index, follow, max-snippet:-1, max-image-preview:large, max-video-preview:-1\" \/>\n<link rel=\"canonical\" href=\"https:\/\/museoomero.it\/eo\/muzeo\/la-stata-palpsenta-muzeo-homero-iam-nun-kaj-estonte\/25-jaroj-de-la-muzeo-en-la-rememoroj-de-la-protagonistoj\/\" \/>\n<meta property=\"og:locale\" content=\"eo_EO\" \/>\n<meta property=\"og:type\" content=\"article\" \/>\n<meta property=\"og:title\" content=\"La memoroj de la protagonistoj - Museo Omero\" \/>\n<meta property=\"og:description\" content=\"25 jaroj de la Muzeo en la rememoroj de la protagonistoj.\" \/>\n<meta property=\"og:url\" content=\"https:\/\/museoomero.it\/eo\/muzeo\/la-stata-palpsenta-muzeo-homero-iam-nun-kaj-estonte\/25-jaroj-de-la-muzeo-en-la-rememoroj-de-la-protagonistoj\/\" \/>\n<meta property=\"og:site_name\" content=\"Museo Omero\" \/>\n<meta property=\"article:modified_time\" content=\"2022-03-10T11:26:19+00:00\" \/>\n<meta property=\"og:image\" content=\"https:\/\/museoomero.it\/wp-content\/uploads\/2020\/11\/Museo-Chi-siamo-25-anni-2.jpg\" \/>\n\t<meta property=\"og:image:width\" content=\"1200\" \/>\n\t<meta property=\"og:image:height\" content=\"802\" \/>\n\t<meta property=\"og:image:type\" content=\"image\/jpeg\" \/>\n<meta name=\"twitter:card\" content=\"summary_large_image\" \/>\n<meta name=\"twitter:label1\" content=\"Est. reading time\" \/>\n\t<meta name=\"twitter:data1\" content=\"5 minutes\" \/>\n<script type=\"application\/ld+json\" class=\"yoast-schema-graph\">{\"@context\":\"https:\\\/\\\/schema.org\",\"@graph\":[{\"@type\":\"WebPage\",\"@id\":\"https:\\\/\\\/museoomero.it\\\/eo\\\/muzeo\\\/la-stata-palpsenta-muzeo-homero-iam-nun-kaj-estonte\\\/25-jaroj-de-la-muzeo-en-la-rememoroj-de-la-protagonistoj\\\/\",\"url\":\"https:\\\/\\\/museoomero.it\\\/eo\\\/muzeo\\\/la-stata-palpsenta-muzeo-homero-iam-nun-kaj-estonte\\\/25-jaroj-de-la-muzeo-en-la-rememoroj-de-la-protagonistoj\\\/\",\"name\":\"La memoroj de la protagonistoj - Museo Omero\",\"isPartOf\":{\"@id\":\"https:\\\/\\\/museoomero.it\\\/eo\\\/#website\"},\"primaryImageOfPage\":{\"@id\":\"https:\\\/\\\/museoomero.it\\\/eo\\\/muzeo\\\/la-stata-palpsenta-muzeo-homero-iam-nun-kaj-estonte\\\/25-jaroj-de-la-muzeo-en-la-rememoroj-de-la-protagonistoj\\\/#primaryimage\"},\"image\":{\"@id\":\"https:\\\/\\\/museoomero.it\\\/eo\\\/muzeo\\\/la-stata-palpsenta-muzeo-homero-iam-nun-kaj-estonte\\\/25-jaroj-de-la-muzeo-en-la-rememoroj-de-la-protagonistoj\\\/#primaryimage\"},\"thumbnailUrl\":\"https:\\\/\\\/museoomero.it\\\/wp-content\\\/uploads\\\/2020\\\/11\\\/Museo-Chi-siamo-25-anni-2.jpg\",\"datePublished\":\"2020-10-26T10:59:21+00:00\",\"dateModified\":\"2022-03-10T11:26:19+00:00\",\"description\":\"25 jaroj de la Muzeo en la rememoroj de la protagonistoj.\",\"breadcrumb\":{\"@id\":\"https:\\\/\\\/museoomero.it\\\/eo\\\/muzeo\\\/la-stata-palpsenta-muzeo-homero-iam-nun-kaj-estonte\\\/25-jaroj-de-la-muzeo-en-la-rememoroj-de-la-protagonistoj\\\/#breadcrumb\"},\"inLanguage\":\"eo-UY\",\"potentialAction\":[{\"@type\":\"ReadAction\",\"target\":[\"https:\\\/\\\/museoomero.it\\\/eo\\\/muzeo\\\/la-stata-palpsenta-muzeo-homero-iam-nun-kaj-estonte\\\/25-jaroj-de-la-muzeo-en-la-rememoroj-de-la-protagonistoj\\\/\"]}]},{\"@type\":\"ImageObject\",\"inLanguage\":\"eo-UY\",\"@id\":\"https:\\\/\\\/museoomero.it\\\/eo\\\/muzeo\\\/la-stata-palpsenta-muzeo-homero-iam-nun-kaj-estonte\\\/25-jaroj-de-la-muzeo-en-la-rememoroj-de-la-protagonistoj\\\/#primaryimage\",\"url\":\"https:\\\/\\\/museoomero.it\\\/wp-content\\\/uploads\\\/2020\\\/11\\\/Museo-Chi-siamo-25-anni-2.jpg\",\"contentUrl\":\"https:\\\/\\\/museoomero.it\\\/wp-content\\\/uploads\\\/2020\\\/11\\\/Museo-Chi-siamo-25-anni-2.jpg\",\"width\":1200,\"height\":802,\"caption\":\"logo 25 jaroj de la Muzeo en la rememoroj de la protagonistoj\"},{\"@type\":\"BreadcrumbList\",\"@id\":\"https:\\\/\\\/museoomero.it\\\/eo\\\/muzeo\\\/la-stata-palpsenta-muzeo-homero-iam-nun-kaj-estonte\\\/25-jaroj-de-la-muzeo-en-la-rememoroj-de-la-protagonistoj\\\/#breadcrumb\",\"itemListElement\":[{\"@type\":\"ListItem\",\"position\":1,\"name\":\"Muzeo\",\"item\":\"https:\\\/\\\/museoomero.it\\\/eo\\\/muzeo\\\/\"},{\"@type\":\"ListItem\",\"position\":2,\"name\":\"Kiuj ni estas\",\"item\":\"https:\\\/\\\/museoomero.it\\\/eo\\\/muzeo\\\/la-stata-palpsenta-muzeo-homero-iam-nun-kaj-estonte\\\/\"},{\"@type\":\"ListItem\",\"position\":3,\"name\":\"La memoroj de la protagonistoj\"}]},{\"@type\":\"WebSite\",\"@id\":\"https:\\\/\\\/museoomero.it\\\/eo\\\/#website\",\"url\":\"https:\\\/\\\/museoomero.it\\\/eo\\\/\",\"name\":\"Museo Omero\",\"description\":\"Museo Tattile Statale\",\"publisher\":{\"@id\":\"https:\\\/\\\/museoomero.it\\\/eo\\\/#organization\"},\"potentialAction\":[{\"@type\":\"SearchAction\",\"target\":{\"@type\":\"EntryPoint\",\"urlTemplate\":\"https:\\\/\\\/museoomero.it\\\/eo\\\/?s={search_term_string}\"},\"query-input\":{\"@type\":\"PropertyValueSpecification\",\"valueRequired\":true,\"valueName\":\"search_term_string\"}}],\"inLanguage\":\"eo-UY\"},{\"@type\":\"Organization\",\"@id\":\"https:\\\/\\\/museoomero.it\\\/eo\\\/#organization\",\"name\":\"Museo Omero\",\"url\":\"https:\\\/\\\/museoomero.it\\\/eo\\\/\",\"logo\":{\"@type\":\"ImageObject\",\"inLanguage\":\"eo-UY\",\"@id\":\"https:\\\/\\\/museoomero.it\\\/eo\\\/#\\\/schema\\\/logo\\\/image\\\/\",\"url\":\"https:\\\/\\\/museoomero.it\\\/wp-content\\\/uploads\\\/2019\\\/12\\\/logo_museoomero_nomibact.png\",\"contentUrl\":\"https:\\\/\\\/museoomero.it\\\/wp-content\\\/uploads\\\/2019\\\/12\\\/logo_museoomero_nomibact.png\",\"width\":400,\"height\":127,\"caption\":\"Museo Omero\"},\"image\":{\"@id\":\"https:\\\/\\\/museoomero.it\\\/eo\\\/#\\\/schema\\\/logo\\\/image\\\/\"}}]}<\/script>\n<!-- \/ Yoast SEO plugin. -->","yoast_head_json":{"title":"La memoroj de la protagonistoj - Museo Omero","description":"25 jaroj de la Muzeo en la rememoroj de la protagonistoj.","robots":{"index":"index","follow":"follow","max-snippet":"max-snippet:-1","max-image-preview":"max-image-preview:large","max-video-preview":"max-video-preview:-1"},"canonical":"https:\/\/museoomero.it\/eo\/muzeo\/la-stata-palpsenta-muzeo-homero-iam-nun-kaj-estonte\/25-jaroj-de-la-muzeo-en-la-rememoroj-de-la-protagonistoj\/","og_locale":"eo_EO","og_type":"article","og_title":"La memoroj de la protagonistoj - Museo Omero","og_description":"25 jaroj de la Muzeo en la rememoroj de la protagonistoj.","og_url":"https:\/\/museoomero.it\/eo\/muzeo\/la-stata-palpsenta-muzeo-homero-iam-nun-kaj-estonte\/25-jaroj-de-la-muzeo-en-la-rememoroj-de-la-protagonistoj\/","og_site_name":"Museo Omero","article_modified_time":"2022-03-10T11:26:19+00:00","og_image":[{"width":1200,"height":802,"url":"https:\/\/museoomero.it\/wp-content\/uploads\/2020\/11\/Museo-Chi-siamo-25-anni-2.jpg","type":"image\/jpeg"}],"twitter_card":"summary_large_image","twitter_misc":{"Est. reading time":"5 minutes"},"schema":{"@context":"https:\/\/schema.org","@graph":[{"@type":"WebPage","@id":"https:\/\/museoomero.it\/eo\/muzeo\/la-stata-palpsenta-muzeo-homero-iam-nun-kaj-estonte\/25-jaroj-de-la-muzeo-en-la-rememoroj-de-la-protagonistoj\/","url":"https:\/\/museoomero.it\/eo\/muzeo\/la-stata-palpsenta-muzeo-homero-iam-nun-kaj-estonte\/25-jaroj-de-la-muzeo-en-la-rememoroj-de-la-protagonistoj\/","name":"La memoroj de la protagonistoj - Museo Omero","isPartOf":{"@id":"https:\/\/museoomero.it\/eo\/#website"},"primaryImageOfPage":{"@id":"https:\/\/museoomero.it\/eo\/muzeo\/la-stata-palpsenta-muzeo-homero-iam-nun-kaj-estonte\/25-jaroj-de-la-muzeo-en-la-rememoroj-de-la-protagonistoj\/#primaryimage"},"image":{"@id":"https:\/\/museoomero.it\/eo\/muzeo\/la-stata-palpsenta-muzeo-homero-iam-nun-kaj-estonte\/25-jaroj-de-la-muzeo-en-la-rememoroj-de-la-protagonistoj\/#primaryimage"},"thumbnailUrl":"https:\/\/museoomero.it\/wp-content\/uploads\/2020\/11\/Museo-Chi-siamo-25-anni-2.jpg","datePublished":"2020-10-26T10:59:21+00:00","dateModified":"2022-03-10T11:26:19+00:00","description":"25 jaroj de la Muzeo en la rememoroj de la protagonistoj.","breadcrumb":{"@id":"https:\/\/museoomero.it\/eo\/muzeo\/la-stata-palpsenta-muzeo-homero-iam-nun-kaj-estonte\/25-jaroj-de-la-muzeo-en-la-rememoroj-de-la-protagonistoj\/#breadcrumb"},"inLanguage":"eo-UY","potentialAction":[{"@type":"ReadAction","target":["https:\/\/museoomero.it\/eo\/muzeo\/la-stata-palpsenta-muzeo-homero-iam-nun-kaj-estonte\/25-jaroj-de-la-muzeo-en-la-rememoroj-de-la-protagonistoj\/"]}]},{"@type":"ImageObject","inLanguage":"eo-UY","@id":"https:\/\/museoomero.it\/eo\/muzeo\/la-stata-palpsenta-muzeo-homero-iam-nun-kaj-estonte\/25-jaroj-de-la-muzeo-en-la-rememoroj-de-la-protagonistoj\/#primaryimage","url":"https:\/\/museoomero.it\/wp-content\/uploads\/2020\/11\/Museo-Chi-siamo-25-anni-2.jpg","contentUrl":"https:\/\/museoomero.it\/wp-content\/uploads\/2020\/11\/Museo-Chi-siamo-25-anni-2.jpg","width":1200,"height":802,"caption":"logo 25 jaroj de la Muzeo en la rememoroj de la protagonistoj"},{"@type":"BreadcrumbList","@id":"https:\/\/museoomero.it\/eo\/muzeo\/la-stata-palpsenta-muzeo-homero-iam-nun-kaj-estonte\/25-jaroj-de-la-muzeo-en-la-rememoroj-de-la-protagonistoj\/#breadcrumb","itemListElement":[{"@type":"ListItem","position":1,"name":"Muzeo","item":"https:\/\/museoomero.it\/eo\/muzeo\/"},{"@type":"ListItem","position":2,"name":"Kiuj ni estas","item":"https:\/\/museoomero.it\/eo\/muzeo\/la-stata-palpsenta-muzeo-homero-iam-nun-kaj-estonte\/"},{"@type":"ListItem","position":3,"name":"La memoroj de la protagonistoj"}]},{"@type":"WebSite","@id":"https:\/\/museoomero.it\/eo\/#website","url":"https:\/\/museoomero.it\/eo\/","name":"Museo Omero","description":"Museo Tattile Statale","publisher":{"@id":"https:\/\/museoomero.it\/eo\/#organization"},"potentialAction":[{"@type":"SearchAction","target":{"@type":"EntryPoint","urlTemplate":"https:\/\/museoomero.it\/eo\/?s={search_term_string}"},"query-input":{"@type":"PropertyValueSpecification","valueRequired":true,"valueName":"search_term_string"}}],"inLanguage":"eo-UY"},{"@type":"Organization","@id":"https:\/\/museoomero.it\/eo\/#organization","name":"Museo Omero","url":"https:\/\/museoomero.it\/eo\/","logo":{"@type":"ImageObject","inLanguage":"eo-UY","@id":"https:\/\/museoomero.it\/eo\/#\/schema\/logo\/image\/","url":"https:\/\/museoomero.it\/wp-content\/uploads\/2019\/12\/logo_museoomero_nomibact.png","contentUrl":"https:\/\/museoomero.it\/wp-content\/uploads\/2019\/12\/logo_museoomero_nomibact.png","width":400,"height":127,"caption":"Museo Omero"},"image":{"@id":"https:\/\/museoomero.it\/eo\/#\/schema\/logo\/image\/"}}]}},"jetpack_sharing_enabled":true,"_links":{"self":[{"href":"https:\/\/museoomero.it\/eo\/wp-json\/wp\/v2\/pages\/14400","targetHints":{"allow":["GET"]}}],"collection":[{"href":"https:\/\/museoomero.it\/eo\/wp-json\/wp\/v2\/pages"}],"about":[{"href":"https:\/\/museoomero.it\/eo\/wp-json\/wp\/v2\/types\/page"}],"author":[{"embeddable":true,"href":"https:\/\/museoomero.it\/eo\/wp-json\/wp\/v2\/users\/2"}],"replies":[{"embeddable":true,"href":"https:\/\/museoomero.it\/eo\/wp-json\/wp\/v2\/comments?post=14400"}],"version-history":[{"count":4,"href":"https:\/\/museoomero.it\/eo\/wp-json\/wp\/v2\/pages\/14400\/revisions"}],"predecessor-version":[{"id":24503,"href":"https:\/\/museoomero.it\/eo\/wp-json\/wp\/v2\/pages\/14400\/revisions\/24503"}],"up":[{"embeddable":true,"href":"https:\/\/museoomero.it\/eo\/wp-json\/wp\/v2\/pages\/14377"}],"wp:featuredmedia":[{"embeddable":true,"href":"https:\/\/museoomero.it\/eo\/wp-json\/wp\/v2\/media\/17120"}],"wp:attachment":[{"href":"https:\/\/museoomero.it\/eo\/wp-json\/wp\/v2\/media?parent=14400"}],"curies":[{"name":"wp","href":"https:\/\/api.w.org\/{rel}","templated":true}]}}