{"id":14406,"date":"2020-10-26T12:15:33","date_gmt":"2020-10-26T11:15:33","guid":{"rendered":"http:\/\/nuovosito.museoomero.it\/?page_id=14406"},"modified":"2026-02-11T11:41:38","modified_gmt":"2026-02-11T10:41:38","slug":"kontaktoj","status":"publish","type":"page","link":"https:\/\/museoomero.it\/eo\/muzeo\/kontaktoj\/","title":{"rendered":"Kontaktoj"},"content":{"rendered":"\n<p>Por \u011deneralaj informoj kaj por kontakti la oficejojn a\u016d unuopajn personojn, telefonu al la centra telefonnumero + 39 071 28 11 93 5 a\u016d skribu al la retadreso <a href=\"mailto:info@museoomero.it\">info@museoomero.it<\/a>.<\/p>\n\n\n\n<h2 class=\"wp-block-heading\">Oficejoj<\/h2>\n\n\n\n<p>Malfermaj horoj: de lundo \u011dis vendredo de la 8:00 \u011dis la 14:00, marde kaj \u0135a\u016dde anka\u016d de la 15:00 \u011dis la 17:00. En a\u016dgusto malfermita nur matene.<\/p>\n\n\n\n<ul class=\"wp-block-list\">\n<li>Prezidanteco: <a href=\"mailto:presidenza@museoomero.it\">presidenza@museoomero.it<\/a><\/li>\n\n\n\n<li>Sekretariejo: <a href=\"mailto:segreteria@museoomero.it\">segreteria@museoomero.it<\/a><\/li>\n\n\n\n<li>Komunikado: <a href=\"mailto:redazione@museoomero.it\">redazione@museoomero.it<\/a><\/li>\n\n\n\n<li>Edukado: <a href=\"mailto:didattica@museoomero.it\">didattica@museoomero.it<\/a><\/li>\n<\/ul>\n\n\n\n<p>Por rezervi vizitojn kaj agadojn telefonu al la po\u015dtelefono a\u016d skribu per WhatsApp al 335 569 69 85 a\u016d al la retadreso <a href=\"mailto:prenotazioni@museoomero.it\">prenotazioni@museoomero.it<\/a>.<\/p>\n\n\n\n<p>Atestita retpo\u015dto (PEC): <a href=\"mailto:museoomero@legalmail.it\">museoomero@legalmail.it<\/a>.<\/p>\n\n\n\n<h2 class=\"wp-block-heading\">Mekanismo por reagoj pri la alirebleco de la retejo<\/h2>\n\n\n\n<p>Se vi renkontas iun problemon pri alirebleco dum navigado en \u0109i tiu retejo, vi povas sendi vian reagojn al la retadreso: <a href=\"mailto:redazione@museoomero.it\">redazione@museoomero.it<\/a>.<\/p>\n","protected":false},"excerpt":{"rendered":"<p>Por \u011deneralaj informoj kaj por kontakti la oficejojn a\u016d unuopajn personojn, telefonu al la centra telefonnumero + 39 071 28 11 93 5 a\u016d skribu al la retadreso info@museoomero.it. Oficejoj Malfermaj horoj: de lundo \u011dis vendredo de la 8:00 \u011dis la 14:00, marde kaj \u0135a\u016dde anka\u016d de la 15:00 \u011dis la 17:00. En a\u016dgusto malfermita [&#8230;] <span class=\"sr-only\"><a href=\"https:\/\/museoomero.it\/eo\/muzeo\/kontaktoj\/\">Continua a leggere: Kontaktoj<\/a><\/span><\/p>\n","protected":false},"author":2,"featured_media":0,"parent":14392,"menu_order":238,"comment_status":"closed","ping_status":"closed","template":"","meta":{"_acf_changed":false,"footnotes":""},"class_list":["post-14406","page","type-page","status-publish","hentry"],"acf":[],"yoast_head":"<!-- This site is optimized with the Yoast SEO plugin v27.3 - https:\/\/yoast.com\/product\/yoast-seo-wordpress\/ -->\n<title>Kontaktoj - Museo Omero<\/title>\n<meta name=\"robots\" content=\"index, follow, max-snippet:-1, max-image-preview:large, max-video-preview:-1\" \/>\n<link rel=\"canonical\" href=\"https:\/\/museoomero.it\/eo\/muzeo\/kontaktoj\/\" \/>\n<meta property=\"og:locale\" content=\"eo_EO\" \/>\n<meta property=\"og:type\" content=\"article\" \/>\n<meta property=\"og:title\" content=\"Kontaktoj - Museo Omero\" \/>\n<meta property=\"og:description\" content=\"Por \u011deneralaj informoj kaj por kontakti la oficejojn a\u016d unuopajn personojn, telefonu al la centra telefonnumero + 39 071 28 11 93 5 a\u016d skribu al la retadreso info@museoomero.it. Oficejoj Malfermaj horoj: de lundo \u011dis vendredo de la 8:00 \u011dis la 14:00, marde kaj \u0135a\u016dde anka\u016d de la 15:00 \u011dis la 17:00. En a\u016dgusto malfermita [...] Continua a leggere: Kontaktoj\" \/>\n<meta property=\"og:url\" content=\"https:\/\/museoomero.it\/eo\/muzeo\/kontaktoj\/\" \/>\n<meta property=\"og:site_name\" content=\"Museo Omero\" \/>\n<meta property=\"article:modified_time\" content=\"2026-02-11T10:41:38+00:00\" \/>\n<meta name=\"twitter:card\" content=\"summary_large_image\" \/>\n<meta name=\"twitter:label1\" content=\"Est. reading time\" \/>\n\t<meta name=\"twitter:data1\" content=\"1 minute\" \/>\n<script type=\"application\/ld+json\" class=\"yoast-schema-graph\">{\"@context\":\"https:\\\/\\\/schema.org\",\"@graph\":[{\"@type\":\"WebPage\",\"@id\":\"https:\\\/\\\/museoomero.it\\\/eo\\\/muzeo\\\/kontaktoj\\\/\",\"url\":\"https:\\\/\\\/museoomero.it\\\/eo\\\/muzeo\\\/kontaktoj\\\/\",\"name\":\"Kontaktoj - Museo Omero\",\"isPartOf\":{\"@id\":\"https:\\\/\\\/museoomero.it\\\/eo\\\/#website\"},\"datePublished\":\"2020-10-26T11:15:33+00:00\",\"dateModified\":\"2026-02-11T10:41:38+00:00\",\"breadcrumb\":{\"@id\":\"https:\\\/\\\/museoomero.it\\\/eo\\\/muzeo\\\/kontaktoj\\\/#breadcrumb\"},\"inLanguage\":\"eo-UY\",\"potentialAction\":[{\"@type\":\"ReadAction\",\"target\":[\"https:\\\/\\\/museoomero.it\\\/eo\\\/muzeo\\\/kontaktoj\\\/\"]}]},{\"@type\":\"BreadcrumbList\",\"@id\":\"https:\\\/\\\/museoomero.it\\\/eo\\\/muzeo\\\/kontaktoj\\\/#breadcrumb\",\"itemListElement\":[{\"@type\":\"ListItem\",\"position\":1,\"name\":\"Muzeo\",\"item\":\"https:\\\/\\\/museoomero.it\\\/eo\\\/muzeo\\\/\"},{\"@type\":\"ListItem\",\"position\":2,\"name\":\"Kontaktoj\"}]},{\"@type\":\"WebSite\",\"@id\":\"https:\\\/\\\/museoomero.it\\\/eo\\\/#website\",\"url\":\"https:\\\/\\\/museoomero.it\\\/eo\\\/\",\"name\":\"Museo Omero\",\"description\":\"Museo Tattile Statale\",\"publisher\":{\"@id\":\"https:\\\/\\\/museoomero.it\\\/eo\\\/#organization\"},\"potentialAction\":[{\"@type\":\"SearchAction\",\"target\":{\"@type\":\"EntryPoint\",\"urlTemplate\":\"https:\\\/\\\/museoomero.it\\\/eo\\\/?s={search_term_string}\"},\"query-input\":{\"@type\":\"PropertyValueSpecification\",\"valueRequired\":true,\"valueName\":\"search_term_string\"}}],\"inLanguage\":\"eo-UY\"},{\"@type\":\"Organization\",\"@id\":\"https:\\\/\\\/museoomero.it\\\/eo\\\/#organization\",\"name\":\"Museo Omero\",\"url\":\"https:\\\/\\\/museoomero.it\\\/eo\\\/\",\"logo\":{\"@type\":\"ImageObject\",\"inLanguage\":\"eo-UY\",\"@id\":\"https:\\\/\\\/museoomero.it\\\/eo\\\/#\\\/schema\\\/logo\\\/image\\\/\",\"url\":\"https:\\\/\\\/museoomero.it\\\/wp-content\\\/uploads\\\/2019\\\/12\\\/logo_museoomero_nomibact.png\",\"contentUrl\":\"https:\\\/\\\/museoomero.it\\\/wp-content\\\/uploads\\\/2019\\\/12\\\/logo_museoomero_nomibact.png\",\"width\":400,\"height\":127,\"caption\":\"Museo Omero\"},\"image\":{\"@id\":\"https:\\\/\\\/museoomero.it\\\/eo\\\/#\\\/schema\\\/logo\\\/image\\\/\"}}]}<\/script>\n<!-- \/ Yoast SEO plugin. -->","yoast_head_json":{"title":"Kontaktoj - Museo Omero","robots":{"index":"index","follow":"follow","max-snippet":"max-snippet:-1","max-image-preview":"max-image-preview:large","max-video-preview":"max-video-preview:-1"},"canonical":"https:\/\/museoomero.it\/eo\/muzeo\/kontaktoj\/","og_locale":"eo_EO","og_type":"article","og_title":"Kontaktoj - Museo Omero","og_description":"Por \u011deneralaj informoj kaj por kontakti la oficejojn a\u016d unuopajn personojn, telefonu al la centra telefonnumero + 39 071 28 11 93 5 a\u016d skribu al la retadreso info@museoomero.it. Oficejoj Malfermaj horoj: de lundo \u011dis vendredo de la 8:00 \u011dis la 14:00, marde kaj \u0135a\u016dde anka\u016d de la 15:00 \u011dis la 17:00. En a\u016dgusto malfermita [...] Continua a leggere: Kontaktoj","og_url":"https:\/\/museoomero.it\/eo\/muzeo\/kontaktoj\/","og_site_name":"Museo Omero","article_modified_time":"2026-02-11T10:41:38+00:00","twitter_card":"summary_large_image","twitter_misc":{"Est. reading time":"1 minute"},"schema":{"@context":"https:\/\/schema.org","@graph":[{"@type":"WebPage","@id":"https:\/\/museoomero.it\/eo\/muzeo\/kontaktoj\/","url":"https:\/\/museoomero.it\/eo\/muzeo\/kontaktoj\/","name":"Kontaktoj - Museo Omero","isPartOf":{"@id":"https:\/\/museoomero.it\/eo\/#website"},"datePublished":"2020-10-26T11:15:33+00:00","dateModified":"2026-02-11T10:41:38+00:00","breadcrumb":{"@id":"https:\/\/museoomero.it\/eo\/muzeo\/kontaktoj\/#breadcrumb"},"inLanguage":"eo-UY","potentialAction":[{"@type":"ReadAction","target":["https:\/\/museoomero.it\/eo\/muzeo\/kontaktoj\/"]}]},{"@type":"BreadcrumbList","@id":"https:\/\/museoomero.it\/eo\/muzeo\/kontaktoj\/#breadcrumb","itemListElement":[{"@type":"ListItem","position":1,"name":"Muzeo","item":"https:\/\/museoomero.it\/eo\/muzeo\/"},{"@type":"ListItem","position":2,"name":"Kontaktoj"}]},{"@type":"WebSite","@id":"https:\/\/museoomero.it\/eo\/#website","url":"https:\/\/museoomero.it\/eo\/","name":"Museo Omero","description":"Museo Tattile Statale","publisher":{"@id":"https:\/\/museoomero.it\/eo\/#organization"},"potentialAction":[{"@type":"SearchAction","target":{"@type":"EntryPoint","urlTemplate":"https:\/\/museoomero.it\/eo\/?s={search_term_string}"},"query-input":{"@type":"PropertyValueSpecification","valueRequired":true,"valueName":"search_term_string"}}],"inLanguage":"eo-UY"},{"@type":"Organization","@id":"https:\/\/museoomero.it\/eo\/#organization","name":"Museo Omero","url":"https:\/\/museoomero.it\/eo\/","logo":{"@type":"ImageObject","inLanguage":"eo-UY","@id":"https:\/\/museoomero.it\/eo\/#\/schema\/logo\/image\/","url":"https:\/\/museoomero.it\/wp-content\/uploads\/2019\/12\/logo_museoomero_nomibact.png","contentUrl":"https:\/\/museoomero.it\/wp-content\/uploads\/2019\/12\/logo_museoomero_nomibact.png","width":400,"height":127,"caption":"Museo Omero"},"image":{"@id":"https:\/\/museoomero.it\/eo\/#\/schema\/logo\/image\/"}}]}},"jetpack_sharing_enabled":true,"_links":{"self":[{"href":"https:\/\/museoomero.it\/eo\/wp-json\/wp\/v2\/pages\/14406","targetHints":{"allow":["GET"]}}],"collection":[{"href":"https:\/\/museoomero.it\/eo\/wp-json\/wp\/v2\/pages"}],"about":[{"href":"https:\/\/museoomero.it\/eo\/wp-json\/wp\/v2\/types\/page"}],"author":[{"embeddable":true,"href":"https:\/\/museoomero.it\/eo\/wp-json\/wp\/v2\/users\/2"}],"replies":[{"embeddable":true,"href":"https:\/\/museoomero.it\/eo\/wp-json\/wp\/v2\/comments?post=14406"}],"version-history":[{"count":16,"href":"https:\/\/museoomero.it\/eo\/wp-json\/wp\/v2\/pages\/14406\/revisions"}],"predecessor-version":[{"id":41423,"href":"https:\/\/museoomero.it\/eo\/wp-json\/wp\/v2\/pages\/14406\/revisions\/41423"}],"up":[{"embeddable":true,"href":"https:\/\/museoomero.it\/eo\/wp-json\/wp\/v2\/pages\/14392"}],"wp:attachment":[{"href":"https:\/\/museoomero.it\/eo\/wp-json\/wp\/v2\/media?parent=14406"}],"curies":[{"name":"wp","href":"https:\/\/api.w.org\/{rel}","templated":true}]}}