{"id":14422,"date":"2020-10-26T12:24:43","date_gmt":"2020-10-26T11:24:43","guid":{"rendered":"http:\/\/nuovosito.museoomero.it\/?page_id=14422"},"modified":"2020-11-20T14:01:39","modified_gmt":"2020-11-20T13:01:39","slug":"la-estonta-arango","status":"publish","type":"page","link":"https:\/\/museoomero.it\/eo\/muzeo\/la-estonta-arango\/","title":{"rendered":"La estonta aran\u011do"},"content":{"rendered":"\n<p>La projektata nova Palpsenta Muzeo celas esti ejo de profunda kultura entrepreno enhavanta la eblecon \u011dui artverkojn fare de nevidantoj, sed prezentanta al kiu ajn vizitanto oportunon por pripensado de sia sensa rilato kun la medio.<br>La nova aran\u011do bazi\u011das sur temaj kriterioj, prezentante ampleksajn eblojn de profundigo de la sciencaj aspektoj de perceptado kaj sensado., kun aparta atento al valoroj de palpsenta sperto, la\u016d plena kongruo kun la celoj de la Muzeo. La aran\u011do realigas sperto-vojon kapablan impresi vizitanton je niveloj sensa, kogna, emocia kaj socia, utiligante anka\u016d plurmediajn kaj interagajn teknologiojn povantajn komuniki kompleksan enhavon en simpla, efika kaj amuza maniero, adapti\u011dante al la bezonoj de vastaj zonoj de la publiko.<br>En \u0109iuj fakoj trovi\u011das \u015dildoj kaj didaktikaj paneloj brajle kaj vidulskribe, bildoj, reliefaj orienti\u011daj mapoj kaj podioj por palpesplorado.<br>Por ke \u0109iu vizitanto povu \u011dui sperton la\u016d propraj bezonoj kaj preferoj, disponeblos klasiga rimedo \u0109e la eniro kaj lokaliza sistemo por gvidado de nevidantoj dum memstaraj vizitoj.<\/p>\n\n\n\n<h2 class=\"wp-block-heading\">La spacoj<\/h2>\n\n\n\n<p>Sur la unua nivelo de la muzea sidejo, okupante tutan flankon de la kvinrlatero de Komplekso Vanvitelli, kun enirejo sur la interna korto, trovi\u011dos la nova ekspozicia vojo de la konstanta kolekto, krom la servoj de akceptado de la publiko: informejo, biletejo, garderobo, librejo.<br>Sur la subplafona planko estos krome loko por dumtempaj ekspozicioj kaj malgranda konferencejo (90 lokoj).<\/p>\n\n\n\n<h2 class=\"wp-block-heading\">La kolekto<\/h2>\n\n\n\n<p>La ekzistanta kolekto, kiun pliri\u0109igos a\u0109etado de novaj verkoj por kompletigi la la\u016dtemajn fakojn, enhavas:<\/p>\n\n\n\n<ul class=\"wp-block-list\"><li>Pli ol 100 reprodukta\u0135ojn de \u0109efverkoj de antikva kaj moderna skulptarto (itala kaj e\u016dropa), kopiojn kaj mulda\u0135ojn el gipso a\u016d rezino, preska\u016d \u0109iujn je originala grandeco, elstare realigitaj;<\/li><li>pli ol 90 originalajn skulpta\u0135ojn de la dekna\u016da jarcento kaj nuntempajn, elektitajn la\u016d a\u016dtora valoro, esprimaj karakteroj kaj tiflologiaj kvalitoj: altvalora kolekto da\u016dre evoluanta, kiu inkludas famajn artistojn naciajn kaj internaciajn;<\/li><li>22 arkitekturajn maketojn; originalajn arkeologiajn trova\u0135ojn diversspecajn kaj diversepokajn disponigitajn de la<\/li><li>Arkeologia Intendanto de Markio.<\/li><\/ul>\n\n\n\n<h2 class=\"wp-block-heading\">La ekspozicia vojo<\/h2>\n\n\n\n<p>Kerno de la nova ekspozicia programo estas la valoro de palpsento kaj la malkovro de la potencialo de propraj sensoj. Determinantaj estas do ne plu la arthistoriaj kategorioj sed aliro, kies fokuso estas perceptado kaj sensado.<br><br>La nova projekto sekvas la\u016dteman kriterion kaj prezentas kvar \u0109efajn fakojn:<\/p>\n\n\n\n<p>1) <strong>Enkonduko al muzeo kaj ne\u016dropsikologiaj aspektoj de perceptado<\/strong><br>Ekirante de pripensado de nia rilato kun la medio tra la sensoj, oni proponas diversajn spertojn kun la celo estigi en la vizitanto pli grandan konscion pri la problemaj aspektoj en la \u011duado de arto per la diversaj sensoj kaj pli \u011denerale en la kogna, emocia kaj afekcia rilato kun la medio.<\/p>\n\n\n\n<p>2)<strong> La krea ago de arto-farado kaj la materialo de arto<\/strong><br>Dedi\u0109ita al la krudmaterialo de arto: metalo, argilo, ligno, \u015dtono, vitro inspiras la sentemon de la artisto kaj trudinfluas ties krean procedon, kaj tio veras anka\u016d \u0109e artistoj kun sensaj handikapoj. Tiu fako do ekspozicias anka\u016d verkojn de nevidantaj artistoj dela pasinteco kaj de la nuntempo, de skulptarto \u011dis fotografio.<\/p>\n\n\n\n<p>2) <strong>Michelangelo Pistoletto kaj la poetiko de for\u0135eta\u0135oj<\/strong><br>Surbaze de la valoro de la venko de handikapoj per plursensa esplorado por konstrui novajn manierojn de ekkona esploro, la Muzeo alfrontas la temon de &#8220;for\u0135eta\u0135oj&#8221; en arto kiel valoron kaj novan oportunon por estigo de nova arto en la fluo de malri\u0109a arto kaj lige kun unu el \u011diaj plej grandaj reprezentantoj,  Michelangelo Pistoletto, elstarigante la grandan instala\u0135on &#8220;L&#8217;Italia riciclata&#8221; el la venecia Bienalo de 2012. En la sama ejo estos krome aran\u011dita deponejo, plene videbla, kie oni ekspozicios \u0109iujn verkojn (kopiojn, maketojn kaj originalojn), Kiuj ne trovis lokon en la la\u016dtemaj fakoj.<br>Tiu ejo estas ligilo inter la parto de la vojo dedi\u0109ita al analizo de la funkciado de la sensoj kaj de la diversaj perceptoformoj, kaj tiu de la ekspoziado de verkoj pli strikte ligitaj al la grandaj temoj de arto.<\/p>\n\n\n\n<p>4) <strong>La artformoj: de la memo korpa al la memo rilata<\/strong><br>La lasta fako de la Muzeo enhavas kopiojn, arkitekturajn maketojn kaj originalojn la\u016dteme ekspoziciatajn, kies fokuso estas la koncepto pri la propra korpo, ekde la sperto pri si mem, pri sia rilato al spaco kaj al aliuloj.<br>Esplorinte la koncepton pri \u0109irka\u016dkorpa kaj eksterkorpa spaco, la vojo prezentas Komparon inter anatomio kaj arkitekturo, amba\u016d kompleksaj organismoj.<br>Sekvas transiro de la korpa memo al la rilata memo, kie la korpo i\u011das arta objekto en sia rilato kun aliuloj kaj kun la medio.<br>La fako esploras krome la rilatojn inter homo kaj bestoj, la afekciajn kaj amajn ligojn, la rilatojn al muziko kaj danco, atingante la liberi\u011don de la fizika korpo pere de son\u011do kaj flugo.<\/p>\n","protected":false},"excerpt":{"rendered":"<p>La projektata nova Palpsenta Muzeo celas esti ejo de profunda kultura entrepreno enhavanta la eblecon \u011dui artverkojn fare de nevidantoj, sed prezentanta al kiu ajn vizitanto oportunon por pripensado de sia sensa rilato kun la medio.La nova aran\u011do bazi\u011das sur temaj kriterioj, prezentante ampleksajn eblojn de profundigo de la sciencaj aspektoj de perceptado kaj sensado., [&#8230;] <span class=\"sr-only\"><a href=\"https:\/\/museoomero.it\/eo\/muzeo\/la-estonta-arango\/\">Continua a leggere: La estonta aran\u011do<\/a><\/span><\/p>\n","protected":false},"author":2,"featured_media":14986,"parent":14392,"menu_order":426,"comment_status":"closed","ping_status":"closed","template":"","meta":{"_acf_changed":false,"footnotes":""},"class_list":["post-14422","page","type-page","status-publish","has-post-thumbnail","hentry"],"acf":[],"yoast_head":"<!-- This site is optimized with the Yoast SEO plugin v27.3 - https:\/\/yoast.com\/product\/yoast-seo-wordpress\/ -->\n<title>La estonta aran\u011do - Museo Omero<\/title>\n<meta name=\"robots\" content=\"index, follow, max-snippet:-1, max-image-preview:large, max-video-preview:-1\" \/>\n<link rel=\"canonical\" href=\"https:\/\/museoomero.it\/eo\/muzeo\/la-estonta-arango\/\" \/>\n<meta property=\"og:locale\" content=\"eo_EO\" \/>\n<meta property=\"og:type\" content=\"article\" \/>\n<meta property=\"og:title\" content=\"La estonta aran\u011do - Museo Omero\" \/>\n<meta property=\"og:description\" content=\"La projektata nova Palpsenta Muzeo celas esti ejo de profunda kultura entrepreno enhavanta la eblecon \u011dui artverkojn fare de nevidantoj, sed prezentanta al kiu ajn vizitanto oportunon por pripensado de sia sensa rilato kun la medio.La nova aran\u011do bazi\u011das sur temaj kriterioj, prezentante ampleksajn eblojn de profundigo de la sciencaj aspektoj de perceptado kaj sensado., [...] Continua a leggere: La estonta aran\u011do\" \/>\n<meta property=\"og:url\" content=\"https:\/\/museoomero.it\/eo\/muzeo\/la-estonta-arango\/\" \/>\n<meta property=\"og:site_name\" content=\"Museo Omero\" \/>\n<meta property=\"article:modified_time\" content=\"2020-11-20T13:01:39+00:00\" \/>\n<meta property=\"og:image\" content=\"https:\/\/museoomero.it\/wp-content\/uploads\/2020\/11\/museo-futuro-allestimento.jpg\" \/>\n\t<meta property=\"og:image:width\" content=\"1200\" \/>\n\t<meta property=\"og:image:height\" content=\"801\" \/>\n\t<meta property=\"og:image:type\" content=\"image\/jpeg\" \/>\n<meta name=\"twitter:card\" content=\"summary_large_image\" \/>\n<meta name=\"twitter:label1\" content=\"Est. reading time\" \/>\n\t<meta name=\"twitter:data1\" content=\"4 minutes\" \/>\n<script type=\"application\/ld+json\" class=\"yoast-schema-graph\">{\"@context\":\"https:\\\/\\\/schema.org\",\"@graph\":[{\"@type\":\"WebPage\",\"@id\":\"https:\\\/\\\/museoomero.it\\\/eo\\\/muzeo\\\/la-estonta-arango\\\/\",\"url\":\"https:\\\/\\\/museoomero.it\\\/eo\\\/muzeo\\\/la-estonta-arango\\\/\",\"name\":\"La estonta aran\u011do - Museo Omero\",\"isPartOf\":{\"@id\":\"https:\\\/\\\/museoomero.it\\\/eo\\\/#website\"},\"primaryImageOfPage\":{\"@id\":\"https:\\\/\\\/museoomero.it\\\/eo\\\/muzeo\\\/la-estonta-arango\\\/#primaryimage\"},\"image\":{\"@id\":\"https:\\\/\\\/museoomero.it\\\/eo\\\/muzeo\\\/la-estonta-arango\\\/#primaryimage\"},\"thumbnailUrl\":\"https:\\\/\\\/museoomero.it\\\/wp-content\\\/uploads\\\/2020\\\/11\\\/museo-futuro-allestimento.jpg\",\"datePublished\":\"2020-10-26T11:24:43+00:00\",\"dateModified\":\"2020-11-20T13:01:39+00:00\",\"breadcrumb\":{\"@id\":\"https:\\\/\\\/museoomero.it\\\/eo\\\/muzeo\\\/la-estonta-arango\\\/#breadcrumb\"},\"inLanguage\":\"eo-UY\",\"potentialAction\":[{\"@type\":\"ReadAction\",\"target\":[\"https:\\\/\\\/museoomero.it\\\/eo\\\/muzeo\\\/la-estonta-arango\\\/\"]}]},{\"@type\":\"ImageObject\",\"inLanguage\":\"eo-UY\",\"@id\":\"https:\\\/\\\/museoomero.it\\\/eo\\\/muzeo\\\/la-estonta-arango\\\/#primaryimage\",\"url\":\"https:\\\/\\\/museoomero.it\\\/wp-content\\\/uploads\\\/2020\\\/11\\\/museo-futuro-allestimento.jpg\",\"contentUrl\":\"https:\\\/\\\/museoomero.it\\\/wp-content\\\/uploads\\\/2020\\\/11\\\/museo-futuro-allestimento.jpg\",\"width\":1200,\"height\":801,\"caption\":\"manoj tu\u015dantaj la Flugilan Venkon de Samotrako\"},{\"@type\":\"BreadcrumbList\",\"@id\":\"https:\\\/\\\/museoomero.it\\\/eo\\\/muzeo\\\/la-estonta-arango\\\/#breadcrumb\",\"itemListElement\":[{\"@type\":\"ListItem\",\"position\":1,\"name\":\"Muzeo\",\"item\":\"https:\\\/\\\/museoomero.it\\\/eo\\\/muzeo\\\/\"},{\"@type\":\"ListItem\",\"position\":2,\"name\":\"La estonta aran\u011do\"}]},{\"@type\":\"WebSite\",\"@id\":\"https:\\\/\\\/museoomero.it\\\/eo\\\/#website\",\"url\":\"https:\\\/\\\/museoomero.it\\\/eo\\\/\",\"name\":\"Museo Omero\",\"description\":\"Museo Tattile Statale\",\"publisher\":{\"@id\":\"https:\\\/\\\/museoomero.it\\\/eo\\\/#organization\"},\"potentialAction\":[{\"@type\":\"SearchAction\",\"target\":{\"@type\":\"EntryPoint\",\"urlTemplate\":\"https:\\\/\\\/museoomero.it\\\/eo\\\/?s={search_term_string}\"},\"query-input\":{\"@type\":\"PropertyValueSpecification\",\"valueRequired\":true,\"valueName\":\"search_term_string\"}}],\"inLanguage\":\"eo-UY\"},{\"@type\":\"Organization\",\"@id\":\"https:\\\/\\\/museoomero.it\\\/eo\\\/#organization\",\"name\":\"Museo Omero\",\"url\":\"https:\\\/\\\/museoomero.it\\\/eo\\\/\",\"logo\":{\"@type\":\"ImageObject\",\"inLanguage\":\"eo-UY\",\"@id\":\"https:\\\/\\\/museoomero.it\\\/eo\\\/#\\\/schema\\\/logo\\\/image\\\/\",\"url\":\"https:\\\/\\\/museoomero.it\\\/wp-content\\\/uploads\\\/2019\\\/12\\\/logo_museoomero_nomibact.png\",\"contentUrl\":\"https:\\\/\\\/museoomero.it\\\/wp-content\\\/uploads\\\/2019\\\/12\\\/logo_museoomero_nomibact.png\",\"width\":400,\"height\":127,\"caption\":\"Museo Omero\"},\"image\":{\"@id\":\"https:\\\/\\\/museoomero.it\\\/eo\\\/#\\\/schema\\\/logo\\\/image\\\/\"}}]}<\/script>\n<!-- \/ Yoast SEO plugin. -->","yoast_head_json":{"title":"La estonta aran\u011do - Museo Omero","robots":{"index":"index","follow":"follow","max-snippet":"max-snippet:-1","max-image-preview":"max-image-preview:large","max-video-preview":"max-video-preview:-1"},"canonical":"https:\/\/museoomero.it\/eo\/muzeo\/la-estonta-arango\/","og_locale":"eo_EO","og_type":"article","og_title":"La estonta aran\u011do - Museo Omero","og_description":"La projektata nova Palpsenta Muzeo celas esti ejo de profunda kultura entrepreno enhavanta la eblecon \u011dui artverkojn fare de nevidantoj, sed prezentanta al kiu ajn vizitanto oportunon por pripensado de sia sensa rilato kun la medio.La nova aran\u011do bazi\u011das sur temaj kriterioj, prezentante ampleksajn eblojn de profundigo de la sciencaj aspektoj de perceptado kaj sensado., [...] Continua a leggere: La estonta aran\u011do","og_url":"https:\/\/museoomero.it\/eo\/muzeo\/la-estonta-arango\/","og_site_name":"Museo Omero","article_modified_time":"2020-11-20T13:01:39+00:00","og_image":[{"width":1200,"height":801,"url":"https:\/\/museoomero.it\/wp-content\/uploads\/2020\/11\/museo-futuro-allestimento.jpg","type":"image\/jpeg"}],"twitter_card":"summary_large_image","twitter_misc":{"Est. reading time":"4 minutes"},"schema":{"@context":"https:\/\/schema.org","@graph":[{"@type":"WebPage","@id":"https:\/\/museoomero.it\/eo\/muzeo\/la-estonta-arango\/","url":"https:\/\/museoomero.it\/eo\/muzeo\/la-estonta-arango\/","name":"La estonta aran\u011do - Museo Omero","isPartOf":{"@id":"https:\/\/museoomero.it\/eo\/#website"},"primaryImageOfPage":{"@id":"https:\/\/museoomero.it\/eo\/muzeo\/la-estonta-arango\/#primaryimage"},"image":{"@id":"https:\/\/museoomero.it\/eo\/muzeo\/la-estonta-arango\/#primaryimage"},"thumbnailUrl":"https:\/\/museoomero.it\/wp-content\/uploads\/2020\/11\/museo-futuro-allestimento.jpg","datePublished":"2020-10-26T11:24:43+00:00","dateModified":"2020-11-20T13:01:39+00:00","breadcrumb":{"@id":"https:\/\/museoomero.it\/eo\/muzeo\/la-estonta-arango\/#breadcrumb"},"inLanguage":"eo-UY","potentialAction":[{"@type":"ReadAction","target":["https:\/\/museoomero.it\/eo\/muzeo\/la-estonta-arango\/"]}]},{"@type":"ImageObject","inLanguage":"eo-UY","@id":"https:\/\/museoomero.it\/eo\/muzeo\/la-estonta-arango\/#primaryimage","url":"https:\/\/museoomero.it\/wp-content\/uploads\/2020\/11\/museo-futuro-allestimento.jpg","contentUrl":"https:\/\/museoomero.it\/wp-content\/uploads\/2020\/11\/museo-futuro-allestimento.jpg","width":1200,"height":801,"caption":"manoj tu\u015dantaj la Flugilan Venkon de Samotrako"},{"@type":"BreadcrumbList","@id":"https:\/\/museoomero.it\/eo\/muzeo\/la-estonta-arango\/#breadcrumb","itemListElement":[{"@type":"ListItem","position":1,"name":"Muzeo","item":"https:\/\/museoomero.it\/eo\/muzeo\/"},{"@type":"ListItem","position":2,"name":"La estonta aran\u011do"}]},{"@type":"WebSite","@id":"https:\/\/museoomero.it\/eo\/#website","url":"https:\/\/museoomero.it\/eo\/","name":"Museo Omero","description":"Museo Tattile Statale","publisher":{"@id":"https:\/\/museoomero.it\/eo\/#organization"},"potentialAction":[{"@type":"SearchAction","target":{"@type":"EntryPoint","urlTemplate":"https:\/\/museoomero.it\/eo\/?s={search_term_string}"},"query-input":{"@type":"PropertyValueSpecification","valueRequired":true,"valueName":"search_term_string"}}],"inLanguage":"eo-UY"},{"@type":"Organization","@id":"https:\/\/museoomero.it\/eo\/#organization","name":"Museo Omero","url":"https:\/\/museoomero.it\/eo\/","logo":{"@type":"ImageObject","inLanguage":"eo-UY","@id":"https:\/\/museoomero.it\/eo\/#\/schema\/logo\/image\/","url":"https:\/\/museoomero.it\/wp-content\/uploads\/2019\/12\/logo_museoomero_nomibact.png","contentUrl":"https:\/\/museoomero.it\/wp-content\/uploads\/2019\/12\/logo_museoomero_nomibact.png","width":400,"height":127,"caption":"Museo Omero"},"image":{"@id":"https:\/\/museoomero.it\/eo\/#\/schema\/logo\/image\/"}}]}},"jetpack_sharing_enabled":true,"_links":{"self":[{"href":"https:\/\/museoomero.it\/eo\/wp-json\/wp\/v2\/pages\/14422","targetHints":{"allow":["GET"]}}],"collection":[{"href":"https:\/\/museoomero.it\/eo\/wp-json\/wp\/v2\/pages"}],"about":[{"href":"https:\/\/museoomero.it\/eo\/wp-json\/wp\/v2\/types\/page"}],"author":[{"embeddable":true,"href":"https:\/\/museoomero.it\/eo\/wp-json\/wp\/v2\/users\/2"}],"replies":[{"embeddable":true,"href":"https:\/\/museoomero.it\/eo\/wp-json\/wp\/v2\/comments?post=14422"}],"version-history":[{"count":3,"href":"https:\/\/museoomero.it\/eo\/wp-json\/wp\/v2\/pages\/14422\/revisions"}],"predecessor-version":[{"id":14426,"href":"https:\/\/museoomero.it\/eo\/wp-json\/wp\/v2\/pages\/14422\/revisions\/14426"}],"up":[{"embeddable":true,"href":"https:\/\/museoomero.it\/eo\/wp-json\/wp\/v2\/pages\/14392"}],"wp:featuredmedia":[{"embeddable":true,"href":"https:\/\/museoomero.it\/eo\/wp-json\/wp\/v2\/media\/14986"}],"wp:attachment":[{"href":"https:\/\/museoomero.it\/eo\/wp-json\/wp\/v2\/media?parent=14422"}],"curies":[{"name":"wp","href":"https:\/\/api.w.org\/{rel}","templated":true}]}}