{"id":14436,"date":"2020-10-26T13:10:27","date_gmt":"2020-10-26T12:10:27","guid":{"rendered":"http:\/\/nuovosito.museoomero.it\/?page_id=14436"},"modified":"2025-10-09T10:32:03","modified_gmt":"2025-10-09T08:32:03","slug":"edukado","status":"publish","type":"page","link":"https:\/\/museoomero.it\/eo\/edukado\/","title":{"rendered":"Edukado"},"content":{"rendered":"\n<p>\u0108i tio estas la sola muzeo en la mondo kie arto renkontas la tu\u015don, la vidon kaj la penson, kaj produktas senton nomatan miro.<\/p>\n\n\n\n<p>La Muzeo Omero volas esti spaco kie oni povas senti sin bone; loko de kunhavigo, lo\u011data de lernejoj, familioj, asocioj kaj \u0109iuj, kiuj havas scivolemon pri arto; loko por eduki la rigardon, la penson kaj la manojn.<\/p>\n\n\n\n<h2 class=\"wp-block-heading\">Vizitoj kaj laboratorioj<\/h2>\n\n\n\n<p>La Eduka Departemento proponas originalajn kaj multsensajn vizit-spertojn.<br>Anta\u016dmendo por gvidataj vizitoj kaj laboratorioj estas deviga. Skribu a\u016d telefonu al la <strong>numero (anka\u016d per WhatsApp) 335 569 69 85<\/strong>. Vi anka\u016d povas sendi retmesa\u011don al <a href=\"mailto:prenotazioni@museoomero.it\">prenotazioni@museoomero.it<\/a>.<br>Por \u011deneralaj informoj pri horaroj kaj servoj, konsultu la pa\u011don <a href=\"https:\/\/museoomero.it\/eo\/muzeo\/organizu-vian-viziton\/\">Organizu la viziton<\/a>.<\/p>\n\n\n\n<h2 class=\"wp-block-heading\">La spacoj<\/h2>\n\n\n\n<p>Estas du spacoj destinitaj al la laboratorioj, situantaj en la dua eta\u011do de la Muzeo, alireblaj danke al la lifto.<br>Ili estas meblitaj per utilaj provizoj por \u0109iu tipo de edukaj agadoj, de manipulado de argilo \u011dis kreado de tu\u015dlibroj: tabloj, se\u011doj, forno por ceramika bakado, lavujoj, \u015drankoj kie estas elmontritaj la materialoj utilaj por la agadoj. Je la sama nivelo trovi\u011das anka\u016d la necesejoj.<\/p>\n","protected":false},"excerpt":{"rendered":"<p>\u0108i tio estas la sola muzeo en la mondo kie arto renkontas la tu\u015don, la vidon kaj la penson, kaj produktas senton nomatan miro. La Muzeo Omero volas esti spaco kie oni povas senti sin bone; loko de kunhavigo, lo\u011data de lernejoj, familioj, asocioj kaj \u0109iuj, kiuj havas scivolemon pri arto; loko por eduki la [&#8230;] <span class=\"sr-only\"><a href=\"https:\/\/museoomero.it\/eo\/edukado\/\">Continua a leggere: Edukado<\/a><\/span><\/p>\n","protected":false},"author":2,"featured_media":31115,"parent":0,"menu_order":356,"comment_status":"closed","ping_status":"closed","template":"","meta":{"_acf_changed":false,"footnotes":""},"class_list":["post-14436","page","type-page","status-publish","has-post-thumbnail","hentry"],"acf":[],"yoast_head":"<!-- This site is optimized with the Yoast SEO plugin v27.3 - https:\/\/yoast.com\/product\/yoast-seo-wordpress\/ -->\n<title>Edukado - Museo Omero<\/title>\n<meta name=\"description\" content=\"\u0108i tio estas la sola muzeo en la mondo kie arto renkontas la tu\u015don, la vidon kaj la penson, kaj produktas senton nomatan miro.\" \/>\n<meta name=\"robots\" content=\"index, follow, max-snippet:-1, max-image-preview:large, max-video-preview:-1\" \/>\n<link rel=\"canonical\" href=\"https:\/\/museoomero.it\/eo\/edukado\/\" \/>\n<meta property=\"og:locale\" content=\"eo_EO\" \/>\n<meta property=\"og:type\" content=\"article\" \/>\n<meta property=\"og:title\" content=\"Edukado - Museo Omero\" \/>\n<meta property=\"og:description\" content=\"\u0108i tio estas la sola muzeo en la mondo kie arto renkontas la tu\u015don, la vidon kaj la penson, kaj produktas senton nomatan miro.\" \/>\n<meta property=\"og:url\" content=\"https:\/\/museoomero.it\/eo\/edukado\/\" \/>\n<meta property=\"og:site_name\" content=\"Museo Omero\" \/>\n<meta property=\"article:modified_time\" content=\"2025-10-09T08:32:03+00:00\" \/>\n<meta property=\"og:image\" content=\"https:\/\/museoomero.it\/wp-content\/uploads\/2023\/09\/museo-omero-educazione.jpg\" \/>\n\t<meta property=\"og:image:width\" content=\"1536\" \/>\n\t<meta property=\"og:image:height\" content=\"1027\" \/>\n\t<meta property=\"og:image:type\" content=\"image\/jpeg\" \/>\n<meta name=\"twitter:card\" content=\"summary_large_image\" \/>\n<meta name=\"twitter:label1\" content=\"Est. reading time\" \/>\n\t<meta name=\"twitter:data1\" content=\"2 minutes\" \/>\n<script type=\"application\/ld+json\" class=\"yoast-schema-graph\">{\"@context\":\"https:\\\/\\\/schema.org\",\"@graph\":[{\"@type\":\"WebPage\",\"@id\":\"https:\\\/\\\/museoomero.it\\\/eo\\\/edukado\\\/\",\"url\":\"https:\\\/\\\/museoomero.it\\\/eo\\\/edukado\\\/\",\"name\":\"Edukado - Museo Omero\",\"isPartOf\":{\"@id\":\"https:\\\/\\\/museoomero.it\\\/eo\\\/#website\"},\"primaryImageOfPage\":{\"@id\":\"https:\\\/\\\/museoomero.it\\\/eo\\\/edukado\\\/#primaryimage\"},\"image\":{\"@id\":\"https:\\\/\\\/museoomero.it\\\/eo\\\/edukado\\\/#primaryimage\"},\"thumbnailUrl\":\"https:\\\/\\\/museoomero.it\\\/wp-content\\\/uploads\\\/2023\\\/09\\\/museo-omero-educazione.jpg\",\"datePublished\":\"2020-10-26T12:10:27+00:00\",\"dateModified\":\"2025-10-09T08:32:03+00:00\",\"description\":\"\u0108i tio estas la sola muzeo en la mondo kie arto renkontas la tu\u015don, la vidon kaj la penson, kaj produktas senton nomatan miro.\",\"inLanguage\":\"eo-UY\",\"potentialAction\":[{\"@type\":\"ReadAction\",\"target\":[\"https:\\\/\\\/museoomero.it\\\/eo\\\/edukado\\\/\"]}]},{\"@type\":\"ImageObject\",\"inLanguage\":\"eo-UY\",\"@id\":\"https:\\\/\\\/museoomero.it\\\/eo\\\/edukado\\\/#primaryimage\",\"url\":\"https:\\\/\\\/museoomero.it\\\/wp-content\\\/uploads\\\/2023\\\/09\\\/museo-omero-educazione.jpg\",\"contentUrl\":\"https:\\\/\\\/museoomero.it\\\/wp-content\\\/uploads\\\/2023\\\/09\\\/museo-omero-educazione.jpg\",\"width\":1536,\"height\":1027,\"caption\":\"Grupo de junuloj sidantaj en \u0109irklo sur la tero, en la unua \u0109ambro de la muzeo. En la anta\u016dplano, maldekstre la statuo de Poseidono.\"},{\"@type\":\"WebSite\",\"@id\":\"https:\\\/\\\/museoomero.it\\\/eo\\\/#website\",\"url\":\"https:\\\/\\\/museoomero.it\\\/eo\\\/\",\"name\":\"Museo Omero\",\"description\":\"Museo Tattile Statale\",\"publisher\":{\"@id\":\"https:\\\/\\\/museoomero.it\\\/eo\\\/#organization\"},\"potentialAction\":[{\"@type\":\"SearchAction\",\"target\":{\"@type\":\"EntryPoint\",\"urlTemplate\":\"https:\\\/\\\/museoomero.it\\\/eo\\\/?s={search_term_string}\"},\"query-input\":{\"@type\":\"PropertyValueSpecification\",\"valueRequired\":true,\"valueName\":\"search_term_string\"}}],\"inLanguage\":\"eo-UY\"},{\"@type\":\"Organization\",\"@id\":\"https:\\\/\\\/museoomero.it\\\/eo\\\/#organization\",\"name\":\"Museo Omero\",\"url\":\"https:\\\/\\\/museoomero.it\\\/eo\\\/\",\"logo\":{\"@type\":\"ImageObject\",\"inLanguage\":\"eo-UY\",\"@id\":\"https:\\\/\\\/museoomero.it\\\/eo\\\/#\\\/schema\\\/logo\\\/image\\\/\",\"url\":\"https:\\\/\\\/museoomero.it\\\/wp-content\\\/uploads\\\/2019\\\/12\\\/logo_museoomero_nomibact.png\",\"contentUrl\":\"https:\\\/\\\/museoomero.it\\\/wp-content\\\/uploads\\\/2019\\\/12\\\/logo_museoomero_nomibact.png\",\"width\":400,\"height\":127,\"caption\":\"Museo Omero\"},\"image\":{\"@id\":\"https:\\\/\\\/museoomero.it\\\/eo\\\/#\\\/schema\\\/logo\\\/image\\\/\"}}]}<\/script>\n<!-- \/ Yoast SEO plugin. -->","yoast_head_json":{"title":"Edukado - Museo Omero","description":"\u0108i tio estas la sola muzeo en la mondo kie arto renkontas la tu\u015don, la vidon kaj la penson, kaj produktas senton nomatan miro.","robots":{"index":"index","follow":"follow","max-snippet":"max-snippet:-1","max-image-preview":"max-image-preview:large","max-video-preview":"max-video-preview:-1"},"canonical":"https:\/\/museoomero.it\/eo\/edukado\/","og_locale":"eo_EO","og_type":"article","og_title":"Edukado - Museo Omero","og_description":"\u0108i tio estas la sola muzeo en la mondo kie arto renkontas la tu\u015don, la vidon kaj la penson, kaj produktas senton nomatan miro.","og_url":"https:\/\/museoomero.it\/eo\/edukado\/","og_site_name":"Museo Omero","article_modified_time":"2025-10-09T08:32:03+00:00","og_image":[{"width":1536,"height":1027,"url":"https:\/\/museoomero.it\/wp-content\/uploads\/2023\/09\/museo-omero-educazione.jpg","type":"image\/jpeg"}],"twitter_card":"summary_large_image","twitter_misc":{"Est. reading time":"2 minutes"},"schema":{"@context":"https:\/\/schema.org","@graph":[{"@type":"WebPage","@id":"https:\/\/museoomero.it\/eo\/edukado\/","url":"https:\/\/museoomero.it\/eo\/edukado\/","name":"Edukado - Museo Omero","isPartOf":{"@id":"https:\/\/museoomero.it\/eo\/#website"},"primaryImageOfPage":{"@id":"https:\/\/museoomero.it\/eo\/edukado\/#primaryimage"},"image":{"@id":"https:\/\/museoomero.it\/eo\/edukado\/#primaryimage"},"thumbnailUrl":"https:\/\/museoomero.it\/wp-content\/uploads\/2023\/09\/museo-omero-educazione.jpg","datePublished":"2020-10-26T12:10:27+00:00","dateModified":"2025-10-09T08:32:03+00:00","description":"\u0108i tio estas la sola muzeo en la mondo kie arto renkontas la tu\u015don, la vidon kaj la penson, kaj produktas senton nomatan miro.","inLanguage":"eo-UY","potentialAction":[{"@type":"ReadAction","target":["https:\/\/museoomero.it\/eo\/edukado\/"]}]},{"@type":"ImageObject","inLanguage":"eo-UY","@id":"https:\/\/museoomero.it\/eo\/edukado\/#primaryimage","url":"https:\/\/museoomero.it\/wp-content\/uploads\/2023\/09\/museo-omero-educazione.jpg","contentUrl":"https:\/\/museoomero.it\/wp-content\/uploads\/2023\/09\/museo-omero-educazione.jpg","width":1536,"height":1027,"caption":"Grupo de junuloj sidantaj en \u0109irklo sur la tero, en la unua \u0109ambro de la muzeo. En la anta\u016dplano, maldekstre la statuo de Poseidono."},{"@type":"WebSite","@id":"https:\/\/museoomero.it\/eo\/#website","url":"https:\/\/museoomero.it\/eo\/","name":"Museo Omero","description":"Museo Tattile Statale","publisher":{"@id":"https:\/\/museoomero.it\/eo\/#organization"},"potentialAction":[{"@type":"SearchAction","target":{"@type":"EntryPoint","urlTemplate":"https:\/\/museoomero.it\/eo\/?s={search_term_string}"},"query-input":{"@type":"PropertyValueSpecification","valueRequired":true,"valueName":"search_term_string"}}],"inLanguage":"eo-UY"},{"@type":"Organization","@id":"https:\/\/museoomero.it\/eo\/#organization","name":"Museo Omero","url":"https:\/\/museoomero.it\/eo\/","logo":{"@type":"ImageObject","inLanguage":"eo-UY","@id":"https:\/\/museoomero.it\/eo\/#\/schema\/logo\/image\/","url":"https:\/\/museoomero.it\/wp-content\/uploads\/2019\/12\/logo_museoomero_nomibact.png","contentUrl":"https:\/\/museoomero.it\/wp-content\/uploads\/2019\/12\/logo_museoomero_nomibact.png","width":400,"height":127,"caption":"Museo Omero"},"image":{"@id":"https:\/\/museoomero.it\/eo\/#\/schema\/logo\/image\/"}}]}},"jetpack_sharing_enabled":true,"_links":{"self":[{"href":"https:\/\/museoomero.it\/eo\/wp-json\/wp\/v2\/pages\/14436","targetHints":{"allow":["GET"]}}],"collection":[{"href":"https:\/\/museoomero.it\/eo\/wp-json\/wp\/v2\/pages"}],"about":[{"href":"https:\/\/museoomero.it\/eo\/wp-json\/wp\/v2\/types\/page"}],"author":[{"embeddable":true,"href":"https:\/\/museoomero.it\/eo\/wp-json\/wp\/v2\/users\/2"}],"replies":[{"embeddable":true,"href":"https:\/\/museoomero.it\/eo\/wp-json\/wp\/v2\/comments?post=14436"}],"version-history":[{"count":34,"href":"https:\/\/museoomero.it\/eo\/wp-json\/wp\/v2\/pages\/14436\/revisions"}],"predecessor-version":[{"id":39596,"href":"https:\/\/museoomero.it\/eo\/wp-json\/wp\/v2\/pages\/14436\/revisions\/39596"}],"wp:featuredmedia":[{"embeddable":true,"href":"https:\/\/museoomero.it\/eo\/wp-json\/wp\/v2\/media\/31115"}],"wp:attachment":[{"href":"https:\/\/museoomero.it\/eo\/wp-json\/wp\/v2\/media?parent=14436"}],"curies":[{"name":"wp","href":"https:\/\/api.w.org\/{rel}","templated":true}]}}