{"id":14565,"date":"2020-10-28T10:38:29","date_gmt":"2020-10-28T09:38:29","guid":{"rendered":"http:\/\/nuovosito.museoomero.it\/?page_id=14565"},"modified":"2024-09-17T17:18:41","modified_gmt":"2024-09-17T15:18:41","slug":"plenkreskuloj-kaj-grupoj","status":"publish","type":"page","link":"https:\/\/museoomero.it\/eo\/edukado\/plenkreskuloj-kaj-grupoj\/","title":{"rendered":"Plenkreskuloj kaj grupoj"},"content":{"rendered":"\n<p>Por ni, gastamo estas fundamenta valoro.<\/p>\n\n\n\n<p>\u0108e la enirejo, ni klarigos al vi kiel naski\u011dis \u0109i tiu Muzeo, \u011dian filozofion, kaj \u011dian rolon en la internacia sceno. Se vi deziras, ni provizos kelkajn konsilojn pri la taktila legado de verko, kiun vi anka\u016d povas sperti per bendo. Haveblaj por memstara vizito estas nia Facile Legintebla Gvidlibro kaj niaj a\u016ddgvidiloj.<\/p>\n\n\n\n<p>La salonoj estas ekipitaj per subskriboj, paneloj kaj materialoj en nigra kaj Brajlo, kelkaj filmetoj en gestolingvo (LIS) kaj subtekstigitaj, rul\u015dtuparoj por taktila esplorado de pli altaj verkoj, liftoj. Du rulse\u011doj estas disponeblaj, kune kun tabloj kaj se\u011doj uzeblaj por agadoj destinitaj al ripozo, kaj spaco &#8220;Fuori tutti&#8221; en la Desegnado-sekcio, kie oni povas fari pa\u016dzon.<\/p>\n\n\n\n<h2 class=\"wp-block-heading\">Gvidataj vizitoj<\/h2>\n\n\n\n<p>Por grupoj konsistantaj el almena\u016d 10 personoj, ni proponas la benditan gvidatan viziton \u201cBildoj el la Mallumo\u201d por malkovri la plej gravajn verkojn.<\/p>\n\n\n\n<p>Por grupoj konsistantaj el blindaj kaj malfortvidaj personoj, ni proponas voja\u011don tra skulpta\u0135o kaj arkitekturo, kun elekto de la plej reprezentaj verkoj de la klasika \u011dis la nuntempa periodo. Se la blinda persono venas sola a\u016d en malgranda grupo de maksimume 6 personoj inkluzive de akompanantoj, la vizito povas esti persone adaptita la\u016d epoko a\u016d a\u016dtoro de plej granda intereso.<\/p>\n\n\n\n<h2 class=\"wp-block-heading\">Kostoj<\/h2>\n\n\n\n<p>Kosto de gvidata vizito: 5 e\u016droj po partoprenanto.<br>Gvidataj vizitoj estas senpagaj por infanoj 0-4 jarojn a\u011daj, personoj kun malfunkcioj kaj iliaj akompanantoj.<br>Pagmanieroj: debetkarto a\u016d kreditkarto, kontanta mono, banka translokigo.<\/p>\n\n\n\n<h2 class=\"wp-block-heading\">Rezervado<\/h2>\n\n\n\n<p>Rezervado estas deviga.<br>Kontaktu nin \u0109e 335 569 69 85 (po\u015dtelefono kaj WhatsApp) almena\u016d 7 tagojn anta\u016de.<br>Por nuligi rezervadon, sufi\u0109as telefona a\u016d retpo\u015dta avizo al <a>prenotazioni@museoomero.it<\/a>. Se, pro neatenditaj kialoj, la muzeo ne povas garantii la gvidatan viziton, la vizitanto estos tuj kontaktita por eventuale \u015dan\u011di la daton.<\/p>\n\n\n\n<h2 class=\"wp-block-heading\">Gastado<\/h2>\n\n\n\n<p>Blindaj kaj malfortvidaj personoj kaj iliaj akompanantoj, kiuj vizitas la Muzeon Omero, povas \u011dui senpagan restadon por unu nokto kun matenman\u011do, ofertita de la Muzeo \u0109e la Hotelo Fortuna. La hotelo, tri-stela, trovi\u011das rekte kontra\u016d la fervoja stacidomo, \u0109e Piazza Rosselli 1, kaj estas \u0109irka\u016d unu kilometron for de la Muzeo, kiu estas atingebla piede a\u016d per buso 1\/4 (kvara haltejo), kie trovi\u011das piedira pasejo kun trafiklumoj.<br>Gastado ne estas disponebla por grupoj.<\/p>\n","protected":false},"excerpt":{"rendered":"<p>Por ni, gastamo estas fundamenta valoro. \u0108e la enirejo, ni klarigos al vi kiel naski\u011dis \u0109i tiu Muzeo, \u011dian filozofion, kaj \u011dian rolon en la internacia sceno. Se vi deziras, ni provizos kelkajn konsilojn pri la taktila legado de verko, kiun vi anka\u016d povas sperti per bendo. Haveblaj por memstara vizito estas nia Facile Legintebla [&#8230;] <span class=\"sr-only\"><a href=\"https:\/\/museoomero.it\/eo\/edukado\/plenkreskuloj-kaj-grupoj\/\">Continua a leggere: Plenkreskuloj kaj grupoj<\/a><\/span><\/p>\n","protected":false},"author":2,"featured_media":17253,"parent":14436,"menu_order":392,"comment_status":"closed","ping_status":"closed","template":"","meta":{"_acf_changed":false,"footnotes":""},"class_list":["post-14565","page","type-page","status-publish","has-post-thumbnail","hentry"],"acf":[],"yoast_head":"<!-- This site is optimized with the Yoast SEO plugin v27.3 - https:\/\/yoast.com\/product\/yoast-seo-wordpress\/ -->\n<title>Plenkreskuloj kaj grupoj - Museo Omero<\/title>\n<meta name=\"robots\" content=\"index, follow, max-snippet:-1, max-image-preview:large, max-video-preview:-1\" \/>\n<link rel=\"canonical\" href=\"https:\/\/museoomero.it\/eo\/edukado\/plenkreskuloj-kaj-grupoj\/\" \/>\n<meta property=\"og:locale\" content=\"eo_EO\" \/>\n<meta property=\"og:type\" content=\"article\" \/>\n<meta property=\"og:title\" content=\"Plenkreskuloj kaj grupoj - Museo Omero\" \/>\n<meta property=\"og:description\" content=\"Por ni, gastamo estas fundamenta valoro. \u0108e la enirejo, ni klarigos al vi kiel naski\u011dis \u0109i tiu Muzeo, \u011dian filozofion, kaj \u011dian rolon en la internacia sceno. Se vi deziras, ni provizos kelkajn konsilojn pri la taktila legado de verko, kiun vi anka\u016d povas sperti per bendo. Haveblaj por memstara vizito estas nia Facile Legintebla [...] Continua a leggere: Plenkreskuloj kaj grupoj\" \/>\n<meta property=\"og:url\" content=\"https:\/\/museoomero.it\/eo\/edukado\/plenkreskuloj-kaj-grupoj\/\" \/>\n<meta property=\"og:site_name\" content=\"Museo Omero\" \/>\n<meta property=\"article:modified_time\" content=\"2024-09-17T15:18:41+00:00\" \/>\n<meta property=\"og:image\" content=\"https:\/\/museoomero.it\/wp-content\/uploads\/2020\/11\/Educazione-Adulti-e-Gruppi.jpg\" \/>\n\t<meta property=\"og:image:width\" content=\"1200\" \/>\n\t<meta property=\"og:image:height\" content=\"802\" \/>\n\t<meta property=\"og:image:type\" content=\"image\/jpeg\" \/>\n<meta name=\"twitter:card\" content=\"summary_large_image\" \/>\n<meta name=\"twitter:label1\" content=\"Est. reading time\" \/>\n\t<meta name=\"twitter:data1\" content=\"3 minutes\" \/>\n<script type=\"application\/ld+json\" class=\"yoast-schema-graph\">{\"@context\":\"https:\\\/\\\/schema.org\",\"@graph\":[{\"@type\":\"WebPage\",\"@id\":\"https:\\\/\\\/museoomero.it\\\/eo\\\/edukado\\\/plenkreskuloj-kaj-grupoj\\\/\",\"url\":\"https:\\\/\\\/museoomero.it\\\/eo\\\/edukado\\\/plenkreskuloj-kaj-grupoj\\\/\",\"name\":\"Plenkreskuloj kaj grupoj - Museo Omero\",\"isPartOf\":{\"@id\":\"https:\\\/\\\/museoomero.it\\\/eo\\\/#website\"},\"primaryImageOfPage\":{\"@id\":\"https:\\\/\\\/museoomero.it\\\/eo\\\/edukado\\\/plenkreskuloj-kaj-grupoj\\\/#primaryimage\"},\"image\":{\"@id\":\"https:\\\/\\\/museoomero.it\\\/eo\\\/edukado\\\/plenkreskuloj-kaj-grupoj\\\/#primaryimage\"},\"thumbnailUrl\":\"https:\\\/\\\/museoomero.it\\\/wp-content\\\/uploads\\\/2020\\\/11\\\/Educazione-Adulti-e-Gruppi.jpg\",\"datePublished\":\"2020-10-28T09:38:29+00:00\",\"dateModified\":\"2024-09-17T15:18:41+00:00\",\"breadcrumb\":{\"@id\":\"https:\\\/\\\/museoomero.it\\\/eo\\\/edukado\\\/plenkreskuloj-kaj-grupoj\\\/#breadcrumb\"},\"inLanguage\":\"eo-UY\",\"potentialAction\":[{\"@type\":\"ReadAction\",\"target\":[\"https:\\\/\\\/museoomero.it\\\/eo\\\/edukado\\\/plenkreskuloj-kaj-grupoj\\\/\"]}]},{\"@type\":\"ImageObject\",\"inLanguage\":\"eo-UY\",\"@id\":\"https:\\\/\\\/museoomero.it\\\/eo\\\/edukado\\\/plenkreskuloj-kaj-grupoj\\\/#primaryimage\",\"url\":\"https:\\\/\\\/museoomero.it\\\/wp-content\\\/uploads\\\/2020\\\/11\\\/Educazione-Adulti-e-Gruppi.jpg\",\"contentUrl\":\"https:\\\/\\\/museoomero.it\\\/wp-content\\\/uploads\\\/2020\\\/11\\\/Educazione-Adulti-e-Gruppi.jpg\",\"width\":1200,\"height\":802,\"caption\":\"Grupo de knaboj\"},{\"@type\":\"BreadcrumbList\",\"@id\":\"https:\\\/\\\/museoomero.it\\\/eo\\\/edukado\\\/plenkreskuloj-kaj-grupoj\\\/#breadcrumb\",\"itemListElement\":[{\"@type\":\"ListItem\",\"position\":1,\"name\":\"Edukado\",\"item\":\"https:\\\/\\\/museoomero.it\\\/eo\\\/edukado\\\/\"},{\"@type\":\"ListItem\",\"position\":2,\"name\":\"Plenkreskuloj kaj grupoj\"}]},{\"@type\":\"WebSite\",\"@id\":\"https:\\\/\\\/museoomero.it\\\/eo\\\/#website\",\"url\":\"https:\\\/\\\/museoomero.it\\\/eo\\\/\",\"name\":\"Museo Omero\",\"description\":\"Museo Tattile Statale\",\"publisher\":{\"@id\":\"https:\\\/\\\/museoomero.it\\\/eo\\\/#organization\"},\"potentialAction\":[{\"@type\":\"SearchAction\",\"target\":{\"@type\":\"EntryPoint\",\"urlTemplate\":\"https:\\\/\\\/museoomero.it\\\/eo\\\/?s={search_term_string}\"},\"query-input\":{\"@type\":\"PropertyValueSpecification\",\"valueRequired\":true,\"valueName\":\"search_term_string\"}}],\"inLanguage\":\"eo-UY\"},{\"@type\":\"Organization\",\"@id\":\"https:\\\/\\\/museoomero.it\\\/eo\\\/#organization\",\"name\":\"Museo Omero\",\"url\":\"https:\\\/\\\/museoomero.it\\\/eo\\\/\",\"logo\":{\"@type\":\"ImageObject\",\"inLanguage\":\"eo-UY\",\"@id\":\"https:\\\/\\\/museoomero.it\\\/eo\\\/#\\\/schema\\\/logo\\\/image\\\/\",\"url\":\"https:\\\/\\\/museoomero.it\\\/wp-content\\\/uploads\\\/2019\\\/12\\\/logo_museoomero_nomibact.png\",\"contentUrl\":\"https:\\\/\\\/museoomero.it\\\/wp-content\\\/uploads\\\/2019\\\/12\\\/logo_museoomero_nomibact.png\",\"width\":400,\"height\":127,\"caption\":\"Museo Omero\"},\"image\":{\"@id\":\"https:\\\/\\\/museoomero.it\\\/eo\\\/#\\\/schema\\\/logo\\\/image\\\/\"}}]}<\/script>\n<!-- \/ Yoast SEO plugin. -->","yoast_head_json":{"title":"Plenkreskuloj kaj grupoj - Museo Omero","robots":{"index":"index","follow":"follow","max-snippet":"max-snippet:-1","max-image-preview":"max-image-preview:large","max-video-preview":"max-video-preview:-1"},"canonical":"https:\/\/museoomero.it\/eo\/edukado\/plenkreskuloj-kaj-grupoj\/","og_locale":"eo_EO","og_type":"article","og_title":"Plenkreskuloj kaj grupoj - Museo Omero","og_description":"Por ni, gastamo estas fundamenta valoro. \u0108e la enirejo, ni klarigos al vi kiel naski\u011dis \u0109i tiu Muzeo, \u011dian filozofion, kaj \u011dian rolon en la internacia sceno. Se vi deziras, ni provizos kelkajn konsilojn pri la taktila legado de verko, kiun vi anka\u016d povas sperti per bendo. Haveblaj por memstara vizito estas nia Facile Legintebla [...] Continua a leggere: Plenkreskuloj kaj grupoj","og_url":"https:\/\/museoomero.it\/eo\/edukado\/plenkreskuloj-kaj-grupoj\/","og_site_name":"Museo Omero","article_modified_time":"2024-09-17T15:18:41+00:00","og_image":[{"width":1200,"height":802,"url":"https:\/\/museoomero.it\/wp-content\/uploads\/2020\/11\/Educazione-Adulti-e-Gruppi.jpg","type":"image\/jpeg"}],"twitter_card":"summary_large_image","twitter_misc":{"Est. reading time":"3 minutes"},"schema":{"@context":"https:\/\/schema.org","@graph":[{"@type":"WebPage","@id":"https:\/\/museoomero.it\/eo\/edukado\/plenkreskuloj-kaj-grupoj\/","url":"https:\/\/museoomero.it\/eo\/edukado\/plenkreskuloj-kaj-grupoj\/","name":"Plenkreskuloj kaj grupoj - Museo Omero","isPartOf":{"@id":"https:\/\/museoomero.it\/eo\/#website"},"primaryImageOfPage":{"@id":"https:\/\/museoomero.it\/eo\/edukado\/plenkreskuloj-kaj-grupoj\/#primaryimage"},"image":{"@id":"https:\/\/museoomero.it\/eo\/edukado\/plenkreskuloj-kaj-grupoj\/#primaryimage"},"thumbnailUrl":"https:\/\/museoomero.it\/wp-content\/uploads\/2020\/11\/Educazione-Adulti-e-Gruppi.jpg","datePublished":"2020-10-28T09:38:29+00:00","dateModified":"2024-09-17T15:18:41+00:00","breadcrumb":{"@id":"https:\/\/museoomero.it\/eo\/edukado\/plenkreskuloj-kaj-grupoj\/#breadcrumb"},"inLanguage":"eo-UY","potentialAction":[{"@type":"ReadAction","target":["https:\/\/museoomero.it\/eo\/edukado\/plenkreskuloj-kaj-grupoj\/"]}]},{"@type":"ImageObject","inLanguage":"eo-UY","@id":"https:\/\/museoomero.it\/eo\/edukado\/plenkreskuloj-kaj-grupoj\/#primaryimage","url":"https:\/\/museoomero.it\/wp-content\/uploads\/2020\/11\/Educazione-Adulti-e-Gruppi.jpg","contentUrl":"https:\/\/museoomero.it\/wp-content\/uploads\/2020\/11\/Educazione-Adulti-e-Gruppi.jpg","width":1200,"height":802,"caption":"Grupo de knaboj"},{"@type":"BreadcrumbList","@id":"https:\/\/museoomero.it\/eo\/edukado\/plenkreskuloj-kaj-grupoj\/#breadcrumb","itemListElement":[{"@type":"ListItem","position":1,"name":"Edukado","item":"https:\/\/museoomero.it\/eo\/edukado\/"},{"@type":"ListItem","position":2,"name":"Plenkreskuloj kaj grupoj"}]},{"@type":"WebSite","@id":"https:\/\/museoomero.it\/eo\/#website","url":"https:\/\/museoomero.it\/eo\/","name":"Museo Omero","description":"Museo Tattile Statale","publisher":{"@id":"https:\/\/museoomero.it\/eo\/#organization"},"potentialAction":[{"@type":"SearchAction","target":{"@type":"EntryPoint","urlTemplate":"https:\/\/museoomero.it\/eo\/?s={search_term_string}"},"query-input":{"@type":"PropertyValueSpecification","valueRequired":true,"valueName":"search_term_string"}}],"inLanguage":"eo-UY"},{"@type":"Organization","@id":"https:\/\/museoomero.it\/eo\/#organization","name":"Museo Omero","url":"https:\/\/museoomero.it\/eo\/","logo":{"@type":"ImageObject","inLanguage":"eo-UY","@id":"https:\/\/museoomero.it\/eo\/#\/schema\/logo\/image\/","url":"https:\/\/museoomero.it\/wp-content\/uploads\/2019\/12\/logo_museoomero_nomibact.png","contentUrl":"https:\/\/museoomero.it\/wp-content\/uploads\/2019\/12\/logo_museoomero_nomibact.png","width":400,"height":127,"caption":"Museo Omero"},"image":{"@id":"https:\/\/museoomero.it\/eo\/#\/schema\/logo\/image\/"}}]}},"jetpack_sharing_enabled":true,"_links":{"self":[{"href":"https:\/\/museoomero.it\/eo\/wp-json\/wp\/v2\/pages\/14565","targetHints":{"allow":["GET"]}}],"collection":[{"href":"https:\/\/museoomero.it\/eo\/wp-json\/wp\/v2\/pages"}],"about":[{"href":"https:\/\/museoomero.it\/eo\/wp-json\/wp\/v2\/types\/page"}],"author":[{"embeddable":true,"href":"https:\/\/museoomero.it\/eo\/wp-json\/wp\/v2\/users\/2"}],"replies":[{"embeddable":true,"href":"https:\/\/museoomero.it\/eo\/wp-json\/wp\/v2\/comments?post=14565"}],"version-history":[{"count":6,"href":"https:\/\/museoomero.it\/eo\/wp-json\/wp\/v2\/pages\/14565\/revisions"}],"predecessor-version":[{"id":34702,"href":"https:\/\/museoomero.it\/eo\/wp-json\/wp\/v2\/pages\/14565\/revisions\/34702"}],"up":[{"embeddable":true,"href":"https:\/\/museoomero.it\/eo\/wp-json\/wp\/v2\/pages\/14436"}],"wp:featuredmedia":[{"embeddable":true,"href":"https:\/\/museoomero.it\/eo\/wp-json\/wp\/v2\/media\/17253"}],"wp:attachment":[{"href":"https:\/\/museoomero.it\/eo\/wp-json\/wp\/v2\/media?parent=14565"}],"curies":[{"name":"wp","href":"https:\/\/api.w.org\/{rel}","templated":true}]}}