{"id":14567,"date":"2020-10-28T10:44:36","date_gmt":"2020-10-28T09:44:36","guid":{"rendered":"http:\/\/nuovosito.museoomero.it\/?page_id=14567"},"modified":"2025-09-04T18:11:21","modified_gmt":"2025-09-04T16:11:21","slug":"tagaj-centroj-kaj-asocioj","status":"publish","type":"page","link":"https:\/\/museoomero.it\/eo\/edukado\/tagaj-centroj-kaj-asocioj\/","title":{"rendered":"Tagaj centroj kaj asocioj"},"content":{"rendered":"\n<p>La Muzeo Omero projektis du alireblajn laborejojn dedi\u0109itajn al personoj kun kognitivaj, vidaj a\u016d a\u016ddaj handikapoj.<\/p>\n\n\n\n<h2 class=\"wp-block-heading\">Palpeblaj pa\u011doj<\/h2>\n\n\n\n<p>La programo estas strukturita per pluraj semajnaj kunsidoj por fari la muzeon spaco kapabla eniri en la \u0109iutagon de la partoprenantoj. La kunsidoj inkluzivas viziton al la kolekto kaj laborejan agadon, ta\u016dge preparitan por akcepti personojn kun diversaj kapabloj. La celo estas \u0109efe koncentri\u011di pri la emocioj kiujn kelkaj verkoj en la kolekto vekas kaj transdoni ilin al tu\u015dlibroj. Tio estas taglibro de &#8220;sentemaj&#8221; kaj personaj pa\u011doj, en kiuj oni rakontas sin per vortoj kaj kolagoj de materialoj.<\/p>\n\n\n\n<h2 class=\"wp-block-heading\">AAA Personoj ser\u0109atas <\/h2>\n\n\n\n<p>La agado disvolvi\u011das en tri kunsidoj, dum kiuj oni konas la muzeon kaj observas kelkajn verkojn por pripensi la kreon de karaktero, alterego. En la laborejo, per manipuligo de argilo, partoprenantoj povas modeligi, glazuri kaj kunmeti sian propran &#8220;pupon&#8221;, por poste animigi \u011din malanta\u016d la scenejo de teatro en la fina kunsido.<\/p>\n\n\n\n<h2 class=\"wp-block-heading\">Informoj<\/h2>\n\n\n\n<p>\u0108iuj projektoj estas <strong>senpagaj<\/strong>.<br>La vizitojn oni <strong>povas al\u011dustigi al necesoj de la partoprenantoj<\/strong>.<br>La rilato inter personaro kaj partoprenantoj estas garantiita je 1 al 6 por personoj kun handikapoj.<br>Anta\u016dmendu \u0109e <strong>335 569 69 85<\/strong> (telefono kaj whatsapp) a\u016d skribu retpo\u015dte al <a href=\"mailto:didattica@museoomero.it\"><a href=\"mailto:prenotazioni@museoomero.it\">prenotazioni@museoomero.it<\/a><\/a>.<\/p>\n","protected":false},"excerpt":{"rendered":"<p>La Muzeo Omero projektis du alireblajn laborejojn dedi\u0109itajn al personoj kun kognitivaj, vidaj a\u016d a\u016ddaj handikapoj. Palpeblaj pa\u011doj La programo estas strukturita per pluraj semajnaj kunsidoj por fari la muzeon spaco kapabla eniri en la \u0109iutagon de la partoprenantoj. La kunsidoj inkluzivas viziton al la kolekto kaj laborejan agadon, ta\u016dge preparitan por akcepti personojn kun [&#8230;] <span class=\"sr-only\"><a href=\"https:\/\/museoomero.it\/eo\/edukado\/tagaj-centroj-kaj-asocioj\/\">Continua a leggere: Tagaj centroj kaj asocioj<\/a><\/span><\/p>\n","protected":false},"author":2,"featured_media":34513,"parent":14436,"menu_order":425,"comment_status":"closed","ping_status":"closed","template":"","meta":{"_acf_changed":false,"footnotes":""},"class_list":["post-14567","page","type-page","status-publish","has-post-thumbnail","hentry"],"acf":[],"yoast_head":"<!-- This site is optimized with the Yoast SEO plugin v27.3 - https:\/\/yoast.com\/product\/yoast-seo-wordpress\/ -->\n<title>Tagaj centroj kaj asocioj - Museo Omero<\/title>\n<meta name=\"description\" content=\"La Muzeo Omero projektis du alireblajn laborejojn dedi\u0109itajn al personoj kun kognitivaj, vidaj a\u016d a\u016ddaj handikapoj.\" \/>\n<meta name=\"robots\" content=\"index, follow, max-snippet:-1, max-image-preview:large, max-video-preview:-1\" \/>\n<link rel=\"canonical\" href=\"https:\/\/museoomero.it\/eo\/edukado\/tagaj-centroj-kaj-asocioj\/\" \/>\n<meta property=\"og:locale\" content=\"eo_EO\" \/>\n<meta property=\"og:type\" content=\"article\" \/>\n<meta property=\"og:title\" content=\"Tagaj centroj kaj asocioj - Museo Omero\" \/>\n<meta property=\"og:description\" content=\"La Muzeo Omero projektis du alireblajn laborejojn dedi\u0109itajn al personoj kun kognitivaj, vidaj a\u016d a\u016ddaj handikapoj.\" \/>\n<meta property=\"og:url\" content=\"https:\/\/museoomero.it\/eo\/edukado\/tagaj-centroj-kaj-asocioj\/\" \/>\n<meta property=\"og:site_name\" content=\"Museo Omero\" \/>\n<meta property=\"article:modified_time\" content=\"2025-09-04T16:11:21+00:00\" \/>\n<meta property=\"og:image\" content=\"https:\/\/museoomero.it\/wp-content\/uploads\/2024\/08\/museo-Centri-Diurni-e-Associazioni-per-persone-con-disabilita.jpg\" \/>\n\t<meta property=\"og:image:width\" content=\"1200\" \/>\n\t<meta property=\"og:image:height\" content=\"802\" \/>\n\t<meta property=\"og:image:type\" content=\"image\/jpeg\" \/>\n<meta name=\"twitter:card\" content=\"summary_large_image\" \/>\n<meta name=\"twitter:label1\" content=\"Est. reading time\" \/>\n\t<meta name=\"twitter:data1\" content=\"2 minutes\" \/>\n<script type=\"application\/ld+json\" class=\"yoast-schema-graph\">{\"@context\":\"https:\\\/\\\/schema.org\",\"@graph\":[{\"@type\":\"WebPage\",\"@id\":\"https:\\\/\\\/museoomero.it\\\/eo\\\/edukado\\\/tagaj-centroj-kaj-asocioj\\\/\",\"url\":\"https:\\\/\\\/museoomero.it\\\/eo\\\/edukado\\\/tagaj-centroj-kaj-asocioj\\\/\",\"name\":\"Tagaj centroj kaj asocioj - Museo Omero\",\"isPartOf\":{\"@id\":\"https:\\\/\\\/museoomero.it\\\/eo\\\/#website\"},\"primaryImageOfPage\":{\"@id\":\"https:\\\/\\\/museoomero.it\\\/eo\\\/edukado\\\/tagaj-centroj-kaj-asocioj\\\/#primaryimage\"},\"image\":{\"@id\":\"https:\\\/\\\/museoomero.it\\\/eo\\\/edukado\\\/tagaj-centroj-kaj-asocioj\\\/#primaryimage\"},\"thumbnailUrl\":\"https:\\\/\\\/museoomero.it\\\/wp-content\\\/uploads\\\/2024\\\/08\\\/museo-Centri-Diurni-e-Associazioni-per-persone-con-disabilita.jpg\",\"datePublished\":\"2020-10-28T09:44:36+00:00\",\"dateModified\":\"2025-09-04T16:11:21+00:00\",\"description\":\"La Muzeo Omero projektis du alireblajn laborejojn dedi\u0109itajn al personoj kun kognitivaj, vidaj a\u016d a\u016ddaj handikapoj.\",\"breadcrumb\":{\"@id\":\"https:\\\/\\\/museoomero.it\\\/eo\\\/edukado\\\/tagaj-centroj-kaj-asocioj\\\/#breadcrumb\"},\"inLanguage\":\"eo-UY\",\"potentialAction\":[{\"@type\":\"ReadAction\",\"target\":[\"https:\\\/\\\/museoomero.it\\\/eo\\\/edukado\\\/tagaj-centroj-kaj-asocioj\\\/\"]}]},{\"@type\":\"ImageObject\",\"inLanguage\":\"eo-UY\",\"@id\":\"https:\\\/\\\/museoomero.it\\\/eo\\\/edukado\\\/tagaj-centroj-kaj-asocioj\\\/#primaryimage\",\"url\":\"https:\\\/\\\/museoomero.it\\\/wp-content\\\/uploads\\\/2024\\\/08\\\/museo-Centri-Diurni-e-Associazioni-per-persone-con-disabilita.jpg\",\"contentUrl\":\"https:\\\/\\\/museoomero.it\\\/wp-content\\\/uploads\\\/2024\\\/08\\\/museo-Centri-Diurni-e-Associazioni-per-persone-con-disabilita.jpg\",\"width\":1200,\"height\":802,\"caption\":\"Du koloraj ceramikaj tualetoj prezentantaj rinoceron, metitaj sur betonan florujon.\"},{\"@type\":\"BreadcrumbList\",\"@id\":\"https:\\\/\\\/museoomero.it\\\/eo\\\/edukado\\\/tagaj-centroj-kaj-asocioj\\\/#breadcrumb\",\"itemListElement\":[{\"@type\":\"ListItem\",\"position\":1,\"name\":\"Edukado\",\"item\":\"https:\\\/\\\/museoomero.it\\\/eo\\\/edukado\\\/\"},{\"@type\":\"ListItem\",\"position\":2,\"name\":\"Tagaj centroj kaj asocioj\"}]},{\"@type\":\"WebSite\",\"@id\":\"https:\\\/\\\/museoomero.it\\\/eo\\\/#website\",\"url\":\"https:\\\/\\\/museoomero.it\\\/eo\\\/\",\"name\":\"Museo Omero\",\"description\":\"Museo Tattile Statale\",\"publisher\":{\"@id\":\"https:\\\/\\\/museoomero.it\\\/eo\\\/#organization\"},\"potentialAction\":[{\"@type\":\"SearchAction\",\"target\":{\"@type\":\"EntryPoint\",\"urlTemplate\":\"https:\\\/\\\/museoomero.it\\\/eo\\\/?s={search_term_string}\"},\"query-input\":{\"@type\":\"PropertyValueSpecification\",\"valueRequired\":true,\"valueName\":\"search_term_string\"}}],\"inLanguage\":\"eo-UY\"},{\"@type\":\"Organization\",\"@id\":\"https:\\\/\\\/museoomero.it\\\/eo\\\/#organization\",\"name\":\"Museo Omero\",\"url\":\"https:\\\/\\\/museoomero.it\\\/eo\\\/\",\"logo\":{\"@type\":\"ImageObject\",\"inLanguage\":\"eo-UY\",\"@id\":\"https:\\\/\\\/museoomero.it\\\/eo\\\/#\\\/schema\\\/logo\\\/image\\\/\",\"url\":\"https:\\\/\\\/museoomero.it\\\/wp-content\\\/uploads\\\/2019\\\/12\\\/logo_museoomero_nomibact.png\",\"contentUrl\":\"https:\\\/\\\/museoomero.it\\\/wp-content\\\/uploads\\\/2019\\\/12\\\/logo_museoomero_nomibact.png\",\"width\":400,\"height\":127,\"caption\":\"Museo Omero\"},\"image\":{\"@id\":\"https:\\\/\\\/museoomero.it\\\/eo\\\/#\\\/schema\\\/logo\\\/image\\\/\"}}]}<\/script>\n<!-- \/ Yoast SEO plugin. -->","yoast_head_json":{"title":"Tagaj centroj kaj asocioj - Museo Omero","description":"La Muzeo Omero projektis du alireblajn laborejojn dedi\u0109itajn al personoj kun kognitivaj, vidaj a\u016d a\u016ddaj handikapoj.","robots":{"index":"index","follow":"follow","max-snippet":"max-snippet:-1","max-image-preview":"max-image-preview:large","max-video-preview":"max-video-preview:-1"},"canonical":"https:\/\/museoomero.it\/eo\/edukado\/tagaj-centroj-kaj-asocioj\/","og_locale":"eo_EO","og_type":"article","og_title":"Tagaj centroj kaj asocioj - Museo Omero","og_description":"La Muzeo Omero projektis du alireblajn laborejojn dedi\u0109itajn al personoj kun kognitivaj, vidaj a\u016d a\u016ddaj handikapoj.","og_url":"https:\/\/museoomero.it\/eo\/edukado\/tagaj-centroj-kaj-asocioj\/","og_site_name":"Museo Omero","article_modified_time":"2025-09-04T16:11:21+00:00","og_image":[{"width":1200,"height":802,"url":"https:\/\/museoomero.it\/wp-content\/uploads\/2024\/08\/museo-Centri-Diurni-e-Associazioni-per-persone-con-disabilita.jpg","type":"image\/jpeg"}],"twitter_card":"summary_large_image","twitter_misc":{"Est. reading time":"2 minutes"},"schema":{"@context":"https:\/\/schema.org","@graph":[{"@type":"WebPage","@id":"https:\/\/museoomero.it\/eo\/edukado\/tagaj-centroj-kaj-asocioj\/","url":"https:\/\/museoomero.it\/eo\/edukado\/tagaj-centroj-kaj-asocioj\/","name":"Tagaj centroj kaj asocioj - Museo Omero","isPartOf":{"@id":"https:\/\/museoomero.it\/eo\/#website"},"primaryImageOfPage":{"@id":"https:\/\/museoomero.it\/eo\/edukado\/tagaj-centroj-kaj-asocioj\/#primaryimage"},"image":{"@id":"https:\/\/museoomero.it\/eo\/edukado\/tagaj-centroj-kaj-asocioj\/#primaryimage"},"thumbnailUrl":"https:\/\/museoomero.it\/wp-content\/uploads\/2024\/08\/museo-Centri-Diurni-e-Associazioni-per-persone-con-disabilita.jpg","datePublished":"2020-10-28T09:44:36+00:00","dateModified":"2025-09-04T16:11:21+00:00","description":"La Muzeo Omero projektis du alireblajn laborejojn dedi\u0109itajn al personoj kun kognitivaj, vidaj a\u016d a\u016ddaj handikapoj.","breadcrumb":{"@id":"https:\/\/museoomero.it\/eo\/edukado\/tagaj-centroj-kaj-asocioj\/#breadcrumb"},"inLanguage":"eo-UY","potentialAction":[{"@type":"ReadAction","target":["https:\/\/museoomero.it\/eo\/edukado\/tagaj-centroj-kaj-asocioj\/"]}]},{"@type":"ImageObject","inLanguage":"eo-UY","@id":"https:\/\/museoomero.it\/eo\/edukado\/tagaj-centroj-kaj-asocioj\/#primaryimage","url":"https:\/\/museoomero.it\/wp-content\/uploads\/2024\/08\/museo-Centri-Diurni-e-Associazioni-per-persone-con-disabilita.jpg","contentUrl":"https:\/\/museoomero.it\/wp-content\/uploads\/2024\/08\/museo-Centri-Diurni-e-Associazioni-per-persone-con-disabilita.jpg","width":1200,"height":802,"caption":"Du koloraj ceramikaj tualetoj prezentantaj rinoceron, metitaj sur betonan florujon."},{"@type":"BreadcrumbList","@id":"https:\/\/museoomero.it\/eo\/edukado\/tagaj-centroj-kaj-asocioj\/#breadcrumb","itemListElement":[{"@type":"ListItem","position":1,"name":"Edukado","item":"https:\/\/museoomero.it\/eo\/edukado\/"},{"@type":"ListItem","position":2,"name":"Tagaj centroj kaj asocioj"}]},{"@type":"WebSite","@id":"https:\/\/museoomero.it\/eo\/#website","url":"https:\/\/museoomero.it\/eo\/","name":"Museo Omero","description":"Museo Tattile Statale","publisher":{"@id":"https:\/\/museoomero.it\/eo\/#organization"},"potentialAction":[{"@type":"SearchAction","target":{"@type":"EntryPoint","urlTemplate":"https:\/\/museoomero.it\/eo\/?s={search_term_string}"},"query-input":{"@type":"PropertyValueSpecification","valueRequired":true,"valueName":"search_term_string"}}],"inLanguage":"eo-UY"},{"@type":"Organization","@id":"https:\/\/museoomero.it\/eo\/#organization","name":"Museo Omero","url":"https:\/\/museoomero.it\/eo\/","logo":{"@type":"ImageObject","inLanguage":"eo-UY","@id":"https:\/\/museoomero.it\/eo\/#\/schema\/logo\/image\/","url":"https:\/\/museoomero.it\/wp-content\/uploads\/2019\/12\/logo_museoomero_nomibact.png","contentUrl":"https:\/\/museoomero.it\/wp-content\/uploads\/2019\/12\/logo_museoomero_nomibact.png","width":400,"height":127,"caption":"Museo Omero"},"image":{"@id":"https:\/\/museoomero.it\/eo\/#\/schema\/logo\/image\/"}}]}},"jetpack_sharing_enabled":true,"_links":{"self":[{"href":"https:\/\/museoomero.it\/eo\/wp-json\/wp\/v2\/pages\/14567","targetHints":{"allow":["GET"]}}],"collection":[{"href":"https:\/\/museoomero.it\/eo\/wp-json\/wp\/v2\/pages"}],"about":[{"href":"https:\/\/museoomero.it\/eo\/wp-json\/wp\/v2\/types\/page"}],"author":[{"embeddable":true,"href":"https:\/\/museoomero.it\/eo\/wp-json\/wp\/v2\/users\/2"}],"replies":[{"embeddable":true,"href":"https:\/\/museoomero.it\/eo\/wp-json\/wp\/v2\/comments?post=14567"}],"version-history":[{"count":7,"href":"https:\/\/museoomero.it\/eo\/wp-json\/wp\/v2\/pages\/14567\/revisions"}],"predecessor-version":[{"id":38708,"href":"https:\/\/museoomero.it\/eo\/wp-json\/wp\/v2\/pages\/14567\/revisions\/38708"}],"up":[{"embeddable":true,"href":"https:\/\/museoomero.it\/eo\/wp-json\/wp\/v2\/pages\/14436"}],"wp:featuredmedia":[{"embeddable":true,"href":"https:\/\/museoomero.it\/eo\/wp-json\/wp\/v2\/media\/34513"}],"wp:attachment":[{"href":"https:\/\/museoomero.it\/eo\/wp-json\/wp\/v2\/media?parent=14567"}],"curies":[{"name":"wp","href":"https:\/\/api.w.org\/{rel}","templated":true}]}}