{"id":14579,"date":"2020-10-28T14:49:27","date_gmt":"2020-10-28T13:49:27","guid":{"rendered":"http:\/\/nuovosito.museoomero.it\/?page_id=14579"},"modified":"2025-12-11T11:35:21","modified_gmt":"2025-12-11T10:35:21","slug":"verkoj","status":"publish","type":"page","link":"https:\/\/museoomero.it\/eo\/verkoj\/","title":{"rendered":"Verkoj"},"content":{"rendered":"\n<p>La ekspozicia vojo de la muzeo montras kiel skulptarto, arkitekturo kaj desegno \u015dan\u011di\u011dis dum la tempo. Pli ol <strong>200 verkoj<\/strong>, distribuitaj sur <strong>1.500 kvadrataj metroj<\/strong>, ebligas al vizitantoj fari vidan kaj tu\u015dan voja\u011don tra formo kaj materio, de klasika antikveco \u011dis la nuntempo.<\/p>\n\n\n\n<h2 class=\"wp-block-heading\">Kopioj de skulpta\u0135oj kaj arkitekturaj modeloj<\/h2>\n\n\n\n<p>Sur la unua eta\u011do, <strong>gipso kaj rezin kopioj<\/strong> de senkontestaj majstra\u0135oj de la arto, de antikva Grekio \u011dis neoklasikismo, dialogas kun <strong>arkitekturaj maketoj<\/strong>.<\/p>\n\n\n\n<p>Inter la plej famaj reprodukta\u0135oj estas la Disko\u0135etanto, la Venkantino de Samotr\u00e1ko, la Venuso de Milo, la maketo de la Parteno, la Kapitolina Lupo kaj la volumetra kaj sekca maketo de la Panteono. La mezepoka kerno, inter romaniko kaj gotiko, proponas fokuson pri la urbo Ankono kaj \u011dia katedralo. Unu sekcio estas dedi\u0109ita al la reliefo-traduko de famaj pentra\u0135oj kaj alia al la mimiko de la homa viza\u011do por kompreni kiel emocioj reflekti\u011das en diversaj viza\u011desprimoj. La Renesanca salono gastigas la maketon de Baziliko Sankta Petro kaj la potencajn verka\u0135ojn de Mikelan\u011delo: Piet\u00e0 de Sankta Petro, Rondanini Piet\u00e0, Tondi Pitti kaj Taddei, Moseo, Davido kaj pli. La formoj de la klasikeco da\u016dras en la neoklasika sekcio de la Sculptita Movado, venantaj el la Luvro, kiu festas korpan esprimecon.<\/p>\n\n\n\n<h2 class=\"wp-block-heading\">Originalaj skulpta\u0135oj<\/h2>\n\n\n\n<p>Sur la dua eta\u011do estas ekspoziciitaj <strong>originalaj nuntempaj skulpta\u0135oj<\/strong>. Multaj itallingvaj kaj internaciaj artistoj donis figurajn a\u016d abstraktajn formojn al diversaj materialoj: \u015dtono, ligno, terakoto, metalo, plasto kaj vitro.<\/p>\n\n\n\n<p>Krom la granda instala\u0135o de Michelangelo Pistoletto Italia riciklata, estas prezentitaj pli ol 60 verkoj de Giorgio De Chirico, Pietro Consagra, Arturo Martini, Marino Marini, Arnaldo Pomodoro, Valeriano Trubbiani, Edgardo Mannucci, Umberto Mastroianni, Andr\u00e9 Barelier, Alik Cavaliere, Pierre Carron, Pietro Annigoni, Francesco Messina, Vittorio Morelli, Floriano Bodini, Rosario Ruggiero, Sanzio Blasi, Loreno Sguanci, Giuliano Vangi, Bruno Ceccobelli, Girolamo Ciulla, Walter Valentini, Tiziana Felicioni, Roberto Papini, Sergio Zanni, Aron Demetz, Paolo Annibali, Felice Tagliaferri, Gino Marotta, Paolo Nicolai, Marco Lodola.<\/p>\n\n\n\n<h2 class=\"wp-block-heading\">Objektoj de desegno<\/h2>\n\n\n\n<p>Sur la tereta\u011do trovi\u011das la sekcio Dezajno: <strong>32 objektoj<\/strong>, kiuj faris la historion de<strong> itala desegno<\/strong>, povas esti manipulataj kaj esploritaj.<\/p>\n\n\n\n<p>Inter la produktantoj estas: Anonima Castelli, Alessi, Artemide, Bialetti, Brionvega, Danese, Dainese, Fiam, Flos, Gufram, Guzzini, IFI, Kartell, Magis, Minerva, Olivetti, Pandora Design, Piaggio, Tod&#8217;s, Siemens, Voiello kaj Zanotta.<\/p>\n\n\n\n<h2 class=\"wp-block-heading\">Alirebleco<\/h2>\n\n\n\n<p>La tuta kolekto estas fru-eble tu\u015debla kaj ofertas priskribojn en Brajlo kaj grandaj literoj; movaj podioj kun \u015dtuparoj estas disponeblaj por taktika esplorado de la plej altaj skulpta\u0135oj. En la sekcio Dezajno trovi\u011das &#8220;Fuori tutti&#8221;, spaco kie personoj povas preni pa\u016dzon por ripozo. \u0108iuj spacoj estas facile atingeblaj per liftoj kaj ili disponas pri specialaj <a href=\"https:\/\/museoomero.it\/eo\/muzeo\/alirebleco\/\">servoj dedi\u0109itaj al akcepto kaj alirebleco<\/a>.<\/p>\n","protected":false},"excerpt":{"rendered":"<p>La ekspozicia vojo de la muzeo montras kiel skulptarto, arkitekturo kaj desegno \u015dan\u011di\u011dis dum la tempo. Pli ol 200 verkoj, distribuitaj sur 1.500 kvadrataj metroj, ebligas al vizitantoj fari vidan kaj tu\u015dan voja\u011don tra formo kaj materio, de klasika antikveco \u011dis la nuntempo. Kopioj de skulpta\u0135oj kaj arkitekturaj modeloj Sur la unua eta\u011do, gipso kaj [&#8230;] <span class=\"sr-only\"><a href=\"https:\/\/museoomero.it\/eo\/verkoj\/\">Continua a leggere: Verkoj<\/a><\/span><\/p>\n","protected":false},"author":2,"featured_media":17354,"parent":0,"menu_order":382,"comment_status":"closed","ping_status":"closed","template":"template-opere.php","meta":{"_acf_changed":false,"footnotes":""},"class_list":["post-14579","page","type-page","status-publish","has-post-thumbnail","hentry"],"acf":[],"yoast_head":"<!-- This site is optimized with the Yoast SEO plugin v27.3 - https:\/\/yoast.com\/product\/yoast-seo-wordpress\/ -->\n<title>Verkoj - Museo Omero<\/title>\n<meta name=\"description\" content=\"Gipsaj kaj rezinaj mulda\u0135oj, arkitekturaj maketoj, originalaj skulpta\u0135oj de nuntempa arto, objektoj de desegno.\" \/>\n<meta name=\"robots\" content=\"index, follow, max-snippet:-1, max-image-preview:large, max-video-preview:-1\" \/>\n<link rel=\"canonical\" href=\"https:\/\/museoomero.it\/eo\/verkoj\/\" \/>\n<meta property=\"og:locale\" content=\"eo_EO\" \/>\n<meta property=\"og:type\" content=\"article\" \/>\n<meta property=\"og:title\" content=\"Verkoj - Museo Omero\" \/>\n<meta property=\"og:description\" content=\"Gipsaj kaj rezinaj mulda\u0135oj, arkitekturaj maketoj, originalaj skulpta\u0135oj de nuntempa arto, objektoj de desegno.\" \/>\n<meta property=\"og:url\" content=\"https:\/\/museoomero.it\/eo\/verkoj\/\" \/>\n<meta property=\"og:site_name\" content=\"Museo Omero\" \/>\n<meta property=\"article:modified_time\" content=\"2025-12-11T10:35:21+00:00\" \/>\n<meta property=\"og:image\" content=\"https:\/\/museoomero.it\/wp-content\/uploads\/2020\/11\/opere-1.jpg\" \/>\n\t<meta property=\"og:image:width\" content=\"1200\" \/>\n\t<meta property=\"og:image:height\" content=\"802\" \/>\n\t<meta property=\"og:image:type\" content=\"image\/jpeg\" \/>\n<meta name=\"twitter:card\" content=\"summary_large_image\" \/>\n<meta name=\"twitter:label1\" content=\"Est. reading time\" \/>\n\t<meta name=\"twitter:data1\" content=\"3 minutes\" \/>\n<script type=\"application\/ld+json\" class=\"yoast-schema-graph\">{\"@context\":\"https:\\\/\\\/schema.org\",\"@graph\":[{\"@type\":\"WebPage\",\"@id\":\"https:\\\/\\\/museoomero.it\\\/eo\\\/verkoj\\\/\",\"url\":\"https:\\\/\\\/museoomero.it\\\/eo\\\/verkoj\\\/\",\"name\":\"Verkoj - Museo Omero\",\"isPartOf\":{\"@id\":\"https:\\\/\\\/museoomero.it\\\/eo\\\/#website\"},\"primaryImageOfPage\":{\"@id\":\"https:\\\/\\\/museoomero.it\\\/eo\\\/verkoj\\\/#primaryimage\"},\"image\":{\"@id\":\"https:\\\/\\\/museoomero.it\\\/eo\\\/verkoj\\\/#primaryimage\"},\"thumbnailUrl\":\"https:\\\/\\\/museoomero.it\\\/wp-content\\\/uploads\\\/2020\\\/11\\\/opere-1.jpg\",\"datePublished\":\"2020-10-28T13:49:27+00:00\",\"dateModified\":\"2025-12-11T10:35:21+00:00\",\"description\":\"Gipsaj kaj rezinaj mulda\u0135oj, arkitekturaj maketoj, originalaj skulpta\u0135oj de nuntempa arto, objektoj de desegno.\",\"inLanguage\":\"eo-UY\",\"potentialAction\":[{\"@type\":\"ReadAction\",\"target\":[\"https:\\\/\\\/museoomero.it\\\/eo\\\/verkoj\\\/\"]}]},{\"@type\":\"ImageObject\",\"inLanguage\":\"eo-UY\",\"@id\":\"https:\\\/\\\/museoomero.it\\\/eo\\\/verkoj\\\/#primaryimage\",\"url\":\"https:\\\/\\\/museoomero.it\\\/wp-content\\\/uploads\\\/2020\\\/11\\\/opere-1.jpg\",\"contentUrl\":\"https:\\\/\\\/museoomero.it\\\/wp-content\\\/uploads\\\/2020\\\/11\\\/opere-1.jpg\",\"width\":1200,\"height\":802,\"caption\":\"Greko-romia \u0109ambro\"},{\"@type\":\"WebSite\",\"@id\":\"https:\\\/\\\/museoomero.it\\\/eo\\\/#website\",\"url\":\"https:\\\/\\\/museoomero.it\\\/eo\\\/\",\"name\":\"Museo Omero\",\"description\":\"Museo Tattile Statale\",\"publisher\":{\"@id\":\"https:\\\/\\\/museoomero.it\\\/eo\\\/#organization\"},\"potentialAction\":[{\"@type\":\"SearchAction\",\"target\":{\"@type\":\"EntryPoint\",\"urlTemplate\":\"https:\\\/\\\/museoomero.it\\\/eo\\\/?s={search_term_string}\"},\"query-input\":{\"@type\":\"PropertyValueSpecification\",\"valueRequired\":true,\"valueName\":\"search_term_string\"}}],\"inLanguage\":\"eo-UY\"},{\"@type\":\"Organization\",\"@id\":\"https:\\\/\\\/museoomero.it\\\/eo\\\/#organization\",\"name\":\"Museo Omero\",\"url\":\"https:\\\/\\\/museoomero.it\\\/eo\\\/\",\"logo\":{\"@type\":\"ImageObject\",\"inLanguage\":\"eo-UY\",\"@id\":\"https:\\\/\\\/museoomero.it\\\/eo\\\/#\\\/schema\\\/logo\\\/image\\\/\",\"url\":\"https:\\\/\\\/museoomero.it\\\/wp-content\\\/uploads\\\/2019\\\/12\\\/logo_museoomero_nomibact.png\",\"contentUrl\":\"https:\\\/\\\/museoomero.it\\\/wp-content\\\/uploads\\\/2019\\\/12\\\/logo_museoomero_nomibact.png\",\"width\":400,\"height\":127,\"caption\":\"Museo Omero\"},\"image\":{\"@id\":\"https:\\\/\\\/museoomero.it\\\/eo\\\/#\\\/schema\\\/logo\\\/image\\\/\"}}]}<\/script>\n<!-- \/ Yoast SEO plugin. -->","yoast_head_json":{"title":"Verkoj - Museo Omero","description":"Gipsaj kaj rezinaj mulda\u0135oj, arkitekturaj maketoj, originalaj skulpta\u0135oj de nuntempa arto, objektoj de desegno.","robots":{"index":"index","follow":"follow","max-snippet":"max-snippet:-1","max-image-preview":"max-image-preview:large","max-video-preview":"max-video-preview:-1"},"canonical":"https:\/\/museoomero.it\/eo\/verkoj\/","og_locale":"eo_EO","og_type":"article","og_title":"Verkoj - Museo Omero","og_description":"Gipsaj kaj rezinaj mulda\u0135oj, arkitekturaj maketoj, originalaj skulpta\u0135oj de nuntempa arto, objektoj de desegno.","og_url":"https:\/\/museoomero.it\/eo\/verkoj\/","og_site_name":"Museo Omero","article_modified_time":"2025-12-11T10:35:21+00:00","og_image":[{"width":1200,"height":802,"url":"https:\/\/museoomero.it\/wp-content\/uploads\/2020\/11\/opere-1.jpg","type":"image\/jpeg"}],"twitter_card":"summary_large_image","twitter_misc":{"Est. reading time":"3 minutes"},"schema":{"@context":"https:\/\/schema.org","@graph":[{"@type":"WebPage","@id":"https:\/\/museoomero.it\/eo\/verkoj\/","url":"https:\/\/museoomero.it\/eo\/verkoj\/","name":"Verkoj - Museo Omero","isPartOf":{"@id":"https:\/\/museoomero.it\/eo\/#website"},"primaryImageOfPage":{"@id":"https:\/\/museoomero.it\/eo\/verkoj\/#primaryimage"},"image":{"@id":"https:\/\/museoomero.it\/eo\/verkoj\/#primaryimage"},"thumbnailUrl":"https:\/\/museoomero.it\/wp-content\/uploads\/2020\/11\/opere-1.jpg","datePublished":"2020-10-28T13:49:27+00:00","dateModified":"2025-12-11T10:35:21+00:00","description":"Gipsaj kaj rezinaj mulda\u0135oj, arkitekturaj maketoj, originalaj skulpta\u0135oj de nuntempa arto, objektoj de desegno.","inLanguage":"eo-UY","potentialAction":[{"@type":"ReadAction","target":["https:\/\/museoomero.it\/eo\/verkoj\/"]}]},{"@type":"ImageObject","inLanguage":"eo-UY","@id":"https:\/\/museoomero.it\/eo\/verkoj\/#primaryimage","url":"https:\/\/museoomero.it\/wp-content\/uploads\/2020\/11\/opere-1.jpg","contentUrl":"https:\/\/museoomero.it\/wp-content\/uploads\/2020\/11\/opere-1.jpg","width":1200,"height":802,"caption":"Greko-romia \u0109ambro"},{"@type":"WebSite","@id":"https:\/\/museoomero.it\/eo\/#website","url":"https:\/\/museoomero.it\/eo\/","name":"Museo Omero","description":"Museo Tattile Statale","publisher":{"@id":"https:\/\/museoomero.it\/eo\/#organization"},"potentialAction":[{"@type":"SearchAction","target":{"@type":"EntryPoint","urlTemplate":"https:\/\/museoomero.it\/eo\/?s={search_term_string}"},"query-input":{"@type":"PropertyValueSpecification","valueRequired":true,"valueName":"search_term_string"}}],"inLanguage":"eo-UY"},{"@type":"Organization","@id":"https:\/\/museoomero.it\/eo\/#organization","name":"Museo Omero","url":"https:\/\/museoomero.it\/eo\/","logo":{"@type":"ImageObject","inLanguage":"eo-UY","@id":"https:\/\/museoomero.it\/eo\/#\/schema\/logo\/image\/","url":"https:\/\/museoomero.it\/wp-content\/uploads\/2019\/12\/logo_museoomero_nomibact.png","contentUrl":"https:\/\/museoomero.it\/wp-content\/uploads\/2019\/12\/logo_museoomero_nomibact.png","width":400,"height":127,"caption":"Museo Omero"},"image":{"@id":"https:\/\/museoomero.it\/eo\/#\/schema\/logo\/image\/"}}]}},"jetpack_sharing_enabled":true,"_links":{"self":[{"href":"https:\/\/museoomero.it\/eo\/wp-json\/wp\/v2\/pages\/14579","targetHints":{"allow":["GET"]}}],"collection":[{"href":"https:\/\/museoomero.it\/eo\/wp-json\/wp\/v2\/pages"}],"about":[{"href":"https:\/\/museoomero.it\/eo\/wp-json\/wp\/v2\/types\/page"}],"author":[{"embeddable":true,"href":"https:\/\/museoomero.it\/eo\/wp-json\/wp\/v2\/users\/2"}],"replies":[{"embeddable":true,"href":"https:\/\/museoomero.it\/eo\/wp-json\/wp\/v2\/comments?post=14579"}],"version-history":[{"count":17,"href":"https:\/\/museoomero.it\/eo\/wp-json\/wp\/v2\/pages\/14579\/revisions"}],"predecessor-version":[{"id":40684,"href":"https:\/\/museoomero.it\/eo\/wp-json\/wp\/v2\/pages\/14579\/revisions\/40684"}],"wp:featuredmedia":[{"embeddable":true,"href":"https:\/\/museoomero.it\/eo\/wp-json\/wp\/v2\/media\/17354"}],"wp:attachment":[{"href":"https:\/\/museoomero.it\/eo\/wp-json\/wp\/v2\/media?parent=14579"}],"curies":[{"name":"wp","href":"https:\/\/api.w.org\/{rel}","templated":true}]}}