{"id":14582,"date":"2020-10-28T14:51:24","date_gmt":"2020-10-28T13:51:24","guid":{"rendered":"http:\/\/nuovosito.museoomero.it\/?page_id=14582"},"modified":"2025-09-11T17:06:24","modified_gmt":"2025-09-11T15:06:24","slug":"servoj","status":"publish","type":"page","link":"https:\/\/museoomero.it\/eo\/servoj\/","title":{"rendered":"Servoj"},"content":{"rendered":"\n<p>La Muzeo Omero ofertas multajn servojn al institucioj, organizoj kaj al la \u011denerala publiko: trejnadojn kaj \u011disdatigajn kursojn pri alireblo al arto, konsilojn kaj realigon de produktoj por inkluzivaj aran\u011doj kaj vojoj.<\/p>\n\n\n\n<p>La Muzeo anka\u016d akceptas diplomi\u011dontojn kaj fre\u015ddiplomitojn por praktikoj kaj partoprenas en la projektoj de la Universala Civila Servo.<\/p>\n\n\n\n<p>La Muzeo disponas pri Dokumenta kaj Esplora Centro, specialigita pri pedagogio, estetiko kaj alireblo al kulturaj hava\u0135oj.<\/p>\n","protected":false},"excerpt":{"rendered":"<p>La Muzeo Omero ofertas multajn servojn al institucioj, organizoj kaj al la \u011denerala publiko: trejnadojn kaj \u011disdatigajn kursojn pri alireblo al arto, konsilojn kaj realigon de produktoj por inkluzivaj aran\u011doj kaj vojoj. La Muzeo anka\u016d akceptas diplomi\u011dontojn kaj fre\u015ddiplomitojn por praktikoj kaj partoprenas en la projektoj de la Universala Civila Servo. La Muzeo disponas pri [&#8230;] <span class=\"sr-only\"><a href=\"https:\/\/museoomero.it\/eo\/servoj\/\">Continua a leggere: Servoj<\/a><\/span><\/p>\n","protected":false},"author":2,"featured_media":36069,"parent":0,"menu_order":409,"comment_status":"closed","ping_status":"closed","template":"","meta":{"_acf_changed":false,"footnotes":""},"class_list":["post-14582","page","type-page","status-publish","has-post-thumbnail","hentry"],"acf":[],"yoast_head":"<!-- This site is optimized with the Yoast SEO plugin v27.3 - https:\/\/yoast.com\/product\/yoast-seo-wordpress\/ -->\n<title>Servoj - Museo Omero<\/title>\n<meta name=\"robots\" content=\"index, follow, max-snippet:-1, max-image-preview:large, max-video-preview:-1\" \/>\n<link rel=\"canonical\" href=\"https:\/\/museoomero.it\/eo\/servoj\/\" \/>\n<meta property=\"og:locale\" content=\"eo_EO\" \/>\n<meta property=\"og:type\" content=\"article\" \/>\n<meta property=\"og:title\" content=\"Servoj - Museo Omero\" \/>\n<meta property=\"og:description\" content=\"La Muzeo Omero ofertas multajn servojn al institucioj, organizoj kaj al la \u011denerala publiko: trejnadojn kaj \u011disdatigajn kursojn pri alireblo al arto, konsilojn kaj realigon de produktoj por inkluzivaj aran\u011doj kaj vojoj. La Muzeo anka\u016d akceptas diplomi\u011dontojn kaj fre\u015ddiplomitojn por praktikoj kaj partoprenas en la projektoj de la Universala Civila Servo. La Muzeo disponas pri [...] Continua a leggere: Servoj\" \/>\n<meta property=\"og:url\" content=\"https:\/\/museoomero.it\/eo\/servoj\/\" \/>\n<meta property=\"og:site_name\" content=\"Museo Omero\" \/>\n<meta property=\"article:modified_time\" content=\"2025-09-11T15:06:24+00:00\" \/>\n<meta property=\"og:image\" content=\"https:\/\/museoomero.it\/wp-content\/uploads\/2025\/02\/servoj-1.jpg\" \/>\n\t<meta property=\"og:image:width\" content=\"1200\" \/>\n\t<meta property=\"og:image:height\" content=\"802\" \/>\n\t<meta property=\"og:image:type\" content=\"image\/jpeg\" \/>\n<meta name=\"twitter:card\" content=\"summary_large_image\" \/>\n<meta name=\"twitter:label1\" content=\"Est. reading time\" \/>\n\t<meta name=\"twitter:data1\" content=\"1 minute\" \/>\n<script type=\"application\/ld+json\" class=\"yoast-schema-graph\">{\"@context\":\"https:\\\/\\\/schema.org\",\"@graph\":[{\"@type\":\"WebPage\",\"@id\":\"https:\\\/\\\/museoomero.it\\\/eo\\\/servoj\\\/\",\"url\":\"https:\\\/\\\/museoomero.it\\\/eo\\\/servoj\\\/\",\"name\":\"Servoj - Museo Omero\",\"isPartOf\":{\"@id\":\"https:\\\/\\\/museoomero.it\\\/eo\\\/#website\"},\"primaryImageOfPage\":{\"@id\":\"https:\\\/\\\/museoomero.it\\\/eo\\\/servoj\\\/#primaryimage\"},\"image\":{\"@id\":\"https:\\\/\\\/museoomero.it\\\/eo\\\/servoj\\\/#primaryimage\"},\"thumbnailUrl\":\"https:\\\/\\\/museoomero.it\\\/wp-content\\\/uploads\\\/2025\\\/02\\\/servoj-1.jpg\",\"datePublished\":\"2020-10-28T13:51:24+00:00\",\"dateModified\":\"2025-09-11T15:06:24+00:00\",\"inLanguage\":\"eo-UY\",\"potentialAction\":[{\"@type\":\"ReadAction\",\"target\":[\"https:\\\/\\\/museoomero.it\\\/eo\\\/servoj\\\/\"]}]},{\"@type\":\"ImageObject\",\"inLanguage\":\"eo-UY\",\"@id\":\"https:\\\/\\\/museoomero.it\\\/eo\\\/servoj\\\/#primaryimage\",\"url\":\"https:\\\/\\\/museoomero.it\\\/wp-content\\\/uploads\\\/2025\\\/02\\\/servoj-1.jpg\",\"contentUrl\":\"https:\\\/\\\/museoomero.it\\\/wp-content\\\/uploads\\\/2025\\\/02\\\/servoj-1.jpg\",\"width\":1200,\"height\":802,\"caption\":\"Du manoj tu\u015das surskribon por legi brajlon. En la fono videblas anka\u016d kelkaj lignaj arkitekturaj modeloj.\"},{\"@type\":\"WebSite\",\"@id\":\"https:\\\/\\\/museoomero.it\\\/eo\\\/#website\",\"url\":\"https:\\\/\\\/museoomero.it\\\/eo\\\/\",\"name\":\"Museo Omero\",\"description\":\"Museo Tattile Statale\",\"publisher\":{\"@id\":\"https:\\\/\\\/museoomero.it\\\/eo\\\/#organization\"},\"potentialAction\":[{\"@type\":\"SearchAction\",\"target\":{\"@type\":\"EntryPoint\",\"urlTemplate\":\"https:\\\/\\\/museoomero.it\\\/eo\\\/?s={search_term_string}\"},\"query-input\":{\"@type\":\"PropertyValueSpecification\",\"valueRequired\":true,\"valueName\":\"search_term_string\"}}],\"inLanguage\":\"eo-UY\"},{\"@type\":\"Organization\",\"@id\":\"https:\\\/\\\/museoomero.it\\\/eo\\\/#organization\",\"name\":\"Museo Omero\",\"url\":\"https:\\\/\\\/museoomero.it\\\/eo\\\/\",\"logo\":{\"@type\":\"ImageObject\",\"inLanguage\":\"eo-UY\",\"@id\":\"https:\\\/\\\/museoomero.it\\\/eo\\\/#\\\/schema\\\/logo\\\/image\\\/\",\"url\":\"https:\\\/\\\/museoomero.it\\\/wp-content\\\/uploads\\\/2019\\\/12\\\/logo_museoomero_nomibact.png\",\"contentUrl\":\"https:\\\/\\\/museoomero.it\\\/wp-content\\\/uploads\\\/2019\\\/12\\\/logo_museoomero_nomibact.png\",\"width\":400,\"height\":127,\"caption\":\"Museo Omero\"},\"image\":{\"@id\":\"https:\\\/\\\/museoomero.it\\\/eo\\\/#\\\/schema\\\/logo\\\/image\\\/\"}}]}<\/script>\n<!-- \/ Yoast SEO plugin. -->","yoast_head_json":{"title":"Servoj - Museo Omero","robots":{"index":"index","follow":"follow","max-snippet":"max-snippet:-1","max-image-preview":"max-image-preview:large","max-video-preview":"max-video-preview:-1"},"canonical":"https:\/\/museoomero.it\/eo\/servoj\/","og_locale":"eo_EO","og_type":"article","og_title":"Servoj - Museo Omero","og_description":"La Muzeo Omero ofertas multajn servojn al institucioj, organizoj kaj al la \u011denerala publiko: trejnadojn kaj \u011disdatigajn kursojn pri alireblo al arto, konsilojn kaj realigon de produktoj por inkluzivaj aran\u011doj kaj vojoj. La Muzeo anka\u016d akceptas diplomi\u011dontojn kaj fre\u015ddiplomitojn por praktikoj kaj partoprenas en la projektoj de la Universala Civila Servo. La Muzeo disponas pri [...] Continua a leggere: Servoj","og_url":"https:\/\/museoomero.it\/eo\/servoj\/","og_site_name":"Museo Omero","article_modified_time":"2025-09-11T15:06:24+00:00","og_image":[{"width":1200,"height":802,"url":"https:\/\/museoomero.it\/wp-content\/uploads\/2025\/02\/servoj-1.jpg","type":"image\/jpeg"}],"twitter_card":"summary_large_image","twitter_misc":{"Est. reading time":"1 minute"},"schema":{"@context":"https:\/\/schema.org","@graph":[{"@type":"WebPage","@id":"https:\/\/museoomero.it\/eo\/servoj\/","url":"https:\/\/museoomero.it\/eo\/servoj\/","name":"Servoj - Museo Omero","isPartOf":{"@id":"https:\/\/museoomero.it\/eo\/#website"},"primaryImageOfPage":{"@id":"https:\/\/museoomero.it\/eo\/servoj\/#primaryimage"},"image":{"@id":"https:\/\/museoomero.it\/eo\/servoj\/#primaryimage"},"thumbnailUrl":"https:\/\/museoomero.it\/wp-content\/uploads\/2025\/02\/servoj-1.jpg","datePublished":"2020-10-28T13:51:24+00:00","dateModified":"2025-09-11T15:06:24+00:00","inLanguage":"eo-UY","potentialAction":[{"@type":"ReadAction","target":["https:\/\/museoomero.it\/eo\/servoj\/"]}]},{"@type":"ImageObject","inLanguage":"eo-UY","@id":"https:\/\/museoomero.it\/eo\/servoj\/#primaryimage","url":"https:\/\/museoomero.it\/wp-content\/uploads\/2025\/02\/servoj-1.jpg","contentUrl":"https:\/\/museoomero.it\/wp-content\/uploads\/2025\/02\/servoj-1.jpg","width":1200,"height":802,"caption":"Du manoj tu\u015das surskribon por legi brajlon. En la fono videblas anka\u016d kelkaj lignaj arkitekturaj modeloj."},{"@type":"WebSite","@id":"https:\/\/museoomero.it\/eo\/#website","url":"https:\/\/museoomero.it\/eo\/","name":"Museo Omero","description":"Museo Tattile Statale","publisher":{"@id":"https:\/\/museoomero.it\/eo\/#organization"},"potentialAction":[{"@type":"SearchAction","target":{"@type":"EntryPoint","urlTemplate":"https:\/\/museoomero.it\/eo\/?s={search_term_string}"},"query-input":{"@type":"PropertyValueSpecification","valueRequired":true,"valueName":"search_term_string"}}],"inLanguage":"eo-UY"},{"@type":"Organization","@id":"https:\/\/museoomero.it\/eo\/#organization","name":"Museo Omero","url":"https:\/\/museoomero.it\/eo\/","logo":{"@type":"ImageObject","inLanguage":"eo-UY","@id":"https:\/\/museoomero.it\/eo\/#\/schema\/logo\/image\/","url":"https:\/\/museoomero.it\/wp-content\/uploads\/2019\/12\/logo_museoomero_nomibact.png","contentUrl":"https:\/\/museoomero.it\/wp-content\/uploads\/2019\/12\/logo_museoomero_nomibact.png","width":400,"height":127,"caption":"Museo Omero"},"image":{"@id":"https:\/\/museoomero.it\/eo\/#\/schema\/logo\/image\/"}}]}},"jetpack_sharing_enabled":true,"_links":{"self":[{"href":"https:\/\/museoomero.it\/eo\/wp-json\/wp\/v2\/pages\/14582","targetHints":{"allow":["GET"]}}],"collection":[{"href":"https:\/\/museoomero.it\/eo\/wp-json\/wp\/v2\/pages"}],"about":[{"href":"https:\/\/museoomero.it\/eo\/wp-json\/wp\/v2\/types\/page"}],"author":[{"embeddable":true,"href":"https:\/\/museoomero.it\/eo\/wp-json\/wp\/v2\/users\/2"}],"replies":[{"embeddable":true,"href":"https:\/\/museoomero.it\/eo\/wp-json\/wp\/v2\/comments?post=14582"}],"version-history":[{"count":3,"href":"https:\/\/museoomero.it\/eo\/wp-json\/wp\/v2\/pages\/14582\/revisions"}],"predecessor-version":[{"id":38800,"href":"https:\/\/museoomero.it\/eo\/wp-json\/wp\/v2\/pages\/14582\/revisions\/38800"}],"wp:featuredmedia":[{"embeddable":true,"href":"https:\/\/museoomero.it\/eo\/wp-json\/wp\/v2\/media\/36069"}],"wp:attachment":[{"href":"https:\/\/museoomero.it\/eo\/wp-json\/wp\/v2\/media?parent=14582"}],"curies":[{"name":"wp","href":"https:\/\/api.w.org\/{rel}","templated":true}]}}