{"id":14628,"date":"2020-10-29T09:11:36","date_gmt":"2020-10-29T08:11:36","guid":{"rendered":"http:\/\/nuovosito.museoomero.it\/?page_id=14628"},"modified":"2026-04-15T08:37:08","modified_gmt":"2026-04-15T06:37:08","slug":"eldonajoj","status":"publish","type":"page","link":"https:\/\/museoomero.it\/eo\/media\/eldonajoj\/","title":{"rendered":"Eldona\u0135oj"},"content":{"rendered":"\n<p>En nia <a href=\"https:\/\/museoomero.it\/eo\/acetejo\/\">reta vendejo<\/a> vi povas a\u0109eti la presitajn publikiga\u0135ojn haveblajn en la Librovendejo: ekspozicia katalogoj, eseoj pri la rilato inter arto kaj palpeblo, la &#8220;Dispensoj&#8221; de la Muzeo Omero por pliprofundigi la temon de alireblo al la muzeaj hava\u0135oj kaj pri arta edukado por homoj kun vida handikapo, kaj alia interesa materialo.<\/p>\n\n\n\n<p>La membroj de la jenaj institucioj a\u016d asocioj rajtas je rabato <strong>de 20 % \u0109e la Librovendejo<\/strong> (krom por libroj vendataj konsigne):<\/p>\n\n\n\n<ul class=\"wp-block-list\">\n<li><a href=\"https:\/\/club.aci.it\/syc_convenzione\/museo-tattile-statale-omero\/\">ACI &#8211; Automobile Club d&#8217;Italia<\/a>: membroj de ACI kaj ACI Storico krome havas ekskluzivan rajton ricevi senpagan katalogon la\u016d elekto inter &#8220;Francesco Messina, Cent skulpta\u0135oj 1920-1994&#8221; a\u016d &#8220;Manz\u00f9: La aventuro de Uliso&#8221;;<\/li>\n\n\n\n<li>Artsupp Card;<\/li>\n\n\n\n<li><a href=\"https:\/\/www.coopalleanza3-0.it\/soci\/convenzioni-socio-coop\/dettaglio-convenzione\/2711-museo-tattile-statale-omero.html\">Coop 3.0<\/a>;<\/li>\n\n\n\n<li><a href=\"https:\/\/www.icom-italia.org\/soci\/\">Icom<\/a>;<\/li>\n\n\n\n<li><a href=\"https:\/\/www.touringclub.it\/cosa-puoi-fare-tu\/convenzionati\/convenzioni-e-offerte?subtype=museum_monument%20OR%20monumental_build%20OR%20nature%20OR%20church\">Touring Club Italiano<\/a>;<\/li>\n\n\n\n<li><a href=\"https:\/\/www.comune.ancona.it\/it\/news\/ancona-lancia-la-nuova-university-card-per-gli-studenti\">University Card Comune di Ancona<\/a>, UnivPM.<\/li>\n<\/ul>\n","protected":false},"excerpt":{"rendered":"<p>En nia reta vendejo vi povas a\u0109eti la presitajn publikiga\u0135ojn haveblajn en la Librovendejo: ekspozicia katalogoj, eseoj pri la rilato inter arto kaj palpeblo, la &#8220;Dispensoj&#8221; de la Muzeo Omero por pliprofundigi la temon de alireblo al la muzeaj hava\u0135oj kaj pri arta edukado por homoj kun vida handikapo, kaj alia interesa materialo. La membroj [&#8230;] <span class=\"sr-only\"><a href=\"https:\/\/museoomero.it\/eo\/media\/eldonajoj\/\">Continua a leggere: Eldona\u0135oj<\/a><\/span><\/p>\n","protected":false},"author":2,"featured_media":41780,"parent":38788,"menu_order":2,"comment_status":"closed","ping_status":"closed","template":"","meta":{"_acf_changed":false,"footnotes":""},"class_list":["post-14628","page","type-page","status-publish","has-post-thumbnail","hentry"],"acf":[],"yoast_head":"<!-- This site is optimized with the Yoast SEO plugin v27.4 - https:\/\/yoast.com\/product\/yoast-seo-wordpress\/ -->\n<title>Eldona\u0135oj - Museo Omero<\/title>\n<meta name=\"description\" content=\"Aisthesis, conoscere l&#039;arte con tutti i sensi (Aisthesis, koni arton per \u0109iuj sensoj and reta vendejo.\" \/>\n<meta name=\"robots\" content=\"index, follow, max-snippet:-1, max-image-preview:large, max-video-preview:-1\" \/>\n<link rel=\"canonical\" href=\"https:\/\/museoomero.it\/eo\/media\/eldonajoj\/\" \/>\n<meta property=\"og:locale\" content=\"eo_EO\" \/>\n<meta property=\"og:type\" content=\"article\" \/>\n<meta property=\"og:title\" content=\"Eldona\u0135oj - Museo Omero\" \/>\n<meta property=\"og:description\" content=\"Aisthesis, conoscere l&#039;arte con tutti i sensi (Aisthesis, koni arton per \u0109iuj sensoj and reta vendejo.\" \/>\n<meta property=\"og:url\" content=\"https:\/\/museoomero.it\/eo\/media\/eldonajoj\/\" \/>\n<meta property=\"og:site_name\" content=\"Museo Omero\" \/>\n<meta property=\"article:modified_time\" content=\"2026-04-15T06:37:08+00:00\" \/>\n<meta property=\"og:image\" content=\"https:\/\/museoomero.it\/wp-content\/uploads\/2026\/03\/servizi-Pubblicazioni-2026.jpg\" \/>\n\t<meta property=\"og:image:width\" content=\"600\" \/>\n\t<meta property=\"og:image:height\" content=\"401\" \/>\n\t<meta property=\"og:image:type\" content=\"image\/jpeg\" \/>\n<meta name=\"twitter:card\" content=\"summary_large_image\" \/>\n<meta name=\"twitter:label1\" content=\"Est. reading time\" \/>\n\t<meta name=\"twitter:data1\" content=\"1 minute\" \/>\n<script type=\"application\/ld+json\" class=\"yoast-schema-graph\">{\"@context\":\"https:\\\/\\\/schema.org\",\"@graph\":[{\"@type\":\"WebPage\",\"@id\":\"https:\\\/\\\/museoomero.it\\\/eo\\\/media\\\/eldonajoj\\\/\",\"url\":\"https:\\\/\\\/museoomero.it\\\/eo\\\/media\\\/eldonajoj\\\/\",\"name\":\"Eldona\u0135oj - Museo Omero\",\"isPartOf\":{\"@id\":\"https:\\\/\\\/museoomero.it\\\/eo\\\/#website\"},\"primaryImageOfPage\":{\"@id\":\"https:\\\/\\\/museoomero.it\\\/eo\\\/media\\\/eldonajoj\\\/#primaryimage\"},\"image\":{\"@id\":\"https:\\\/\\\/museoomero.it\\\/eo\\\/media\\\/eldonajoj\\\/#primaryimage\"},\"thumbnailUrl\":\"https:\\\/\\\/museoomero.it\\\/wp-content\\\/uploads\\\/2026\\\/03\\\/servizi-Pubblicazioni-2026.jpg\",\"datePublished\":\"2020-10-29T08:11:36+00:00\",\"dateModified\":\"2026-04-15T06:37:08+00:00\",\"description\":\"Aisthesis, conoscere l'arte con tutti i sensi (Aisthesis, koni arton per \u0109iuj sensoj and reta vendejo.\",\"breadcrumb\":{\"@id\":\"https:\\\/\\\/museoomero.it\\\/eo\\\/media\\\/eldonajoj\\\/#breadcrumb\"},\"inLanguage\":\"eo-UY\",\"potentialAction\":[{\"@type\":\"ReadAction\",\"target\":[\"https:\\\/\\\/museoomero.it\\\/eo\\\/media\\\/eldonajoj\\\/\"]}]},{\"@type\":\"ImageObject\",\"inLanguage\":\"eo-UY\",\"@id\":\"https:\\\/\\\/museoomero.it\\\/eo\\\/media\\\/eldonajoj\\\/#primaryimage\",\"url\":\"https:\\\/\\\/museoomero.it\\\/wp-content\\\/uploads\\\/2026\\\/03\\\/servizi-Pubblicazioni-2026.jpg\",\"contentUrl\":\"https:\\\/\\\/museoomero.it\\\/wp-content\\\/uploads\\\/2026\\\/03\\\/servizi-Pubblicazioni-2026.jpg\",\"width\":600,\"height\":401,\"caption\":\"bookshop con i cataloghi delle mostre del museo omero\"},{\"@type\":\"BreadcrumbList\",\"@id\":\"https:\\\/\\\/museoomero.it\\\/eo\\\/media\\\/eldonajoj\\\/#breadcrumb\",\"itemListElement\":[{\"@type\":\"ListItem\",\"position\":1,\"name\":\"Medioj\",\"item\":\"https:\\\/\\\/museoomero.it\\\/eo\\\/media\\\/\"},{\"@type\":\"ListItem\",\"position\":2,\"name\":\"Eldona\u0135oj\"}]},{\"@type\":\"WebSite\",\"@id\":\"https:\\\/\\\/museoomero.it\\\/eo\\\/#website\",\"url\":\"https:\\\/\\\/museoomero.it\\\/eo\\\/\",\"name\":\"Museo Omero\",\"description\":\"Museo Tattile Statale\",\"publisher\":{\"@id\":\"https:\\\/\\\/museoomero.it\\\/eo\\\/#organization\"},\"potentialAction\":[{\"@type\":\"SearchAction\",\"target\":{\"@type\":\"EntryPoint\",\"urlTemplate\":\"https:\\\/\\\/museoomero.it\\\/eo\\\/?s={search_term_string}\"},\"query-input\":{\"@type\":\"PropertyValueSpecification\",\"valueRequired\":true,\"valueName\":\"search_term_string\"}}],\"inLanguage\":\"eo-UY\"},{\"@type\":\"Organization\",\"@id\":\"https:\\\/\\\/museoomero.it\\\/eo\\\/#organization\",\"name\":\"Museo Omero\",\"url\":\"https:\\\/\\\/museoomero.it\\\/eo\\\/\",\"logo\":{\"@type\":\"ImageObject\",\"inLanguage\":\"eo-UY\",\"@id\":\"https:\\\/\\\/museoomero.it\\\/eo\\\/#\\\/schema\\\/logo\\\/image\\\/\",\"url\":\"https:\\\/\\\/museoomero.it\\\/wp-content\\\/uploads\\\/2019\\\/12\\\/logo_museoomero_nomibact.png\",\"contentUrl\":\"https:\\\/\\\/museoomero.it\\\/wp-content\\\/uploads\\\/2019\\\/12\\\/logo_museoomero_nomibact.png\",\"width\":400,\"height\":127,\"caption\":\"Museo Omero\"},\"image\":{\"@id\":\"https:\\\/\\\/museoomero.it\\\/eo\\\/#\\\/schema\\\/logo\\\/image\\\/\"}}]}<\/script>\n<!-- \/ Yoast SEO plugin. -->","yoast_head_json":{"title":"Eldona\u0135oj - Museo Omero","description":"Aisthesis, conoscere l'arte con tutti i sensi (Aisthesis, koni arton per \u0109iuj sensoj and reta vendejo.","robots":{"index":"index","follow":"follow","max-snippet":"max-snippet:-1","max-image-preview":"max-image-preview:large","max-video-preview":"max-video-preview:-1"},"canonical":"https:\/\/museoomero.it\/eo\/media\/eldonajoj\/","og_locale":"eo_EO","og_type":"article","og_title":"Eldona\u0135oj - Museo Omero","og_description":"Aisthesis, conoscere l'arte con tutti i sensi (Aisthesis, koni arton per \u0109iuj sensoj and reta vendejo.","og_url":"https:\/\/museoomero.it\/eo\/media\/eldonajoj\/","og_site_name":"Museo Omero","article_modified_time":"2026-04-15T06:37:08+00:00","og_image":[{"width":600,"height":401,"url":"https:\/\/museoomero.it\/wp-content\/uploads\/2026\/03\/servizi-Pubblicazioni-2026.jpg","type":"image\/jpeg"}],"twitter_card":"summary_large_image","twitter_misc":{"Est. reading time":"1 minute"},"schema":{"@context":"https:\/\/schema.org","@graph":[{"@type":"WebPage","@id":"https:\/\/museoomero.it\/eo\/media\/eldonajoj\/","url":"https:\/\/museoomero.it\/eo\/media\/eldonajoj\/","name":"Eldona\u0135oj - Museo Omero","isPartOf":{"@id":"https:\/\/museoomero.it\/eo\/#website"},"primaryImageOfPage":{"@id":"https:\/\/museoomero.it\/eo\/media\/eldonajoj\/#primaryimage"},"image":{"@id":"https:\/\/museoomero.it\/eo\/media\/eldonajoj\/#primaryimage"},"thumbnailUrl":"https:\/\/museoomero.it\/wp-content\/uploads\/2026\/03\/servizi-Pubblicazioni-2026.jpg","datePublished":"2020-10-29T08:11:36+00:00","dateModified":"2026-04-15T06:37:08+00:00","description":"Aisthesis, conoscere l'arte con tutti i sensi (Aisthesis, koni arton per \u0109iuj sensoj and reta vendejo.","breadcrumb":{"@id":"https:\/\/museoomero.it\/eo\/media\/eldonajoj\/#breadcrumb"},"inLanguage":"eo-UY","potentialAction":[{"@type":"ReadAction","target":["https:\/\/museoomero.it\/eo\/media\/eldonajoj\/"]}]},{"@type":"ImageObject","inLanguage":"eo-UY","@id":"https:\/\/museoomero.it\/eo\/media\/eldonajoj\/#primaryimage","url":"https:\/\/museoomero.it\/wp-content\/uploads\/2026\/03\/servizi-Pubblicazioni-2026.jpg","contentUrl":"https:\/\/museoomero.it\/wp-content\/uploads\/2026\/03\/servizi-Pubblicazioni-2026.jpg","width":600,"height":401,"caption":"bookshop con i cataloghi delle mostre del museo omero"},{"@type":"BreadcrumbList","@id":"https:\/\/museoomero.it\/eo\/media\/eldonajoj\/#breadcrumb","itemListElement":[{"@type":"ListItem","position":1,"name":"Medioj","item":"https:\/\/museoomero.it\/eo\/media\/"},{"@type":"ListItem","position":2,"name":"Eldona\u0135oj"}]},{"@type":"WebSite","@id":"https:\/\/museoomero.it\/eo\/#website","url":"https:\/\/museoomero.it\/eo\/","name":"Museo Omero","description":"Museo Tattile Statale","publisher":{"@id":"https:\/\/museoomero.it\/eo\/#organization"},"potentialAction":[{"@type":"SearchAction","target":{"@type":"EntryPoint","urlTemplate":"https:\/\/museoomero.it\/eo\/?s={search_term_string}"},"query-input":{"@type":"PropertyValueSpecification","valueRequired":true,"valueName":"search_term_string"}}],"inLanguage":"eo-UY"},{"@type":"Organization","@id":"https:\/\/museoomero.it\/eo\/#organization","name":"Museo Omero","url":"https:\/\/museoomero.it\/eo\/","logo":{"@type":"ImageObject","inLanguage":"eo-UY","@id":"https:\/\/museoomero.it\/eo\/#\/schema\/logo\/image\/","url":"https:\/\/museoomero.it\/wp-content\/uploads\/2019\/12\/logo_museoomero_nomibact.png","contentUrl":"https:\/\/museoomero.it\/wp-content\/uploads\/2019\/12\/logo_museoomero_nomibact.png","width":400,"height":127,"caption":"Museo Omero"},"image":{"@id":"https:\/\/museoomero.it\/eo\/#\/schema\/logo\/image\/"}}]}},"jetpack_sharing_enabled":true,"_links":{"self":[{"href":"https:\/\/museoomero.it\/eo\/wp-json\/wp\/v2\/pages\/14628","targetHints":{"allow":["GET"]}}],"collection":[{"href":"https:\/\/museoomero.it\/eo\/wp-json\/wp\/v2\/pages"}],"about":[{"href":"https:\/\/museoomero.it\/eo\/wp-json\/wp\/v2\/types\/page"}],"author":[{"embeddable":true,"href":"https:\/\/museoomero.it\/eo\/wp-json\/wp\/v2\/users\/2"}],"replies":[{"embeddable":true,"href":"https:\/\/museoomero.it\/eo\/wp-json\/wp\/v2\/comments?post=14628"}],"version-history":[{"count":16,"href":"https:\/\/museoomero.it\/eo\/wp-json\/wp\/v2\/pages\/14628\/revisions"}],"predecessor-version":[{"id":42199,"href":"https:\/\/museoomero.it\/eo\/wp-json\/wp\/v2\/pages\/14628\/revisions\/42199"}],"up":[{"embeddable":true,"href":"https:\/\/museoomero.it\/eo\/wp-json\/wp\/v2\/pages\/38788"}],"wp:featuredmedia":[{"embeddable":true,"href":"https:\/\/museoomero.it\/eo\/wp-json\/wp\/v2\/media\/41780"}],"wp:attachment":[{"href":"https:\/\/museoomero.it\/eo\/wp-json\/wp\/v2\/media?parent=14628"}],"curies":[{"name":"wp","href":"https:\/\/api.w.org\/{rel}","templated":true}]}}