{"id":14631,"date":"2020-10-29T09:28:34","date_gmt":"2020-10-29T08:28:34","guid":{"rendered":"http:\/\/nuovosito.museoomero.it\/?page_id=14631"},"modified":"2025-09-15T10:07:45","modified_gmt":"2025-09-15T08:07:45","slug":"revuo-aisthesis-malkovri-arton-per-ciuj-sensoj","status":"publish","type":"page","link":"https:\/\/museoomero.it\/eo\/media\/revuo-aisthesis-malkovri-arton-per-ciuj-sensoj\/","title":{"rendered":"Revuo Aisthesis"},"content":{"rendered":"\n<p><strong>Sona kaj interreta revuo de la \u015ctata Palpsenta Muzeo Homero<\/strong>.<\/p>\n\n\n\n<p>Naski\u011dinte en Decembro 2014, <strong>&#8220;Aisthesis<\/strong>, <strong>malkovri arton per \u0109iuj sensoj&#8221; <\/strong>la sona kaj interreta revuo de Muzeo Homero, estas la rimedo per kiu oni traktas kun kvarmonata kadenco la<strong> temon de perceptado<\/strong> vastasence konsiderata en \u011diaj aspektoj filozofia, scienca, psikologia sed anka\u016d teknika.<\/p>\n\n\n\n<p>La revuo vekis tuj grandan interesi\u011don en la publiko, \u0109ar \u011di utilas por konigi kaj profundigi temojn rilatajn al arto kaj plursenseco, speciale priatentante palpsentan perceptadon.<\/p>\n\n\n\n<p>La projekto, eldonita de <strong>Associazione Tattile Statale Omero ODV-ETS<\/strong> \u011duas kunlaboron de eminentaj fakuloj, kiuj kontribuas al ri\u0109igo de la enhavo de la revuo, kiu estas anka\u016d <strong>tradukita <\/strong>al la <strong>angla lingvo de Lorenzo Bontempi <\/strong>kaj al la <strong>hispana de Elisabetta Paolozzi<\/strong>. Anta\u016daj tradukistoj de la revuo \u011dis numero 23: Simon Jarvis por la angla kaj Pedro Zurita por la hispana.<br>En pasintaj jaroj pluraj homoj donis sian vo\u0109on por la sonregistrigo de la revuo. Lastatempe pri la registrado zorgas <strong>Luca Violini<\/strong>.<\/p>\n\n\n\n<p>La artikolojn oni povas \u011dui legante ilian tekston en la retejo, a\u016dskultante tie <strong>la version en mp3<\/strong> a\u016d el\u015dutante la tutan <strong>revuon pdf-formate<\/strong>.<\/p>\n\n\n\n<p><strong>Redakta kaj direkta sidejo:<\/strong><br>Museo Tattile Statale Omero &#8211; Mole Vanvitelliana<br>Banchina da Chio 28 &#8211; Ancona.<br><strong>Eldonanto<\/strong>: Associazione Per il Museo Tattile Statale Omero ODV-ETS.<br><strong>Direktoro<\/strong>: Aldo Grassini.<br><strong>Respondeca direktorino<\/strong>: Gabriella Papini.<br><strong>Redakcio<\/strong>: Monica Bernacchia, Andrea S\u00f2crati, Annalisa Trasatti, Massimiliano Trubbiani, Alessia Varricchio.<br><strong>Vo\u0109o<\/strong>: Luca Violini.<br>La sona lumdisko de la revuo estas sendata al nevidantoj kaj malfortevidantoj: \u011di estas la\u016dpete disponebla.<\/p>\n","protected":false},"excerpt":{"rendered":"<p>Sona kaj interreta revuo de la \u015ctata Palpsenta Muzeo Homero. Naski\u011dinte en Decembro 2014, &#8220;Aisthesis, malkovri arton per \u0109iuj sensoj&#8221; la sona kaj interreta revuo de Muzeo Homero, estas la rimedo per kiu oni traktas kun kvarmonata kadenco la temon de perceptado vastasence konsiderata en \u011diaj aspektoj filozofia, scienca, psikologia sed anka\u016d teknika. La revuo [&#8230;] <span class=\"sr-only\"><a href=\"https:\/\/museoomero.it\/eo\/media\/revuo-aisthesis-malkovri-arton-per-ciuj-sensoj\/\">Continua a leggere: Revuo Aisthesis<\/a><\/span><\/p>\n","protected":false},"author":2,"featured_media":0,"parent":38788,"menu_order":1,"comment_status":"closed","ping_status":"closed","template":"","meta":{"_acf_changed":false,"footnotes":""},"class_list":["post-14631","page","type-page","status-publish","hentry"],"acf":[],"yoast_head":"<!-- This site is optimized with the Yoast SEO plugin v27.4 - https:\/\/yoast.com\/product\/yoast-seo-wordpress\/ -->\n<title>Revuo Aisthesis - Museo Omero<\/title>\n<meta name=\"robots\" content=\"index, follow, max-snippet:-1, max-image-preview:large, max-video-preview:-1\" \/>\n<link rel=\"canonical\" href=\"https:\/\/museoomero.it\/eo\/media\/revuo-aisthesis-malkovri-arton-per-ciuj-sensoj\/\" \/>\n<meta property=\"og:locale\" content=\"eo_EO\" \/>\n<meta property=\"og:type\" content=\"article\" \/>\n<meta property=\"og:title\" content=\"Revuo Aisthesis - Museo Omero\" \/>\n<meta property=\"og:description\" content=\"Sona kaj interreta revuo de la \u015ctata Palpsenta Muzeo Homero. Naski\u011dinte en Decembro 2014, &#8220;Aisthesis, malkovri arton per \u0109iuj sensoj&#8221; la sona kaj interreta revuo de Muzeo Homero, estas la rimedo per kiu oni traktas kun kvarmonata kadenco la temon de perceptado vastasence konsiderata en \u011diaj aspektoj filozofia, scienca, psikologia sed anka\u016d teknika. La revuo [...] Continua a leggere: Revuo Aisthesis\" \/>\n<meta property=\"og:url\" content=\"https:\/\/museoomero.it\/eo\/media\/revuo-aisthesis-malkovri-arton-per-ciuj-sensoj\/\" \/>\n<meta property=\"og:site_name\" content=\"Museo Omero\" \/>\n<meta property=\"article:modified_time\" content=\"2025-09-15T08:07:45+00:00\" \/>\n<meta name=\"twitter:card\" content=\"summary_large_image\" \/>\n<meta name=\"twitter:label1\" content=\"Est. reading time\" \/>\n\t<meta name=\"twitter:data1\" content=\"2 minutes\" \/>\n<script type=\"application\/ld+json\" class=\"yoast-schema-graph\">{\"@context\":\"https:\\\/\\\/schema.org\",\"@graph\":[{\"@type\":\"WebPage\",\"@id\":\"https:\\\/\\\/museoomero.it\\\/eo\\\/media\\\/revuo-aisthesis-malkovri-arton-per-ciuj-sensoj\\\/\",\"url\":\"https:\\\/\\\/museoomero.it\\\/eo\\\/media\\\/revuo-aisthesis-malkovri-arton-per-ciuj-sensoj\\\/\",\"name\":\"Revuo Aisthesis - Museo Omero\",\"isPartOf\":{\"@id\":\"https:\\\/\\\/museoomero.it\\\/eo\\\/#website\"},\"datePublished\":\"2020-10-29T08:28:34+00:00\",\"dateModified\":\"2025-09-15T08:07:45+00:00\",\"breadcrumb\":{\"@id\":\"https:\\\/\\\/museoomero.it\\\/eo\\\/media\\\/revuo-aisthesis-malkovri-arton-per-ciuj-sensoj\\\/#breadcrumb\"},\"inLanguage\":\"eo-UY\",\"potentialAction\":[{\"@type\":\"ReadAction\",\"target\":[\"https:\\\/\\\/museoomero.it\\\/eo\\\/media\\\/revuo-aisthesis-malkovri-arton-per-ciuj-sensoj\\\/\"]}]},{\"@type\":\"BreadcrumbList\",\"@id\":\"https:\\\/\\\/museoomero.it\\\/eo\\\/media\\\/revuo-aisthesis-malkovri-arton-per-ciuj-sensoj\\\/#breadcrumb\",\"itemListElement\":[{\"@type\":\"ListItem\",\"position\":1,\"name\":\"Medioj\",\"item\":\"https:\\\/\\\/museoomero.it\\\/eo\\\/media\\\/\"},{\"@type\":\"ListItem\",\"position\":2,\"name\":\"Revuo Aisthesis\"}]},{\"@type\":\"WebSite\",\"@id\":\"https:\\\/\\\/museoomero.it\\\/eo\\\/#website\",\"url\":\"https:\\\/\\\/museoomero.it\\\/eo\\\/\",\"name\":\"Museo Omero\",\"description\":\"Museo Tattile Statale\",\"publisher\":{\"@id\":\"https:\\\/\\\/museoomero.it\\\/eo\\\/#organization\"},\"potentialAction\":[{\"@type\":\"SearchAction\",\"target\":{\"@type\":\"EntryPoint\",\"urlTemplate\":\"https:\\\/\\\/museoomero.it\\\/eo\\\/?s={search_term_string}\"},\"query-input\":{\"@type\":\"PropertyValueSpecification\",\"valueRequired\":true,\"valueName\":\"search_term_string\"}}],\"inLanguage\":\"eo-UY\"},{\"@type\":\"Organization\",\"@id\":\"https:\\\/\\\/museoomero.it\\\/eo\\\/#organization\",\"name\":\"Museo Omero\",\"url\":\"https:\\\/\\\/museoomero.it\\\/eo\\\/\",\"logo\":{\"@type\":\"ImageObject\",\"inLanguage\":\"eo-UY\",\"@id\":\"https:\\\/\\\/museoomero.it\\\/eo\\\/#\\\/schema\\\/logo\\\/image\\\/\",\"url\":\"https:\\\/\\\/museoomero.it\\\/wp-content\\\/uploads\\\/2019\\\/12\\\/logo_museoomero_nomibact.png\",\"contentUrl\":\"https:\\\/\\\/museoomero.it\\\/wp-content\\\/uploads\\\/2019\\\/12\\\/logo_museoomero_nomibact.png\",\"width\":400,\"height\":127,\"caption\":\"Museo Omero\"},\"image\":{\"@id\":\"https:\\\/\\\/museoomero.it\\\/eo\\\/#\\\/schema\\\/logo\\\/image\\\/\"}}]}<\/script>\n<!-- \/ Yoast SEO plugin. -->","yoast_head_json":{"title":"Revuo Aisthesis - Museo Omero","robots":{"index":"index","follow":"follow","max-snippet":"max-snippet:-1","max-image-preview":"max-image-preview:large","max-video-preview":"max-video-preview:-1"},"canonical":"https:\/\/museoomero.it\/eo\/media\/revuo-aisthesis-malkovri-arton-per-ciuj-sensoj\/","og_locale":"eo_EO","og_type":"article","og_title":"Revuo Aisthesis - Museo Omero","og_description":"Sona kaj interreta revuo de la \u015ctata Palpsenta Muzeo Homero. Naski\u011dinte en Decembro 2014, &#8220;Aisthesis, malkovri arton per \u0109iuj sensoj&#8221; la sona kaj interreta revuo de Muzeo Homero, estas la rimedo per kiu oni traktas kun kvarmonata kadenco la temon de perceptado vastasence konsiderata en \u011diaj aspektoj filozofia, scienca, psikologia sed anka\u016d teknika. La revuo [...] Continua a leggere: Revuo Aisthesis","og_url":"https:\/\/museoomero.it\/eo\/media\/revuo-aisthesis-malkovri-arton-per-ciuj-sensoj\/","og_site_name":"Museo Omero","article_modified_time":"2025-09-15T08:07:45+00:00","twitter_card":"summary_large_image","twitter_misc":{"Est. reading time":"2 minutes"},"schema":{"@context":"https:\/\/schema.org","@graph":[{"@type":"WebPage","@id":"https:\/\/museoomero.it\/eo\/media\/revuo-aisthesis-malkovri-arton-per-ciuj-sensoj\/","url":"https:\/\/museoomero.it\/eo\/media\/revuo-aisthesis-malkovri-arton-per-ciuj-sensoj\/","name":"Revuo Aisthesis - Museo Omero","isPartOf":{"@id":"https:\/\/museoomero.it\/eo\/#website"},"datePublished":"2020-10-29T08:28:34+00:00","dateModified":"2025-09-15T08:07:45+00:00","breadcrumb":{"@id":"https:\/\/museoomero.it\/eo\/media\/revuo-aisthesis-malkovri-arton-per-ciuj-sensoj\/#breadcrumb"},"inLanguage":"eo-UY","potentialAction":[{"@type":"ReadAction","target":["https:\/\/museoomero.it\/eo\/media\/revuo-aisthesis-malkovri-arton-per-ciuj-sensoj\/"]}]},{"@type":"BreadcrumbList","@id":"https:\/\/museoomero.it\/eo\/media\/revuo-aisthesis-malkovri-arton-per-ciuj-sensoj\/#breadcrumb","itemListElement":[{"@type":"ListItem","position":1,"name":"Medioj","item":"https:\/\/museoomero.it\/eo\/media\/"},{"@type":"ListItem","position":2,"name":"Revuo Aisthesis"}]},{"@type":"WebSite","@id":"https:\/\/museoomero.it\/eo\/#website","url":"https:\/\/museoomero.it\/eo\/","name":"Museo Omero","description":"Museo Tattile Statale","publisher":{"@id":"https:\/\/museoomero.it\/eo\/#organization"},"potentialAction":[{"@type":"SearchAction","target":{"@type":"EntryPoint","urlTemplate":"https:\/\/museoomero.it\/eo\/?s={search_term_string}"},"query-input":{"@type":"PropertyValueSpecification","valueRequired":true,"valueName":"search_term_string"}}],"inLanguage":"eo-UY"},{"@type":"Organization","@id":"https:\/\/museoomero.it\/eo\/#organization","name":"Museo Omero","url":"https:\/\/museoomero.it\/eo\/","logo":{"@type":"ImageObject","inLanguage":"eo-UY","@id":"https:\/\/museoomero.it\/eo\/#\/schema\/logo\/image\/","url":"https:\/\/museoomero.it\/wp-content\/uploads\/2019\/12\/logo_museoomero_nomibact.png","contentUrl":"https:\/\/museoomero.it\/wp-content\/uploads\/2019\/12\/logo_museoomero_nomibact.png","width":400,"height":127,"caption":"Museo Omero"},"image":{"@id":"https:\/\/museoomero.it\/eo\/#\/schema\/logo\/image\/"}}]}},"jetpack_sharing_enabled":true,"_links":{"self":[{"href":"https:\/\/museoomero.it\/eo\/wp-json\/wp\/v2\/pages\/14631","targetHints":{"allow":["GET"]}}],"collection":[{"href":"https:\/\/museoomero.it\/eo\/wp-json\/wp\/v2\/pages"}],"about":[{"href":"https:\/\/museoomero.it\/eo\/wp-json\/wp\/v2\/types\/page"}],"author":[{"embeddable":true,"href":"https:\/\/museoomero.it\/eo\/wp-json\/wp\/v2\/users\/2"}],"replies":[{"embeddable":true,"href":"https:\/\/museoomero.it\/eo\/wp-json\/wp\/v2\/comments?post=14631"}],"version-history":[{"count":5,"href":"https:\/\/museoomero.it\/eo\/wp-json\/wp\/v2\/pages\/14631\/revisions"}],"predecessor-version":[{"id":35769,"href":"https:\/\/museoomero.it\/eo\/wp-json\/wp\/v2\/pages\/14631\/revisions\/35769"}],"up":[{"embeddable":true,"href":"https:\/\/museoomero.it\/eo\/wp-json\/wp\/v2\/pages\/38788"}],"wp:attachment":[{"href":"https:\/\/museoomero.it\/eo\/wp-json\/wp\/v2\/media?parent=14631"}],"curies":[{"name":"wp","href":"https:\/\/api.w.org\/{rel}","templated":true}]}}