{"id":14709,"date":"2020-10-30T18:57:23","date_gmt":"2020-10-30T17:57:23","guid":{"rendered":"http:\/\/nuovosito.museoomero.it\/?page_id=14709"},"modified":"2025-12-12T12:24:53","modified_gmt":"2025-12-12T11:24:53","slug":"komplekso-vanvitelli","status":"publish","type":"page","link":"https:\/\/museoomero.it\/eo\/muzeo\/komplekso-vanvitelli\/","title":{"rendered":"Komplekso Vanvitelli"},"content":{"rendered":"\n<p>La \u015ctata Palpsenta Muzeo Homero okupas unu flankon de la Mole Vanvitelliana, <strong>surmara arkitektura komplekso<\/strong> de la dekoka jarcento kun <strong>karakteriza kvinlatera formo<\/strong>, situanta en la kvartalo Archi de Ankono, je kelkaj pa\u015doj de la urbocentro kaj de la havenareo.<\/p>\n\n\n\n<p>La Mole, konata anka\u016d kiel <strong>eksa lazareto<\/strong>, estas unika arkitektura\u0135o projektita en la dekoka jarcento de <strong>Luigi Vanvitelli <\/strong>kaj fari\u011dinta la\u016dlonge de la tempo simbolo de Ankono. Tiu kvinlatero sur la akvo, lar\u011da <strong>20 000 kvadratajn metrojn<\/strong>, tra la epokoj havis diversajn funkciojn: defenda remparo, malsanulejo, sanatorio, magazeno, ktp. Hodia\u016d \u011di estas <strong>polifunkcia kultura centro de la Komunumo de Ankono<\/strong>, administrata de <a href=\"https:\/\/anconaservizi.it\/la-mole\/\">Ancona Servizi<\/a>, kiu gastigas, krom la Muzeo Omero, la A\u016dditorion Orfeo Tamburi (400 sidlokoj), ekspoziciejojn, kaj la Bistron kaj Literatura Kafejo &#8220;The Mole&#8221;.<\/p>\n\n\n\n<p>La areo de la komplekso konfidita al la <strong>Muzeo Omero<\/strong> ampleksas <strong>\u0109irka\u016d 3.000 kvadratajn metrojn <\/strong>kaj okupas la <strong>nordorientan flankon de la kvinlatero<\/strong>. La spaco estas aran\u011dita sur <strong>kvin niveloj<\/strong>:<\/p>\n\n\n\n<ul class=\"wp-block-list\">\n<li>Nivelo nulo, sub la interna korto: la Design-kolekto kaj la deponoj;<\/li>\n\n\n\n<li>Unua nivelo, \u0109e la interna korto: la du enirejoj al la ekspozicia itinero de la Muzeo &#8211; per la monumenta \u015dtuparo kaj per lifto &#8211; kaj la enirejo al la oficejoj, al la Dokumentada kaj Esplora Centro, kaj al la tiflodidaktika laboratorio;<\/li>\n\n\n\n<li>Dua nivelo: la ekspoziciaj salonoj, la konferenca salono, la ripoz- kaj konsultspaco, la necesejoj kaj la administraj oficejoj;<\/li>\n\n\n\n<li>Tria nivelo: la mezanino kun la ekspozicia itinero, du laboratoriaj spacoj ekipitaj per necesejoj, kaj la oficejo de la Eduka Departemento;<\/li>\n\n\n\n<li>Kvara nivelo: la oficejoj de la sekretariejo kaj prezidanteco, la projektoj kaj komunikado, kaj la arkivo.<\/li>\n<\/ul>\n","protected":false},"excerpt":{"rendered":"<p>La \u015ctata Palpsenta Muzeo Homero okupas unu flankon de la Mole Vanvitelliana, surmara arkitektura komplekso de la dekoka jarcento kun karakteriza kvinlatera formo, situanta en la kvartalo Archi de Ankono, je kelkaj pa\u015doj de la urbocentro kaj de la havenareo. La Mole, konata anka\u016d kiel eksa lazareto, estas unika arkitektura\u0135o projektita en la dekoka jarcento [&#8230;] <span class=\"sr-only\"><a href=\"https:\/\/museoomero.it\/eo\/muzeo\/komplekso-vanvitelli\/\">Continua a leggere: Komplekso Vanvitelli<\/a><\/span><\/p>\n","protected":false},"author":2,"featured_media":14973,"parent":14392,"menu_order":245,"comment_status":"closed","ping_status":"closed","template":"","meta":{"_acf_changed":false,"footnotes":""},"class_list":["post-14709","page","type-page","status-publish","has-post-thumbnail","hentry"],"acf":[],"yoast_head":"<!-- This site is optimized with the Yoast SEO plugin v27.3 - https:\/\/yoast.com\/product\/yoast-seo-wordpress\/ -->\n<title>Komplekso Vanvitelli - Museo Omero<\/title>\n<meta name=\"description\" content=\"La \u015ctata Palpsenta Muzeo Homero okupas la nordorientan flankon de &quot;Mole Vanvitelliana&quot;, granda surmara arkitektura komplekso de la deksepa jarcento, kun formo de kvinlatero, situanta en la havena areo de la urbo Ankono, fronte al kvartalo Archi.\" \/>\n<meta name=\"robots\" content=\"index, follow, max-snippet:-1, max-image-preview:large, max-video-preview:-1\" \/>\n<link rel=\"canonical\" href=\"https:\/\/museoomero.it\/eo\/muzeo\/komplekso-vanvitelli\/\" \/>\n<meta property=\"og:locale\" content=\"eo_EO\" \/>\n<meta property=\"og:type\" content=\"article\" \/>\n<meta property=\"og:title\" content=\"Komplekso Vanvitelli - Museo Omero\" \/>\n<meta property=\"og:description\" content=\"La \u015ctata Palpsenta Muzeo Homero okupas la nordorientan flankon de &quot;Mole Vanvitelliana&quot;, granda surmara arkitektura komplekso de la deksepa jarcento, kun formo de kvinlatero, situanta en la havena areo de la urbo Ankono, fronte al kvartalo Archi.\" \/>\n<meta property=\"og:url\" content=\"https:\/\/museoomero.it\/eo\/muzeo\/komplekso-vanvitelli\/\" \/>\n<meta property=\"og:site_name\" content=\"Museo Omero\" \/>\n<meta property=\"article:modified_time\" content=\"2025-12-12T11:24:53+00:00\" \/>\n<meta property=\"og:image\" content=\"https:\/\/museoomero.it\/wp-content\/uploads\/2020\/11\/museo-mole-vanvitelliana.jpg\" \/>\n\t<meta property=\"og:image:width\" content=\"1200\" \/>\n\t<meta property=\"og:image:height\" content=\"674\" \/>\n\t<meta property=\"og:image:type\" content=\"image\/jpeg\" \/>\n<meta name=\"twitter:card\" content=\"summary_large_image\" \/>\n<meta name=\"twitter:label1\" content=\"Est. reading time\" \/>\n\t<meta name=\"twitter:data1\" content=\"2 minutes\" \/>\n<script type=\"application\/ld+json\" class=\"yoast-schema-graph\">{\"@context\":\"https:\\\/\\\/schema.org\",\"@graph\":[{\"@type\":\"WebPage\",\"@id\":\"https:\\\/\\\/museoomero.it\\\/eo\\\/muzeo\\\/komplekso-vanvitelli\\\/\",\"url\":\"https:\\\/\\\/museoomero.it\\\/eo\\\/muzeo\\\/komplekso-vanvitelli\\\/\",\"name\":\"Komplekso Vanvitelli - Museo Omero\",\"isPartOf\":{\"@id\":\"https:\\\/\\\/museoomero.it\\\/eo\\\/#website\"},\"primaryImageOfPage\":{\"@id\":\"https:\\\/\\\/museoomero.it\\\/eo\\\/muzeo\\\/komplekso-vanvitelli\\\/#primaryimage\"},\"image\":{\"@id\":\"https:\\\/\\\/museoomero.it\\\/eo\\\/muzeo\\\/komplekso-vanvitelli\\\/#primaryimage\"},\"thumbnailUrl\":\"https:\\\/\\\/museoomero.it\\\/wp-content\\\/uploads\\\/2020\\\/11\\\/museo-mole-vanvitelliana.jpg\",\"datePublished\":\"2020-10-30T17:57:23+00:00\",\"dateModified\":\"2025-12-12T11:24:53+00:00\",\"description\":\"La \u015ctata Palpsenta Muzeo Homero okupas la nordorientan flankon de \\\"Mole Vanvitelliana\\\", granda surmara arkitektura komplekso de la deksepa jarcento, kun formo de kvinlatero, situanta en la havena areo de la urbo Ankono, fronte al kvartalo Archi.\",\"breadcrumb\":{\"@id\":\"https:\\\/\\\/museoomero.it\\\/eo\\\/muzeo\\\/komplekso-vanvitelli\\\/#breadcrumb\"},\"inLanguage\":\"eo-UY\",\"potentialAction\":[{\"@type\":\"ReadAction\",\"target\":[\"https:\\\/\\\/museoomero.it\\\/eo\\\/muzeo\\\/komplekso-vanvitelli\\\/\"]}]},{\"@type\":\"ImageObject\",\"inLanguage\":\"eo-UY\",\"@id\":\"https:\\\/\\\/museoomero.it\\\/eo\\\/muzeo\\\/komplekso-vanvitelli\\\/#primaryimage\",\"url\":\"https:\\\/\\\/museoomero.it\\\/wp-content\\\/uploads\\\/2020\\\/11\\\/museo-mole-vanvitelliana.jpg\",\"contentUrl\":\"https:\\\/\\\/museoomero.it\\\/wp-content\\\/uploads\\\/2020\\\/11\\\/museo-mole-vanvitelliana.jpg\",\"width\":1200,\"height\":674,\"caption\":\"mole vanvitelliana\"},{\"@type\":\"BreadcrumbList\",\"@id\":\"https:\\\/\\\/museoomero.it\\\/eo\\\/muzeo\\\/komplekso-vanvitelli\\\/#breadcrumb\",\"itemListElement\":[{\"@type\":\"ListItem\",\"position\":1,\"name\":\"Muzeo\",\"item\":\"https:\\\/\\\/museoomero.it\\\/eo\\\/muzeo\\\/\"},{\"@type\":\"ListItem\",\"position\":2,\"name\":\"Komplekso Vanvitelli\"}]},{\"@type\":\"WebSite\",\"@id\":\"https:\\\/\\\/museoomero.it\\\/eo\\\/#website\",\"url\":\"https:\\\/\\\/museoomero.it\\\/eo\\\/\",\"name\":\"Museo Omero\",\"description\":\"Museo Tattile Statale\",\"publisher\":{\"@id\":\"https:\\\/\\\/museoomero.it\\\/eo\\\/#organization\"},\"potentialAction\":[{\"@type\":\"SearchAction\",\"target\":{\"@type\":\"EntryPoint\",\"urlTemplate\":\"https:\\\/\\\/museoomero.it\\\/eo\\\/?s={search_term_string}\"},\"query-input\":{\"@type\":\"PropertyValueSpecification\",\"valueRequired\":true,\"valueName\":\"search_term_string\"}}],\"inLanguage\":\"eo-UY\"},{\"@type\":\"Organization\",\"@id\":\"https:\\\/\\\/museoomero.it\\\/eo\\\/#organization\",\"name\":\"Museo Omero\",\"url\":\"https:\\\/\\\/museoomero.it\\\/eo\\\/\",\"logo\":{\"@type\":\"ImageObject\",\"inLanguage\":\"eo-UY\",\"@id\":\"https:\\\/\\\/museoomero.it\\\/eo\\\/#\\\/schema\\\/logo\\\/image\\\/\",\"url\":\"https:\\\/\\\/museoomero.it\\\/wp-content\\\/uploads\\\/2019\\\/12\\\/logo_museoomero_nomibact.png\",\"contentUrl\":\"https:\\\/\\\/museoomero.it\\\/wp-content\\\/uploads\\\/2019\\\/12\\\/logo_museoomero_nomibact.png\",\"width\":400,\"height\":127,\"caption\":\"Museo Omero\"},\"image\":{\"@id\":\"https:\\\/\\\/museoomero.it\\\/eo\\\/#\\\/schema\\\/logo\\\/image\\\/\"}}]}<\/script>\n<!-- \/ Yoast SEO plugin. -->","yoast_head_json":{"title":"Komplekso Vanvitelli - Museo Omero","description":"La \u015ctata Palpsenta Muzeo Homero okupas la nordorientan flankon de \"Mole Vanvitelliana\", granda surmara arkitektura komplekso de la deksepa jarcento, kun formo de kvinlatero, situanta en la havena areo de la urbo Ankono, fronte al kvartalo Archi.","robots":{"index":"index","follow":"follow","max-snippet":"max-snippet:-1","max-image-preview":"max-image-preview:large","max-video-preview":"max-video-preview:-1"},"canonical":"https:\/\/museoomero.it\/eo\/muzeo\/komplekso-vanvitelli\/","og_locale":"eo_EO","og_type":"article","og_title":"Komplekso Vanvitelli - Museo Omero","og_description":"La \u015ctata Palpsenta Muzeo Homero okupas la nordorientan flankon de \"Mole Vanvitelliana\", granda surmara arkitektura komplekso de la deksepa jarcento, kun formo de kvinlatero, situanta en la havena areo de la urbo Ankono, fronte al kvartalo Archi.","og_url":"https:\/\/museoomero.it\/eo\/muzeo\/komplekso-vanvitelli\/","og_site_name":"Museo Omero","article_modified_time":"2025-12-12T11:24:53+00:00","og_image":[{"width":1200,"height":674,"url":"https:\/\/museoomero.it\/wp-content\/uploads\/2020\/11\/museo-mole-vanvitelliana.jpg","type":"image\/jpeg"}],"twitter_card":"summary_large_image","twitter_misc":{"Est. reading time":"2 minutes"},"schema":{"@context":"https:\/\/schema.org","@graph":[{"@type":"WebPage","@id":"https:\/\/museoomero.it\/eo\/muzeo\/komplekso-vanvitelli\/","url":"https:\/\/museoomero.it\/eo\/muzeo\/komplekso-vanvitelli\/","name":"Komplekso Vanvitelli - Museo Omero","isPartOf":{"@id":"https:\/\/museoomero.it\/eo\/#website"},"primaryImageOfPage":{"@id":"https:\/\/museoomero.it\/eo\/muzeo\/komplekso-vanvitelli\/#primaryimage"},"image":{"@id":"https:\/\/museoomero.it\/eo\/muzeo\/komplekso-vanvitelli\/#primaryimage"},"thumbnailUrl":"https:\/\/museoomero.it\/wp-content\/uploads\/2020\/11\/museo-mole-vanvitelliana.jpg","datePublished":"2020-10-30T17:57:23+00:00","dateModified":"2025-12-12T11:24:53+00:00","description":"La \u015ctata Palpsenta Muzeo Homero okupas la nordorientan flankon de \"Mole Vanvitelliana\", granda surmara arkitektura komplekso de la deksepa jarcento, kun formo de kvinlatero, situanta en la havena areo de la urbo Ankono, fronte al kvartalo Archi.","breadcrumb":{"@id":"https:\/\/museoomero.it\/eo\/muzeo\/komplekso-vanvitelli\/#breadcrumb"},"inLanguage":"eo-UY","potentialAction":[{"@type":"ReadAction","target":["https:\/\/museoomero.it\/eo\/muzeo\/komplekso-vanvitelli\/"]}]},{"@type":"ImageObject","inLanguage":"eo-UY","@id":"https:\/\/museoomero.it\/eo\/muzeo\/komplekso-vanvitelli\/#primaryimage","url":"https:\/\/museoomero.it\/wp-content\/uploads\/2020\/11\/museo-mole-vanvitelliana.jpg","contentUrl":"https:\/\/museoomero.it\/wp-content\/uploads\/2020\/11\/museo-mole-vanvitelliana.jpg","width":1200,"height":674,"caption":"mole vanvitelliana"},{"@type":"BreadcrumbList","@id":"https:\/\/museoomero.it\/eo\/muzeo\/komplekso-vanvitelli\/#breadcrumb","itemListElement":[{"@type":"ListItem","position":1,"name":"Muzeo","item":"https:\/\/museoomero.it\/eo\/muzeo\/"},{"@type":"ListItem","position":2,"name":"Komplekso Vanvitelli"}]},{"@type":"WebSite","@id":"https:\/\/museoomero.it\/eo\/#website","url":"https:\/\/museoomero.it\/eo\/","name":"Museo Omero","description":"Museo Tattile Statale","publisher":{"@id":"https:\/\/museoomero.it\/eo\/#organization"},"potentialAction":[{"@type":"SearchAction","target":{"@type":"EntryPoint","urlTemplate":"https:\/\/museoomero.it\/eo\/?s={search_term_string}"},"query-input":{"@type":"PropertyValueSpecification","valueRequired":true,"valueName":"search_term_string"}}],"inLanguage":"eo-UY"},{"@type":"Organization","@id":"https:\/\/museoomero.it\/eo\/#organization","name":"Museo Omero","url":"https:\/\/museoomero.it\/eo\/","logo":{"@type":"ImageObject","inLanguage":"eo-UY","@id":"https:\/\/museoomero.it\/eo\/#\/schema\/logo\/image\/","url":"https:\/\/museoomero.it\/wp-content\/uploads\/2019\/12\/logo_museoomero_nomibact.png","contentUrl":"https:\/\/museoomero.it\/wp-content\/uploads\/2019\/12\/logo_museoomero_nomibact.png","width":400,"height":127,"caption":"Museo Omero"},"image":{"@id":"https:\/\/museoomero.it\/eo\/#\/schema\/logo\/image\/"}}]}},"jetpack_sharing_enabled":true,"_links":{"self":[{"href":"https:\/\/museoomero.it\/eo\/wp-json\/wp\/v2\/pages\/14709","targetHints":{"allow":["GET"]}}],"collection":[{"href":"https:\/\/museoomero.it\/eo\/wp-json\/wp\/v2\/pages"}],"about":[{"href":"https:\/\/museoomero.it\/eo\/wp-json\/wp\/v2\/types\/page"}],"author":[{"embeddable":true,"href":"https:\/\/museoomero.it\/eo\/wp-json\/wp\/v2\/users\/2"}],"replies":[{"embeddable":true,"href":"https:\/\/museoomero.it\/eo\/wp-json\/wp\/v2\/comments?post=14709"}],"version-history":[{"count":11,"href":"https:\/\/museoomero.it\/eo\/wp-json\/wp\/v2\/pages\/14709\/revisions"}],"predecessor-version":[{"id":40724,"href":"https:\/\/museoomero.it\/eo\/wp-json\/wp\/v2\/pages\/14709\/revisions\/40724"}],"up":[{"embeddable":true,"href":"https:\/\/museoomero.it\/eo\/wp-json\/wp\/v2\/pages\/14392"}],"wp:featuredmedia":[{"embeddable":true,"href":"https:\/\/museoomero.it\/eo\/wp-json\/wp\/v2\/media\/14973"}],"wp:attachment":[{"href":"https:\/\/museoomero.it\/eo\/wp-json\/wp\/v2\/media?parent=14709"}],"curies":[{"name":"wp","href":"https:\/\/api.w.org\/{rel}","templated":true}]}}