{"id":14799,"date":"2020-11-03T18:17:22","date_gmt":"2020-11-03T17:17:22","guid":{"rendered":"http:\/\/nuovosito.museoomero.it\/?page_id=14799"},"modified":"2022-05-25T12:13:08","modified_gmt":"2022-05-25T10:13:08","slug":"consultancy-and-typhlo-didactic-services","status":"publish","type":"page","link":"https:\/\/museoomero.it\/eo\/servoj\/consultancy-and-typhlo-didactic-services\/","title":{"rendered":"Konsulti\u011doj kaj tiflodidaktikaj servoj"},"content":{"rendered":"\n<p>Muzeo Homero, elstara modelo sur la internacia scenejo de kulturaj eblecoj por nevidantoj, disponigas al institucioj kaj individuoj sian pli ol dekjaran sperton pri alirebleco de kulturaj ri\u0109a\u0135oj.<\/p>\n\n\n\n<p>Aparte, la Muzeo pretas por <strong>konsulti\u011doj kaj realigas muzeajn aran\u011dojn kaj dumtempajn ekspoziciojn<\/strong> alireblajn kaj ekipitajn per helpiloj por nevidantoj kaj malfortevidantoj:<\/p>\n\n\n\n<ul class=\"wp-block-list\"><li>Brajlaj transskriboj<\/li><li>Vo\u0109aj gvidiloj, plurrimedaj helpiloj, audiopen<\/li><li>Reliefoj realigitaj sur papero kun varmoreagaj mikrokapsuloj<\/li><li>Reliefaj tradukoj: transmeto de bildo sur modleblan materialon (argilon, lignon)<\/li><li>La\u016dskalaj maketoj reliefaj a\u016d tridimensiaj<\/li><li>Verkado de artaj tekstoj kritikaj kaj priskribaj helpe al la palpsenta legado de la verko<\/li><li>Realigo de kopioj de palplibroj jam faritaj de Muzeo Homero kaj konstruo de novaj prototipoj<\/li><\/ul>\n","protected":false},"excerpt":{"rendered":"<p>Muzeo Homero, elstara modelo sur la internacia scenejo de kulturaj eblecoj por nevidantoj, disponigas al institucioj kaj individuoj sian pli ol dekjaran sperton pri alirebleco de kulturaj ri\u0109a\u0135oj. Aparte, la Muzeo pretas por konsulti\u011doj kaj realigas muzeajn aran\u011dojn kaj dumtempajn ekspoziciojn alireblajn kaj ekipitajn per helpiloj por nevidantoj kaj malfortevidantoj: Brajlaj transskriboj Vo\u0109aj gvidiloj, plurrimedaj [&#8230;] <span class=\"sr-only\"><a href=\"https:\/\/museoomero.it\/eo\/servoj\/consultancy-and-typhlo-didactic-services\/\">Continua a leggere: Konsulti\u011doj kaj tiflodidaktikaj servoj<\/a><\/span><\/p>\n","protected":false},"author":2,"featured_media":24803,"parent":14582,"menu_order":370,"comment_status":"closed","ping_status":"closed","template":"","meta":{"_acf_changed":false,"footnotes":""},"class_list":["post-14799","page","type-page","status-publish","has-post-thumbnail","hentry"],"acf":[],"yoast_head":"<!-- This site is optimized with the Yoast SEO plugin v27.3 - https:\/\/yoast.com\/product\/yoast-seo-wordpress\/ -->\n<title>Konsulti\u011doj kaj tiflodidaktikaj servoj - Museo Omero<\/title>\n<meta name=\"robots\" content=\"index, follow, max-snippet:-1, max-image-preview:large, max-video-preview:-1\" \/>\n<link rel=\"canonical\" href=\"https:\/\/museoomero.it\/eo\/servoj\/consultancy-and-typhlo-didactic-services\/\" \/>\n<meta property=\"og:locale\" content=\"eo_EO\" \/>\n<meta property=\"og:type\" content=\"article\" \/>\n<meta property=\"og:title\" content=\"Konsulti\u011doj kaj tiflodidaktikaj servoj - Museo Omero\" \/>\n<meta property=\"og:description\" content=\"Muzeo Homero, elstara modelo sur la internacia scenejo de kulturaj eblecoj por nevidantoj, disponigas al institucioj kaj individuoj sian pli ol dekjaran sperton pri alirebleco de kulturaj ri\u0109a\u0135oj. Aparte, la Muzeo pretas por konsulti\u011doj kaj realigas muzeajn aran\u011dojn kaj dumtempajn ekspoziciojn alireblajn kaj ekipitajn per helpiloj por nevidantoj kaj malfortevidantoj: Brajlaj transskriboj Vo\u0109aj gvidiloj, plurrimedaj [...] Continua a leggere: Konsulti\u011doj kaj tiflodidaktikaj servoj\" \/>\n<meta property=\"og:url\" content=\"https:\/\/museoomero.it\/eo\/servoj\/consultancy-and-typhlo-didactic-services\/\" \/>\n<meta property=\"og:site_name\" content=\"Museo Omero\" \/>\n<meta property=\"article:modified_time\" content=\"2022-05-25T10:13:08+00:00\" \/>\n<meta property=\"og:image\" content=\"https:\/\/museoomero.it\/wp-content\/uploads\/2022\/03\/traduzione-rilievo-annunciazione.jpg\" \/>\n\t<meta property=\"og:image:width\" content=\"1024\" \/>\n\t<meta property=\"og:image:height\" content=\"588\" \/>\n\t<meta property=\"og:image:type\" content=\"image\/jpeg\" \/>\n<meta name=\"twitter:card\" content=\"summary_large_image\" \/>\n<meta name=\"twitter:label1\" content=\"Est. reading time\" \/>\n\t<meta name=\"twitter:data1\" content=\"1 minute\" \/>\n<script type=\"application\/ld+json\" class=\"yoast-schema-graph\">{\"@context\":\"https:\\\/\\\/schema.org\",\"@graph\":[{\"@type\":\"WebPage\",\"@id\":\"https:\\\/\\\/museoomero.it\\\/eo\\\/servoj\\\/consultancy-and-typhlo-didactic-services\\\/\",\"url\":\"https:\\\/\\\/museoomero.it\\\/eo\\\/servoj\\\/consultancy-and-typhlo-didactic-services\\\/\",\"name\":\"Konsulti\u011doj kaj tiflodidaktikaj servoj - Museo Omero\",\"isPartOf\":{\"@id\":\"https:\\\/\\\/museoomero.it\\\/eo\\\/#website\"},\"primaryImageOfPage\":{\"@id\":\"https:\\\/\\\/museoomero.it\\\/eo\\\/servoj\\\/consultancy-and-typhlo-didactic-services\\\/#primaryimage\"},\"image\":{\"@id\":\"https:\\\/\\\/museoomero.it\\\/eo\\\/servoj\\\/consultancy-and-typhlo-didactic-services\\\/#primaryimage\"},\"thumbnailUrl\":\"https:\\\/\\\/museoomero.it\\\/wp-content\\\/uploads\\\/2022\\\/03\\\/traduzione-rilievo-annunciazione.jpg\",\"datePublished\":\"2020-11-03T17:17:22+00:00\",\"dateModified\":\"2022-05-25T10:13:08+00:00\",\"breadcrumb\":{\"@id\":\"https:\\\/\\\/museoomero.it\\\/eo\\\/servoj\\\/consultancy-and-typhlo-didactic-services\\\/#breadcrumb\"},\"inLanguage\":\"eo-UY\",\"potentialAction\":[{\"@type\":\"ReadAction\",\"target\":[\"https:\\\/\\\/museoomero.it\\\/eo\\\/servoj\\\/consultancy-and-typhlo-didactic-services\\\/\"]}]},{\"@type\":\"ImageObject\",\"inLanguage\":\"eo-UY\",\"@id\":\"https:\\\/\\\/museoomero.it\\\/eo\\\/servoj\\\/consultancy-and-typhlo-didactic-services\\\/#primaryimage\",\"url\":\"https:\\\/\\\/museoomero.it\\\/wp-content\\\/uploads\\\/2022\\\/03\\\/traduzione-rilievo-annunciazione.jpg\",\"contentUrl\":\"https:\\\/\\\/museoomero.it\\\/wp-content\\\/uploads\\\/2022\\\/03\\\/traduzione-rilievo-annunciazione.jpg\",\"width\":1024,\"height\":588,\"caption\":\"Annunciazione, Cristoforo Scacco da Verona\"},{\"@type\":\"BreadcrumbList\",\"@id\":\"https:\\\/\\\/museoomero.it\\\/eo\\\/servoj\\\/consultancy-and-typhlo-didactic-services\\\/#breadcrumb\",\"itemListElement\":[{\"@type\":\"ListItem\",\"position\":1,\"name\":\"Servoj\",\"item\":\"https:\\\/\\\/museoomero.it\\\/eo\\\/servoj\\\/\"},{\"@type\":\"ListItem\",\"position\":2,\"name\":\"Konsulti\u011doj kaj tiflodidaktikaj servoj\"}]},{\"@type\":\"WebSite\",\"@id\":\"https:\\\/\\\/museoomero.it\\\/eo\\\/#website\",\"url\":\"https:\\\/\\\/museoomero.it\\\/eo\\\/\",\"name\":\"Museo Omero\",\"description\":\"Museo Tattile Statale\",\"publisher\":{\"@id\":\"https:\\\/\\\/museoomero.it\\\/eo\\\/#organization\"},\"potentialAction\":[{\"@type\":\"SearchAction\",\"target\":{\"@type\":\"EntryPoint\",\"urlTemplate\":\"https:\\\/\\\/museoomero.it\\\/eo\\\/?s={search_term_string}\"},\"query-input\":{\"@type\":\"PropertyValueSpecification\",\"valueRequired\":true,\"valueName\":\"search_term_string\"}}],\"inLanguage\":\"eo-UY\"},{\"@type\":\"Organization\",\"@id\":\"https:\\\/\\\/museoomero.it\\\/eo\\\/#organization\",\"name\":\"Museo Omero\",\"url\":\"https:\\\/\\\/museoomero.it\\\/eo\\\/\",\"logo\":{\"@type\":\"ImageObject\",\"inLanguage\":\"eo-UY\",\"@id\":\"https:\\\/\\\/museoomero.it\\\/eo\\\/#\\\/schema\\\/logo\\\/image\\\/\",\"url\":\"https:\\\/\\\/museoomero.it\\\/wp-content\\\/uploads\\\/2019\\\/12\\\/logo_museoomero_nomibact.png\",\"contentUrl\":\"https:\\\/\\\/museoomero.it\\\/wp-content\\\/uploads\\\/2019\\\/12\\\/logo_museoomero_nomibact.png\",\"width\":400,\"height\":127,\"caption\":\"Museo Omero\"},\"image\":{\"@id\":\"https:\\\/\\\/museoomero.it\\\/eo\\\/#\\\/schema\\\/logo\\\/image\\\/\"}}]}<\/script>\n<!-- \/ Yoast SEO plugin. -->","yoast_head_json":{"title":"Konsulti\u011doj kaj tiflodidaktikaj servoj - Museo Omero","robots":{"index":"index","follow":"follow","max-snippet":"max-snippet:-1","max-image-preview":"max-image-preview:large","max-video-preview":"max-video-preview:-1"},"canonical":"https:\/\/museoomero.it\/eo\/servoj\/consultancy-and-typhlo-didactic-services\/","og_locale":"eo_EO","og_type":"article","og_title":"Konsulti\u011doj kaj tiflodidaktikaj servoj - Museo Omero","og_description":"Muzeo Homero, elstara modelo sur la internacia scenejo de kulturaj eblecoj por nevidantoj, disponigas al institucioj kaj individuoj sian pli ol dekjaran sperton pri alirebleco de kulturaj ri\u0109a\u0135oj. Aparte, la Muzeo pretas por konsulti\u011doj kaj realigas muzeajn aran\u011dojn kaj dumtempajn ekspoziciojn alireblajn kaj ekipitajn per helpiloj por nevidantoj kaj malfortevidantoj: Brajlaj transskriboj Vo\u0109aj gvidiloj, plurrimedaj [...] Continua a leggere: Konsulti\u011doj kaj tiflodidaktikaj servoj","og_url":"https:\/\/museoomero.it\/eo\/servoj\/consultancy-and-typhlo-didactic-services\/","og_site_name":"Museo Omero","article_modified_time":"2022-05-25T10:13:08+00:00","og_image":[{"width":1024,"height":588,"url":"https:\/\/museoomero.it\/wp-content\/uploads\/2022\/03\/traduzione-rilievo-annunciazione.jpg","type":"image\/jpeg"}],"twitter_card":"summary_large_image","twitter_misc":{"Est. reading time":"1 minute"},"schema":{"@context":"https:\/\/schema.org","@graph":[{"@type":"WebPage","@id":"https:\/\/museoomero.it\/eo\/servoj\/consultancy-and-typhlo-didactic-services\/","url":"https:\/\/museoomero.it\/eo\/servoj\/consultancy-and-typhlo-didactic-services\/","name":"Konsulti\u011doj kaj tiflodidaktikaj servoj - Museo Omero","isPartOf":{"@id":"https:\/\/museoomero.it\/eo\/#website"},"primaryImageOfPage":{"@id":"https:\/\/museoomero.it\/eo\/servoj\/consultancy-and-typhlo-didactic-services\/#primaryimage"},"image":{"@id":"https:\/\/museoomero.it\/eo\/servoj\/consultancy-and-typhlo-didactic-services\/#primaryimage"},"thumbnailUrl":"https:\/\/museoomero.it\/wp-content\/uploads\/2022\/03\/traduzione-rilievo-annunciazione.jpg","datePublished":"2020-11-03T17:17:22+00:00","dateModified":"2022-05-25T10:13:08+00:00","breadcrumb":{"@id":"https:\/\/museoomero.it\/eo\/servoj\/consultancy-and-typhlo-didactic-services\/#breadcrumb"},"inLanguage":"eo-UY","potentialAction":[{"@type":"ReadAction","target":["https:\/\/museoomero.it\/eo\/servoj\/consultancy-and-typhlo-didactic-services\/"]}]},{"@type":"ImageObject","inLanguage":"eo-UY","@id":"https:\/\/museoomero.it\/eo\/servoj\/consultancy-and-typhlo-didactic-services\/#primaryimage","url":"https:\/\/museoomero.it\/wp-content\/uploads\/2022\/03\/traduzione-rilievo-annunciazione.jpg","contentUrl":"https:\/\/museoomero.it\/wp-content\/uploads\/2022\/03\/traduzione-rilievo-annunciazione.jpg","width":1024,"height":588,"caption":"Annunciazione, Cristoforo Scacco da Verona"},{"@type":"BreadcrumbList","@id":"https:\/\/museoomero.it\/eo\/servoj\/consultancy-and-typhlo-didactic-services\/#breadcrumb","itemListElement":[{"@type":"ListItem","position":1,"name":"Servoj","item":"https:\/\/museoomero.it\/eo\/servoj\/"},{"@type":"ListItem","position":2,"name":"Konsulti\u011doj kaj tiflodidaktikaj servoj"}]},{"@type":"WebSite","@id":"https:\/\/museoomero.it\/eo\/#website","url":"https:\/\/museoomero.it\/eo\/","name":"Museo Omero","description":"Museo Tattile Statale","publisher":{"@id":"https:\/\/museoomero.it\/eo\/#organization"},"potentialAction":[{"@type":"SearchAction","target":{"@type":"EntryPoint","urlTemplate":"https:\/\/museoomero.it\/eo\/?s={search_term_string}"},"query-input":{"@type":"PropertyValueSpecification","valueRequired":true,"valueName":"search_term_string"}}],"inLanguage":"eo-UY"},{"@type":"Organization","@id":"https:\/\/museoomero.it\/eo\/#organization","name":"Museo Omero","url":"https:\/\/museoomero.it\/eo\/","logo":{"@type":"ImageObject","inLanguage":"eo-UY","@id":"https:\/\/museoomero.it\/eo\/#\/schema\/logo\/image\/","url":"https:\/\/museoomero.it\/wp-content\/uploads\/2019\/12\/logo_museoomero_nomibact.png","contentUrl":"https:\/\/museoomero.it\/wp-content\/uploads\/2019\/12\/logo_museoomero_nomibact.png","width":400,"height":127,"caption":"Museo Omero"},"image":{"@id":"https:\/\/museoomero.it\/eo\/#\/schema\/logo\/image\/"}}]}},"jetpack_sharing_enabled":true,"_links":{"self":[{"href":"https:\/\/museoomero.it\/eo\/wp-json\/wp\/v2\/pages\/14799","targetHints":{"allow":["GET"]}}],"collection":[{"href":"https:\/\/museoomero.it\/eo\/wp-json\/wp\/v2\/pages"}],"about":[{"href":"https:\/\/museoomero.it\/eo\/wp-json\/wp\/v2\/types\/page"}],"author":[{"embeddable":true,"href":"https:\/\/museoomero.it\/eo\/wp-json\/wp\/v2\/users\/2"}],"replies":[{"embeddable":true,"href":"https:\/\/museoomero.it\/eo\/wp-json\/wp\/v2\/comments?post=14799"}],"version-history":[{"count":4,"href":"https:\/\/museoomero.it\/eo\/wp-json\/wp\/v2\/pages\/14799\/revisions"}],"predecessor-version":[{"id":25953,"href":"https:\/\/museoomero.it\/eo\/wp-json\/wp\/v2\/pages\/14799\/revisions\/25953"}],"up":[{"embeddable":true,"href":"https:\/\/museoomero.it\/eo\/wp-json\/wp\/v2\/pages\/14582"}],"wp:featuredmedia":[{"embeddable":true,"href":"https:\/\/museoomero.it\/eo\/wp-json\/wp\/v2\/media\/24803"}],"wp:attachment":[{"href":"https:\/\/museoomero.it\/eo\/wp-json\/wp\/v2\/media?parent=14799"}],"curies":[{"name":"wp","href":"https:\/\/api.w.org\/{rel}","templated":true}]}}