{"id":14961,"date":"2020-11-05T12:23:21","date_gmt":"2020-11-05T11:23:21","guid":{"rendered":"http:\/\/nuovosito.museoomero.it\/?page_id=14961"},"modified":"2023-12-19T09:10:56","modified_gmt":"2023-12-19T08:10:56","slug":"travidebla-administracio","status":"publish","type":"page","link":"https:\/\/museoomero.it\/eo\/travidebla-administracio\/","title":{"rendered":"Travidebla Administracio"},"content":{"rendered":"\n<p>\u0108i tiu fako kaj la koncernaj subfakoj estas konstruataj la\u016d la LE\u011cVALORA DEKRETO de la 14-a de marto 2013, n. 33 Rearan\u011do de la reglamentado de la devoj de publikeco, travideblo kaj disvastigo de informoj fare de la publikaj administracioj.<\/p>\n\n\n\n<ul class=\"wp-block-list\"><li>\u011ceneralaj dispozicioj<\/li><li>Organizo<\/li><li>Konsultantoj kaj kunlaborantoj<\/li><li>Personaro<\/li><li>Proklamoj de konkurso<\/li><li>Plenumo<\/li><li>Kontrolataj instancoj<\/li><li>Agadoj ka proceduroj<\/li><li>Dispozicioj<\/li><li>Kontroloj super la entreprenoj<\/li><li>Proklamoj de adjudikoj kaj kontraktoj<\/li><li>Subvencioj, kontribuoj, monhelpoj kaj ekonomiaj avanta\u011doj<\/li><li>Bud\u011detoj<\/li><li>Nemovebla\u0135oj kaj mastrumo de la hava\u0135oj<\/li><li>Kontroloj kaj rimarkoj pril la administracio<\/li><li>Liverataj servoj<\/li><li>Pagoj de la administracio<\/li><li>Publikaj verkoj<\/li><li>Planado kaj regado de la teritorio<\/li><li>Mediaj informoj<\/li><li>Privataj kaj aprobitaj sanitaraj strukturoj<\/li><li>Eksterordinaraj kaj krizostataj intervenoj<\/li><li>Aliaj enhavoj<\/li><li>Elektronika fakturado<\/li><\/ul>\n","protected":false},"excerpt":{"rendered":"<p>\u0108i tiu fako kaj la koncernaj subfakoj estas konstruataj la\u016d la LE\u011cVALORA DEKRETO de la 14-a de marto 2013, n. 33 Rearan\u011do de la reglamentado de la devoj de publikeco, travideblo kaj disvastigo de informoj fare de la publikaj administracioj. \u011ceneralaj dispozicioj Organizo Konsultantoj kaj kunlaborantoj Personaro Proklamoj de konkurso Plenumo Kontrolataj instancoj Agadoj ka [&#8230;] <span class=\"sr-only\"><a href=\"https:\/\/museoomero.it\/eo\/travidebla-administracio\/\">Continua a leggere: Travidebla Administracio<\/a><\/span><\/p>\n","protected":false},"author":1,"featured_media":0,"parent":0,"menu_order":424,"comment_status":"closed","ping_status":"closed","template":"","meta":{"_acf_changed":false,"footnotes":""},"class_list":["post-14961","page","type-page","status-publish","hentry"],"acf":[],"yoast_head":"<!-- This site is optimized with the Yoast SEO plugin v27.4 - https:\/\/yoast.com\/product\/yoast-seo-wordpress\/ -->\n<title>Travidebla Administracio - Museo Omero<\/title>\n<meta name=\"robots\" content=\"index, follow, max-snippet:-1, max-image-preview:large, max-video-preview:-1\" \/>\n<link rel=\"canonical\" href=\"https:\/\/museoomero.it\/eo\/travidebla-administracio\/\" \/>\n<meta property=\"og:locale\" content=\"eo_EO\" \/>\n<meta property=\"og:type\" content=\"article\" \/>\n<meta property=\"og:title\" content=\"Travidebla Administracio - Museo Omero\" \/>\n<meta property=\"og:description\" content=\"\u0108i tiu fako kaj la koncernaj subfakoj estas konstruataj la\u016d la LE\u011cVALORA DEKRETO de la 14-a de marto 2013, n. 33 Rearan\u011do de la reglamentado de la devoj de publikeco, travideblo kaj disvastigo de informoj fare de la publikaj administracioj. \u011ceneralaj dispozicioj Organizo Konsultantoj kaj kunlaborantoj Personaro Proklamoj de konkurso Plenumo Kontrolataj instancoj Agadoj ka [...] Continua a leggere: Travidebla Administracio\" \/>\n<meta property=\"og:url\" content=\"https:\/\/museoomero.it\/eo\/travidebla-administracio\/\" \/>\n<meta property=\"og:site_name\" content=\"Museo Omero\" \/>\n<meta property=\"article:modified_time\" content=\"2023-12-19T08:10:56+00:00\" \/>\n<meta name=\"twitter:card\" content=\"summary_large_image\" \/>\n<script type=\"application\/ld+json\" class=\"yoast-schema-graph\">{\"@context\":\"https:\\\/\\\/schema.org\",\"@graph\":[{\"@type\":\"WebPage\",\"@id\":\"https:\\\/\\\/museoomero.it\\\/eo\\\/travidebla-administracio\\\/\",\"url\":\"https:\\\/\\\/museoomero.it\\\/eo\\\/travidebla-administracio\\\/\",\"name\":\"Travidebla Administracio - Museo Omero\",\"isPartOf\":{\"@id\":\"https:\\\/\\\/museoomero.it\\\/eo\\\/#website\"},\"datePublished\":\"2020-11-05T11:23:21+00:00\",\"dateModified\":\"2023-12-19T08:10:56+00:00\",\"inLanguage\":\"eo-UY\",\"potentialAction\":[{\"@type\":\"ReadAction\",\"target\":[\"https:\\\/\\\/museoomero.it\\\/eo\\\/travidebla-administracio\\\/\"]}]},{\"@type\":\"WebSite\",\"@id\":\"https:\\\/\\\/museoomero.it\\\/eo\\\/#website\",\"url\":\"https:\\\/\\\/museoomero.it\\\/eo\\\/\",\"name\":\"Museo Omero\",\"description\":\"Museo Tattile Statale\",\"publisher\":{\"@id\":\"https:\\\/\\\/museoomero.it\\\/eo\\\/#organization\"},\"potentialAction\":[{\"@type\":\"SearchAction\",\"target\":{\"@type\":\"EntryPoint\",\"urlTemplate\":\"https:\\\/\\\/museoomero.it\\\/eo\\\/?s={search_term_string}\"},\"query-input\":{\"@type\":\"PropertyValueSpecification\",\"valueRequired\":true,\"valueName\":\"search_term_string\"}}],\"inLanguage\":\"eo-UY\"},{\"@type\":\"Organization\",\"@id\":\"https:\\\/\\\/museoomero.it\\\/eo\\\/#organization\",\"name\":\"Museo Omero\",\"url\":\"https:\\\/\\\/museoomero.it\\\/eo\\\/\",\"logo\":{\"@type\":\"ImageObject\",\"inLanguage\":\"eo-UY\",\"@id\":\"https:\\\/\\\/museoomero.it\\\/eo\\\/#\\\/schema\\\/logo\\\/image\\\/\",\"url\":\"https:\\\/\\\/museoomero.it\\\/wp-content\\\/uploads\\\/2019\\\/12\\\/logo_museoomero_nomibact.png\",\"contentUrl\":\"https:\\\/\\\/museoomero.it\\\/wp-content\\\/uploads\\\/2019\\\/12\\\/logo_museoomero_nomibact.png\",\"width\":400,\"height\":127,\"caption\":\"Museo Omero\"},\"image\":{\"@id\":\"https:\\\/\\\/museoomero.it\\\/eo\\\/#\\\/schema\\\/logo\\\/image\\\/\"}}]}<\/script>\n<!-- \/ Yoast SEO plugin. -->","yoast_head_json":{"title":"Travidebla Administracio - Museo Omero","robots":{"index":"index","follow":"follow","max-snippet":"max-snippet:-1","max-image-preview":"max-image-preview:large","max-video-preview":"max-video-preview:-1"},"canonical":"https:\/\/museoomero.it\/eo\/travidebla-administracio\/","og_locale":"eo_EO","og_type":"article","og_title":"Travidebla Administracio - Museo Omero","og_description":"\u0108i tiu fako kaj la koncernaj subfakoj estas konstruataj la\u016d la LE\u011cVALORA DEKRETO de la 14-a de marto 2013, n. 33 Rearan\u011do de la reglamentado de la devoj de publikeco, travideblo kaj disvastigo de informoj fare de la publikaj administracioj. \u011ceneralaj dispozicioj Organizo Konsultantoj kaj kunlaborantoj Personaro Proklamoj de konkurso Plenumo Kontrolataj instancoj Agadoj ka [...] Continua a leggere: Travidebla Administracio","og_url":"https:\/\/museoomero.it\/eo\/travidebla-administracio\/","og_site_name":"Museo Omero","article_modified_time":"2023-12-19T08:10:56+00:00","twitter_card":"summary_large_image","schema":{"@context":"https:\/\/schema.org","@graph":[{"@type":"WebPage","@id":"https:\/\/museoomero.it\/eo\/travidebla-administracio\/","url":"https:\/\/museoomero.it\/eo\/travidebla-administracio\/","name":"Travidebla Administracio - Museo Omero","isPartOf":{"@id":"https:\/\/museoomero.it\/eo\/#website"},"datePublished":"2020-11-05T11:23:21+00:00","dateModified":"2023-12-19T08:10:56+00:00","inLanguage":"eo-UY","potentialAction":[{"@type":"ReadAction","target":["https:\/\/museoomero.it\/eo\/travidebla-administracio\/"]}]},{"@type":"WebSite","@id":"https:\/\/museoomero.it\/eo\/#website","url":"https:\/\/museoomero.it\/eo\/","name":"Museo Omero","description":"Museo Tattile Statale","publisher":{"@id":"https:\/\/museoomero.it\/eo\/#organization"},"potentialAction":[{"@type":"SearchAction","target":{"@type":"EntryPoint","urlTemplate":"https:\/\/museoomero.it\/eo\/?s={search_term_string}"},"query-input":{"@type":"PropertyValueSpecification","valueRequired":true,"valueName":"search_term_string"}}],"inLanguage":"eo-UY"},{"@type":"Organization","@id":"https:\/\/museoomero.it\/eo\/#organization","name":"Museo Omero","url":"https:\/\/museoomero.it\/eo\/","logo":{"@type":"ImageObject","inLanguage":"eo-UY","@id":"https:\/\/museoomero.it\/eo\/#\/schema\/logo\/image\/","url":"https:\/\/museoomero.it\/wp-content\/uploads\/2019\/12\/logo_museoomero_nomibact.png","contentUrl":"https:\/\/museoomero.it\/wp-content\/uploads\/2019\/12\/logo_museoomero_nomibact.png","width":400,"height":127,"caption":"Museo Omero"},"image":{"@id":"https:\/\/museoomero.it\/eo\/#\/schema\/logo\/image\/"}}]}},"jetpack_sharing_enabled":true,"_links":{"self":[{"href":"https:\/\/museoomero.it\/eo\/wp-json\/wp\/v2\/pages\/14961","targetHints":{"allow":["GET"]}}],"collection":[{"href":"https:\/\/museoomero.it\/eo\/wp-json\/wp\/v2\/pages"}],"about":[{"href":"https:\/\/museoomero.it\/eo\/wp-json\/wp\/v2\/types\/page"}],"author":[{"embeddable":true,"href":"https:\/\/museoomero.it\/eo\/wp-json\/wp\/v2\/users\/1"}],"replies":[{"embeddable":true,"href":"https:\/\/museoomero.it\/eo\/wp-json\/wp\/v2\/comments?post=14961"}],"version-history":[{"count":8,"href":"https:\/\/museoomero.it\/eo\/wp-json\/wp\/v2\/pages\/14961\/revisions"}],"predecessor-version":[{"id":32140,"href":"https:\/\/museoomero.it\/eo\/wp-json\/wp\/v2\/pages\/14961\/revisions\/32140"}],"wp:attachment":[{"href":"https:\/\/museoomero.it\/eo\/wp-json\/wp\/v2\/media?parent=14961"}],"curies":[{"name":"wp","href":"https:\/\/api.w.org\/{rel}","templated":true}]}}