{"id":14994,"date":"2020-11-06T09:19:37","date_gmt":"2020-11-06T08:19:37","guid":{"rendered":"http:\/\/nuovosito.museoomero.it\/?page_id=14994"},"modified":"2025-09-15T09:38:32","modified_gmt":"2025-09-15T07:38:32","slug":"formadaj-kaj-gisdatigaj-kursoj","status":"publish","type":"page","link":"https:\/\/museoomero.it\/eo\/servoj\/formadaj-kaj-gisdatigaj-kursoj\/","title":{"rendered":"Formadaj kaj \u011disdatigaj kursoj"},"content":{"rendered":"\n<p>La <strong>formadaj kaj \u011disdatigaj kursoj<\/strong> naski\u011das de la dekjara sperto de la Muzeo kaj utiligas kaj la diversajn kaj kvalifikitajn kapablojn agantajn en sia interno, kaj la plej signifajn agantajn en la medioj nacia kaj internacia.<\/p>\n\n\n\n<p>Ekde la<strong> 20-a de A\u016dgusto 2018<\/strong> Muzeo Homero estas <strong>kvalifikita instanco por formado<\/strong> de docentoj la\u016d la ministeria Direktivo 170\/2016 de MIUR, fako por la eduka sistemo de instruado kaj formado, \u011cenerala Direkcio por la lerneja personaro.<\/p>\n\n\n\n<p>Krom la historia nacia Kurso pri alirebleco de la kulturaj ri\u0109a\u0135oj okazanta \u0109iujare en sia sidejo, la Muzeo eksportas eksteren sian fakan scion.<\/p>\n\n\n\n<p>Muzeo Homero estas partnero de la majstrokurso pri <strong>Accessibility to Media, Arts and Culture<\/strong> (AMAC) de la <strong>Universitato de Macerata<\/strong>, por kiu \u011di estas disvolviganta plurajn formigajn agadojn (2022 &#8211; 2023).<\/p>\n\n\n\n<p>Prizorgas lekciojn por la majstrokurso pri &#8220;Ekonomio kaj Mastrumo de Turismo&#8221; de Universitato Ca&#8217; Foscari de Venecio kaj por la Kurso de Supera Formigo &#8220;Muzea alirebleco, iloj kaj asistaj teknologioj&#8221; de la Universitato de Cassino kaj de Suda Latio.<\/p>\n\n\n\n<p>\u011ci prizorgis projektadon kaj realigon de la kurso pri <strong>&#8220;Teknologio de Edukado&#8221;<\/strong> \u0109e la Belarta Akademio Santa Giulia de Brescia (2019 &#8211; 2020).<\/p>\n\n\n\n<p>El aliaj okazoj de specifa formigo ni memorigas tiujn por la Belarta Akademio de L&#8217;Aquila (2023), por Teatro Grande de Brescia kadre de Projekto Open (2022), por Universitato de Salento (2022), por la Arkeologia Parko de Koloseo (2018 &#8211; 2019), por la Asocio Italia Langobardorum (2018), por la Muzeo Opera del Duomo de Orvieto (2013).<\/p>\n\n\n\n<p>Por informoj kaj kontaktoj <a href=\"mailto:info@museoomero.it\">info@museoomero.it<\/a>.<\/p>\n","protected":false},"excerpt":{"rendered":"<p>La formadaj kaj \u011disdatigaj kursoj naski\u011das de la dekjara sperto de la Muzeo kaj utiligas kaj la diversajn kaj kvalifikitajn kapablojn agantajn en sia interno, kaj la plej signifajn agantajn en la medioj nacia kaj internacia. Ekde la 20-a de A\u016dgusto 2018 Muzeo Homero estas kvalifikita instanco por formado de docentoj la\u016d la ministeria Direktivo [&#8230;] <span class=\"sr-only\"><a href=\"https:\/\/museoomero.it\/eo\/servoj\/formadaj-kaj-gisdatigaj-kursoj\/\">Continua a leggere: Formadaj kaj \u011disdatigaj kursoj<\/a><\/span><\/p>\n","protected":false},"author":2,"featured_media":17081,"parent":14582,"menu_order":352,"comment_status":"closed","ping_status":"closed","template":"","meta":{"_acf_changed":false,"footnotes":""},"class_list":["post-14994","page","type-page","status-publish","has-post-thumbnail","hentry"],"acf":[],"yoast_head":"<!-- This site is optimized with the Yoast SEO plugin v27.3 - https:\/\/yoast.com\/product\/yoast-seo-wordpress\/ -->\n<title>Formadaj kaj \u011disdatigaj kursoj - Museo Omero<\/title>\n<meta name=\"description\" content=\"La formadaj kaj \u011disdatigaj kursoj naski\u011das de la dekjara sperto de la Muzeo kaj utiligas kaj la diversajn kaj kvalifikitajn kapablojn agantajn en sia interno.\" \/>\n<meta name=\"robots\" content=\"index, follow, max-snippet:-1, max-image-preview:large, max-video-preview:-1\" \/>\n<link rel=\"canonical\" href=\"https:\/\/museoomero.it\/eo\/servoj\/formadaj-kaj-gisdatigaj-kursoj\/\" \/>\n<meta property=\"og:locale\" content=\"eo_EO\" \/>\n<meta property=\"og:type\" content=\"article\" \/>\n<meta property=\"og:title\" content=\"Formadaj kaj \u011disdatigaj kursoj - Museo Omero\" \/>\n<meta property=\"og:description\" content=\"La formadaj kaj \u011disdatigaj kursoj naski\u011das de la dekjara sperto de la Muzeo kaj utiligas kaj la diversajn kaj kvalifikitajn kapablojn agantajn en sia interno.\" \/>\n<meta property=\"og:url\" content=\"https:\/\/museoomero.it\/eo\/servoj\/formadaj-kaj-gisdatigaj-kursoj\/\" \/>\n<meta property=\"og:site_name\" content=\"Museo Omero\" \/>\n<meta property=\"article:modified_time\" content=\"2025-09-15T07:38:32+00:00\" \/>\n<meta property=\"og:image\" content=\"https:\/\/museoomero.it\/wp-content\/uploads\/2020\/11\/servizi-Corsi-di-formazione-e-aggiornamento-1.jpg\" \/>\n\t<meta property=\"og:image:width\" content=\"1200\" \/>\n\t<meta property=\"og:image:height\" content=\"802\" \/>\n\t<meta property=\"og:image:type\" content=\"image\/jpeg\" \/>\n<meta name=\"twitter:card\" content=\"summary_large_image\" \/>\n<meta name=\"twitter:label1\" content=\"Est. reading time\" \/>\n\t<meta name=\"twitter:data1\" content=\"2 minutes\" \/>\n<script type=\"application\/ld+json\" class=\"yoast-schema-graph\">{\"@context\":\"https:\\\/\\\/schema.org\",\"@graph\":[{\"@type\":\"WebPage\",\"@id\":\"https:\\\/\\\/museoomero.it\\\/eo\\\/servoj\\\/formadaj-kaj-gisdatigaj-kursoj\\\/\",\"url\":\"https:\\\/\\\/museoomero.it\\\/eo\\\/servoj\\\/formadaj-kaj-gisdatigaj-kursoj\\\/\",\"name\":\"Formadaj kaj \u011disdatigaj kursoj - Museo Omero\",\"isPartOf\":{\"@id\":\"https:\\\/\\\/museoomero.it\\\/eo\\\/#website\"},\"primaryImageOfPage\":{\"@id\":\"https:\\\/\\\/museoomero.it\\\/eo\\\/servoj\\\/formadaj-kaj-gisdatigaj-kursoj\\\/#primaryimage\"},\"image\":{\"@id\":\"https:\\\/\\\/museoomero.it\\\/eo\\\/servoj\\\/formadaj-kaj-gisdatigaj-kursoj\\\/#primaryimage\"},\"thumbnailUrl\":\"https:\\\/\\\/museoomero.it\\\/wp-content\\\/uploads\\\/2020\\\/11\\\/servizi-Corsi-di-formazione-e-aggiornamento-1.jpg\",\"datePublished\":\"2020-11-06T08:19:37+00:00\",\"dateModified\":\"2025-09-15T07:38:32+00:00\",\"description\":\"La formadaj kaj \u011disdatigaj kursoj naski\u011das de la dekjara sperto de la Muzeo kaj utiligas kaj la diversajn kaj kvalifikitajn kapablojn agantajn en sia interno.\",\"breadcrumb\":{\"@id\":\"https:\\\/\\\/museoomero.it\\\/eo\\\/servoj\\\/formadaj-kaj-gisdatigaj-kursoj\\\/#breadcrumb\"},\"inLanguage\":\"eo-UY\",\"potentialAction\":[{\"@type\":\"ReadAction\",\"target\":[\"https:\\\/\\\/museoomero.it\\\/eo\\\/servoj\\\/formadaj-kaj-gisdatigaj-kursoj\\\/\"]}]},{\"@type\":\"ImageObject\",\"inLanguage\":\"eo-UY\",\"@id\":\"https:\\\/\\\/museoomero.it\\\/eo\\\/servoj\\\/formadaj-kaj-gisdatigaj-kursoj\\\/#primaryimage\",\"url\":\"https:\\\/\\\/museoomero.it\\\/wp-content\\\/uploads\\\/2020\\\/11\\\/servizi-Corsi-di-formazione-e-aggiornamento-1.jpg\",\"contentUrl\":\"https:\\\/\\\/museoomero.it\\\/wp-content\\\/uploads\\\/2020\\\/11\\\/servizi-Corsi-di-formazione-e-aggiornamento-1.jpg\",\"width\":1200,\"height\":802,\"caption\":\"Prelegejo\"},{\"@type\":\"BreadcrumbList\",\"@id\":\"https:\\\/\\\/museoomero.it\\\/eo\\\/servoj\\\/formadaj-kaj-gisdatigaj-kursoj\\\/#breadcrumb\",\"itemListElement\":[{\"@type\":\"ListItem\",\"position\":1,\"name\":\"Servoj\",\"item\":\"https:\\\/\\\/museoomero.it\\\/eo\\\/servoj\\\/\"},{\"@type\":\"ListItem\",\"position\":2,\"name\":\"Formadaj kaj \u011disdatigaj kursoj\"}]},{\"@type\":\"WebSite\",\"@id\":\"https:\\\/\\\/museoomero.it\\\/eo\\\/#website\",\"url\":\"https:\\\/\\\/museoomero.it\\\/eo\\\/\",\"name\":\"Museo Omero\",\"description\":\"Museo Tattile Statale\",\"publisher\":{\"@id\":\"https:\\\/\\\/museoomero.it\\\/eo\\\/#organization\"},\"potentialAction\":[{\"@type\":\"SearchAction\",\"target\":{\"@type\":\"EntryPoint\",\"urlTemplate\":\"https:\\\/\\\/museoomero.it\\\/eo\\\/?s={search_term_string}\"},\"query-input\":{\"@type\":\"PropertyValueSpecification\",\"valueRequired\":true,\"valueName\":\"search_term_string\"}}],\"inLanguage\":\"eo-UY\"},{\"@type\":\"Organization\",\"@id\":\"https:\\\/\\\/museoomero.it\\\/eo\\\/#organization\",\"name\":\"Museo Omero\",\"url\":\"https:\\\/\\\/museoomero.it\\\/eo\\\/\",\"logo\":{\"@type\":\"ImageObject\",\"inLanguage\":\"eo-UY\",\"@id\":\"https:\\\/\\\/museoomero.it\\\/eo\\\/#\\\/schema\\\/logo\\\/image\\\/\",\"url\":\"https:\\\/\\\/museoomero.it\\\/wp-content\\\/uploads\\\/2019\\\/12\\\/logo_museoomero_nomibact.png\",\"contentUrl\":\"https:\\\/\\\/museoomero.it\\\/wp-content\\\/uploads\\\/2019\\\/12\\\/logo_museoomero_nomibact.png\",\"width\":400,\"height\":127,\"caption\":\"Museo Omero\"},\"image\":{\"@id\":\"https:\\\/\\\/museoomero.it\\\/eo\\\/#\\\/schema\\\/logo\\\/image\\\/\"}}]}<\/script>\n<!-- \/ Yoast SEO plugin. -->","yoast_head_json":{"title":"Formadaj kaj \u011disdatigaj kursoj - Museo Omero","description":"La formadaj kaj \u011disdatigaj kursoj naski\u011das de la dekjara sperto de la Muzeo kaj utiligas kaj la diversajn kaj kvalifikitajn kapablojn agantajn en sia interno.","robots":{"index":"index","follow":"follow","max-snippet":"max-snippet:-1","max-image-preview":"max-image-preview:large","max-video-preview":"max-video-preview:-1"},"canonical":"https:\/\/museoomero.it\/eo\/servoj\/formadaj-kaj-gisdatigaj-kursoj\/","og_locale":"eo_EO","og_type":"article","og_title":"Formadaj kaj \u011disdatigaj kursoj - Museo Omero","og_description":"La formadaj kaj \u011disdatigaj kursoj naski\u011das de la dekjara sperto de la Muzeo kaj utiligas kaj la diversajn kaj kvalifikitajn kapablojn agantajn en sia interno.","og_url":"https:\/\/museoomero.it\/eo\/servoj\/formadaj-kaj-gisdatigaj-kursoj\/","og_site_name":"Museo Omero","article_modified_time":"2025-09-15T07:38:32+00:00","og_image":[{"width":1200,"height":802,"url":"https:\/\/museoomero.it\/wp-content\/uploads\/2020\/11\/servizi-Corsi-di-formazione-e-aggiornamento-1.jpg","type":"image\/jpeg"}],"twitter_card":"summary_large_image","twitter_misc":{"Est. reading time":"2 minutes"},"schema":{"@context":"https:\/\/schema.org","@graph":[{"@type":"WebPage","@id":"https:\/\/museoomero.it\/eo\/servoj\/formadaj-kaj-gisdatigaj-kursoj\/","url":"https:\/\/museoomero.it\/eo\/servoj\/formadaj-kaj-gisdatigaj-kursoj\/","name":"Formadaj kaj \u011disdatigaj kursoj - Museo Omero","isPartOf":{"@id":"https:\/\/museoomero.it\/eo\/#website"},"primaryImageOfPage":{"@id":"https:\/\/museoomero.it\/eo\/servoj\/formadaj-kaj-gisdatigaj-kursoj\/#primaryimage"},"image":{"@id":"https:\/\/museoomero.it\/eo\/servoj\/formadaj-kaj-gisdatigaj-kursoj\/#primaryimage"},"thumbnailUrl":"https:\/\/museoomero.it\/wp-content\/uploads\/2020\/11\/servizi-Corsi-di-formazione-e-aggiornamento-1.jpg","datePublished":"2020-11-06T08:19:37+00:00","dateModified":"2025-09-15T07:38:32+00:00","description":"La formadaj kaj \u011disdatigaj kursoj naski\u011das de la dekjara sperto de la Muzeo kaj utiligas kaj la diversajn kaj kvalifikitajn kapablojn agantajn en sia interno.","breadcrumb":{"@id":"https:\/\/museoomero.it\/eo\/servoj\/formadaj-kaj-gisdatigaj-kursoj\/#breadcrumb"},"inLanguage":"eo-UY","potentialAction":[{"@type":"ReadAction","target":["https:\/\/museoomero.it\/eo\/servoj\/formadaj-kaj-gisdatigaj-kursoj\/"]}]},{"@type":"ImageObject","inLanguage":"eo-UY","@id":"https:\/\/museoomero.it\/eo\/servoj\/formadaj-kaj-gisdatigaj-kursoj\/#primaryimage","url":"https:\/\/museoomero.it\/wp-content\/uploads\/2020\/11\/servizi-Corsi-di-formazione-e-aggiornamento-1.jpg","contentUrl":"https:\/\/museoomero.it\/wp-content\/uploads\/2020\/11\/servizi-Corsi-di-formazione-e-aggiornamento-1.jpg","width":1200,"height":802,"caption":"Prelegejo"},{"@type":"BreadcrumbList","@id":"https:\/\/museoomero.it\/eo\/servoj\/formadaj-kaj-gisdatigaj-kursoj\/#breadcrumb","itemListElement":[{"@type":"ListItem","position":1,"name":"Servoj","item":"https:\/\/museoomero.it\/eo\/servoj\/"},{"@type":"ListItem","position":2,"name":"Formadaj kaj \u011disdatigaj kursoj"}]},{"@type":"WebSite","@id":"https:\/\/museoomero.it\/eo\/#website","url":"https:\/\/museoomero.it\/eo\/","name":"Museo Omero","description":"Museo Tattile Statale","publisher":{"@id":"https:\/\/museoomero.it\/eo\/#organization"},"potentialAction":[{"@type":"SearchAction","target":{"@type":"EntryPoint","urlTemplate":"https:\/\/museoomero.it\/eo\/?s={search_term_string}"},"query-input":{"@type":"PropertyValueSpecification","valueRequired":true,"valueName":"search_term_string"}}],"inLanguage":"eo-UY"},{"@type":"Organization","@id":"https:\/\/museoomero.it\/eo\/#organization","name":"Museo Omero","url":"https:\/\/museoomero.it\/eo\/","logo":{"@type":"ImageObject","inLanguage":"eo-UY","@id":"https:\/\/museoomero.it\/eo\/#\/schema\/logo\/image\/","url":"https:\/\/museoomero.it\/wp-content\/uploads\/2019\/12\/logo_museoomero_nomibact.png","contentUrl":"https:\/\/museoomero.it\/wp-content\/uploads\/2019\/12\/logo_museoomero_nomibact.png","width":400,"height":127,"caption":"Museo Omero"},"image":{"@id":"https:\/\/museoomero.it\/eo\/#\/schema\/logo\/image\/"}}]}},"jetpack_sharing_enabled":true,"_links":{"self":[{"href":"https:\/\/museoomero.it\/eo\/wp-json\/wp\/v2\/pages\/14994","targetHints":{"allow":["GET"]}}],"collection":[{"href":"https:\/\/museoomero.it\/eo\/wp-json\/wp\/v2\/pages"}],"about":[{"href":"https:\/\/museoomero.it\/eo\/wp-json\/wp\/v2\/types\/page"}],"author":[{"embeddable":true,"href":"https:\/\/museoomero.it\/eo\/wp-json\/wp\/v2\/users\/2"}],"replies":[{"embeddable":true,"href":"https:\/\/museoomero.it\/eo\/wp-json\/wp\/v2\/comments?post=14994"}],"version-history":[{"count":4,"href":"https:\/\/museoomero.it\/eo\/wp-json\/wp\/v2\/pages\/14994\/revisions"}],"predecessor-version":[{"id":29608,"href":"https:\/\/museoomero.it\/eo\/wp-json\/wp\/v2\/pages\/14994\/revisions\/29608"}],"up":[{"embeddable":true,"href":"https:\/\/museoomero.it\/eo\/wp-json\/wp\/v2\/pages\/14582"}],"wp:featuredmedia":[{"embeddable":true,"href":"https:\/\/museoomero.it\/eo\/wp-json\/wp\/v2\/media\/17081"}],"wp:attachment":[{"href":"https:\/\/museoomero.it\/eo\/wp-json\/wp\/v2\/media?parent=14994"}],"curies":[{"name":"wp","href":"https:\/\/api.w.org\/{rel}","templated":true}]}}