{"id":14996,"date":"2020-11-06T09:30:13","date_gmt":"2020-11-06T08:30:13","guid":{"rendered":"http:\/\/nuovosito.museoomero.it\/?page_id=14996"},"modified":"2025-09-15T09:22:21","modified_gmt":"2025-09-15T07:22:21","slug":"centro-de-dokumentado","status":"publish","type":"page","link":"https:\/\/museoomero.it\/eo\/servoj\/centro-de-dokumentado\/","title":{"rendered":"Centro de dokumentado"},"content":{"rendered":"\n<p>La dokumentada kaj esplora Centro estas proksime ligita al la edukaj kaj formadaj agadoj realigitaj de la Muzeo.<\/p>\n\n\n\n<p>\u011ci disponigas nigrajn kaj brajlajn tekstojn, sonajn kaj vidajn materialojn, same kiel tiflajn didaktikajn helpilojn.<\/p>\n\n\n\n<p>La \u0109efaj esplortemoj rilatas al <strong>pedagogio <\/strong>kaj <strong>didaktiko <\/strong>de la artoj kaj arkeologio, <strong>estetiko<\/strong>, kaj <strong>alireblo <\/strong>al kulturaj hava\u0135oj.<\/p>\n\n\n\n<p>La Centro proponas, la\u016d interkonsento, personigitan konsiladon kaj subtenon al lerneja kaj muzeja personaro, al universitataj studentoj, kaj krome provizas utilajn ligojn kaj bibliografiojn.<\/p>\n\n\n\n<p><strong>Kontaktoj<\/strong>: Sekretariejo de la Muzeo, Telefono +39 071 28 11 935, retpo\u015dto: <a href=\"mailto:segreteria@museoomero.it\">segreteria@museoomero.it<\/a>.<\/p>\n","protected":false},"excerpt":{"rendered":"<p>La dokumentada kaj esplora Centro estas proksime ligita al la edukaj kaj formadaj agadoj realigitaj de la Muzeo. \u011ci disponigas nigrajn kaj brajlajn tekstojn, sonajn kaj vidajn materialojn, same kiel tiflajn didaktikajn helpilojn. La \u0109efaj esplortemoj rilatas al pedagogio kaj didaktiko de la artoj kaj arkeologio, estetiko, kaj alireblo al kulturaj hava\u0135oj. La Centro proponas, [&#8230;] <span class=\"sr-only\"><a href=\"https:\/\/museoomero.it\/eo\/servoj\/centro-de-dokumentado\/\">Continua a leggere: Centro de dokumentado<\/a><\/span><\/p>\n","protected":false},"author":2,"featured_media":16966,"parent":14582,"menu_order":435,"comment_status":"closed","ping_status":"closed","template":"","meta":{"_acf_changed":false,"footnotes":""},"class_list":["post-14996","page","type-page","status-publish","has-post-thumbnail","hentry"],"acf":[],"yoast_head":"<!-- This site is optimized with the Yoast SEO plugin v27.3 - https:\/\/yoast.com\/product\/yoast-seo-wordpress\/ -->\n<title>Centro de dokumentado - Museo Omero<\/title>\n<meta name=\"description\" content=\"La dokumentada kaj esplora Centro estas proksime ligita al la edukaj kaj formadaj agadoj realigitaj de la Muzeo.\" \/>\n<meta name=\"robots\" content=\"index, follow, max-snippet:-1, max-image-preview:large, max-video-preview:-1\" \/>\n<link rel=\"canonical\" href=\"https:\/\/museoomero.it\/eo\/servoj\/centro-de-dokumentado\/\" \/>\n<meta property=\"og:locale\" content=\"eo_EO\" \/>\n<meta property=\"og:type\" content=\"article\" \/>\n<meta property=\"og:title\" content=\"Centro de dokumentado - Museo Omero\" \/>\n<meta property=\"og:description\" content=\"La dokumentada kaj esplora Centro estas proksime ligita al la edukaj kaj formadaj agadoj realigitaj de la Muzeo.\" \/>\n<meta property=\"og:url\" content=\"https:\/\/museoomero.it\/eo\/servoj\/centro-de-dokumentado\/\" \/>\n<meta property=\"og:site_name\" content=\"Museo Omero\" \/>\n<meta property=\"article:modified_time\" content=\"2025-09-15T07:22:21+00:00\" \/>\n<meta property=\"og:image\" content=\"https:\/\/museoomero.it\/wp-content\/uploads\/2020\/11\/servizi-Centro-di-documentazione.jpg\" \/>\n\t<meta property=\"og:image:width\" content=\"1200\" \/>\n\t<meta property=\"og:image:height\" content=\"802\" \/>\n\t<meta property=\"og:image:type\" content=\"image\/jpeg\" \/>\n<meta name=\"twitter:card\" content=\"summary_large_image\" \/>\n<meta name=\"twitter:label1\" content=\"Est. reading time\" \/>\n\t<meta name=\"twitter:data1\" content=\"1 minute\" \/>\n<script type=\"application\/ld+json\" class=\"yoast-schema-graph\">{\"@context\":\"https:\\\/\\\/schema.org\",\"@graph\":[{\"@type\":\"WebPage\",\"@id\":\"https:\\\/\\\/museoomero.it\\\/eo\\\/servoj\\\/centro-de-dokumentado\\\/\",\"url\":\"https:\\\/\\\/museoomero.it\\\/eo\\\/servoj\\\/centro-de-dokumentado\\\/\",\"name\":\"Centro de dokumentado - Museo Omero\",\"isPartOf\":{\"@id\":\"https:\\\/\\\/museoomero.it\\\/eo\\\/#website\"},\"primaryImageOfPage\":{\"@id\":\"https:\\\/\\\/museoomero.it\\\/eo\\\/servoj\\\/centro-de-dokumentado\\\/#primaryimage\"},\"image\":{\"@id\":\"https:\\\/\\\/museoomero.it\\\/eo\\\/servoj\\\/centro-de-dokumentado\\\/#primaryimage\"},\"thumbnailUrl\":\"https:\\\/\\\/museoomero.it\\\/wp-content\\\/uploads\\\/2020\\\/11\\\/servizi-Centro-di-documentazione.jpg\",\"datePublished\":\"2020-11-06T08:30:13+00:00\",\"dateModified\":\"2025-09-15T07:22:21+00:00\",\"description\":\"La dokumentada kaj esplora Centro estas proksime ligita al la edukaj kaj formadaj agadoj realigitaj de la Muzeo.\",\"breadcrumb\":{\"@id\":\"https:\\\/\\\/museoomero.it\\\/eo\\\/servoj\\\/centro-de-dokumentado\\\/#breadcrumb\"},\"inLanguage\":\"eo-UY\",\"potentialAction\":[{\"@type\":\"ReadAction\",\"target\":[\"https:\\\/\\\/museoomero.it\\\/eo\\\/servoj\\\/centro-de-dokumentado\\\/\"]}]},{\"@type\":\"ImageObject\",\"inLanguage\":\"eo-UY\",\"@id\":\"https:\\\/\\\/museoomero.it\\\/eo\\\/servoj\\\/centro-de-dokumentado\\\/#primaryimage\",\"url\":\"https:\\\/\\\/museoomero.it\\\/wp-content\\\/uploads\\\/2020\\\/11\\\/servizi-Centro-di-documentazione.jpg\",\"contentUrl\":\"https:\\\/\\\/museoomero.it\\\/wp-content\\\/uploads\\\/2020\\\/11\\\/servizi-Centro-di-documentazione.jpg\",\"width\":1200,\"height\":802,\"caption\":\"Centro de dokumentado\"},{\"@type\":\"BreadcrumbList\",\"@id\":\"https:\\\/\\\/museoomero.it\\\/eo\\\/servoj\\\/centro-de-dokumentado\\\/#breadcrumb\",\"itemListElement\":[{\"@type\":\"ListItem\",\"position\":1,\"name\":\"Servoj\",\"item\":\"https:\\\/\\\/museoomero.it\\\/eo\\\/servoj\\\/\"},{\"@type\":\"ListItem\",\"position\":2,\"name\":\"Centro de dokumentado\"}]},{\"@type\":\"WebSite\",\"@id\":\"https:\\\/\\\/museoomero.it\\\/eo\\\/#website\",\"url\":\"https:\\\/\\\/museoomero.it\\\/eo\\\/\",\"name\":\"Museo Omero\",\"description\":\"Museo Tattile Statale\",\"publisher\":{\"@id\":\"https:\\\/\\\/museoomero.it\\\/eo\\\/#organization\"},\"potentialAction\":[{\"@type\":\"SearchAction\",\"target\":{\"@type\":\"EntryPoint\",\"urlTemplate\":\"https:\\\/\\\/museoomero.it\\\/eo\\\/?s={search_term_string}\"},\"query-input\":{\"@type\":\"PropertyValueSpecification\",\"valueRequired\":true,\"valueName\":\"search_term_string\"}}],\"inLanguage\":\"eo-UY\"},{\"@type\":\"Organization\",\"@id\":\"https:\\\/\\\/museoomero.it\\\/eo\\\/#organization\",\"name\":\"Museo Omero\",\"url\":\"https:\\\/\\\/museoomero.it\\\/eo\\\/\",\"logo\":{\"@type\":\"ImageObject\",\"inLanguage\":\"eo-UY\",\"@id\":\"https:\\\/\\\/museoomero.it\\\/eo\\\/#\\\/schema\\\/logo\\\/image\\\/\",\"url\":\"https:\\\/\\\/museoomero.it\\\/wp-content\\\/uploads\\\/2019\\\/12\\\/logo_museoomero_nomibact.png\",\"contentUrl\":\"https:\\\/\\\/museoomero.it\\\/wp-content\\\/uploads\\\/2019\\\/12\\\/logo_museoomero_nomibact.png\",\"width\":400,\"height\":127,\"caption\":\"Museo Omero\"},\"image\":{\"@id\":\"https:\\\/\\\/museoomero.it\\\/eo\\\/#\\\/schema\\\/logo\\\/image\\\/\"}}]}<\/script>\n<!-- \/ Yoast SEO plugin. -->","yoast_head_json":{"title":"Centro de dokumentado - Museo Omero","description":"La dokumentada kaj esplora Centro estas proksime ligita al la edukaj kaj formadaj agadoj realigitaj de la Muzeo.","robots":{"index":"index","follow":"follow","max-snippet":"max-snippet:-1","max-image-preview":"max-image-preview:large","max-video-preview":"max-video-preview:-1"},"canonical":"https:\/\/museoomero.it\/eo\/servoj\/centro-de-dokumentado\/","og_locale":"eo_EO","og_type":"article","og_title":"Centro de dokumentado - Museo Omero","og_description":"La dokumentada kaj esplora Centro estas proksime ligita al la edukaj kaj formadaj agadoj realigitaj de la Muzeo.","og_url":"https:\/\/museoomero.it\/eo\/servoj\/centro-de-dokumentado\/","og_site_name":"Museo Omero","article_modified_time":"2025-09-15T07:22:21+00:00","og_image":[{"width":1200,"height":802,"url":"https:\/\/museoomero.it\/wp-content\/uploads\/2020\/11\/servizi-Centro-di-documentazione.jpg","type":"image\/jpeg"}],"twitter_card":"summary_large_image","twitter_misc":{"Est. reading time":"1 minute"},"schema":{"@context":"https:\/\/schema.org","@graph":[{"@type":"WebPage","@id":"https:\/\/museoomero.it\/eo\/servoj\/centro-de-dokumentado\/","url":"https:\/\/museoomero.it\/eo\/servoj\/centro-de-dokumentado\/","name":"Centro de dokumentado - Museo Omero","isPartOf":{"@id":"https:\/\/museoomero.it\/eo\/#website"},"primaryImageOfPage":{"@id":"https:\/\/museoomero.it\/eo\/servoj\/centro-de-dokumentado\/#primaryimage"},"image":{"@id":"https:\/\/museoomero.it\/eo\/servoj\/centro-de-dokumentado\/#primaryimage"},"thumbnailUrl":"https:\/\/museoomero.it\/wp-content\/uploads\/2020\/11\/servizi-Centro-di-documentazione.jpg","datePublished":"2020-11-06T08:30:13+00:00","dateModified":"2025-09-15T07:22:21+00:00","description":"La dokumentada kaj esplora Centro estas proksime ligita al la edukaj kaj formadaj agadoj realigitaj de la Muzeo.","breadcrumb":{"@id":"https:\/\/museoomero.it\/eo\/servoj\/centro-de-dokumentado\/#breadcrumb"},"inLanguage":"eo-UY","potentialAction":[{"@type":"ReadAction","target":["https:\/\/museoomero.it\/eo\/servoj\/centro-de-dokumentado\/"]}]},{"@type":"ImageObject","inLanguage":"eo-UY","@id":"https:\/\/museoomero.it\/eo\/servoj\/centro-de-dokumentado\/#primaryimage","url":"https:\/\/museoomero.it\/wp-content\/uploads\/2020\/11\/servizi-Centro-di-documentazione.jpg","contentUrl":"https:\/\/museoomero.it\/wp-content\/uploads\/2020\/11\/servizi-Centro-di-documentazione.jpg","width":1200,"height":802,"caption":"Centro de dokumentado"},{"@type":"BreadcrumbList","@id":"https:\/\/museoomero.it\/eo\/servoj\/centro-de-dokumentado\/#breadcrumb","itemListElement":[{"@type":"ListItem","position":1,"name":"Servoj","item":"https:\/\/museoomero.it\/eo\/servoj\/"},{"@type":"ListItem","position":2,"name":"Centro de dokumentado"}]},{"@type":"WebSite","@id":"https:\/\/museoomero.it\/eo\/#website","url":"https:\/\/museoomero.it\/eo\/","name":"Museo Omero","description":"Museo Tattile Statale","publisher":{"@id":"https:\/\/museoomero.it\/eo\/#organization"},"potentialAction":[{"@type":"SearchAction","target":{"@type":"EntryPoint","urlTemplate":"https:\/\/museoomero.it\/eo\/?s={search_term_string}"},"query-input":{"@type":"PropertyValueSpecification","valueRequired":true,"valueName":"search_term_string"}}],"inLanguage":"eo-UY"},{"@type":"Organization","@id":"https:\/\/museoomero.it\/eo\/#organization","name":"Museo Omero","url":"https:\/\/museoomero.it\/eo\/","logo":{"@type":"ImageObject","inLanguage":"eo-UY","@id":"https:\/\/museoomero.it\/eo\/#\/schema\/logo\/image\/","url":"https:\/\/museoomero.it\/wp-content\/uploads\/2019\/12\/logo_museoomero_nomibact.png","contentUrl":"https:\/\/museoomero.it\/wp-content\/uploads\/2019\/12\/logo_museoomero_nomibact.png","width":400,"height":127,"caption":"Museo Omero"},"image":{"@id":"https:\/\/museoomero.it\/eo\/#\/schema\/logo\/image\/"}}]}},"jetpack_sharing_enabled":true,"_links":{"self":[{"href":"https:\/\/museoomero.it\/eo\/wp-json\/wp\/v2\/pages\/14996","targetHints":{"allow":["GET"]}}],"collection":[{"href":"https:\/\/museoomero.it\/eo\/wp-json\/wp\/v2\/pages"}],"about":[{"href":"https:\/\/museoomero.it\/eo\/wp-json\/wp\/v2\/types\/page"}],"author":[{"embeddable":true,"href":"https:\/\/museoomero.it\/eo\/wp-json\/wp\/v2\/users\/2"}],"replies":[{"embeddable":true,"href":"https:\/\/museoomero.it\/eo\/wp-json\/wp\/v2\/comments?post=14996"}],"version-history":[{"count":5,"href":"https:\/\/museoomero.it\/eo\/wp-json\/wp\/v2\/pages\/14996\/revisions"}],"predecessor-version":[{"id":38846,"href":"https:\/\/museoomero.it\/eo\/wp-json\/wp\/v2\/pages\/14996\/revisions\/38846"}],"up":[{"embeddable":true,"href":"https:\/\/museoomero.it\/eo\/wp-json\/wp\/v2\/pages\/14582"}],"wp:featuredmedia":[{"embeddable":true,"href":"https:\/\/museoomero.it\/eo\/wp-json\/wp\/v2\/media\/16966"}],"wp:attachment":[{"href":"https:\/\/museoomero.it\/eo\/wp-json\/wp\/v2\/media?parent=14996"}],"curies":[{"name":"wp","href":"https:\/\/api.w.org\/{rel}","templated":true}]}}