{"id":15005,"date":"2020-11-06T10:30:24","date_gmt":"2020-11-06T09:30:24","guid":{"rendered":"http:\/\/nuovosito.museoomero.it\/?page_id=15005"},"modified":"2026-02-05T17:05:54","modified_gmt":"2026-02-05T16:05:54","slug":"laboroj-efektivigitaj","status":"publish","type":"page","link":"https:\/\/museoomero.it\/eo\/servoj\/consultancy-and-typhlo-didactic-services\/laboroj-efektivigitaj\/","title":{"rendered":"Laboroj efektivigitaj"},"content":{"rendered":"\n<p><strong>2020<\/strong><\/p>\n\n\n\n<ul class=\"wp-block-list\"><li><strong>Centro Trevi (TREVILAB)<\/strong>, Bolzano <a href=\"https:\/\/museoomero.it\/eo\/ekspozicioj\/ekspozicio-raffaello-teksitaj-cefverkoj-en-bolzano\/\">&#8220;Mostra RAFFAELLO capolavori tessuti a Bolzano&#8221;, (Ekspozicio RAFFAELLO teksitaj \u0109efverkoj en Bolzano)<\/a> Realigo de reliefo en reduktita skalo el presbildo, realigo de brajla hepmaterialo, reprodukto de la busto de la Dama di Urbino el la kolekto de Muzeo Homero kaj de rezina bareliefo el la pentra\u0135o de Raffaello &#8220;Ritratto di gentildonna&#8221;, (portreto de damo) Anka\u016d konata kiel &#8220;La muta&#8221; (La mutulino).<\/li><li><strong>Progetto InclusivOpera<\/strong>, Teatro de Fano, reliefoj por la opero Carmen kaj por Macerata Opera Festival, opero Don Giovanni;<\/li><li><strong>Associazione Italia Langobardorum<\/strong> <a href=\"https:\/\/museoomero.it\/eo\/ekspozicioj\/ekspozicio-permane-palpi-longobardojn\/\">Toccar con mano i Longobardi, mostra itinerante, (Permane palpi longobardojn, voja\u011danta ekspozicio) <\/a>Realigo de reliefa desegna\u0135o de Italujo kaj de reliefoj por la brajla katalogo de la ekspozicio; faka konsulti\u011do kaj teknikisto de la ekspozicio;<\/li><li><strong>Tri gracioj kun kupido<\/strong> de Canova por Museo Bassano, mendinto s-ro Fabris.<\/li><\/ul>\n\n\n\n<p><strong>2019<\/strong><\/p>\n\n\n\n<ul class=\"wp-block-list\"><li><strong>Macerata Opera Festival<\/strong>, Sferisterio 2019 \u2013 reliefaj desegnoj sur mikrokapsula papero de scenaroj de la enprogramaj operoj \u2013 Carmen, Rigoletto kaj Macbeth \u2013 kiel helpiloj por vidhandikapitaj uzantoj;<\/li><li><strong>Fondazione Zetema<\/strong>, Museo delle Mura, Roma, kontrolado de la transmeto de mozaikoj en reliefajn desegna\u0135ojn por plivastigo de la alirebleco de la muzea vojo<\/li><li><strong>Istituto superiore G.A. Pujati de Sacile<\/strong>, Pordenone \u2013 du reliefaj desegna\u0135oj<br>Por malfortevidanta lernantino prizorgata de la helpinstruistino Viviana Cervo, kiel kompletigo de \u015dia didaktika programo (Libereco de Delacroix, La floso de la meduzo de Gericault); <\/li><li><strong>Museo Diocesano de Nola<\/strong>, la\u016d mendo de Associazione Meridies \u2013 realigo de reliefoj, kun tiflodidaktika celo, el 5 pentra\u0135oj de ilia kolekto;<\/li><li><strong>Teatro Regio de Parmo<\/strong> \u2013 reliefoj pri la teatro, la partero kaj la scenejo de spektaklo (kunlabore kun Projekto INCLUSIVOPERA de Sferisterio de Macerata);<\/li><li><strong>V.A.M.I. \/ Palazzo Borghese, Romo<\/strong> \u2013 reliefoj pri la fasado kaj aliaj arkitekturaj detaloj, reliefo de la ekspozicia salono kun rilata klarigo;<\/li><li><strong>Museo egizio de Kairo, Egitto<\/strong> \u2013 reliefo de la muzea mapo kun brajla klarigo.<\/li><\/ul>\n\n\n\n<p><strong>2018<\/strong><\/p>\n\n\n\n<ul class=\"wp-block-list\"><li><strong>Museo Nazionale Romano \u0109e la Termoj de Diokleciano<\/strong>, Romo, realigo de paperaj brajlaj tekstoj por nevidantoj per a\u016dtomata ma\u015dino Everest;<\/li><li><strong>Villa d\u2019Este, Tivoli<\/strong>, realigo de tiflodidaktika helpilo por la \u011duado de<br>Ekskurso tra la \u011dardenoj de la vilao;<\/li><li><strong>San Pietro in Vincoli, Romo<\/strong>, Soprintendenza Speciale archeologia, belle arti e paesaggio di Roma, scienca konsulti\u011do por la realigo de la vid-palpa aran\u011do &#8220;Percorsi oltre il visibile a San Pietro in Vincoli&#8221; (Vojoj trans videblo en\u2026). <\/li><li><strong>Macerata Opera Festival, Sferisterio 2018<\/strong> \u2013 reliefoj, sur mikrokapsula papero, de scenaroj de la prezentataj operoj: Flauto magico, Elisir d&#8217;amore, Traviata \u2013 kiel helpiloj por vidhandikapitaj uzantoj.<\/li><li><strong>M.a.r.t. de Rovereto<\/strong>, referenculo S-ino Ornella Dossi \u2013 realigo de skulpta altreliefo kiel plastika reinterpreto de la pentra\u0135o de Carlo Carr\u00e0 &#8220;La filinoj de Loto&#8221;, el blanka fajrorezista rezino, plastika helpilo por vidhandikapitaj uzantoj.<\/li><\/ul>\n\n\n\n<p><strong>2017<\/strong><\/p>\n\n\n\n<ul class=\"wp-block-list\"><li>Ekspozicio de la markiaj fortika\u0135oj, \u0109e la <strong>Kastelo de Frontone<\/strong> (PU), organizita de Coop onlus Opera (realigo de brajlaj tekstoj kiel aldona\u0135o al la la\u016dskalaj maketoj ekspoziciataj).<\/li><li><strong>Fondazione Zetema, Macro Roma<\/strong>: brajla transskribo sur papero de slipoj kaj tekstoj kaj rilataj subtekstoj sur acetato de la verkoj de la \u0109ambro Musei da toccare, Percorsi Tattili (Muzeoj palpendaj, Palpsentaj vojoj);<\/li><li>Prezento de la kritika katalogo pri <strong>Giorgio Morandi <\/strong>verkita de Marilena Pasquali, en la prelega \u0109ambro de Muzeo Homero (realigo de tabulo kun reliefo sur mikrokapsula papero kiel helpilo por nevidantoj \u0109eestantaj en la \u0109ambro); <\/li><li><strong>Fondazione Zetema, Centrale Montemartini, Romo<\/strong>: tiflodidaktika kajero kun pluraj reliefaj desegna\u0135oj (tekniko de la Minolta-bakujo) de la romia mozaiko pri la forrabo de Prozerpino;<\/li><li>Fondazione Zetema, Museo Carlo Bilotti, Romo: traduko en reliefan desegna\u0135on (tekniko de la Minolta-bakujo) de la pentra\u0135o de Giorgio De Chirico\u201d Cavalli sul mare\u201d (\u0108evaloj surmare);<\/li><li><strong>Fondazione Zetema, Museo di Roma en Palazzo Braschi, Romo<\/strong>:<br>brajligo de la \u015dildoj de la palpsenta vojo kaj realigo de la fasado de Casino del Bufalo (bubala rezidejo) la\u016d la indikoj de la ununura restinta dokumento, manfarita desegna\u0135o de la dekna\u016da jarcento; la maketo, en tridimensia reduktita skalo, estis diversmateriala kaj diverskolora;<\/li><li><strong>Museo Gallerie d\u2019Italia, Palazzo Zevallos, Napolo,<\/strong> pentra\u0135o de Artemisia Gentileschi (realigo de tabulo kun reliefa desegna\u0135o sur mikrokapsula papero prezentanta la enhavon de la pentra\u0135o kiel helpo al la nevidantaj uzantoj);<\/li><li><strong>Poiesis, Rozo de la Kattedralo Santa Croce de Lecce<\/strong> kiel palsenta maketo ekspoziciota en la muzeo de la Katedralo (realigo de granda altreliefa tridimensia maketo en reduktita skalo, prezentanta volumenan version de la rozo de la Katedralo Santa Croce de Lecce; materialoj estis \u0109efe rezino kaj ligno kun koloroj;<\/li><li><strong>Museo delle Civilt\u00e0, Museo Nazionale dell&#8217;Alto Medioevo, Romo<\/strong>: brajligo sur papero de tekstoj de la Kolekto (a\u016dtomata ma\u015dino Everest) kaj de la rilataj slipoj sur travidebla acetato;<\/li><li><strong>Casina del Lago \u0109e Villa Borghese, Romo<\/strong>, realigo de brajlaj tekstoj sur papero per la a\u016dtomata ma\u015dino Everest por nevidantaj uzantoj;<\/li><li><strong>Turismo in Langa, Alba <\/strong>(CN), realigo de brajlaj tekstoj su specialaj folioj el travidebla acetato kaj de glumarko utiligendaj helpe al nevidantaj uzantoj; <\/li><li><strong>Macerata Opera Festival, Sferisterio 2017 <\/strong>(realigo de tabuloj kun reliefaj desegna\u0135oj sur mikrokapsula papero Koncernantaj la scenarojn de la prezentataj operoj (Aida, Madama Butterfly, Turandot) helpe al vidhandikapitaj uzantoj.<\/li><li>Konsulti\u011doj kun pluraj kulturlokoj pri alirebleco de vidhandikapuloj<br>(<strong>Sovrintendenza Capitolina ai Beni culturali<\/strong>, Museo della Civilt\u00e0, Museo Nazionale Romano, Soprintendenza archeologica del Lazio e dell&#8217;Etruria meridionale, Santuario di Ercole vincitore en Tivoli);<\/li><li><strong>Soprintendenza speciale per il Colosseo e l&#8217;area archeologica<\/strong> centrale di Roma, Kontrolado pri alirebleco de vidhandikapuloj koncernanta la aran\u011don de palpsenta vojo realigota interne de la arkeologia areo de Foro Romano \u2013 Palatino.<\/li><\/ul>\n\n\n\n<p><strong>2016<\/strong><\/p>\n\n\n\n<ul class=\"wp-block-list\"><li><strong>Pinacoteca Civica di Ancona<\/strong>: realigo de rezina altreliefo prezentanta en originalaj dimensioj la pentra\u0135on &#8220;Ragazzo morso da un ramarro&#8221; (knabo mordita de verda lacerto) de Caravaggio, la\u016d necesaj normoj por ebligi plej kontentigan palpesploron, helpe al nevidantaj kaj malfortevidantaj uzantoj; la realiga\u0135on akompanis klarigoj brajlaj kaj grandliteraj;<\/li><li><strong>Museo della Citt\u00e0 di Ancona<\/strong>: 5 tabuloj kun reliefaj desegnoj sur mikrokapsula papero de moneroj (fronto kaj dorso, pligrandigitaj kompare al la originalo) elektitaj por la ekspozicio &#8220;Le Monete di Ancona&#8221; (Ankonaj moneroj);<\/li><li><strong>Macerata Opera Festival<\/strong>, &#8220;L&#8217;opera ad occhi chiusi&#8221;, Sferisterio de Macerata: realigo de tabuloj kun reliefaj desegna\u015doj sur mikrokapsula papero bildigantaj la planon de sferisterio, kaj la scenarojn de la prezentataj operoj, eksprese elpensitaj por vidhandikapitaj uzantoj por ebligi komprenon de scenaroj kaj muzikiloj uzatajn por la spektakloj);<\/li><li><strong>Museo Nazionale Romano \u0109e la Termoj de Diokleciano<\/strong>, Romo: Internacia Kunveno de Muzeologio &#8220;Chronos, Kair\u00f2s, Aion&#8221; &#8211; La tempo de muzeoj: realigo de tiflodidaktikaj helpiloj kiel brajlaj tekstoj, reliefaj desegna\u0135oj kaj mapo, maketo.<\/li><\/ul>\n\n\n\n<p><strong>2015<\/strong><\/p>\n\n\n\n<ul class=\"wp-block-list\"><li><strong>Regione Marche, Progetto &#8220;Il Museo di tutti e per tutti&#8221;<\/strong> (Muzeo de \u0109iuj kaj por \u0109iuj): formada kurso por la personaro kaj disponigo de tiflodidaktikaj helpiloj \u2013 reliefaj desegna\u0135oj, rezinaj altreliefoj, brajlaj eldona\u0135oj kaj alireblaj klarigaj \u015dildoj per sistemo n.f.c. \u2013 al pluraj kulturaj reala\u0135oj de la regiono, kiuj ali\u011dis al la projekto (Musei Civici de Camerino, Civitanova Marche, Macerata, Montefortino, Pesaro, Fermo, Ascoli Piceno, ktp.);<\/li><li><strong>Urbino, Galleria Nazionale delle Marche<\/strong>: realigo de tri rezinaj altreliefoj originaldimensiaj (Madonna di Senigallia, Muta, Citt\u00e0 ideale), reliefaj desegna\u0135oj sur mikrokapsula papero (Camino degli angeli, planoj de la Muzeo, mapo de la urba \u0109irka\u016da\u0135o, fasado de la duka palaco), brajla eldona\u0135o kun reliefoj pri la Galerio, klarigaj kartoj brajlaj kaj vidulskribaj n.f.c.-sistemaj sur forex por la ekspozicia aran\u011do<\/li><li><strong>Pesaro, Domus de via dell&#8217;Abbondanza<\/strong>: granda liverado de reliefaj desegnoj (tekniko de la Minolta-bakujo), brajlaj klarigaj slipoj kaj argila reliefa mapo cele al alirebleco de la tuta arkeologia areo;<\/li><li><strong>Sferisterio de Macerata<\/strong>: realigo de reliefaj desegna\u0135oj pri kelkaj scenaroj de lirikaj operoj (Rigoletto kaj Boheme) kaj de mapo de Sferisterio mem por igi ilin alireblaj al nevidantoj;<\/li><li>Gabriella Pellitteri (privatulo): reliefa traduko kun rilataj tekstoj de fama pentra\u0135o montranta la profilon de Dante Alighieri;<\/li><li><strong>Museo del Bal\u00ec<\/strong>: realigo de reliefaj desegna\u0135oj pri konstelacioj;<\/li><li><strong>Fondazione Zetema<\/strong>: realigo kaj presado de brajlaj klarigaj slipoj;<\/li><\/ul>\n\n\n\n<p><strong>2014<\/strong><\/p>\n\n\n\n<ul class=\"wp-block-list\"><li><strong>Museo de Castelfiorentino<\/strong>: realigo de kelkaj reliefoj por igi alireblaj kelkajn iliajn gravajn verkojn;<\/li><li><strong>Arteconnoi<\/strong>: reliefa presado sur mikrokapsula papero de desegna\u0135oj de ili liveritaj;<\/li><li>Carmela Monteleone (privatulo): realigo de reliefoj el pentra\u0135o de Klimt, &#8220;L&#8217;Albero della vita&#8221; en du malsamaj versioj presitaj sur mikrokapsula papero;<\/li><\/ul>\n\n\n\n<p><strong>2013<\/strong><\/p>\n\n\n\n<ul class=\"wp-block-list\"><li><strong>POIESIS <\/strong>\u2013 Associazione di Promozione Sociale de Copertino (Lecce): reliefaj mapoj de la lokoj por igi ilin alireblaj okaze de kunveno;<\/li><li><strong>Opera del Duomo di Orvieto:<\/strong> realigo de helpa materialo \/ reliefoj, brajlaj eldona\u0135oj ktp cele al alirebleco de kulturaj ri\u0109a\u0135oj;<\/li><li><strong>Galleria Moderna de Milano<\/strong>: realigo de reliefaj tabuloj kiel traduko de kelkaj iliaj pentra\u0135oj.<\/li><\/ul>\n\n\n\n<p><strong>De 2012 \u011dis 2005<\/strong><\/p>\n\n\n\n<ul class=\"wp-block-list\"><li>Palazzo Strozzi \u2013 Florenco<\/li><li>Orto Botanico Selva di Gallignano (AN) \u2013 Universit\u00e0 Politecnica delle Marche<\/li><li>Comune di Colbordolo<\/li><li>Museo della citt\u00e0 e del territorio de la Komunumo Corato <\/li><li>Reliefa traduko de tri verkoj de Osvaldo Licini \u2013 Pinacoteca de Ascoli Piceno<\/li><li>Banco di Sicilia<\/li><li>&#8220;Tocco quindi vedo&#8221; Centro Internazionale del Libro Parlato di Feltre<\/li><li>Progetto Accessibilit\u00e0 turistica Marca anconetana<\/li><li>Museo dell&#8217;Opera del Duomo di Pisa<\/li><li>ICPL: Museo dell&#8217;Istituto centrale di patologia del libro<\/li><li>Progetto Arte dentro l&#8217;arte kunlabore kun Universit\u00e0 Politecnica delle Marche (DARDUS \u2013 Dipartimento architettura rilievo disegno urbanistica storia, Facolt\u00e0 di Ingegneria) kaj kun Ufficio scolastico Regionale<\/li><li>Progetto BrightUbuntu kunlabore kun Universit\u00e0 Politecnica delle Marche (DIIGA Dipartimento di Ingegneria Informatica, Gestionale e dell\u2019Automazione, Facolt\u00e0 di Agraria)<\/li><li>Confindustria e Regione Marche por la projekto de alirebla turismo Oscar dei sapori 2007<\/li><li>iGuzzini kaj Istituto Centrale per il Restauro por la projekto &#8220;Conoscere la forma: il Satiro danzante di Mazara del Vallo&#8221;<\/li><li>Museo Civico de Ragogna<\/li><li>Museo del Territorio de San Daniele del Friuli<\/li><li>Museo d\u2019arte e della medaglia de la urbo Buja<\/li><li>Musei Piceni (Offida, Ripastransone, Monte Fiore dell&#8217;Aso kaj Monte Rubbiano)<\/li><li>Rocca Roveresca di Senigallia.<\/li><\/ul>\n","protected":false},"excerpt":{"rendered":"<p>2020 Centro Trevi (TREVILAB), Bolzano &#8220;Mostra RAFFAELLO capolavori tessuti a Bolzano&#8221;, (Ekspozicio RAFFAELLO teksitaj \u0109efverkoj en Bolzano) Realigo de reliefo en reduktita skalo el presbildo, realigo de brajla hepmaterialo, reprodukto de la busto de la Dama di Urbino el la kolekto de Muzeo Homero kaj de rezina bareliefo el la pentra\u0135o de Raffaello &#8220;Ritratto di [&#8230;] <span class=\"sr-only\"><a href=\"https:\/\/museoomero.it\/eo\/servoj\/consultancy-and-typhlo-didactic-services\/laboroj-efektivigitaj\/\">Continua a leggere: Laboroj efektivigitaj<\/a><\/span><\/p>\n","protected":false},"author":2,"featured_media":28743,"parent":14799,"menu_order":87,"comment_status":"closed","ping_status":"closed","template":"","meta":{"_acf_changed":false,"footnotes":""},"class_list":["post-15005","page","type-page","status-publish","has-post-thumbnail","hentry"],"acf":[],"yoast_head":"<!-- This site is optimized with the Yoast SEO plugin v27.3 - https:\/\/yoast.com\/product\/yoast-seo-wordpress\/ -->\n<title>Laboroj efektivigitaj - Museo Omero<\/title>\n<meta name=\"robots\" content=\"index, follow, max-snippet:-1, max-image-preview:large, max-video-preview:-1\" \/>\n<link rel=\"canonical\" href=\"https:\/\/museoomero.it\/eo\/servoj\/consultancy-and-typhlo-didactic-services\/laboroj-efektivigitaj\/\" \/>\n<meta property=\"og:locale\" content=\"eo_EO\" \/>\n<meta property=\"og:type\" content=\"article\" \/>\n<meta property=\"og:title\" content=\"Laboroj efektivigitaj - Museo Omero\" \/>\n<meta property=\"og:description\" content=\"2020 Centro Trevi (TREVILAB), Bolzano &#8220;Mostra RAFFAELLO capolavori tessuti a Bolzano&#8221;, (Ekspozicio RAFFAELLO teksitaj \u0109efverkoj en Bolzano) Realigo de reliefo en reduktita skalo el presbildo, realigo de brajla hepmaterialo, reprodukto de la busto de la Dama di Urbino el la kolekto de Muzeo Homero kaj de rezina bareliefo el la pentra\u0135o de Raffaello &#8220;Ritratto di [...] Continua a leggere: Laboroj efektivigitaj\" \/>\n<meta property=\"og:url\" content=\"https:\/\/museoomero.it\/eo\/servoj\/consultancy-and-typhlo-didactic-services\/laboroj-efektivigitaj\/\" \/>\n<meta property=\"og:site_name\" content=\"Museo Omero\" \/>\n<meta property=\"article:modified_time\" content=\"2026-02-05T16:05:54+00:00\" \/>\n<meta property=\"og:image\" content=\"https:\/\/museoomero.it\/wp-content\/uploads\/2022\/12\/servizi-tiflodidattica-2022.jpg\" \/>\n\t<meta property=\"og:image:width\" content=\"1200\" \/>\n\t<meta property=\"og:image:height\" content=\"802\" \/>\n\t<meta property=\"og:image:type\" content=\"image\/jpeg\" \/>\n<meta name=\"twitter:card\" content=\"summary_large_image\" \/>\n<meta name=\"twitter:label1\" content=\"Est. reading time\" \/>\n\t<meta name=\"twitter:data1\" content=\"9 minutes\" \/>\n<script type=\"application\/ld+json\" class=\"yoast-schema-graph\">{\"@context\":\"https:\\\/\\\/schema.org\",\"@graph\":[{\"@type\":\"WebPage\",\"@id\":\"https:\\\/\\\/museoomero.it\\\/eo\\\/servoj\\\/consultancy-and-typhlo-didactic-services\\\/laboroj-efektivigitaj\\\/\",\"url\":\"https:\\\/\\\/museoomero.it\\\/eo\\\/servoj\\\/consultancy-and-typhlo-didactic-services\\\/laboroj-efektivigitaj\\\/\",\"name\":\"Laboroj efektivigitaj - Museo Omero\",\"isPartOf\":{\"@id\":\"https:\\\/\\\/museoomero.it\\\/eo\\\/#website\"},\"primaryImageOfPage\":{\"@id\":\"https:\\\/\\\/museoomero.it\\\/eo\\\/servoj\\\/consultancy-and-typhlo-didactic-services\\\/laboroj-efektivigitaj\\\/#primaryimage\"},\"image\":{\"@id\":\"https:\\\/\\\/museoomero.it\\\/eo\\\/servoj\\\/consultancy-and-typhlo-didactic-services\\\/laboroj-efektivigitaj\\\/#primaryimage\"},\"thumbnailUrl\":\"https:\\\/\\\/museoomero.it\\\/wp-content\\\/uploads\\\/2022\\\/12\\\/servizi-tiflodidattica-2022.jpg\",\"datePublished\":\"2020-11-06T09:30:24+00:00\",\"dateModified\":\"2026-02-05T16:05:54+00:00\",\"breadcrumb\":{\"@id\":\"https:\\\/\\\/museoomero.it\\\/eo\\\/servoj\\\/consultancy-and-typhlo-didactic-services\\\/laboroj-efektivigitaj\\\/#breadcrumb\"},\"inLanguage\":\"eo-UY\",\"potentialAction\":[{\"@type\":\"ReadAction\",\"target\":[\"https:\\\/\\\/museoomero.it\\\/eo\\\/servoj\\\/consultancy-and-typhlo-didactic-services\\\/laboroj-efektivigitaj\\\/\"]}]},{\"@type\":\"ImageObject\",\"inLanguage\":\"eo-UY\",\"@id\":\"https:\\\/\\\/museoomero.it\\\/eo\\\/servoj\\\/consultancy-and-typhlo-didactic-services\\\/laboroj-efektivigitaj\\\/#primaryimage\",\"url\":\"https:\\\/\\\/museoomero.it\\\/wp-content\\\/uploads\\\/2022\\\/12\\\/servizi-tiflodidattica-2022.jpg\",\"contentUrl\":\"https:\\\/\\\/museoomero.it\\\/wp-content\\\/uploads\\\/2022\\\/12\\\/servizi-tiflodidattica-2022.jpg\",\"width\":1200,\"height\":802,\"caption\":\"vaso modellato in plastilina e poi in resina\"},{\"@type\":\"BreadcrumbList\",\"@id\":\"https:\\\/\\\/museoomero.it\\\/eo\\\/servoj\\\/consultancy-and-typhlo-didactic-services\\\/laboroj-efektivigitaj\\\/#breadcrumb\",\"itemListElement\":[{\"@type\":\"ListItem\",\"position\":1,\"name\":\"Servoj\",\"item\":\"https:\\\/\\\/museoomero.it\\\/eo\\\/servoj\\\/\"},{\"@type\":\"ListItem\",\"position\":2,\"name\":\"Konsulti\u011doj kaj tiflodidaktikaj servoj\",\"item\":\"https:\\\/\\\/museoomero.it\\\/eo\\\/servoj\\\/consultancy-and-typhlo-didactic-services\\\/\"},{\"@type\":\"ListItem\",\"position\":3,\"name\":\"Laboroj efektivigitaj\"}]},{\"@type\":\"WebSite\",\"@id\":\"https:\\\/\\\/museoomero.it\\\/eo\\\/#website\",\"url\":\"https:\\\/\\\/museoomero.it\\\/eo\\\/\",\"name\":\"Museo Omero\",\"description\":\"Museo Tattile Statale\",\"publisher\":{\"@id\":\"https:\\\/\\\/museoomero.it\\\/eo\\\/#organization\"},\"potentialAction\":[{\"@type\":\"SearchAction\",\"target\":{\"@type\":\"EntryPoint\",\"urlTemplate\":\"https:\\\/\\\/museoomero.it\\\/eo\\\/?s={search_term_string}\"},\"query-input\":{\"@type\":\"PropertyValueSpecification\",\"valueRequired\":true,\"valueName\":\"search_term_string\"}}],\"inLanguage\":\"eo-UY\"},{\"@type\":\"Organization\",\"@id\":\"https:\\\/\\\/museoomero.it\\\/eo\\\/#organization\",\"name\":\"Museo Omero\",\"url\":\"https:\\\/\\\/museoomero.it\\\/eo\\\/\",\"logo\":{\"@type\":\"ImageObject\",\"inLanguage\":\"eo-UY\",\"@id\":\"https:\\\/\\\/museoomero.it\\\/eo\\\/#\\\/schema\\\/logo\\\/image\\\/\",\"url\":\"https:\\\/\\\/museoomero.it\\\/wp-content\\\/uploads\\\/2019\\\/12\\\/logo_museoomero_nomibact.png\",\"contentUrl\":\"https:\\\/\\\/museoomero.it\\\/wp-content\\\/uploads\\\/2019\\\/12\\\/logo_museoomero_nomibact.png\",\"width\":400,\"height\":127,\"caption\":\"Museo Omero\"},\"image\":{\"@id\":\"https:\\\/\\\/museoomero.it\\\/eo\\\/#\\\/schema\\\/logo\\\/image\\\/\"}}]}<\/script>\n<!-- \/ Yoast SEO plugin. -->","yoast_head_json":{"title":"Laboroj efektivigitaj - Museo Omero","robots":{"index":"index","follow":"follow","max-snippet":"max-snippet:-1","max-image-preview":"max-image-preview:large","max-video-preview":"max-video-preview:-1"},"canonical":"https:\/\/museoomero.it\/eo\/servoj\/consultancy-and-typhlo-didactic-services\/laboroj-efektivigitaj\/","og_locale":"eo_EO","og_type":"article","og_title":"Laboroj efektivigitaj - Museo Omero","og_description":"2020 Centro Trevi (TREVILAB), Bolzano &#8220;Mostra RAFFAELLO capolavori tessuti a Bolzano&#8221;, (Ekspozicio RAFFAELLO teksitaj \u0109efverkoj en Bolzano) Realigo de reliefo en reduktita skalo el presbildo, realigo de brajla hepmaterialo, reprodukto de la busto de la Dama di Urbino el la kolekto de Muzeo Homero kaj de rezina bareliefo el la pentra\u0135o de Raffaello &#8220;Ritratto di [...] Continua a leggere: Laboroj efektivigitaj","og_url":"https:\/\/museoomero.it\/eo\/servoj\/consultancy-and-typhlo-didactic-services\/laboroj-efektivigitaj\/","og_site_name":"Museo Omero","article_modified_time":"2026-02-05T16:05:54+00:00","og_image":[{"width":1200,"height":802,"url":"https:\/\/museoomero.it\/wp-content\/uploads\/2022\/12\/servizi-tiflodidattica-2022.jpg","type":"image\/jpeg"}],"twitter_card":"summary_large_image","twitter_misc":{"Est. reading time":"9 minutes"},"schema":{"@context":"https:\/\/schema.org","@graph":[{"@type":"WebPage","@id":"https:\/\/museoomero.it\/eo\/servoj\/consultancy-and-typhlo-didactic-services\/laboroj-efektivigitaj\/","url":"https:\/\/museoomero.it\/eo\/servoj\/consultancy-and-typhlo-didactic-services\/laboroj-efektivigitaj\/","name":"Laboroj efektivigitaj - Museo Omero","isPartOf":{"@id":"https:\/\/museoomero.it\/eo\/#website"},"primaryImageOfPage":{"@id":"https:\/\/museoomero.it\/eo\/servoj\/consultancy-and-typhlo-didactic-services\/laboroj-efektivigitaj\/#primaryimage"},"image":{"@id":"https:\/\/museoomero.it\/eo\/servoj\/consultancy-and-typhlo-didactic-services\/laboroj-efektivigitaj\/#primaryimage"},"thumbnailUrl":"https:\/\/museoomero.it\/wp-content\/uploads\/2022\/12\/servizi-tiflodidattica-2022.jpg","datePublished":"2020-11-06T09:30:24+00:00","dateModified":"2026-02-05T16:05:54+00:00","breadcrumb":{"@id":"https:\/\/museoomero.it\/eo\/servoj\/consultancy-and-typhlo-didactic-services\/laboroj-efektivigitaj\/#breadcrumb"},"inLanguage":"eo-UY","potentialAction":[{"@type":"ReadAction","target":["https:\/\/museoomero.it\/eo\/servoj\/consultancy-and-typhlo-didactic-services\/laboroj-efektivigitaj\/"]}]},{"@type":"ImageObject","inLanguage":"eo-UY","@id":"https:\/\/museoomero.it\/eo\/servoj\/consultancy-and-typhlo-didactic-services\/laboroj-efektivigitaj\/#primaryimage","url":"https:\/\/museoomero.it\/wp-content\/uploads\/2022\/12\/servizi-tiflodidattica-2022.jpg","contentUrl":"https:\/\/museoomero.it\/wp-content\/uploads\/2022\/12\/servizi-tiflodidattica-2022.jpg","width":1200,"height":802,"caption":"vaso modellato in plastilina e poi in resina"},{"@type":"BreadcrumbList","@id":"https:\/\/museoomero.it\/eo\/servoj\/consultancy-and-typhlo-didactic-services\/laboroj-efektivigitaj\/#breadcrumb","itemListElement":[{"@type":"ListItem","position":1,"name":"Servoj","item":"https:\/\/museoomero.it\/eo\/servoj\/"},{"@type":"ListItem","position":2,"name":"Konsulti\u011doj kaj tiflodidaktikaj servoj","item":"https:\/\/museoomero.it\/eo\/servoj\/consultancy-and-typhlo-didactic-services\/"},{"@type":"ListItem","position":3,"name":"Laboroj efektivigitaj"}]},{"@type":"WebSite","@id":"https:\/\/museoomero.it\/eo\/#website","url":"https:\/\/museoomero.it\/eo\/","name":"Museo Omero","description":"Museo Tattile Statale","publisher":{"@id":"https:\/\/museoomero.it\/eo\/#organization"},"potentialAction":[{"@type":"SearchAction","target":{"@type":"EntryPoint","urlTemplate":"https:\/\/museoomero.it\/eo\/?s={search_term_string}"},"query-input":{"@type":"PropertyValueSpecification","valueRequired":true,"valueName":"search_term_string"}}],"inLanguage":"eo-UY"},{"@type":"Organization","@id":"https:\/\/museoomero.it\/eo\/#organization","name":"Museo Omero","url":"https:\/\/museoomero.it\/eo\/","logo":{"@type":"ImageObject","inLanguage":"eo-UY","@id":"https:\/\/museoomero.it\/eo\/#\/schema\/logo\/image\/","url":"https:\/\/museoomero.it\/wp-content\/uploads\/2019\/12\/logo_museoomero_nomibact.png","contentUrl":"https:\/\/museoomero.it\/wp-content\/uploads\/2019\/12\/logo_museoomero_nomibact.png","width":400,"height":127,"caption":"Museo Omero"},"image":{"@id":"https:\/\/museoomero.it\/eo\/#\/schema\/logo\/image\/"}}]}},"jetpack_sharing_enabled":true,"_links":{"self":[{"href":"https:\/\/museoomero.it\/eo\/wp-json\/wp\/v2\/pages\/15005","targetHints":{"allow":["GET"]}}],"collection":[{"href":"https:\/\/museoomero.it\/eo\/wp-json\/wp\/v2\/pages"}],"about":[{"href":"https:\/\/museoomero.it\/eo\/wp-json\/wp\/v2\/types\/page"}],"author":[{"embeddable":true,"href":"https:\/\/museoomero.it\/eo\/wp-json\/wp\/v2\/users\/2"}],"replies":[{"embeddable":true,"href":"https:\/\/museoomero.it\/eo\/wp-json\/wp\/v2\/comments?post=15005"}],"version-history":[{"count":4,"href":"https:\/\/museoomero.it\/eo\/wp-json\/wp\/v2\/pages\/15005\/revisions"}],"predecessor-version":[{"id":41338,"href":"https:\/\/museoomero.it\/eo\/wp-json\/wp\/v2\/pages\/15005\/revisions\/41338"}],"up":[{"embeddable":true,"href":"https:\/\/museoomero.it\/eo\/wp-json\/wp\/v2\/pages\/14799"}],"wp:featuredmedia":[{"embeddable":true,"href":"https:\/\/museoomero.it\/eo\/wp-json\/wp\/v2\/media\/28743"}],"wp:attachment":[{"href":"https:\/\/museoomero.it\/eo\/wp-json\/wp\/v2\/media?parent=15005"}],"curies":[{"name":"wp","href":"https:\/\/api.w.org\/{rel}","templated":true}]}}