{"id":15007,"date":"2020-11-06T10:37:49","date_gmt":"2020-11-06T09:37:49","guid":{"rendered":"http:\/\/nuovosito.museoomero.it\/?page_id=15007"},"modified":"2025-09-15T09:32:20","modified_gmt":"2025-09-15T07:32:20","slug":"civila-volontula-servo","status":"publish","type":"page","link":"https:\/\/museoomero.it\/eo\/servoj\/civila-volontula-servo\/","title":{"rendered":"Civila volontula servo"},"content":{"rendered":"\n<p>La <a href=\"http:\/\/www.scelgoilserviziocivile.gov.it\">Volontula Civila Servo<\/a> estas eblo proponata al junuloj inter 18 kaj 28 jaroj dedi\u0109i sin al projekto celanta la senarmilan kaj neperfortan defendon de la Patrujo, edukadon, pacon inter la popoloj kaj la anta\u016denigon de la fundamentaj valoroj de la Respubliko.<\/p>\n\n\n\n<p>La Volontula Civila Servo garantias al junuloj fortan edukajn kaj formadajn spertojn, gravan kaj ofte unikan okazon por persona kresko, \u015dancon lerni aktivan civitanecon, kontribuante al la socia, kultura kaj ekonomia evoluo de nia lando.<\/p>\n\n\n\n<p>Ekde 2004, la \u015ctata Palpa Muzeo Omero prezentas projektojn por la enga\u011di\u011do de Volontuloj en Civila Servo en Italio en la kampoj de artaj kaj kulturaj hava\u0135oj, edukado kaj kultura anta\u016denigo.<\/p>\n\n\n\n<p>La projektoj celas kultur-alireblecon kun aparta atento al pli bona integri\u011do de personoj kun vida handikapo, sen forgesi \u0109iujn, kiuj volas sperti scion per anka\u016d nevidaj kanaloj, komprenataj kiel ri\u0109igo kaj nova kultura kaj eduka aliro.<\/p>\n","protected":false},"excerpt":{"rendered":"<p>La Volontula Civila Servo estas eblo proponata al junuloj inter 18 kaj 28 jaroj dedi\u0109i sin al projekto celanta la senarmilan kaj neperfortan defendon de la Patrujo, edukadon, pacon inter la popoloj kaj la anta\u016denigon de la fundamentaj valoroj de la Respubliko. La Volontula Civila Servo garantias al junuloj fortan edukajn kaj formadajn spertojn, gravan [&#8230;] <span class=\"sr-only\"><a href=\"https:\/\/museoomero.it\/eo\/servoj\/civila-volontula-servo\/\">Continua a leggere: Civila volontula servo<\/a><\/span><\/p>\n","protected":false},"author":2,"featured_media":16447,"parent":14582,"menu_order":406,"comment_status":"closed","ping_status":"closed","template":"","meta":{"_acf_changed":false,"footnotes":""},"class_list":["post-15007","page","type-page","status-publish","has-post-thumbnail","hentry"],"acf":[],"yoast_head":"<!-- This site is optimized with the Yoast SEO plugin v27.5 - https:\/\/yoast.com\/product\/yoast-seo-wordpress\/ -->\n<title>Civila volontula servo - Museo Omero<\/title>\n<meta name=\"description\" content=\"La Volontula Civila Servo estas eblo proponata al junuloj inter 18 kaj 28 jaroj dedi\u0109i sin al projekto celanta la senarmilan kaj neperfortan defendon de la Patrujo.\" \/>\n<meta name=\"robots\" content=\"index, follow, max-snippet:-1, max-image-preview:large, max-video-preview:-1\" \/>\n<link rel=\"canonical\" href=\"https:\/\/museoomero.it\/eo\/servoj\/civila-volontula-servo\/\" \/>\n<meta property=\"og:locale\" content=\"eo_EO\" \/>\n<meta property=\"og:type\" content=\"article\" \/>\n<meta property=\"og:title\" content=\"Civila volontula servo - Museo Omero\" \/>\n<meta property=\"og:description\" content=\"La Volontula Civila Servo estas eblo proponata al junuloj inter 18 kaj 28 jaroj dedi\u0109i sin al projekto celanta la senarmilan kaj neperfortan defendon de la Patrujo.\" \/>\n<meta property=\"og:url\" content=\"https:\/\/museoomero.it\/eo\/servoj\/civila-volontula-servo\/\" \/>\n<meta property=\"og:site_name\" content=\"Museo Omero\" \/>\n<meta property=\"article:modified_time\" content=\"2025-09-15T07:32:20+00:00\" \/>\n<meta property=\"og:image\" content=\"https:\/\/museoomero.it\/wp-content\/uploads\/2020\/11\/servizi-Il-Servizio-Civile-al-Museo-Omero.jpg\" \/>\n\t<meta property=\"og:image:width\" content=\"1800\" \/>\n\t<meta property=\"og:image:height\" content=\"1195\" \/>\n\t<meta property=\"og:image:type\" content=\"image\/jpeg\" \/>\n<meta name=\"twitter:card\" content=\"summary_large_image\" \/>\n<meta name=\"twitter:label1\" content=\"Est. reading time\" \/>\n\t<meta name=\"twitter:data1\" content=\"1 minute\" \/>\n<script type=\"application\/ld+json\" class=\"yoast-schema-graph\">{\"@context\":\"https:\\\/\\\/schema.org\",\"@graph\":[{\"@type\":\"WebPage\",\"@id\":\"https:\\\/\\\/museoomero.it\\\/eo\\\/servoj\\\/civila-volontula-servo\\\/\",\"url\":\"https:\\\/\\\/museoomero.it\\\/eo\\\/servoj\\\/civila-volontula-servo\\\/\",\"name\":\"Civila volontula servo - Museo Omero\",\"isPartOf\":{\"@id\":\"https:\\\/\\\/museoomero.it\\\/eo\\\/#website\"},\"primaryImageOfPage\":{\"@id\":\"https:\\\/\\\/museoomero.it\\\/eo\\\/servoj\\\/civila-volontula-servo\\\/#primaryimage\"},\"image\":{\"@id\":\"https:\\\/\\\/museoomero.it\\\/eo\\\/servoj\\\/civila-volontula-servo\\\/#primaryimage\"},\"thumbnailUrl\":\"https:\\\/\\\/museoomero.it\\\/wp-content\\\/uploads\\\/2020\\\/11\\\/servizi-Il-Servizio-Civile-al-Museo-Omero.jpg\",\"datePublished\":\"2020-11-06T09:37:49+00:00\",\"dateModified\":\"2025-09-15T07:32:20+00:00\",\"description\":\"La Volontula Civila Servo estas eblo proponata al junuloj inter 18 kaj 28 jaroj dedi\u0109i sin al projekto celanta la senarmilan kaj neperfortan defendon de la Patrujo.\",\"breadcrumb\":{\"@id\":\"https:\\\/\\\/museoomero.it\\\/eo\\\/servoj\\\/civila-volontula-servo\\\/#breadcrumb\"},\"inLanguage\":\"eo-UY\",\"potentialAction\":[{\"@type\":\"ReadAction\",\"target\":[\"https:\\\/\\\/museoomero.it\\\/eo\\\/servoj\\\/civila-volontula-servo\\\/\"]}]},{\"@type\":\"ImageObject\",\"inLanguage\":\"eo-UY\",\"@id\":\"https:\\\/\\\/museoomero.it\\\/eo\\\/servoj\\\/civila-volontula-servo\\\/#primaryimage\",\"url\":\"https:\\\/\\\/museoomero.it\\\/wp-content\\\/uploads\\\/2020\\\/11\\\/servizi-Il-Servizio-Civile-al-Museo-Omero.jpg\",\"contentUrl\":\"https:\\\/\\\/museoomero.it\\\/wp-content\\\/uploads\\\/2020\\\/11\\\/servizi-Il-Servizio-Civile-al-Museo-Omero.jpg\",\"width\":1800,\"height\":1195,\"caption\":\"Knaboj de la Civila Servo\"},{\"@type\":\"BreadcrumbList\",\"@id\":\"https:\\\/\\\/museoomero.it\\\/eo\\\/servoj\\\/civila-volontula-servo\\\/#breadcrumb\",\"itemListElement\":[{\"@type\":\"ListItem\",\"position\":1,\"name\":\"Servoj\",\"item\":\"https:\\\/\\\/museoomero.it\\\/eo\\\/servoj\\\/\"},{\"@type\":\"ListItem\",\"position\":2,\"name\":\"Civila volontula servo\"}]},{\"@type\":\"WebSite\",\"@id\":\"https:\\\/\\\/museoomero.it\\\/eo\\\/#website\",\"url\":\"https:\\\/\\\/museoomero.it\\\/eo\\\/\",\"name\":\"Museo Omero\",\"description\":\"Museo Tattile Statale\",\"publisher\":{\"@id\":\"https:\\\/\\\/museoomero.it\\\/eo\\\/#organization\"},\"potentialAction\":[{\"@type\":\"SearchAction\",\"target\":{\"@type\":\"EntryPoint\",\"urlTemplate\":\"https:\\\/\\\/museoomero.it\\\/eo\\\/?s={search_term_string}\"},\"query-input\":{\"@type\":\"PropertyValueSpecification\",\"valueRequired\":true,\"valueName\":\"search_term_string\"}}],\"inLanguage\":\"eo-UY\"},{\"@type\":\"Organization\",\"@id\":\"https:\\\/\\\/museoomero.it\\\/eo\\\/#organization\",\"name\":\"Museo Omero\",\"url\":\"https:\\\/\\\/museoomero.it\\\/eo\\\/\",\"logo\":{\"@type\":\"ImageObject\",\"inLanguage\":\"eo-UY\",\"@id\":\"https:\\\/\\\/museoomero.it\\\/eo\\\/#\\\/schema\\\/logo\\\/image\\\/\",\"url\":\"https:\\\/\\\/museoomero.it\\\/wp-content\\\/uploads\\\/2019\\\/12\\\/logo_museoomero_nomibact.png\",\"contentUrl\":\"https:\\\/\\\/museoomero.it\\\/wp-content\\\/uploads\\\/2019\\\/12\\\/logo_museoomero_nomibact.png\",\"width\":400,\"height\":127,\"caption\":\"Museo Omero\"},\"image\":{\"@id\":\"https:\\\/\\\/museoomero.it\\\/eo\\\/#\\\/schema\\\/logo\\\/image\\\/\"}}]}<\/script>\n<!-- \/ Yoast SEO plugin. -->","yoast_head_json":{"title":"Civila volontula servo - Museo Omero","description":"La Volontula Civila Servo estas eblo proponata al junuloj inter 18 kaj 28 jaroj dedi\u0109i sin al projekto celanta la senarmilan kaj neperfortan defendon de la Patrujo.","robots":{"index":"index","follow":"follow","max-snippet":"max-snippet:-1","max-image-preview":"max-image-preview:large","max-video-preview":"max-video-preview:-1"},"canonical":"https:\/\/museoomero.it\/eo\/servoj\/civila-volontula-servo\/","og_locale":"eo_EO","og_type":"article","og_title":"Civila volontula servo - Museo Omero","og_description":"La Volontula Civila Servo estas eblo proponata al junuloj inter 18 kaj 28 jaroj dedi\u0109i sin al projekto celanta la senarmilan kaj neperfortan defendon de la Patrujo.","og_url":"https:\/\/museoomero.it\/eo\/servoj\/civila-volontula-servo\/","og_site_name":"Museo Omero","article_modified_time":"2025-09-15T07:32:20+00:00","og_image":[{"width":1800,"height":1195,"url":"https:\/\/museoomero.it\/wp-content\/uploads\/2020\/11\/servizi-Il-Servizio-Civile-al-Museo-Omero.jpg","type":"image\/jpeg"}],"twitter_card":"summary_large_image","twitter_misc":{"Est. reading time":"1 minute"},"schema":{"@context":"https:\/\/schema.org","@graph":[{"@type":"WebPage","@id":"https:\/\/museoomero.it\/eo\/servoj\/civila-volontula-servo\/","url":"https:\/\/museoomero.it\/eo\/servoj\/civila-volontula-servo\/","name":"Civila volontula servo - Museo Omero","isPartOf":{"@id":"https:\/\/museoomero.it\/eo\/#website"},"primaryImageOfPage":{"@id":"https:\/\/museoomero.it\/eo\/servoj\/civila-volontula-servo\/#primaryimage"},"image":{"@id":"https:\/\/museoomero.it\/eo\/servoj\/civila-volontula-servo\/#primaryimage"},"thumbnailUrl":"https:\/\/museoomero.it\/wp-content\/uploads\/2020\/11\/servizi-Il-Servizio-Civile-al-Museo-Omero.jpg","datePublished":"2020-11-06T09:37:49+00:00","dateModified":"2025-09-15T07:32:20+00:00","description":"La Volontula Civila Servo estas eblo proponata al junuloj inter 18 kaj 28 jaroj dedi\u0109i sin al projekto celanta la senarmilan kaj neperfortan defendon de la Patrujo.","breadcrumb":{"@id":"https:\/\/museoomero.it\/eo\/servoj\/civila-volontula-servo\/#breadcrumb"},"inLanguage":"eo-UY","potentialAction":[{"@type":"ReadAction","target":["https:\/\/museoomero.it\/eo\/servoj\/civila-volontula-servo\/"]}]},{"@type":"ImageObject","inLanguage":"eo-UY","@id":"https:\/\/museoomero.it\/eo\/servoj\/civila-volontula-servo\/#primaryimage","url":"https:\/\/museoomero.it\/wp-content\/uploads\/2020\/11\/servizi-Il-Servizio-Civile-al-Museo-Omero.jpg","contentUrl":"https:\/\/museoomero.it\/wp-content\/uploads\/2020\/11\/servizi-Il-Servizio-Civile-al-Museo-Omero.jpg","width":1800,"height":1195,"caption":"Knaboj de la Civila Servo"},{"@type":"BreadcrumbList","@id":"https:\/\/museoomero.it\/eo\/servoj\/civila-volontula-servo\/#breadcrumb","itemListElement":[{"@type":"ListItem","position":1,"name":"Servoj","item":"https:\/\/museoomero.it\/eo\/servoj\/"},{"@type":"ListItem","position":2,"name":"Civila volontula servo"}]},{"@type":"WebSite","@id":"https:\/\/museoomero.it\/eo\/#website","url":"https:\/\/museoomero.it\/eo\/","name":"Museo Omero","description":"Museo Tattile Statale","publisher":{"@id":"https:\/\/museoomero.it\/eo\/#organization"},"potentialAction":[{"@type":"SearchAction","target":{"@type":"EntryPoint","urlTemplate":"https:\/\/museoomero.it\/eo\/?s={search_term_string}"},"query-input":{"@type":"PropertyValueSpecification","valueRequired":true,"valueName":"search_term_string"}}],"inLanguage":"eo-UY"},{"@type":"Organization","@id":"https:\/\/museoomero.it\/eo\/#organization","name":"Museo Omero","url":"https:\/\/museoomero.it\/eo\/","logo":{"@type":"ImageObject","inLanguage":"eo-UY","@id":"https:\/\/museoomero.it\/eo\/#\/schema\/logo\/image\/","url":"https:\/\/museoomero.it\/wp-content\/uploads\/2019\/12\/logo_museoomero_nomibact.png","contentUrl":"https:\/\/museoomero.it\/wp-content\/uploads\/2019\/12\/logo_museoomero_nomibact.png","width":400,"height":127,"caption":"Museo Omero"},"image":{"@id":"https:\/\/museoomero.it\/eo\/#\/schema\/logo\/image\/"}}]}},"jetpack_sharing_enabled":true,"_links":{"self":[{"href":"https:\/\/museoomero.it\/eo\/wp-json\/wp\/v2\/pages\/15007","targetHints":{"allow":["GET"]}}],"collection":[{"href":"https:\/\/museoomero.it\/eo\/wp-json\/wp\/v2\/pages"}],"about":[{"href":"https:\/\/museoomero.it\/eo\/wp-json\/wp\/v2\/types\/page"}],"author":[{"embeddable":true,"href":"https:\/\/museoomero.it\/eo\/wp-json\/wp\/v2\/users\/2"}],"replies":[{"embeddable":true,"href":"https:\/\/museoomero.it\/eo\/wp-json\/wp\/v2\/comments?post=15007"}],"version-history":[{"count":3,"href":"https:\/\/museoomero.it\/eo\/wp-json\/wp\/v2\/pages\/15007\/revisions"}],"predecessor-version":[{"id":38849,"href":"https:\/\/museoomero.it\/eo\/wp-json\/wp\/v2\/pages\/15007\/revisions\/38849"}],"up":[{"embeddable":true,"href":"https:\/\/museoomero.it\/eo\/wp-json\/wp\/v2\/pages\/14582"}],"wp:featuredmedia":[{"embeddable":true,"href":"https:\/\/museoomero.it\/eo\/wp-json\/wp\/v2\/media\/16447"}],"wp:attachment":[{"href":"https:\/\/museoomero.it\/eo\/wp-json\/wp\/v2\/media?parent=15007"}],"curies":[{"name":"wp","href":"https:\/\/api.w.org\/{rel}","templated":true}]}}