{"id":15009,"date":"2020-11-06T11:21:48","date_gmt":"2020-11-06T10:21:48","guid":{"rendered":"http:\/\/nuovosito.museoomero.it\/?page_id=15009"},"modified":"2021-05-21T18:47:04","modified_gmt":"2021-05-21T16:47:04","slug":"nacia-kurso-de-formado-pri-alirebleco-de-la-kulturaj-ricajoj","status":"publish","type":"page","link":"https:\/\/museoomero.it\/eo\/servoj\/formadaj-kaj-gisdatigaj-kursoj\/nacia-kurso-de-formado-pri-alirebleco-de-la-kulturaj-ricajoj\/","title":{"rendered":"Nacia kurso de formado pri alirebleco de la kulturaj ri\u0109a\u0135oj"},"content":{"rendered":"\n<p>Ekde 2004 Muzeo Homero organizas kaj prizorgas formadajn kursojn donantajn superrigardon pri la temoj de handikapo kaj de <strong>alirebleco <\/strong>de la <strong>kulturaj <\/strong>ri\u0109a\u0135oj.<\/p>\n\n\n\n<p>En la jaroj la Muzeo speciali\u011dis en la <strong>historia formada kurso pri alirebleco de la kulturaj ri\u0109a\u0135oj<\/strong>, kiu donas al docentoj, muzeaj agantoj, edukistoj kaj kvalifikitaj \u0109i\u0109eronoj altnivelan bazon por la kono de teknologioj, iloj, metodoj kaj spertoj naciaj kaj eksterlandaj koncerne alireblecon de la kulturaj ri\u0109a\u0135oj, artan edukadon de nevidantoj, malfortevidantoj kaj surduloj, kaj de alirebla turismo.<\/p>\n\n\n\n<p>Multaj la celoj, inter kiuj anta\u016denigi la lernejan kaj socian integri\u011don de vidhandikapuloj, disponigante al la agantoj de la koncernaj fakoj la necesajn konojn kaj rimedojn por igi alireblaj la muzeajn ri\u0109a\u0135ojn kaj realigi la\u016dcelan kaj signifoplenan edukadon al arto kaj estetiko.<\/p>\n\n\n\n<h2 class=\"wp-block-heading\">Celoj<\/h2>\n\n\n\n<p>Tiukampe specifaj anka\u016d la <strong>celoj<\/strong>, al kiuj la kurso volas konduki la kursanojn, nome: ekkoni la manierojn, la helpilojn, la teknologiojn kaj la ta\u016dgajn procedurojn por plibonigi alireblecon de la muzeaj ri\u0109a\u0135oj; ekkoni la eblecojn, metodojn kaj helpilojn por arta kaj estetika edukado de vidhandikapuloj; eltrovi la teknologiojn kaj informadikajn ilojn por memstareco kaj lernado de nevidantoj.<\/p>\n\n\n\n<p>En 2013 la jam dekjara formada kaj \u011disdatiga nacia kurso ri\u0109i\u011das per kvalifikita kaj noviga kontribuo al la temoj koncernantaj aliron al kulturo de <strong>a\u016ddhandikapuloj<\/strong>.<\/p>\n\n\n\n<h2 class=\"wp-block-heading\">Partoj<\/h2>\n\n\n\n<p>La jara formada kurso konsistas el <strong>du partoj<\/strong> (okazantaj kutime \u0135a\u016dde, vendrede kaj sabate). En \u0109iu el ili alternas naciaj kaj alilandaj prelegantoj spertaj pri la fako de vidaj kaj a\u016ddaj handikapoj kaj alirebleco al la kulturaj ri\u0109a\u0135oj, tiel donante \u011deneralan superrigardon pri la problemoj de muzea alirebleco.<\/p>\n\n\n\n<p>La du unuaj tagoj estas dedi\u0109itaj al la <strong>unua parto<\/strong> &#8220;Alirebleco de la muzeaj ri\u0109a\u0135oj kaj arta kaj estetika edukado de vidhandikapuloj&#8221;, <strong>kun entuta da\u016dro de 15 horoj, dum la sabata mateno estas dedi\u0109ita al la dua parto<\/strong> &#8220;Kulturaj ri\u0109a\u0135oj kaj turismo: kiel igi ilin alireblaj por surduloj&#8221; da\u016dro 4 horojn.<\/p>\n\n\n\n<h2 class=\"wp-block-heading\">Prelegantoj<\/h2>\n\n\n\n<p>En la jaroj la kursanoj \u011duis la kontribuojn de kvalifikitaj prelegantoj, inter kiuj: <strong>Loretta Secchi<\/strong> de la Palpsenta Muzeo pri antikva kaj moderna Pentrarto Anteros de la blindulinstituto &#8220;F. Cavazza&#8221; de Bolonjo; <strong>Lucia Baracco<\/strong>, arkitekto, respondeculo pri la projekto Faciligita Legado de la Komunumo Venecio; <strong>Paolo De Cecco <\/strong>kaj <strong>Nicoletta Marconi<\/strong> de Lega del Filo d&#8217;Oro (institucio por surdblinduloj); <strong>Nicoletta Grassi<\/strong> de la Tiflodidaktika Centro de Pesaro, <strong>Aldo Grassini, Andrea Socrati<\/strong> kaj multaj muzeaj agantoj de Muzeo Homero;<strong>Michele Calascibetta, Patrizia De Socio<\/strong> kaj Rosanna Catozzo de la Regiona Lerneja Oficejo, <strong>Paolo Carini <\/strong>kaj <strong>Paolo Scarpellini<\/strong>, amba\u016d \u011ceneralaj Direktoroj de la Regiona Direkcio por la kulturaj ri\u0109a\u0135oj kaj pejza\u011do de Markio, <strong>Mariagrazia Bellisario<\/strong>, Estrarano de la \u011cenerala Direkcio por pejza\u011do, belartoj, nuntempaj arkitekturo kaj arto \u2013 Servo V Nuntempaj arkitekturo kaj arto, MIBACT, <strong>Gianfranca Rainone<\/strong> de la \u011cenerala Direkcio por valorigo de la kulturaj ri\u0109a\u0135oj \u2013 kunordiganto de la Centro por Edukaj Servoj de Muzeoj kaj Teritorio, MIBACT. <strong>Elisabetta Borgia <\/strong>de la Centro por Edukaj Servoj de Muzeoj kaj Teritorio, \u2013 \u011cenerala Direkcio Edukado kaj Esploro, \u2013 Servo I \u2013 Oficejo Studoj \u2013 MIBACT, Sandra Tucci de la \u011cenerala Direkcio Nuntempaj Arto kaj arkitekturo kaj Urbaj Periferioj \u2013 Servo I \u2013 Nuntempaj Arto kaj Arkitekturo \u2013 MIBACT, <strong>Gabriella Cetorelli<\/strong>, respondeculo de la Servo Specialaj Projektoj &#8211; MIBACT, <strong>Fabrizio Vescovo<\/strong> arkitekto, scienca kunordiganto De la Laborgrupo Psiko-sensaj kaj Kognaj Gvidlinioj de MiBACT, <strong>Rosella Bellesi<\/strong> arkitekto de la Muzea Centro de Markio;  kaj<strong> Barbara Leporini <\/strong>(esprloristo \u0108e la Instituto de Scienco kaj Teknologioj de Informado de CNR de Pizo).<br><br>Ne mankis artistoj reprezentitaj per siaj verkoj en la kolekto, kiel <strong>Loreno Sguanci<\/strong> kaj<strong> Felice Tagliaferri<\/strong>.<\/p>\n\n\n\n<p>Pri a\u016ddhandikapoj donis \u011dsis nun siajn kontribuojn <strong>Carlo di Biase<\/strong>, arthistoriisto kaj membro dela observejo pri alirebleco \u0109e la centra sidejo de Ente Nazionale Sordi (Surdula organiza\u0135o), <strong>Consuelo Agnesi<\/strong>, arkitekto, membro de la observejo pri alirebleco (OSA) de Ente Nazionale Sordi, <strong>Diego Pieroni<\/strong>  Prezidanto de Ente Nazionale Sordi kaj <strong>Maria Bucci<\/strong> Interpretisto de LIS (itala signo-lingvo) de Ente Nazionale Sordi de Ankono, <strong>Raffaela Tomassetti <\/strong>kaj <strong>Violante Nonno<\/strong> de KiassoTis \u2013 Turismo Internazionale per Sordi, <strong>Stefania Fadda<\/strong> Direktorino CABBS Onlus \u2013 Psikoterapiisto kaj psikologo Speciali\u011dinta pri mensa sano kaj surdeco, <strong>Valentina Bani <\/strong>muzea \u0109i\u0109erono en LIS \u2013 itala signo-lingvo, <strong>Brunella Manzardo<\/strong> esploristo de Projekto Alirebleco, edukada fako, de Rivoli-kastelo, Muzeo de Nuntempa Arto, kaj <strong>Luciano Candela<\/strong> surda docento kaj formadisto de la Torina Instituto por Surduloj.<\/p>\n\n\n\n<p>El la alilandaj prelegantoj ni citas <strong>Hoelle Corvest <\/strong>de la Cit\u00e9 des Sciences et de l\u2019Industrie de Parizo, <strong>Cyrille Gouyette <\/strong>de Luvro, <strong>Zsofia<\/strong> <strong>Tettamanti<\/strong> de Belarta Muzeo de Budape\u015dto, Ni citas anka\u016d Marcus Weisen, internacia konsilanto pri alirebleco de la kulturaj ri\u0109a\u0135oj, <strong>Jane Samuels<\/strong> Access and Equality Manager de British Museum, Londono, <strong>Antonio Espinosa Ruiz<\/strong>, Direktoro de Vilamuseu, muzea kaj monumenta reto de Villajoyosa \u2013 Alicante, Hispanujo.<\/p>\n\n\n\n<h2 class=\"wp-block-heading\">Informoj<\/h2>\n\n\n\n<p>Por pliaj informoj skribu al <a href=\"mailto:info@museoomero.it\">info@museoomero.it<\/a>.<\/p>\n","protected":false},"excerpt":{"rendered":"<p>Ekde 2004 Muzeo Homero organizas kaj prizorgas formadajn kursojn donantajn superrigardon pri la temoj de handikapo kaj de alirebleco de la kulturaj ri\u0109a\u0135oj. En la jaroj la Muzeo speciali\u011dis en la historia formada kurso pri alirebleco de la kulturaj ri\u0109a\u0135oj, kiu donas al docentoj, muzeaj agantoj, edukistoj kaj kvalifikitaj \u0109i\u0109eronoj altnivelan bazon por la kono [&#8230;] <span class=\"sr-only\"><a href=\"https:\/\/museoomero.it\/eo\/servoj\/formadaj-kaj-gisdatigaj-kursoj\/nacia-kurso-de-formado-pri-alirebleco-de-la-kulturaj-ricajoj\/\">Continua a leggere: Nacia kurso de formado pri alirebleco de la kulturaj ri\u0109a\u0135oj<\/a><\/span><\/p>\n","protected":false},"author":2,"featured_media":17225,"parent":14994,"menu_order":1,"comment_status":"closed","ping_status":"closed","template":"","meta":{"_acf_changed":false,"footnotes":""},"class_list":["post-15009","page","type-page","status-publish","has-post-thumbnail","hentry"],"acf":[],"yoast_head":"<!-- This site is optimized with the Yoast SEO plugin v27.3 - https:\/\/yoast.com\/product\/yoast-seo-wordpress\/ -->\n<title>Nacia kurso de formado pri alirebleco de la kulturaj ri\u0109a\u0135oj - Museo Omero<\/title>\n<meta name=\"robots\" content=\"index, follow, max-snippet:-1, max-image-preview:large, max-video-preview:-1\" \/>\n<link rel=\"canonical\" href=\"https:\/\/museoomero.it\/eo\/servoj\/formadaj-kaj-gisdatigaj-kursoj\/nacia-kurso-de-formado-pri-alirebleco-de-la-kulturaj-ricajoj\/\" \/>\n<meta property=\"og:locale\" content=\"eo_EO\" \/>\n<meta property=\"og:type\" content=\"article\" \/>\n<meta property=\"og:title\" content=\"Nacia kurso de formado pri alirebleco de la kulturaj ri\u0109a\u0135oj - Museo Omero\" \/>\n<meta property=\"og:description\" content=\"Ekde 2004 Muzeo Homero organizas kaj prizorgas formadajn kursojn donantajn superrigardon pri la temoj de handikapo kaj de alirebleco de la kulturaj ri\u0109a\u0135oj. En la jaroj la Muzeo speciali\u011dis en la historia formada kurso pri alirebleco de la kulturaj ri\u0109a\u0135oj, kiu donas al docentoj, muzeaj agantoj, edukistoj kaj kvalifikitaj \u0109i\u0109eronoj altnivelan bazon por la kono [...] Continua a leggere: Nacia kurso de formado pri alirebleco de la kulturaj ri\u0109a\u0135oj\" \/>\n<meta property=\"og:url\" content=\"https:\/\/museoomero.it\/eo\/servoj\/formadaj-kaj-gisdatigaj-kursoj\/nacia-kurso-de-formado-pri-alirebleco-de-la-kulturaj-ricajoj\/\" \/>\n<meta property=\"og:site_name\" content=\"Museo Omero\" \/>\n<meta property=\"article:modified_time\" content=\"2021-05-21T16:47:04+00:00\" \/>\n<meta property=\"og:image\" content=\"https:\/\/museoomero.it\/wp-content\/uploads\/2020\/11\/Servizi-Corso-di-formazione-nazionale-sull-accessibilita-ai-beni-culturali-1.jpg\" \/>\n\t<meta property=\"og:image:width\" content=\"1200\" \/>\n\t<meta property=\"og:image:height\" content=\"802\" \/>\n\t<meta property=\"og:image:type\" content=\"image\/jpeg\" \/>\n<meta name=\"twitter:card\" content=\"summary_large_image\" \/>\n<meta name=\"twitter:label1\" content=\"Est. reading time\" \/>\n\t<meta name=\"twitter:data1\" content=\"4 minutes\" \/>\n<script type=\"application\/ld+json\" class=\"yoast-schema-graph\">{\"@context\":\"https:\\\/\\\/schema.org\",\"@graph\":[{\"@type\":\"WebPage\",\"@id\":\"https:\\\/\\\/museoomero.it\\\/eo\\\/servoj\\\/formadaj-kaj-gisdatigaj-kursoj\\\/nacia-kurso-de-formado-pri-alirebleco-de-la-kulturaj-ricajoj\\\/\",\"url\":\"https:\\\/\\\/museoomero.it\\\/eo\\\/servoj\\\/formadaj-kaj-gisdatigaj-kursoj\\\/nacia-kurso-de-formado-pri-alirebleco-de-la-kulturaj-ricajoj\\\/\",\"name\":\"Nacia kurso de formado pri alirebleco de la kulturaj ri\u0109a\u0135oj - Museo Omero\",\"isPartOf\":{\"@id\":\"https:\\\/\\\/museoomero.it\\\/eo\\\/#website\"},\"primaryImageOfPage\":{\"@id\":\"https:\\\/\\\/museoomero.it\\\/eo\\\/servoj\\\/formadaj-kaj-gisdatigaj-kursoj\\\/nacia-kurso-de-formado-pri-alirebleco-de-la-kulturaj-ricajoj\\\/#primaryimage\"},\"image\":{\"@id\":\"https:\\\/\\\/museoomero.it\\\/eo\\\/servoj\\\/formadaj-kaj-gisdatigaj-kursoj\\\/nacia-kurso-de-formado-pri-alirebleco-de-la-kulturaj-ricajoj\\\/#primaryimage\"},\"thumbnailUrl\":\"https:\\\/\\\/museoomero.it\\\/wp-content\\\/uploads\\\/2020\\\/11\\\/Servizi-Corso-di-formazione-nazionale-sull-accessibilita-ai-beni-culturali-1.jpg\",\"datePublished\":\"2020-11-06T10:21:48+00:00\",\"dateModified\":\"2021-05-21T16:47:04+00:00\",\"breadcrumb\":{\"@id\":\"https:\\\/\\\/museoomero.it\\\/eo\\\/servoj\\\/formadaj-kaj-gisdatigaj-kursoj\\\/nacia-kurso-de-formado-pri-alirebleco-de-la-kulturaj-ricajoj\\\/#breadcrumb\"},\"inLanguage\":\"eo-UY\",\"potentialAction\":[{\"@type\":\"ReadAction\",\"target\":[\"https:\\\/\\\/museoomero.it\\\/eo\\\/servoj\\\/formadaj-kaj-gisdatigaj-kursoj\\\/nacia-kurso-de-formado-pri-alirebleco-de-la-kulturaj-ricajoj\\\/\"]}]},{\"@type\":\"ImageObject\",\"inLanguage\":\"eo-UY\",\"@id\":\"https:\\\/\\\/museoomero.it\\\/eo\\\/servoj\\\/formadaj-kaj-gisdatigaj-kursoj\\\/nacia-kurso-de-formado-pri-alirebleco-de-la-kulturaj-ricajoj\\\/#primaryimage\",\"url\":\"https:\\\/\\\/museoomero.it\\\/wp-content\\\/uploads\\\/2020\\\/11\\\/Servizi-Corso-di-formazione-nazionale-sull-accessibilita-ai-beni-culturali-1.jpg\",\"contentUrl\":\"https:\\\/\\\/museoomero.it\\\/wp-content\\\/uploads\\\/2020\\\/11\\\/Servizi-Corso-di-formazione-nazionale-sull-accessibilita-ai-beni-culturali-1.jpg\",\"width\":1200,\"height\":802,\"caption\":\"manoj tu\u015dantaj la Steleo de la kolomboj\"},{\"@type\":\"BreadcrumbList\",\"@id\":\"https:\\\/\\\/museoomero.it\\\/eo\\\/servoj\\\/formadaj-kaj-gisdatigaj-kursoj\\\/nacia-kurso-de-formado-pri-alirebleco-de-la-kulturaj-ricajoj\\\/#breadcrumb\",\"itemListElement\":[{\"@type\":\"ListItem\",\"position\":1,\"name\":\"Servoj\",\"item\":\"https:\\\/\\\/museoomero.it\\\/eo\\\/servoj\\\/\"},{\"@type\":\"ListItem\",\"position\":2,\"name\":\"Formadaj kaj \u011disdatigaj kursoj\",\"item\":\"https:\\\/\\\/museoomero.it\\\/eo\\\/servoj\\\/formadaj-kaj-gisdatigaj-kursoj\\\/\"},{\"@type\":\"ListItem\",\"position\":3,\"name\":\"Nacia kurso de formado pri alirebleco de la kulturaj ri\u0109a\u0135oj\"}]},{\"@type\":\"WebSite\",\"@id\":\"https:\\\/\\\/museoomero.it\\\/eo\\\/#website\",\"url\":\"https:\\\/\\\/museoomero.it\\\/eo\\\/\",\"name\":\"Museo Omero\",\"description\":\"Museo Tattile Statale\",\"publisher\":{\"@id\":\"https:\\\/\\\/museoomero.it\\\/eo\\\/#organization\"},\"potentialAction\":[{\"@type\":\"SearchAction\",\"target\":{\"@type\":\"EntryPoint\",\"urlTemplate\":\"https:\\\/\\\/museoomero.it\\\/eo\\\/?s={search_term_string}\"},\"query-input\":{\"@type\":\"PropertyValueSpecification\",\"valueRequired\":true,\"valueName\":\"search_term_string\"}}],\"inLanguage\":\"eo-UY\"},{\"@type\":\"Organization\",\"@id\":\"https:\\\/\\\/museoomero.it\\\/eo\\\/#organization\",\"name\":\"Museo Omero\",\"url\":\"https:\\\/\\\/museoomero.it\\\/eo\\\/\",\"logo\":{\"@type\":\"ImageObject\",\"inLanguage\":\"eo-UY\",\"@id\":\"https:\\\/\\\/museoomero.it\\\/eo\\\/#\\\/schema\\\/logo\\\/image\\\/\",\"url\":\"https:\\\/\\\/museoomero.it\\\/wp-content\\\/uploads\\\/2019\\\/12\\\/logo_museoomero_nomibact.png\",\"contentUrl\":\"https:\\\/\\\/museoomero.it\\\/wp-content\\\/uploads\\\/2019\\\/12\\\/logo_museoomero_nomibact.png\",\"width\":400,\"height\":127,\"caption\":\"Museo Omero\"},\"image\":{\"@id\":\"https:\\\/\\\/museoomero.it\\\/eo\\\/#\\\/schema\\\/logo\\\/image\\\/\"}}]}<\/script>\n<!-- \/ Yoast SEO plugin. -->","yoast_head_json":{"title":"Nacia kurso de formado pri alirebleco de la kulturaj ri\u0109a\u0135oj - Museo Omero","robots":{"index":"index","follow":"follow","max-snippet":"max-snippet:-1","max-image-preview":"max-image-preview:large","max-video-preview":"max-video-preview:-1"},"canonical":"https:\/\/museoomero.it\/eo\/servoj\/formadaj-kaj-gisdatigaj-kursoj\/nacia-kurso-de-formado-pri-alirebleco-de-la-kulturaj-ricajoj\/","og_locale":"eo_EO","og_type":"article","og_title":"Nacia kurso de formado pri alirebleco de la kulturaj ri\u0109a\u0135oj - Museo Omero","og_description":"Ekde 2004 Muzeo Homero organizas kaj prizorgas formadajn kursojn donantajn superrigardon pri la temoj de handikapo kaj de alirebleco de la kulturaj ri\u0109a\u0135oj. En la jaroj la Muzeo speciali\u011dis en la historia formada kurso pri alirebleco de la kulturaj ri\u0109a\u0135oj, kiu donas al docentoj, muzeaj agantoj, edukistoj kaj kvalifikitaj \u0109i\u0109eronoj altnivelan bazon por la kono [...] Continua a leggere: Nacia kurso de formado pri alirebleco de la kulturaj ri\u0109a\u0135oj","og_url":"https:\/\/museoomero.it\/eo\/servoj\/formadaj-kaj-gisdatigaj-kursoj\/nacia-kurso-de-formado-pri-alirebleco-de-la-kulturaj-ricajoj\/","og_site_name":"Museo Omero","article_modified_time":"2021-05-21T16:47:04+00:00","og_image":[{"width":1200,"height":802,"url":"https:\/\/museoomero.it\/wp-content\/uploads\/2020\/11\/Servizi-Corso-di-formazione-nazionale-sull-accessibilita-ai-beni-culturali-1.jpg","type":"image\/jpeg"}],"twitter_card":"summary_large_image","twitter_misc":{"Est. reading time":"4 minutes"},"schema":{"@context":"https:\/\/schema.org","@graph":[{"@type":"WebPage","@id":"https:\/\/museoomero.it\/eo\/servoj\/formadaj-kaj-gisdatigaj-kursoj\/nacia-kurso-de-formado-pri-alirebleco-de-la-kulturaj-ricajoj\/","url":"https:\/\/museoomero.it\/eo\/servoj\/formadaj-kaj-gisdatigaj-kursoj\/nacia-kurso-de-formado-pri-alirebleco-de-la-kulturaj-ricajoj\/","name":"Nacia kurso de formado pri alirebleco de la kulturaj ri\u0109a\u0135oj - Museo Omero","isPartOf":{"@id":"https:\/\/museoomero.it\/eo\/#website"},"primaryImageOfPage":{"@id":"https:\/\/museoomero.it\/eo\/servoj\/formadaj-kaj-gisdatigaj-kursoj\/nacia-kurso-de-formado-pri-alirebleco-de-la-kulturaj-ricajoj\/#primaryimage"},"image":{"@id":"https:\/\/museoomero.it\/eo\/servoj\/formadaj-kaj-gisdatigaj-kursoj\/nacia-kurso-de-formado-pri-alirebleco-de-la-kulturaj-ricajoj\/#primaryimage"},"thumbnailUrl":"https:\/\/museoomero.it\/wp-content\/uploads\/2020\/11\/Servizi-Corso-di-formazione-nazionale-sull-accessibilita-ai-beni-culturali-1.jpg","datePublished":"2020-11-06T10:21:48+00:00","dateModified":"2021-05-21T16:47:04+00:00","breadcrumb":{"@id":"https:\/\/museoomero.it\/eo\/servoj\/formadaj-kaj-gisdatigaj-kursoj\/nacia-kurso-de-formado-pri-alirebleco-de-la-kulturaj-ricajoj\/#breadcrumb"},"inLanguage":"eo-UY","potentialAction":[{"@type":"ReadAction","target":["https:\/\/museoomero.it\/eo\/servoj\/formadaj-kaj-gisdatigaj-kursoj\/nacia-kurso-de-formado-pri-alirebleco-de-la-kulturaj-ricajoj\/"]}]},{"@type":"ImageObject","inLanguage":"eo-UY","@id":"https:\/\/museoomero.it\/eo\/servoj\/formadaj-kaj-gisdatigaj-kursoj\/nacia-kurso-de-formado-pri-alirebleco-de-la-kulturaj-ricajoj\/#primaryimage","url":"https:\/\/museoomero.it\/wp-content\/uploads\/2020\/11\/Servizi-Corso-di-formazione-nazionale-sull-accessibilita-ai-beni-culturali-1.jpg","contentUrl":"https:\/\/museoomero.it\/wp-content\/uploads\/2020\/11\/Servizi-Corso-di-formazione-nazionale-sull-accessibilita-ai-beni-culturali-1.jpg","width":1200,"height":802,"caption":"manoj tu\u015dantaj la Steleo de la kolomboj"},{"@type":"BreadcrumbList","@id":"https:\/\/museoomero.it\/eo\/servoj\/formadaj-kaj-gisdatigaj-kursoj\/nacia-kurso-de-formado-pri-alirebleco-de-la-kulturaj-ricajoj\/#breadcrumb","itemListElement":[{"@type":"ListItem","position":1,"name":"Servoj","item":"https:\/\/museoomero.it\/eo\/servoj\/"},{"@type":"ListItem","position":2,"name":"Formadaj kaj \u011disdatigaj kursoj","item":"https:\/\/museoomero.it\/eo\/servoj\/formadaj-kaj-gisdatigaj-kursoj\/"},{"@type":"ListItem","position":3,"name":"Nacia kurso de formado pri alirebleco de la kulturaj ri\u0109a\u0135oj"}]},{"@type":"WebSite","@id":"https:\/\/museoomero.it\/eo\/#website","url":"https:\/\/museoomero.it\/eo\/","name":"Museo Omero","description":"Museo Tattile Statale","publisher":{"@id":"https:\/\/museoomero.it\/eo\/#organization"},"potentialAction":[{"@type":"SearchAction","target":{"@type":"EntryPoint","urlTemplate":"https:\/\/museoomero.it\/eo\/?s={search_term_string}"},"query-input":{"@type":"PropertyValueSpecification","valueRequired":true,"valueName":"search_term_string"}}],"inLanguage":"eo-UY"},{"@type":"Organization","@id":"https:\/\/museoomero.it\/eo\/#organization","name":"Museo Omero","url":"https:\/\/museoomero.it\/eo\/","logo":{"@type":"ImageObject","inLanguage":"eo-UY","@id":"https:\/\/museoomero.it\/eo\/#\/schema\/logo\/image\/","url":"https:\/\/museoomero.it\/wp-content\/uploads\/2019\/12\/logo_museoomero_nomibact.png","contentUrl":"https:\/\/museoomero.it\/wp-content\/uploads\/2019\/12\/logo_museoomero_nomibact.png","width":400,"height":127,"caption":"Museo Omero"},"image":{"@id":"https:\/\/museoomero.it\/eo\/#\/schema\/logo\/image\/"}}]}},"jetpack_sharing_enabled":true,"_links":{"self":[{"href":"https:\/\/museoomero.it\/eo\/wp-json\/wp\/v2\/pages\/15009","targetHints":{"allow":["GET"]}}],"collection":[{"href":"https:\/\/museoomero.it\/eo\/wp-json\/wp\/v2\/pages"}],"about":[{"href":"https:\/\/museoomero.it\/eo\/wp-json\/wp\/v2\/types\/page"}],"author":[{"embeddable":true,"href":"https:\/\/museoomero.it\/eo\/wp-json\/wp\/v2\/users\/2"}],"replies":[{"embeddable":true,"href":"https:\/\/museoomero.it\/eo\/wp-json\/wp\/v2\/comments?post=15009"}],"version-history":[{"count":2,"href":"https:\/\/museoomero.it\/eo\/wp-json\/wp\/v2\/pages\/15009\/revisions"}],"predecessor-version":[{"id":19409,"href":"https:\/\/museoomero.it\/eo\/wp-json\/wp\/v2\/pages\/15009\/revisions\/19409"}],"up":[{"embeddable":true,"href":"https:\/\/museoomero.it\/eo\/wp-json\/wp\/v2\/pages\/14994"}],"wp:featuredmedia":[{"embeddable":true,"href":"https:\/\/museoomero.it\/eo\/wp-json\/wp\/v2\/media\/17225"}],"wp:attachment":[{"href":"https:\/\/museoomero.it\/eo\/wp-json\/wp\/v2\/media?parent=15009"}],"curies":[{"name":"wp","href":"https:\/\/api.w.org\/{rel}","templated":true}]}}