{"id":15534,"date":"2020-11-11T12:09:32","date_gmt":"2020-11-11T11:09:32","guid":{"rendered":"http:\/\/nuovosito.museoomero.it\/?page_id=15534"},"modified":"2022-12-14T10:56:53","modified_gmt":"2022-12-14T09:56:53","slug":"principaro-pri-privateco","status":"publish","type":"page","link":"https:\/\/museoomero.it\/eo\/principaro-pri-privateco\/","title":{"rendered":"Principaro pri Privateco"},"content":{"rendered":"\n<p>En \u0109i tiu pa\u011do oni priskribas la manierojn de mastrumado de la retejo, koncerne la pritrakton de la personaj donita\u0135oj de la uzantoj, kiuj konsultas \u011din.<\/p>\n\n\n\n<p>Temas pri informado donita anka\u016d surbaze de art.13 de la GDPR 679\/2016 al tiuj, kiuj interagas kun la \u015cTATA TU\u015cA MUZEO HOMERO, rete alirebla per la adreso http:\/\/museoomero.it\/ kiu respondas al la komenca pa\u011do de la retejo.<br><br>La informado estas donita nur por la \u015cTATA TU\u015cA MUZEO HOMERO kaj ne anka\u016d por aliaj retejoj eventuale konsultataj de la uzanto pere de ligoj.<br>La informado inspiri\u011das anka\u016d al la Rekomendo n. 2\/2001, kiun la e\u016dropaj instancoj por la protekto de la personaj donitajoj, kunvenintaj en la Grupo starigita de art. 29 de la direktivo n. 95\/46\/CE, adoptis la 17-an de majo 2001 por identigi kelkajn minumumajn ecojn por la reta kolekto de personaj donita\u0135oj, kaj, aparte, la manierojn, la tempojn kaj la naturon de la informoj, kiujn la responsuloj de la pritrakto devas doni al la uzantoj, kiam tiuj aliras retajn pa\u011dojn, sendepende la celoj de la aliro.<\/p>\n\n\n\n<h2 class=\"wp-block-heading\">La &#8220;mastrumanto&#8221; de la pritrakto<\/h2>\n\n\n\n<p>Pro la konsultado de \u0109i tiu retejo povas esti traktataj anka\u016d donita\u0135oj koncernantaj identigitajn a\u016d identigeblajn personojn.<br>La &#8220;mastrumanto&#8221; de ilia pritrakto estas la \u015cTATA TU\u015cA MUZEO HOMERO kun sidejo en Mole Vanvitelliana &#8211; Banchina Giovanni da Chio 28 &#8211; 60121 Ancona. Tel. 071 28 11 935. E-mail <a href=\"mailto:info@museoomero.it\">info@museoomero.it<\/a> Pec <a href=\"mailto:museoomero@legalmail.it\">museoomero@legalmail.it<\/a>.<\/p>\n\n\n\n<h2 class=\"wp-block-heading\">Responsulo pri la protekto de la donita\u0135oj<\/h2>\n\n\n\n<p>La\u016d artikoloj 37-39 de la Reg. UE 2016\/679 &#8220;GDPR&#8221; la \u015cTATA TU\u015cA MUZEO HOMERO nomumis la Responsulon por la protekto de la personaj donita\u0135oj &#8220;DPO&#8221;: Massimiliano Galeazzi, e-mail <a href=\"mailto:info@studiolegalemcg.it\">info@studiolegalemcg.it<\/a>.<\/p>\n\n\n\n<h2 class=\"wp-block-heading\">Loko de pritrakto de la donita\u0135oj<\/h2>\n\n\n\n<p>La pritraktoj koneksaj kun la retaj servoj de \u0109i tiu retejo okazas \u0109e la dirita sidejo de Ia \u015cTATA TU\u015cA MUZEO HOMERO, kaj estas prizorgataj nur de teknika personaro de la Oficejo taskita pri la pritrakto, a\u016d de eventualaj komisiitoj pri okazaj operacoj de bontenado.<br>Neniu donita\u0135o devenanta el la reta servo estas komunikata a\u016d disvastigata.<br>La personaj donita\u0135oj liveritaj de la uzantoj, kiuj petas informan materialon a\u016d deziras publikigi anoncojn, estas utiligataj je la nura celo plenumi la petitan servon a\u016d agadon, kaj esta komunikataj al triuloj nur en la kazo, ke tio estas necesa por tiu celo.<\/p>\n\n\n\n<h2 class=\"wp-block-heading\">Tipoj de pritraktataj donita\u0135oj<\/h2>\n\n\n\n<h3 class=\"wp-block-heading\">Donita\u0135oj de krozado<\/h3>\n\n\n\n<p>La telemadikaj sistemoj kaj la programaj proceduroj taskitaj pri la funkciado de \u0109i tiu retejo akiras, dum sia normala servo, kelkajn personajn donita\u0135ojn, kies transsendo estas implicita en la uzo de la retaj komunikaj gvidprincipoj.<br>Temas pri informoj, kiuj ne estas kolektataj por esti asociataj al identigitaj koncernatoj, sed kiuj per sia naturo mem povus, pere de prilaboroj kaj asocii\u011doj kun donita\u0135oj posedataj de triulo, ebligi identigi la uzantojn.<br>En \u0109i tiun kategorion de donita\u0135oj eniras la adresoj IP a\u016d la retaj nomoj de la komputiloj utiligataj de la uzantoj kiuj aliras la retejon, la adresoj la\u016d URI (Uniform Resource Identifier) de la petitaj ri\u0109fontoj, la horo de la peto, la metodo utiligita por prezenti la peton al la servilo, la dimensio del la dosiero ricevita responde, la cifera kodo indikanta la staton de la respondo donita de la servilo (en ordo, eraro, ktp) kaj aliaj parametroj koncernantaj la operacan sistemon kaj la informadikan medion de la uzanto.<br>\u0108i tiuj donita\u0135oj estas utiligataj je la nura celo \u0109erpi anonimajn statistikajn informojn pri la uzo de la retejo kaj por kontroli \u011dian \u011dustan funkciadon, kaj estas forvi\u015dataj tuj post la prilaboro. La donita\u0135oj povus esti utiligataj por la konstato de hipotezaj informadikaj krimoj dama\u011de al la retejo: escepte de \u0109i tiu eventualo, ordinare la donita\u0135oj pri la retaj kontaktoj ne da\u016dras pli ol tri tagojn.<\/p>\n\n\n\n<h3 class=\"wp-block-heading\">Donita\u0135oj libervole liveritaj de la uzanto<\/h3>\n\n\n\n<p>La nedeviga, eksplicita kaj libervola sendo de retpo\u015dto al la adresoj indikitaj en \u0109i tiu retejo kuntrenas la postan akiron de la adreso de la sendinto, necesa por respondi al la petoj, kaj de la eventualaj aliaj donita\u0135oj enmetitaj en la senda\u0135on.<br>Specifaj sintezaj informoj estos progresive transskribataj a\u016d vidigataj en la la pa\u011doj de la retejo aran\u011ditaj por apartaj la\u016dpetaj servoj.<\/p>\n\n\n\n<h2 class=\"wp-block-heading\">Fakultativeco de la havigo de la donita\u0135oj<\/h2>\n\n\n\n<p>Escepte de tio, kio estas detaligita pri la donita\u0135oj de krozado, la uzanto estas libera liveri la personajn donita\u0135ojn indikitajn en la petaj formularoj de la \u015cTATA TU\u015cA MUZEO HOMERO a\u016d \u0109iel ajn indilkitajn en la sesio kontaktoj. Ilia nehavigo povas kuntreni la neeblecon ricevi tion, kion oni petis.<br>Oni precizigas, ke la formularo ne estas destinita al vizitantoj malpli a\u011daj ol 14 jarojn a\u016d al neplenkeskuloj en la restadeja jurisdikcio. Se ne konformaj al la specifitaj civilstastaj ecoj, oni ne enmetu siajn personajn donita\u0135ojn en la formularon.<\/p>\n\n\n\n<h2 class=\"wp-block-heading\">Manieroj de pritrakto<\/h2>\n\n\n\n<p>La personaj donita\u0135oj estas pritraktataj per a\u016dtomataj kaj paperaj rimedoj por la tempo strikte necesa por atingi la celojn, por kiuj ili estis kolektitaj.<br>Specifaj sekurecaj dispozicioj estas observataj por preventi la perdon de la donita\u0135oj, kontra\u016dle\u011dajn a\u016d nekorektajn utiligojn kaj nerajtigitajn alirojn, pli bone detaligitaj en la Registro de la Pritraktoi.<\/p>\n\n\n\n<h2 class=\"wp-block-heading\">Rajtoj de la koncernatoj<\/h2>\n\n\n\n<p>La subjektoj, kiujn referencas la personaj donita\u0135oj, rajtas en \u0109iu ajn momento aliri, \u011dustigi, forvi\u015di, limigi, kontra\u016dstari la pritrakton, krom la ebleco revoki la konsenton en \u0109iu ajn momento sen dama\u011di la licecon de la pritrakto, kaj proponi plendojn al la Autoritato kiel anta\u016dvidite de la artikoloj de 15 gis 22 de la GDPR 679\/2016, adresante la koncernan peton al la Mastrumanto de la Pritrakto.<br>La petoj estas adresendaj al MUSEO TATTILE STATALE OMERO (\u015cTATA TU\u015cA MUZEO HOMERO) kun sidejo en Mole Vanvitelliana &#8211; Banchina Giovanni da Chio 28 &#8211; 60121 Ancona.<\/p>\n\n\n\n<h2 class=\"wp-block-heading\">Informoj pri registri\u011do \u0109e la retejo<\/h2>\n\n\n\n<p>Art. 13 -14 Reg. UE 2016\/679 \u201cGDPR\u201d<\/p>\n\n\n\n<h3 class=\"wp-block-heading\">Kiu estas la celo de la pritraktado?<\/h3>\n\n\n\n<p>\u201cObserve al la Regularo Ue 2016\/679 koncernanta la pritrakton de la personaj donita\u0135oj kaj ilian liberan cirkuladon, kaj la le\u011dvalora dekreto 196\/2003 kaj<br>postaj modifoj kaj kompletigoj \u201cKodo pri lapritrakto de la personaj donita\u0135oj\u201d, ni informas Vin, kiel \u201cKoncernaton\u201d, ke ni pritraktas Viajn donita\u0135ojn por efektivigi Vian registri\u011don \u0109e nia retejo, por eventualaj a\u0109etoj \u0109e nia retbutiko, por diskonigo de niaj servoj kaj por informadi Vin pri nia agado.<\/p>\n\n\n\n<h3 class=\"wp-block-heading\">Sur kiu jura bazo ni pritraktas la donita\u0135ojn?<\/h3>\n\n\n\n<p>Surbaze de art. 6 GDPR, lit. b) la traktado necesas por plenumo de kontrakto koncernanta la interesiton lige kun la registri\u011do por aliri nian retbutikon.<br>Krome, surbaze de art.oj 6 GDPR, lit. a) kaj 9 GDPR pr.2 lit. a), pritrakto licas pro tio, ke la koncernato konsentis pri la pritraktado de siaj donita\u0135oj lige kun lia elekto ricevadi la nova\u0135leteron. La konsento estas la\u016dvola kaj \u0109iam nuligebla.<br>De kiu ni kolektas la donita\u0135ojn<br>Ni \u0109iam kolektas, la\u016deble, la personajn donita\u0135ojn senpere de la koncernato, kiu pplenigas la tiucelan formularon.<\/p>\n\n\n\n<h3 class=\"wp-block-heading\">Kiuspecajn donita\u0135ojn ni traktas?<\/h3>\n\n\n\n<p>Ni petas kaj traktas \u0109efe nur personajn donita\u0135ojn klasitajn &#8220;ordinaraj&#8221;,<br>kiel ekz. personajn donita\u0135ojn el la komunuma registro kaj kontaktadresojn.<br>Iukaze tamen la koncernato povus transdoni al ni spontanee apartajn informojn, kiel tiujn pri sia sanstato (ekz. nevidanto, malfortevidanto). Personaj donita\u0135oj devige transdonendaj estas markitaj per asterisko.<\/p>\n\n\n\n<h3 class=\"wp-block-heading\">Al kiu ni komunikas la personajn donita\u0135ojn?<\/h3>\n\n\n\n<p>La donita\u0135oj estas traktataj \u0109e la jura kaj agada sidejo de la mastrumanto de la pritrakto kaj en kiu ajn alia loko, kie la partoj koncernataj de la traktado povas trovi\u011di. Kaze de preskribo, viaj personaj donita\u0135oj povas esti transdonitaj al aliaj \u015dtataj institucioj en respekto de le\u011daj kaj reglamentaj devoj; neniam ili estos diskonigitaj, krom se tion preskribas la aktualaj normoj; ili povus esti transdonitaj al eksteraj firmaoj pritraktantaj ilin la\u016d komisio de la mastrumanto de la pritrakto.<\/p>\n\n\n\n<h3 class=\"wp-block-heading\">Kiel ni traktas la donita\u0135ojn?<\/h3>\n\n\n\n<p>Viaj personaj donita\u0135oj estos traktataj de la Muzeo, utiligante analogajn kaj ciferecajn rimedojn. Nur la personaro taskita de la mastrumanto de la pritrakto povos aliri Viajn donita\u0135ojn por plenumi agojn de pritraktado a\u016d de plutenado de la sistemoj. Ni enkondukis \u0109iujn teknikajn kaj organizajn procedojn por eviti problemojn de nelicaj aliroj, disvastigoj, modifoj kaj detruoj.<br>Tiuj procedoj estis enkorpigitaj en nian sistemon de pritrakto de privateco, kiu ebligas konstantan protektan kontroladon de la traktataj donita\u0135oj kaj, krome, sen\u0109esan \u011disdatigon de la procedoj la\u016d la disvolvi\u011do de la Muzeo.<br>Plie, ni precizigas, ke ni ne utiligas en nia organizo a\u016dtomatan decidan procezon, inkluzive de profiligo, kiu produktus jurajn efikojn koncernantajn Vin, kaj\/a\u016d signife afektantajn Vian personon.<\/p>\n\n\n\n<h3 class=\"wp-block-heading\">\u0108u la donita\u0135oj transiras al landoj ekster eu?<\/h3>\n\n\n\n<p>Viaj donita\u0135oj ne transiros al landoj ne apartenantaj al E\u016dropa Unio kaj kun normoj de protektado de personaj donita\u0135oj ne kongruaj kun Reg. UE 2016\/679.<br>Ni krome precizigas, ke Viajn donita\u0135ojn ni neniel disdonos nek al nerajtigitaj triaj partoj nek por celoj diferencaj de tiuj \u0109i tie indikitaj.<\/p>\n\n\n\n<h3 class=\"wp-block-heading\">Kiom longe ni konservas la donita\u0135ojn?<\/h3>\n\n\n\n<p>Ni traktos Viajn donita\u0135ojn dum la tempo necesa por da\u016drigi la retan servon, inkluzive de tiu pri la nova\u0135letero. \u0108iukaze la traktado \u0109esos \u0109e nuligo de konsento, krom kaze de konservoneceso pro kontraktaj aspektoj a\u016d le\u011daj devoj, speciale lige kun a\u0109etoj \u0109e nia retbutiko.<\/p>\n\n\n\n<h3 class=\"wp-block-heading\">Kiuj estas viaj rajtoj?<\/h3>\n\n\n\n<p>La koncernato rajtas ricevi de la mastrumanto de la pritrakto aliron al la personaj donita\u0135oj kaj ilian korekton a\u016d forvi\u015don, a\u016d la limigon de la traktadoj lin koncernantaj a\u016d la \u0109esigo de ilia traktado, krom la rajto translokigi la donita\u0135ojn surbaze de la GDPR kaj tial, kiam aijn, li povas peti ciferecan kopion de la donita\u0135oj a\u016d ilian a\u016dtomatan transdonon al aliaj firmoj.<br>En difinitaj kazoj li povas e\u0109 kontra\u016dstari a\u016d nuligi la donitan konsenton. \u0108iu rajto estas limigita de art.oj 23 GDPR, 2-undecies kaj 2-duodecies de la kodo pri privateco. Restas plie la rajto de la koncernato protesti \u0109e la Garantia A\u016dtoritato por la Protekto de la Personaj Donita\u0135oj.<br>Por efektivigi tiujn rajtojn a\u016d por ricevi informojn pri ilia enhavo, ni invitas Vin kontakti la respondeculon por kune diskuti Vian problemon.<br>Tiucele disponeblas en la institucia retejo, en la <a href=\"https:\/\/museoomero.it\/eo\/generala-reglamentado-de-la-protekto-de-la-donitajoj\/\">sekcio GDPR<\/a>, la &#8220;Modulo per l&#8217;Esercizio dei Diritti dell&#8217;Interessato&#8221; (Formularo por efektivigo de la rajtoj de la koncernato).\u2003<\/p>\n\n\n\n<p>Kaze de gravaj \u015dan\u011doj a\u016d modifoj de la celoj de traktado Vi ricevos anta\u016dinformon per la instituciaj komunikaj rimedoj. Vizitu nian retejon: www.museoomero.it.<\/p>\n","protected":false},"excerpt":{"rendered":"<p>En \u0109i tiu pa\u011do oni priskribas la manierojn de mastrumado de la retejo, koncerne la pritrakton de la personaj donita\u0135oj de la uzantoj, kiuj konsultas \u011din. Temas pri informado donita anka\u016d surbaze de art.13 de la GDPR 679\/2016 al tiuj, kiuj interagas kun la \u015cTATA TU\u015cA MUZEO HOMERO, rete alirebla per la adreso http:\/\/museoomero.it\/ kiu [&#8230;] <span class=\"sr-only\"><a href=\"https:\/\/museoomero.it\/eo\/principaro-pri-privateco\/\">Continua a leggere: Principaro pri Privateco<\/a><\/span><\/p>\n","protected":false},"author":2,"featured_media":0,"parent":0,"menu_order":397,"comment_status":"closed","ping_status":"closed","template":"","meta":{"_acf_changed":false,"footnotes":""},"class_list":["post-15534","page","type-page","status-publish","hentry"],"acf":[],"yoast_head":"<!-- This site is optimized with the Yoast SEO plugin v27.3 - https:\/\/yoast.com\/product\/yoast-seo-wordpress\/ -->\n<title>Principaro pri Privateco - Museo Omero<\/title>\n<meta name=\"description\" content=\"En \u0109i tiu pa\u011do oni priskribas la manierojn de mastrumado de la retejo, koncerne la pritrakton de la personaj donita\u0135oj de la uzantoj, kiuj konsultas \u011din.\" \/>\n<meta name=\"robots\" content=\"index, follow, max-snippet:-1, max-image-preview:large, max-video-preview:-1\" \/>\n<link rel=\"canonical\" href=\"https:\/\/museoomero.it\/eo\/principaro-pri-privateco\/\" \/>\n<meta property=\"og:locale\" content=\"eo_EO\" \/>\n<meta property=\"og:type\" content=\"article\" \/>\n<meta property=\"og:title\" content=\"Principaro pri Privateco - Museo Omero\" \/>\n<meta property=\"og:description\" content=\"En \u0109i tiu pa\u011do oni priskribas la manierojn de mastrumado de la retejo, koncerne la pritrakton de la personaj donita\u0135oj de la uzantoj, kiuj konsultas \u011din.\" \/>\n<meta property=\"og:url\" content=\"https:\/\/museoomero.it\/eo\/principaro-pri-privateco\/\" \/>\n<meta property=\"og:site_name\" content=\"Museo Omero\" \/>\n<meta property=\"article:modified_time\" content=\"2022-12-14T09:56:53+00:00\" \/>\n<meta name=\"twitter:card\" content=\"summary_large_image\" \/>\n<meta name=\"twitter:label1\" content=\"Est. reading time\" \/>\n\t<meta name=\"twitter:data1\" content=\"9 minutes\" \/>\n<script type=\"application\/ld+json\" class=\"yoast-schema-graph\">{\"@context\":\"https:\\\/\\\/schema.org\",\"@graph\":[{\"@type\":\"WebPage\",\"@id\":\"https:\\\/\\\/museoomero.it\\\/eo\\\/principaro-pri-privateco\\\/\",\"url\":\"https:\\\/\\\/museoomero.it\\\/eo\\\/principaro-pri-privateco\\\/\",\"name\":\"Principaro pri Privateco - Museo Omero\",\"isPartOf\":{\"@id\":\"https:\\\/\\\/museoomero.it\\\/eo\\\/#website\"},\"datePublished\":\"2020-11-11T11:09:32+00:00\",\"dateModified\":\"2022-12-14T09:56:53+00:00\",\"description\":\"En \u0109i tiu pa\u011do oni priskribas la manierojn de mastrumado de la retejo, koncerne la pritrakton de la personaj donita\u0135oj de la uzantoj, kiuj konsultas \u011din.\",\"inLanguage\":\"eo-UY\",\"potentialAction\":[{\"@type\":\"ReadAction\",\"target\":[\"https:\\\/\\\/museoomero.it\\\/eo\\\/principaro-pri-privateco\\\/\"]}]},{\"@type\":\"WebSite\",\"@id\":\"https:\\\/\\\/museoomero.it\\\/eo\\\/#website\",\"url\":\"https:\\\/\\\/museoomero.it\\\/eo\\\/\",\"name\":\"Museo Omero\",\"description\":\"Museo Tattile Statale\",\"publisher\":{\"@id\":\"https:\\\/\\\/museoomero.it\\\/eo\\\/#organization\"},\"potentialAction\":[{\"@type\":\"SearchAction\",\"target\":{\"@type\":\"EntryPoint\",\"urlTemplate\":\"https:\\\/\\\/museoomero.it\\\/eo\\\/?s={search_term_string}\"},\"query-input\":{\"@type\":\"PropertyValueSpecification\",\"valueRequired\":true,\"valueName\":\"search_term_string\"}}],\"inLanguage\":\"eo-UY\"},{\"@type\":\"Organization\",\"@id\":\"https:\\\/\\\/museoomero.it\\\/eo\\\/#organization\",\"name\":\"Museo Omero\",\"url\":\"https:\\\/\\\/museoomero.it\\\/eo\\\/\",\"logo\":{\"@type\":\"ImageObject\",\"inLanguage\":\"eo-UY\",\"@id\":\"https:\\\/\\\/museoomero.it\\\/eo\\\/#\\\/schema\\\/logo\\\/image\\\/\",\"url\":\"https:\\\/\\\/museoomero.it\\\/wp-content\\\/uploads\\\/2019\\\/12\\\/logo_museoomero_nomibact.png\",\"contentUrl\":\"https:\\\/\\\/museoomero.it\\\/wp-content\\\/uploads\\\/2019\\\/12\\\/logo_museoomero_nomibact.png\",\"width\":400,\"height\":127,\"caption\":\"Museo Omero\"},\"image\":{\"@id\":\"https:\\\/\\\/museoomero.it\\\/eo\\\/#\\\/schema\\\/logo\\\/image\\\/\"}}]}<\/script>\n<!-- \/ Yoast SEO plugin. -->","yoast_head_json":{"title":"Principaro pri Privateco - Museo Omero","description":"En \u0109i tiu pa\u011do oni priskribas la manierojn de mastrumado de la retejo, koncerne la pritrakton de la personaj donita\u0135oj de la uzantoj, kiuj konsultas \u011din.","robots":{"index":"index","follow":"follow","max-snippet":"max-snippet:-1","max-image-preview":"max-image-preview:large","max-video-preview":"max-video-preview:-1"},"canonical":"https:\/\/museoomero.it\/eo\/principaro-pri-privateco\/","og_locale":"eo_EO","og_type":"article","og_title":"Principaro pri Privateco - Museo Omero","og_description":"En \u0109i tiu pa\u011do oni priskribas la manierojn de mastrumado de la retejo, koncerne la pritrakton de la personaj donita\u0135oj de la uzantoj, kiuj konsultas \u011din.","og_url":"https:\/\/museoomero.it\/eo\/principaro-pri-privateco\/","og_site_name":"Museo Omero","article_modified_time":"2022-12-14T09:56:53+00:00","twitter_card":"summary_large_image","twitter_misc":{"Est. reading time":"9 minutes"},"schema":{"@context":"https:\/\/schema.org","@graph":[{"@type":"WebPage","@id":"https:\/\/museoomero.it\/eo\/principaro-pri-privateco\/","url":"https:\/\/museoomero.it\/eo\/principaro-pri-privateco\/","name":"Principaro pri Privateco - Museo Omero","isPartOf":{"@id":"https:\/\/museoomero.it\/eo\/#website"},"datePublished":"2020-11-11T11:09:32+00:00","dateModified":"2022-12-14T09:56:53+00:00","description":"En \u0109i tiu pa\u011do oni priskribas la manierojn de mastrumado de la retejo, koncerne la pritrakton de la personaj donita\u0135oj de la uzantoj, kiuj konsultas \u011din.","inLanguage":"eo-UY","potentialAction":[{"@type":"ReadAction","target":["https:\/\/museoomero.it\/eo\/principaro-pri-privateco\/"]}]},{"@type":"WebSite","@id":"https:\/\/museoomero.it\/eo\/#website","url":"https:\/\/museoomero.it\/eo\/","name":"Museo Omero","description":"Museo Tattile Statale","publisher":{"@id":"https:\/\/museoomero.it\/eo\/#organization"},"potentialAction":[{"@type":"SearchAction","target":{"@type":"EntryPoint","urlTemplate":"https:\/\/museoomero.it\/eo\/?s={search_term_string}"},"query-input":{"@type":"PropertyValueSpecification","valueRequired":true,"valueName":"search_term_string"}}],"inLanguage":"eo-UY"},{"@type":"Organization","@id":"https:\/\/museoomero.it\/eo\/#organization","name":"Museo Omero","url":"https:\/\/museoomero.it\/eo\/","logo":{"@type":"ImageObject","inLanguage":"eo-UY","@id":"https:\/\/museoomero.it\/eo\/#\/schema\/logo\/image\/","url":"https:\/\/museoomero.it\/wp-content\/uploads\/2019\/12\/logo_museoomero_nomibact.png","contentUrl":"https:\/\/museoomero.it\/wp-content\/uploads\/2019\/12\/logo_museoomero_nomibact.png","width":400,"height":127,"caption":"Museo Omero"},"image":{"@id":"https:\/\/museoomero.it\/eo\/#\/schema\/logo\/image\/"}}]}},"jetpack_sharing_enabled":true,"_links":{"self":[{"href":"https:\/\/museoomero.it\/eo\/wp-json\/wp\/v2\/pages\/15534","targetHints":{"allow":["GET"]}}],"collection":[{"href":"https:\/\/museoomero.it\/eo\/wp-json\/wp\/v2\/pages"}],"about":[{"href":"https:\/\/museoomero.it\/eo\/wp-json\/wp\/v2\/types\/page"}],"author":[{"embeddable":true,"href":"https:\/\/museoomero.it\/eo\/wp-json\/wp\/v2\/users\/2"}],"replies":[{"embeddable":true,"href":"https:\/\/museoomero.it\/eo\/wp-json\/wp\/v2\/comments?post=15534"}],"version-history":[{"count":4,"href":"https:\/\/museoomero.it\/eo\/wp-json\/wp\/v2\/pages\/15534\/revisions"}],"predecessor-version":[{"id":28645,"href":"https:\/\/museoomero.it\/eo\/wp-json\/wp\/v2\/pages\/15534\/revisions\/28645"}],"wp:attachment":[{"href":"https:\/\/museoomero.it\/eo\/wp-json\/wp\/v2\/media?parent=15534"}],"curies":[{"name":"wp","href":"https:\/\/api.w.org\/{rel}","templated":true}]}}