{"id":15540,"date":"2020-11-11T12:17:06","date_gmt":"2020-11-11T11:17:06","guid":{"rendered":"http:\/\/nuovosito.museoomero.it\/?page_id=15540"},"modified":"2021-01-26T11:53:45","modified_gmt":"2021-01-26T10:53:45","slug":"principaro-pri-kuketoj","status":"publish","type":"page","link":"https:\/\/museoomero.it\/eo\/principaro-pri-kuketoj\/","title":{"rendered":"Principaro pri Kuketoj"},"content":{"rendered":"\n<p>Kuketo estas malgranda teksta dosiero registrata en via aparato kiam vi vizitas retejon. La kuketoj ebligas identigi vian aparaton. La kuketoj estas utiligataj por parkerigi statajn informojn kiam vi krozadas sur malsamaj pa\u011doj de retejo kaj pli poste revenas al la retejo. La kuketoj enhavas nenian personan informon nek povas esti utiligataj por plenumi programojn a\u016d infekti per virusoj vian komputilon.<\/p>\n\n\n\n<h2 class=\"wp-block-heading\">Tipologio de Kuketoj<\/h2>\n\n\n\n<ul class=\"wp-block-list\"><li><strong>Propraj Kuketoj kaj Kuketoj de Triuloj<\/strong><br>La Kuketoj, kiujn ni sendas al via aparato pere de nia retejo, estas difinitaj propraj kuketoj. Propraj kuketoj estas kuketoj, kiuj apartenas al la retejo, kiu kreis ilin. La utiligo de tiaj kuketoj ebligas al ni funkciigi la retejon en efika maniero kaj skizi la kondutajn modelojn de la vizitantoj de la retejo. Ni permesas anka\u016d al triuloj sendi kuketojn al via aparato. La diferenco inter propra kuketo kaj kuketo de triuloj koncernas la regadon fare de la subjekto, kiu sendas la kuketon. Kvankam ni permesas al truloj aliri la retejon por sendi la kuketojn al la aparato de la uzanto, ni ne havas la regadon super la informoj liveritaj de la kuketoj kaj ne havas aliron al tiuj donita\u0135oj.<\/li><li><strong>Sesiaj Kuketoj kaj Da\u016draj Kuketoj<\/strong><br>Nia retejo povas sendi al via aparato sesiajn kuketojn kaj da\u016drajn kuketojn. Dum la diferenco inter propra kuketo kaj kuketo de triuloj koncernas la subjekton, kiu regas la komencan sendon al via aparato, la diferenco inter sesia kuketo kaj da\u016dra kuketo koncerrnas la malsaman tempospacon, dum kiu kuketo agadas. Sesiaj kuketoj estas kuketoj, kiuj propre da\u016dras \u011dis vi fermas vian ser\u0109ilon. Kiam vi finas vian ser\u0109ilan sesion, kuketo senvalidi\u011das. Da\u016draj kuketoj, kiel indikas la nomo mem, estas konstantaj kuketoj, kaj da\u016dre agadas post kiam vi fermis vian ser\u0109ilon. Tio ebligas pli rapidan kaj facilan aliron al nia retejo. Ekzemple, da\u016dra kuketo, kiun nia retejo legas el via aparato, estas la lingvo elektita por krozado. Post la sendo de la kuketo, tio ebligas, ke okaze de viaj estontaj aliroj al la retejo vi estu a\u016dtomate adresita al la elektita lingvo.<\/li><li><strong>Kuketoj kaj Aliaj Teknologioj<\/strong><br>Nia retejo povas sendi al vi kuketojn kaj similajn teknologia\u0135ojn en pluraj manieroj kaj por pluraj celoj. Generale, tio utilas: por simpligi vian uzadon de nia retejo kaj de niaj Servoj; por kontroli, analizi kaj plibonigi la funkciadon kaj la efikecon de nia retejo kaj de niaj Servoj.<\/li><\/ul>\n\n\n\n<p>Ni intencas esti travideblaj kaj klaraj pri kondi\u0109oj kaj celoj de nia utiligo de kuketoj kaj aliaj teknologioj.<\/p>\n\n\n\n<h2 class=\"wp-block-heading\">Kiel malfunkciigi la kuketojn en via ser\u0109ilo<\/h2>\n\n\n\n<ul class=\"wp-block-list\" id=\"block-ae1091dd-3bfd-4da0-9e13-82782270a1cc\"><li>Se vi deziras bloki la utiligon de la kuketoj, vi devas modifi la rajtigojn en la aran\u011do de via ser\u0109ilo. Se vi blokas la kuketojn en la ser\u0109ilo, via aparato ne estos identigita kiam vi vizitas nian retejon. Tamen ni memorigas, ke blokante la kuketojn vi povus anka\u016d bloki kelkajn funkciojn de nia retejo, kaj do malebligi \u011dian korektan funkciadon.<\/li><\/ul>\n","protected":false},"excerpt":{"rendered":"<p>Kuketo estas malgranda teksta dosiero registrata en via aparato kiam vi vizitas retejon. La kuketoj ebligas identigi vian aparaton. La kuketoj estas utiligataj por parkerigi statajn informojn kiam vi krozadas sur malsamaj pa\u011doj de retejo kaj pli poste revenas al la retejo. La kuketoj enhavas nenian personan informon nek povas esti utiligataj por plenumi programojn [&#8230;] <span class=\"sr-only\"><a href=\"https:\/\/museoomero.it\/eo\/principaro-pri-kuketoj\/\">Continua a leggere: Principaro pri Kuketoj<\/a><\/span><\/p>\n","protected":false},"author":2,"featured_media":0,"parent":0,"menu_order":398,"comment_status":"closed","ping_status":"closed","template":"","meta":{"_acf_changed":false,"footnotes":""},"class_list":["post-15540","page","type-page","status-publish","hentry"],"acf":[],"yoast_head":"<!-- This site is optimized with the Yoast SEO plugin v27.3 - https:\/\/yoast.com\/product\/yoast-seo-wordpress\/ -->\n<title>Principaro pri Kuketoj - Museo Omero<\/title>\n<meta name=\"robots\" content=\"index, follow, max-snippet:-1, max-image-preview:large, max-video-preview:-1\" \/>\n<link rel=\"canonical\" href=\"https:\/\/museoomero.it\/eo\/principaro-pri-kuketoj\/\" \/>\n<meta property=\"og:locale\" content=\"eo_EO\" \/>\n<meta property=\"og:type\" content=\"article\" \/>\n<meta property=\"og:title\" content=\"Principaro pri Kuketoj - Museo Omero\" \/>\n<meta property=\"og:description\" content=\"Kuketo estas malgranda teksta dosiero registrata en via aparato kiam vi vizitas retejon. La kuketoj ebligas identigi vian aparaton. La kuketoj estas utiligataj por parkerigi statajn informojn kiam vi krozadas sur malsamaj pa\u011doj de retejo kaj pli poste revenas al la retejo. La kuketoj enhavas nenian personan informon nek povas esti utiligataj por plenumi programojn [...] Continua a leggere: Principaro pri Kuketoj\" \/>\n<meta property=\"og:url\" content=\"https:\/\/museoomero.it\/eo\/principaro-pri-kuketoj\/\" \/>\n<meta property=\"og:site_name\" content=\"Museo Omero\" \/>\n<meta property=\"article:modified_time\" content=\"2021-01-26T10:53:45+00:00\" \/>\n<meta name=\"twitter:card\" content=\"summary_large_image\" \/>\n<meta name=\"twitter:label1\" content=\"Est. reading time\" \/>\n\t<meta name=\"twitter:data1\" content=\"2 minutes\" \/>\n<script type=\"application\/ld+json\" class=\"yoast-schema-graph\">{\"@context\":\"https:\\\/\\\/schema.org\",\"@graph\":[{\"@type\":\"WebPage\",\"@id\":\"https:\\\/\\\/museoomero.it\\\/eo\\\/principaro-pri-kuketoj\\\/\",\"url\":\"https:\\\/\\\/museoomero.it\\\/eo\\\/principaro-pri-kuketoj\\\/\",\"name\":\"Principaro pri Kuketoj - Museo Omero\",\"isPartOf\":{\"@id\":\"https:\\\/\\\/museoomero.it\\\/eo\\\/#website\"},\"datePublished\":\"2020-11-11T11:17:06+00:00\",\"dateModified\":\"2021-01-26T10:53:45+00:00\",\"inLanguage\":\"eo-UY\",\"potentialAction\":[{\"@type\":\"ReadAction\",\"target\":[\"https:\\\/\\\/museoomero.it\\\/eo\\\/principaro-pri-kuketoj\\\/\"]}]},{\"@type\":\"WebSite\",\"@id\":\"https:\\\/\\\/museoomero.it\\\/eo\\\/#website\",\"url\":\"https:\\\/\\\/museoomero.it\\\/eo\\\/\",\"name\":\"Museo Omero\",\"description\":\"Museo Tattile Statale\",\"publisher\":{\"@id\":\"https:\\\/\\\/museoomero.it\\\/eo\\\/#organization\"},\"potentialAction\":[{\"@type\":\"SearchAction\",\"target\":{\"@type\":\"EntryPoint\",\"urlTemplate\":\"https:\\\/\\\/museoomero.it\\\/eo\\\/?s={search_term_string}\"},\"query-input\":{\"@type\":\"PropertyValueSpecification\",\"valueRequired\":true,\"valueName\":\"search_term_string\"}}],\"inLanguage\":\"eo-UY\"},{\"@type\":\"Organization\",\"@id\":\"https:\\\/\\\/museoomero.it\\\/eo\\\/#organization\",\"name\":\"Museo Omero\",\"url\":\"https:\\\/\\\/museoomero.it\\\/eo\\\/\",\"logo\":{\"@type\":\"ImageObject\",\"inLanguage\":\"eo-UY\",\"@id\":\"https:\\\/\\\/museoomero.it\\\/eo\\\/#\\\/schema\\\/logo\\\/image\\\/\",\"url\":\"https:\\\/\\\/museoomero.it\\\/wp-content\\\/uploads\\\/2019\\\/12\\\/logo_museoomero_nomibact.png\",\"contentUrl\":\"https:\\\/\\\/museoomero.it\\\/wp-content\\\/uploads\\\/2019\\\/12\\\/logo_museoomero_nomibact.png\",\"width\":400,\"height\":127,\"caption\":\"Museo Omero\"},\"image\":{\"@id\":\"https:\\\/\\\/museoomero.it\\\/eo\\\/#\\\/schema\\\/logo\\\/image\\\/\"}}]}<\/script>\n<!-- \/ Yoast SEO plugin. -->","yoast_head_json":{"title":"Principaro pri Kuketoj - Museo Omero","robots":{"index":"index","follow":"follow","max-snippet":"max-snippet:-1","max-image-preview":"max-image-preview:large","max-video-preview":"max-video-preview:-1"},"canonical":"https:\/\/museoomero.it\/eo\/principaro-pri-kuketoj\/","og_locale":"eo_EO","og_type":"article","og_title":"Principaro pri Kuketoj - Museo Omero","og_description":"Kuketo estas malgranda teksta dosiero registrata en via aparato kiam vi vizitas retejon. La kuketoj ebligas identigi vian aparaton. La kuketoj estas utiligataj por parkerigi statajn informojn kiam vi krozadas sur malsamaj pa\u011doj de retejo kaj pli poste revenas al la retejo. La kuketoj enhavas nenian personan informon nek povas esti utiligataj por plenumi programojn [...] Continua a leggere: Principaro pri Kuketoj","og_url":"https:\/\/museoomero.it\/eo\/principaro-pri-kuketoj\/","og_site_name":"Museo Omero","article_modified_time":"2021-01-26T10:53:45+00:00","twitter_card":"summary_large_image","twitter_misc":{"Est. reading time":"2 minutes"},"schema":{"@context":"https:\/\/schema.org","@graph":[{"@type":"WebPage","@id":"https:\/\/museoomero.it\/eo\/principaro-pri-kuketoj\/","url":"https:\/\/museoomero.it\/eo\/principaro-pri-kuketoj\/","name":"Principaro pri Kuketoj - Museo Omero","isPartOf":{"@id":"https:\/\/museoomero.it\/eo\/#website"},"datePublished":"2020-11-11T11:17:06+00:00","dateModified":"2021-01-26T10:53:45+00:00","inLanguage":"eo-UY","potentialAction":[{"@type":"ReadAction","target":["https:\/\/museoomero.it\/eo\/principaro-pri-kuketoj\/"]}]},{"@type":"WebSite","@id":"https:\/\/museoomero.it\/eo\/#website","url":"https:\/\/museoomero.it\/eo\/","name":"Museo Omero","description":"Museo Tattile Statale","publisher":{"@id":"https:\/\/museoomero.it\/eo\/#organization"},"potentialAction":[{"@type":"SearchAction","target":{"@type":"EntryPoint","urlTemplate":"https:\/\/museoomero.it\/eo\/?s={search_term_string}"},"query-input":{"@type":"PropertyValueSpecification","valueRequired":true,"valueName":"search_term_string"}}],"inLanguage":"eo-UY"},{"@type":"Organization","@id":"https:\/\/museoomero.it\/eo\/#organization","name":"Museo Omero","url":"https:\/\/museoomero.it\/eo\/","logo":{"@type":"ImageObject","inLanguage":"eo-UY","@id":"https:\/\/museoomero.it\/eo\/#\/schema\/logo\/image\/","url":"https:\/\/museoomero.it\/wp-content\/uploads\/2019\/12\/logo_museoomero_nomibact.png","contentUrl":"https:\/\/museoomero.it\/wp-content\/uploads\/2019\/12\/logo_museoomero_nomibact.png","width":400,"height":127,"caption":"Museo Omero"},"image":{"@id":"https:\/\/museoomero.it\/eo\/#\/schema\/logo\/image\/"}}]}},"jetpack_sharing_enabled":true,"_links":{"self":[{"href":"https:\/\/museoomero.it\/eo\/wp-json\/wp\/v2\/pages\/15540","targetHints":{"allow":["GET"]}}],"collection":[{"href":"https:\/\/museoomero.it\/eo\/wp-json\/wp\/v2\/pages"}],"about":[{"href":"https:\/\/museoomero.it\/eo\/wp-json\/wp\/v2\/types\/page"}],"author":[{"embeddable":true,"href":"https:\/\/museoomero.it\/eo\/wp-json\/wp\/v2\/users\/2"}],"replies":[{"embeddable":true,"href":"https:\/\/museoomero.it\/eo\/wp-json\/wp\/v2\/comments?post=15540"}],"version-history":[{"count":1,"href":"https:\/\/museoomero.it\/eo\/wp-json\/wp\/v2\/pages\/15540\/revisions"}],"predecessor-version":[{"id":15541,"href":"https:\/\/museoomero.it\/eo\/wp-json\/wp\/v2\/pages\/15540\/revisions\/15541"}],"wp:attachment":[{"href":"https:\/\/museoomero.it\/eo\/wp-json\/wp\/v2\/media?parent=15540"}],"curies":[{"name":"wp","href":"https:\/\/api.w.org\/{rel}","templated":true}]}}