{"id":16487,"date":"2020-11-13T17:17:00","date_gmt":"2020-11-13T16:17:00","guid":{"rendered":"http:\/\/nuovosito.museoomero.it\/?page_id=16487"},"modified":"2026-03-03T15:40:22","modified_gmt":"2026-03-03T14:40:22","slug":"kie-ni-estas","status":"publish","type":"page","link":"https:\/\/museoomero.it\/eo\/muzeo\/kie-ni-estas\/","title":{"rendered":"Kie ni estas"},"content":{"rendered":"\n<p>Museo Tattile Statale Omero &#8211; Mole Vanvitelliana.<br>Banchina Giovanni da Chio 28, 60121 &#8211; Ancona, Italujo.<br><a href=\"https:\/\/www.google.com\/maps\/place\/\/data=!4m2!3m1!1s0x132d7f90e3bd5d15:0xee2e1208808a68e0?source=g.page.share\">Google map<\/a><br><strong>Libera parkejo<\/strong> apud la Komplekso.<br><a href=\"http:\/\/Konsultu la mapon kun parkejoj kaj enirejoj.\">Konsultu la mapon kun parkejoj kaj enirejoj.<\/a><\/p>\n\n\n\n<p>Estas du enirejoj al la Mole: la \u0109efa enirejo situas proksime al la doganejo kaj Porta Pia: ponto el brikoj kondukas al monumenta portalo el blanka \u015dtono, kronita de emblemo kaj flago. La alia situas en la areo Mandracchio, proksime al la Fi\u015dbazaro: alia ponto el brikoj kondukas al granda pordego; super la muroj estas la skulpta\u0135o &#8220;Cavallo rosso&#8221; de Mimmo Paladino.<\/p>\n\n\n\n<p>Por aliri la Muzeon Omero vi devas atingi la internan korton de la Mole Vanvitelliana, kie estas du enirejoj: unu kun monumenta \u015dtuparo, signalita de arko, kaj la alia ekipita per lifto, situanta en la tereta\u011do. Post trapaso de la pordo, vi devas sonigi la sonorilon dekstre de la vitra pordo.<\/p>\n\n\n\n<h2 class=\"wp-block-heading\">A\u016dte kaj a\u016dto\u0109are<\/h2>\n\n\n\n<p><strong>A\u016dto\u015doseo A 14, elirejo Ancona Nord<\/strong>: eniru la \u015dtatan \u015doseon 76 en direkto Ancona, eliru \u0109e Ancona Nord kaj eniru la \u015dtatan \u015doseon 16 (indikoj Ancona centro\/porto). Sekvu la indikojn al la haveno (porto) Imbarco Crociere Cruise Terminal, Mole Vanvitelliana.<br><strong>A\u016dto\u015coseo A 14, elirejo Ancona Sud<\/strong>: eniru la \u015dtatan \u015doseon 16 kaj poste Asse Nord Sud direkto Porto. Sekvu la indikojn Imbarco Crociere Cruise Terminal, Mole Vanvitelliana.<br>Proksimume 500 m for de la muzea enirejo trovi\u011das haltejo FLIXBUS.&nbsp;<br><a href=\"http:\/\/www.autostrade.it\/\">Autostrade<\/a><\/p>\n\n\n\n<h2 class=\"wp-block-heading\">Trajne<\/h2>\n\n\n\n<p>De la fervoja stacidomo de Ankono, sur placo Rosselli 1, la Muzeo estas atingebla per 15-minuta promeno (1 km). Mar\u015du al la centro de la urbo; atinginte la urboparton Archi oni trovos maldekstre Komplekson Vanvitelli en la havena areo.<br><a href=\"https:\/\/www.trenitalia.com\/\">Trenitalia<\/a><\/p>\n\n\n\n<h2 class=\"wp-block-heading\">Aviadile<\/h2>\n\n\n\n<p>De la flughaveno Raffaello Sanzio de Falconara Marittima La Muzeo estas atingebla a\u016dtomobile en duonhoro.<br>Koincide kun la flugoj disponeblas taksiaj kaj a\u016dtobusaj servoj.<br>Naciaj kaj e\u016dropaj flugoj: Romo, Palermo, Catania, Londono, Munkeno, Moskvo, Duseldorfo, Bruselo, ktp.<br>Areoporto Raffaello Sanzio.<\/p>\n\n\n\n<h2 class=\"wp-block-heading\">\u015cipe<\/h2>\n\n\n\n<p>Haveno de Ankono.<br>Je proksimuma 15-minuta promena distanco.<br>A\u016dtobusaj ligoj.<br>Pramoj de\/al Grekujo, Kroatujo, Montenegro, Albanujo, Turkujo,<br>Approdo Crociere: periodo Aprilo \u2013 Novembro.<br><a href=\"https:\/\/www.porto.ancona.it\/it\/\">Porto di Ancona<\/a><\/p>\n","protected":false},"excerpt":{"rendered":"<p>Museo Tattile Statale Omero &#8211; Mole Vanvitelliana.Banchina Giovanni da Chio 28, 60121 &#8211; Ancona, Italujo.Google mapLibera parkejo apud la Komplekso.Konsultu la mapon kun parkejoj kaj enirejoj. Estas du enirejoj al la Mole: la \u0109efa enirejo situas proksime al la doganejo kaj Porta Pia: ponto el brikoj kondukas al monumenta portalo el blanka \u015dtono, kronita de [&#8230;] <span class=\"sr-only\"><a href=\"https:\/\/museoomero.it\/eo\/muzeo\/kie-ni-estas\/\">Continua a leggere: Kie ni estas<\/a><\/span><\/p>\n","protected":false},"author":2,"featured_media":17109,"parent":14392,"menu_order":202,"comment_status":"closed","ping_status":"closed","template":"","meta":{"_acf_changed":false,"footnotes":""},"class_list":["post-16487","page","type-page","status-publish","has-post-thumbnail","hentry"],"acf":[],"yoast_head":"<!-- This site is optimized with the Yoast SEO plugin v27.3 - https:\/\/yoast.com\/product\/yoast-seo-wordpress\/ -->\n<title>Kie ni estas - Museo Omero<\/title>\n<meta name=\"robots\" content=\"index, follow, max-snippet:-1, max-image-preview:large, max-video-preview:-1\" \/>\n<link rel=\"canonical\" href=\"https:\/\/museoomero.it\/eo\/muzeo\/kie-ni-estas\/\" \/>\n<meta property=\"og:locale\" content=\"eo_EO\" \/>\n<meta property=\"og:type\" content=\"article\" \/>\n<meta property=\"og:title\" content=\"Kie ni estas - Museo Omero\" \/>\n<meta property=\"og:description\" content=\"Museo Tattile Statale Omero &#8211; Mole Vanvitelliana.Banchina Giovanni da Chio 28, 60121 &#8211; Ancona, Italujo.Google mapLibera parkejo apud la Komplekso.Konsultu la mapon kun parkejoj kaj enirejoj. Estas du enirejoj al la Mole: la \u0109efa enirejo situas proksime al la doganejo kaj Porta Pia: ponto el brikoj kondukas al monumenta portalo el blanka \u015dtono, kronita de [...] Continua a leggere: Kie ni estas\" \/>\n<meta property=\"og:url\" content=\"https:\/\/museoomero.it\/eo\/muzeo\/kie-ni-estas\/\" \/>\n<meta property=\"og:site_name\" content=\"Museo Omero\" \/>\n<meta property=\"article:modified_time\" content=\"2026-03-03T14:40:22+00:00\" \/>\n<meta property=\"og:image\" content=\"https:\/\/museoomero.it\/wp-content\/uploads\/2020\/11\/museo-dove-siamo-2.jpg\" \/>\n\t<meta property=\"og:image:width\" content=\"1200\" \/>\n\t<meta property=\"og:image:height\" content=\"802\" \/>\n\t<meta property=\"og:image:type\" content=\"image\/jpeg\" \/>\n<meta name=\"twitter:card\" content=\"summary_large_image\" \/>\n<meta name=\"twitter:label1\" content=\"Est. reading time\" \/>\n\t<meta name=\"twitter:data1\" content=\"2 minutes\" \/>\n<script type=\"application\/ld+json\" class=\"yoast-schema-graph\">{\"@context\":\"https:\\\/\\\/schema.org\",\"@graph\":[{\"@type\":\"WebPage\",\"@id\":\"https:\\\/\\\/museoomero.it\\\/eo\\\/muzeo\\\/kie-ni-estas\\\/\",\"url\":\"https:\\\/\\\/museoomero.it\\\/eo\\\/muzeo\\\/kie-ni-estas\\\/\",\"name\":\"Kie ni estas - Museo Omero\",\"isPartOf\":{\"@id\":\"https:\\\/\\\/museoomero.it\\\/eo\\\/#website\"},\"primaryImageOfPage\":{\"@id\":\"https:\\\/\\\/museoomero.it\\\/eo\\\/muzeo\\\/kie-ni-estas\\\/#primaryimage\"},\"image\":{\"@id\":\"https:\\\/\\\/museoomero.it\\\/eo\\\/muzeo\\\/kie-ni-estas\\\/#primaryimage\"},\"thumbnailUrl\":\"https:\\\/\\\/museoomero.it\\\/wp-content\\\/uploads\\\/2020\\\/11\\\/museo-dove-siamo-2.jpg\",\"datePublished\":\"2020-11-13T16:17:00+00:00\",\"dateModified\":\"2026-03-03T14:40:22+00:00\",\"breadcrumb\":{\"@id\":\"https:\\\/\\\/museoomero.it\\\/eo\\\/muzeo\\\/kie-ni-estas\\\/#breadcrumb\"},\"inLanguage\":\"eo-UY\",\"potentialAction\":[{\"@type\":\"ReadAction\",\"target\":[\"https:\\\/\\\/museoomero.it\\\/eo\\\/muzeo\\\/kie-ni-estas\\\/\"]}]},{\"@type\":\"ImageObject\",\"inLanguage\":\"eo-UY\",\"@id\":\"https:\\\/\\\/museoomero.it\\\/eo\\\/muzeo\\\/kie-ni-estas\\\/#primaryimage\",\"url\":\"https:\\\/\\\/museoomero.it\\\/wp-content\\\/uploads\\\/2020\\\/11\\\/museo-dove-siamo-2.jpg\",\"contentUrl\":\"https:\\\/\\\/museoomero.it\\\/wp-content\\\/uploads\\\/2020\\\/11\\\/museo-dove-siamo-2.jpg\",\"width\":1200,\"height\":802,\"caption\":\"Mole Vanvitelliana\"},{\"@type\":\"BreadcrumbList\",\"@id\":\"https:\\\/\\\/museoomero.it\\\/eo\\\/muzeo\\\/kie-ni-estas\\\/#breadcrumb\",\"itemListElement\":[{\"@type\":\"ListItem\",\"position\":1,\"name\":\"Muzeo\",\"item\":\"https:\\\/\\\/museoomero.it\\\/eo\\\/muzeo\\\/\"},{\"@type\":\"ListItem\",\"position\":2,\"name\":\"Kie ni estas\"}]},{\"@type\":\"WebSite\",\"@id\":\"https:\\\/\\\/museoomero.it\\\/eo\\\/#website\",\"url\":\"https:\\\/\\\/museoomero.it\\\/eo\\\/\",\"name\":\"Museo Omero\",\"description\":\"Museo Tattile Statale\",\"publisher\":{\"@id\":\"https:\\\/\\\/museoomero.it\\\/eo\\\/#organization\"},\"potentialAction\":[{\"@type\":\"SearchAction\",\"target\":{\"@type\":\"EntryPoint\",\"urlTemplate\":\"https:\\\/\\\/museoomero.it\\\/eo\\\/?s={search_term_string}\"},\"query-input\":{\"@type\":\"PropertyValueSpecification\",\"valueRequired\":true,\"valueName\":\"search_term_string\"}}],\"inLanguage\":\"eo-UY\"},{\"@type\":\"Organization\",\"@id\":\"https:\\\/\\\/museoomero.it\\\/eo\\\/#organization\",\"name\":\"Museo Omero\",\"url\":\"https:\\\/\\\/museoomero.it\\\/eo\\\/\",\"logo\":{\"@type\":\"ImageObject\",\"inLanguage\":\"eo-UY\",\"@id\":\"https:\\\/\\\/museoomero.it\\\/eo\\\/#\\\/schema\\\/logo\\\/image\\\/\",\"url\":\"https:\\\/\\\/museoomero.it\\\/wp-content\\\/uploads\\\/2019\\\/12\\\/logo_museoomero_nomibact.png\",\"contentUrl\":\"https:\\\/\\\/museoomero.it\\\/wp-content\\\/uploads\\\/2019\\\/12\\\/logo_museoomero_nomibact.png\",\"width\":400,\"height\":127,\"caption\":\"Museo Omero\"},\"image\":{\"@id\":\"https:\\\/\\\/museoomero.it\\\/eo\\\/#\\\/schema\\\/logo\\\/image\\\/\"}}]}<\/script>\n<!-- \/ Yoast SEO plugin. -->","yoast_head_json":{"title":"Kie ni estas - Museo Omero","robots":{"index":"index","follow":"follow","max-snippet":"max-snippet:-1","max-image-preview":"max-image-preview:large","max-video-preview":"max-video-preview:-1"},"canonical":"https:\/\/museoomero.it\/eo\/muzeo\/kie-ni-estas\/","og_locale":"eo_EO","og_type":"article","og_title":"Kie ni estas - Museo Omero","og_description":"Museo Tattile Statale Omero &#8211; Mole Vanvitelliana.Banchina Giovanni da Chio 28, 60121 &#8211; Ancona, Italujo.Google mapLibera parkejo apud la Komplekso.Konsultu la mapon kun parkejoj kaj enirejoj. Estas du enirejoj al la Mole: la \u0109efa enirejo situas proksime al la doganejo kaj Porta Pia: ponto el brikoj kondukas al monumenta portalo el blanka \u015dtono, kronita de [...] Continua a leggere: Kie ni estas","og_url":"https:\/\/museoomero.it\/eo\/muzeo\/kie-ni-estas\/","og_site_name":"Museo Omero","article_modified_time":"2026-03-03T14:40:22+00:00","og_image":[{"width":1200,"height":802,"url":"https:\/\/museoomero.it\/wp-content\/uploads\/2020\/11\/museo-dove-siamo-2.jpg","type":"image\/jpeg"}],"twitter_card":"summary_large_image","twitter_misc":{"Est. reading time":"2 minutes"},"schema":{"@context":"https:\/\/schema.org","@graph":[{"@type":"WebPage","@id":"https:\/\/museoomero.it\/eo\/muzeo\/kie-ni-estas\/","url":"https:\/\/museoomero.it\/eo\/muzeo\/kie-ni-estas\/","name":"Kie ni estas - Museo Omero","isPartOf":{"@id":"https:\/\/museoomero.it\/eo\/#website"},"primaryImageOfPage":{"@id":"https:\/\/museoomero.it\/eo\/muzeo\/kie-ni-estas\/#primaryimage"},"image":{"@id":"https:\/\/museoomero.it\/eo\/muzeo\/kie-ni-estas\/#primaryimage"},"thumbnailUrl":"https:\/\/museoomero.it\/wp-content\/uploads\/2020\/11\/museo-dove-siamo-2.jpg","datePublished":"2020-11-13T16:17:00+00:00","dateModified":"2026-03-03T14:40:22+00:00","breadcrumb":{"@id":"https:\/\/museoomero.it\/eo\/muzeo\/kie-ni-estas\/#breadcrumb"},"inLanguage":"eo-UY","potentialAction":[{"@type":"ReadAction","target":["https:\/\/museoomero.it\/eo\/muzeo\/kie-ni-estas\/"]}]},{"@type":"ImageObject","inLanguage":"eo-UY","@id":"https:\/\/museoomero.it\/eo\/muzeo\/kie-ni-estas\/#primaryimage","url":"https:\/\/museoomero.it\/wp-content\/uploads\/2020\/11\/museo-dove-siamo-2.jpg","contentUrl":"https:\/\/museoomero.it\/wp-content\/uploads\/2020\/11\/museo-dove-siamo-2.jpg","width":1200,"height":802,"caption":"Mole Vanvitelliana"},{"@type":"BreadcrumbList","@id":"https:\/\/museoomero.it\/eo\/muzeo\/kie-ni-estas\/#breadcrumb","itemListElement":[{"@type":"ListItem","position":1,"name":"Muzeo","item":"https:\/\/museoomero.it\/eo\/muzeo\/"},{"@type":"ListItem","position":2,"name":"Kie ni estas"}]},{"@type":"WebSite","@id":"https:\/\/museoomero.it\/eo\/#website","url":"https:\/\/museoomero.it\/eo\/","name":"Museo Omero","description":"Museo Tattile Statale","publisher":{"@id":"https:\/\/museoomero.it\/eo\/#organization"},"potentialAction":[{"@type":"SearchAction","target":{"@type":"EntryPoint","urlTemplate":"https:\/\/museoomero.it\/eo\/?s={search_term_string}"},"query-input":{"@type":"PropertyValueSpecification","valueRequired":true,"valueName":"search_term_string"}}],"inLanguage":"eo-UY"},{"@type":"Organization","@id":"https:\/\/museoomero.it\/eo\/#organization","name":"Museo Omero","url":"https:\/\/museoomero.it\/eo\/","logo":{"@type":"ImageObject","inLanguage":"eo-UY","@id":"https:\/\/museoomero.it\/eo\/#\/schema\/logo\/image\/","url":"https:\/\/museoomero.it\/wp-content\/uploads\/2019\/12\/logo_museoomero_nomibact.png","contentUrl":"https:\/\/museoomero.it\/wp-content\/uploads\/2019\/12\/logo_museoomero_nomibact.png","width":400,"height":127,"caption":"Museo Omero"},"image":{"@id":"https:\/\/museoomero.it\/eo\/#\/schema\/logo\/image\/"}}]}},"jetpack_sharing_enabled":true,"_links":{"self":[{"href":"https:\/\/museoomero.it\/eo\/wp-json\/wp\/v2\/pages\/16487","targetHints":{"allow":["GET"]}}],"collection":[{"href":"https:\/\/museoomero.it\/eo\/wp-json\/wp\/v2\/pages"}],"about":[{"href":"https:\/\/museoomero.it\/eo\/wp-json\/wp\/v2\/types\/page"}],"author":[{"embeddable":true,"href":"https:\/\/museoomero.it\/eo\/wp-json\/wp\/v2\/users\/2"}],"replies":[{"embeddable":true,"href":"https:\/\/museoomero.it\/eo\/wp-json\/wp\/v2\/comments?post=16487"}],"version-history":[{"count":8,"href":"https:\/\/museoomero.it\/eo\/wp-json\/wp\/v2\/pages\/16487\/revisions"}],"predecessor-version":[{"id":41766,"href":"https:\/\/museoomero.it\/eo\/wp-json\/wp\/v2\/pages\/16487\/revisions\/41766"}],"up":[{"embeddable":true,"href":"https:\/\/museoomero.it\/eo\/wp-json\/wp\/v2\/pages\/14392"}],"wp:featuredmedia":[{"embeddable":true,"href":"https:\/\/museoomero.it\/eo\/wp-json\/wp\/v2\/media\/17109"}],"wp:attachment":[{"href":"https:\/\/museoomero.it\/eo\/wp-json\/wp\/v2\/media?parent=16487"}],"curies":[{"name":"wp","href":"https:\/\/api.w.org\/{rel}","templated":true}]}}