{"id":16521,"date":"2020-11-16T08:49:47","date_gmt":"2020-11-16T07:49:47","guid":{"rendered":"http:\/\/nuovosito.museoomero.it\/?page_id=16521"},"modified":"2020-11-16T08:49:49","modified_gmt":"2020-11-16T07:49:49","slug":"arteinsieme-2020-eksterordinara-arango","status":"publish","type":"page","link":"https:\/\/museoomero.it\/eo\/edukado\/bienalo-artokune\/arteinsieme-2020-eksterordinara-arango\/","title":{"rendered":"Arteinsieme 2020 Eksterordinara aran\u011do"},"content":{"rendered":"\n<p><strong>Marto \u2013 Junio 2020<\/strong><\/p>\n\n\n\n<p>En la jena periodo de drastaj limigoj la \u015ctata Palpsenta Muzeo Homero iniciatas eksterordinaran aran\u011don de la &#8220;Biennale Arteinsieme &#8211; cultura e culture senza barriere&#8221; (Bienalo ArtoKune \u2013 kulturo kaj kulturoj sen bariloj), invitante muzeojn kaj kulturlokojn publikigi sur siaj pa\u011daroj kaj sociaj retejoj ciferecan materialon alireblan por handikapuloj.<\/p>\n\n\n\n<p>Kun hashtag-ser\u0109iloj #biennalearteinsieme (Bienalo ArtoKune) kaj laculturanondimenticanessuno (Kulturo neniun forgesas)<br>Oni invitas muzeojn kaj kulturlokojn rakonti sin mem per unu a\u016d pluraj el la jenaj rimedoj:<\/p>\n\n\n\n<ul class=\"wp-block-list\"><li>videoj kun LIS-traduko a\u016d subtitoloj por surduloj kaj parolaj priskriboj en senparolaj videoj por nevidantoj.<\/li><li>Tekstoj kun priskribo de la bildoj por nevidantoj<\/li><li>Tekstoj kun alta legebleco redaktitaj la\u016d la normoj de Easy-to-read<\/li><li>Por intelektaj handikapuloj<\/li><li>Por atesti sian proksimecon al handikapuloj kaj fari ke ili sentu sin malpli solaj, oni petas krome publikigi en siaj pa\u011daroj kaj sociaj retejoj skriban kaj parolan mesa\u011don de proksimeco: &#8220;Ni de (nomo de la muzeo a\u016d kulturloko) de (nomo de la urbo) estas \u0109i tie. Ni denove kune dividos la \u011dojon de beleco kaj la plezuron malkovri niajn kulturajn ri\u0109a\u0135ojn&#8221;.<\/li><\/ul>\n\n\n\n<p>La saman skriban kaj parolan mesa\u011don oni povos sendi per retpo\u015dto al asocioj de handikapuloj de sia teritorio kaj al Muzeo Homero (adreso <a href=\"mailto:arteinsieme@museoomero.it\">arteinsieme@museoomero.it<\/a>) kiu prizorgos la publikigon. La tuta produktita materialo estos kolektita kaj diskonigita<br>Sur \u0109i tiu pa\u011do de la retejo kaj sur la Facebook-pa\u011do Biennale Arteinsieme<br>\u0108iam \u201ctag\u201d-markenda.<br>Por informoj vi povas kontakti nian sekretariejon \u0109e la adreso arteinsieme@museoomero.it<br>Kaj akordi\u011dinte sur la Skajp-kanalo de la Muzeo.<\/p>\n","protected":false},"excerpt":{"rendered":"<p>Marto \u2013 Junio 2020 En la jena periodo de drastaj limigoj la \u015ctata Palpsenta Muzeo Homero iniciatas eksterordinaran aran\u011don de la &#8220;Biennale Arteinsieme &#8211; cultura e culture senza barriere&#8221; (Bienalo ArtoKune \u2013 kulturo kaj kulturoj sen bariloj), invitante muzeojn kaj kulturlokojn publikigi sur siaj pa\u011daroj kaj sociaj retejoj ciferecan materialon alireblan por handikapuloj. Kun hashtag-ser\u0109iloj [&#8230;] <span class=\"sr-only\"><a href=\"https:\/\/museoomero.it\/eo\/edukado\/bienalo-artokune\/arteinsieme-2020-eksterordinara-arango\/\">Continua a leggere: Arteinsieme 2020 Eksterordinara aran\u011do<\/a><\/span><\/p>\n","protected":false},"author":2,"featured_media":16958,"parent":14571,"menu_order":250,"comment_status":"closed","ping_status":"closed","template":"","meta":{"_acf_changed":false,"footnotes":""},"class_list":["post-16521","page","type-page","status-publish","has-post-thumbnail","hentry"],"acf":[],"yoast_head":"<!-- This site is optimized with the Yoast SEO plugin v27.4 - https:\/\/yoast.com\/product\/yoast-seo-wordpress\/ -->\n<title>Arteinsieme 2020 Eksterordinara aran\u011do - Museo Omero<\/title>\n<meta name=\"robots\" content=\"index, follow, max-snippet:-1, max-image-preview:large, max-video-preview:-1\" \/>\n<link rel=\"canonical\" href=\"https:\/\/museoomero.it\/eo\/edukado\/bienalo-artokune\/arteinsieme-2020-eksterordinara-arango\/\" \/>\n<meta property=\"og:locale\" content=\"eo_EO\" \/>\n<meta property=\"og:type\" content=\"article\" \/>\n<meta property=\"og:title\" content=\"Arteinsieme 2020 Eksterordinara aran\u011do - Museo Omero\" \/>\n<meta property=\"og:description\" content=\"Marto \u2013 Junio 2020 En la jena periodo de drastaj limigoj la \u015ctata Palpsenta Muzeo Homero iniciatas eksterordinaran aran\u011don de la &#8220;Biennale Arteinsieme &#8211; cultura e culture senza barriere&#8221; (Bienalo ArtoKune \u2013 kulturo kaj kulturoj sen bariloj), invitante muzeojn kaj kulturlokojn publikigi sur siaj pa\u011daroj kaj sociaj retejoj ciferecan materialon alireblan por handikapuloj. Kun hashtag-ser\u0109iloj [...] Continua a leggere: Arteinsieme 2020 Eksterordinara aran\u011do\" \/>\n<meta property=\"og:url\" content=\"https:\/\/museoomero.it\/eo\/edukado\/bienalo-artokune\/arteinsieme-2020-eksterordinara-arango\/\" \/>\n<meta property=\"og:site_name\" content=\"Museo Omero\" \/>\n<meta property=\"article:modified_time\" content=\"2020-11-16T07:49:49+00:00\" \/>\n<meta property=\"og:image\" content=\"https:\/\/museoomero.it\/wp-content\/uploads\/2020\/11\/educazione-bienalle-arteinsieme-2020.jpg\" \/>\n\t<meta property=\"og:image:width\" content=\"1200\" \/>\n\t<meta property=\"og:image:height\" content=\"618\" \/>\n\t<meta property=\"og:image:type\" content=\"image\/jpeg\" \/>\n<meta name=\"twitter:card\" content=\"summary_large_image\" \/>\n<meta name=\"twitter:label1\" content=\"Est. reading time\" \/>\n\t<meta name=\"twitter:data1\" content=\"1 minute\" \/>\n<script type=\"application\/ld+json\" class=\"yoast-schema-graph\">{\"@context\":\"https:\\\/\\\/schema.org\",\"@graph\":[{\"@type\":\"WebPage\",\"@id\":\"https:\\\/\\\/museoomero.it\\\/eo\\\/edukado\\\/bienalo-artokune\\\/arteinsieme-2020-eksterordinara-arango\\\/\",\"url\":\"https:\\\/\\\/museoomero.it\\\/eo\\\/edukado\\\/bienalo-artokune\\\/arteinsieme-2020-eksterordinara-arango\\\/\",\"name\":\"Arteinsieme 2020 Eksterordinara aran\u011do - Museo Omero\",\"isPartOf\":{\"@id\":\"https:\\\/\\\/museoomero.it\\\/eo\\\/#website\"},\"primaryImageOfPage\":{\"@id\":\"https:\\\/\\\/museoomero.it\\\/eo\\\/edukado\\\/bienalo-artokune\\\/arteinsieme-2020-eksterordinara-arango\\\/#primaryimage\"},\"image\":{\"@id\":\"https:\\\/\\\/museoomero.it\\\/eo\\\/edukado\\\/bienalo-artokune\\\/arteinsieme-2020-eksterordinara-arango\\\/#primaryimage\"},\"thumbnailUrl\":\"https:\\\/\\\/museoomero.it\\\/wp-content\\\/uploads\\\/2020\\\/11\\\/educazione-bienalle-arteinsieme-2020.jpg\",\"datePublished\":\"2020-11-16T07:49:47+00:00\",\"dateModified\":\"2020-11-16T07:49:49+00:00\",\"breadcrumb\":{\"@id\":\"https:\\\/\\\/museoomero.it\\\/eo\\\/edukado\\\/bienalo-artokune\\\/arteinsieme-2020-eksterordinara-arango\\\/#breadcrumb\"},\"inLanguage\":\"eo-UY\",\"potentialAction\":[{\"@type\":\"ReadAction\",\"target\":[\"https:\\\/\\\/museoomero.it\\\/eo\\\/edukado\\\/bienalo-artokune\\\/arteinsieme-2020-eksterordinara-arango\\\/\"]}]},{\"@type\":\"ImageObject\",\"inLanguage\":\"eo-UY\",\"@id\":\"https:\\\/\\\/museoomero.it\\\/eo\\\/edukado\\\/bienalo-artokune\\\/arteinsieme-2020-eksterordinara-arango\\\/#primaryimage\",\"url\":\"https:\\\/\\\/museoomero.it\\\/wp-content\\\/uploads\\\/2020\\\/11\\\/educazione-bienalle-arteinsieme-2020.jpg\",\"contentUrl\":\"https:\\\/\\\/museoomero.it\\\/wp-content\\\/uploads\\\/2020\\\/11\\\/educazione-bienalle-arteinsieme-2020.jpg\",\"width\":1200,\"height\":618,\"caption\":\"logo biennale arteinsieme versione digitale\"},{\"@type\":\"BreadcrumbList\",\"@id\":\"https:\\\/\\\/museoomero.it\\\/eo\\\/edukado\\\/bienalo-artokune\\\/arteinsieme-2020-eksterordinara-arango\\\/#breadcrumb\",\"itemListElement\":[{\"@type\":\"ListItem\",\"position\":1,\"name\":\"Edukado\",\"item\":\"https:\\\/\\\/museoomero.it\\\/eo\\\/edukado\\\/\"},{\"@type\":\"ListItem\",\"position\":2,\"name\":\"Bienalo Artokune\",\"item\":\"https:\\\/\\\/museoomero.it\\\/eo\\\/?page_id=14571\"},{\"@type\":\"ListItem\",\"position\":3,\"name\":\"Arteinsieme 2020 Eksterordinara aran\u011do\"}]},{\"@type\":\"WebSite\",\"@id\":\"https:\\\/\\\/museoomero.it\\\/eo\\\/#website\",\"url\":\"https:\\\/\\\/museoomero.it\\\/eo\\\/\",\"name\":\"Museo Omero\",\"description\":\"Museo Tattile Statale\",\"publisher\":{\"@id\":\"https:\\\/\\\/museoomero.it\\\/eo\\\/#organization\"},\"potentialAction\":[{\"@type\":\"SearchAction\",\"target\":{\"@type\":\"EntryPoint\",\"urlTemplate\":\"https:\\\/\\\/museoomero.it\\\/eo\\\/?s={search_term_string}\"},\"query-input\":{\"@type\":\"PropertyValueSpecification\",\"valueRequired\":true,\"valueName\":\"search_term_string\"}}],\"inLanguage\":\"eo-UY\"},{\"@type\":\"Organization\",\"@id\":\"https:\\\/\\\/museoomero.it\\\/eo\\\/#organization\",\"name\":\"Museo Omero\",\"url\":\"https:\\\/\\\/museoomero.it\\\/eo\\\/\",\"logo\":{\"@type\":\"ImageObject\",\"inLanguage\":\"eo-UY\",\"@id\":\"https:\\\/\\\/museoomero.it\\\/eo\\\/#\\\/schema\\\/logo\\\/image\\\/\",\"url\":\"https:\\\/\\\/museoomero.it\\\/wp-content\\\/uploads\\\/2019\\\/12\\\/logo_museoomero_nomibact.png\",\"contentUrl\":\"https:\\\/\\\/museoomero.it\\\/wp-content\\\/uploads\\\/2019\\\/12\\\/logo_museoomero_nomibact.png\",\"width\":400,\"height\":127,\"caption\":\"Museo Omero\"},\"image\":{\"@id\":\"https:\\\/\\\/museoomero.it\\\/eo\\\/#\\\/schema\\\/logo\\\/image\\\/\"}}]}<\/script>\n<!-- \/ Yoast SEO plugin. -->","yoast_head_json":{"title":"Arteinsieme 2020 Eksterordinara aran\u011do - Museo Omero","robots":{"index":"index","follow":"follow","max-snippet":"max-snippet:-1","max-image-preview":"max-image-preview:large","max-video-preview":"max-video-preview:-1"},"canonical":"https:\/\/museoomero.it\/eo\/edukado\/bienalo-artokune\/arteinsieme-2020-eksterordinara-arango\/","og_locale":"eo_EO","og_type":"article","og_title":"Arteinsieme 2020 Eksterordinara aran\u011do - Museo Omero","og_description":"Marto \u2013 Junio 2020 En la jena periodo de drastaj limigoj la \u015ctata Palpsenta Muzeo Homero iniciatas eksterordinaran aran\u011don de la &#8220;Biennale Arteinsieme &#8211; cultura e culture senza barriere&#8221; (Bienalo ArtoKune \u2013 kulturo kaj kulturoj sen bariloj), invitante muzeojn kaj kulturlokojn publikigi sur siaj pa\u011daroj kaj sociaj retejoj ciferecan materialon alireblan por handikapuloj. Kun hashtag-ser\u0109iloj [...] Continua a leggere: Arteinsieme 2020 Eksterordinara aran\u011do","og_url":"https:\/\/museoomero.it\/eo\/edukado\/bienalo-artokune\/arteinsieme-2020-eksterordinara-arango\/","og_site_name":"Museo Omero","article_modified_time":"2020-11-16T07:49:49+00:00","og_image":[{"width":1200,"height":618,"url":"https:\/\/museoomero.it\/wp-content\/uploads\/2020\/11\/educazione-bienalle-arteinsieme-2020.jpg","type":"image\/jpeg"}],"twitter_card":"summary_large_image","twitter_misc":{"Est. reading time":"1 minute"},"schema":{"@context":"https:\/\/schema.org","@graph":[{"@type":"WebPage","@id":"https:\/\/museoomero.it\/eo\/edukado\/bienalo-artokune\/arteinsieme-2020-eksterordinara-arango\/","url":"https:\/\/museoomero.it\/eo\/edukado\/bienalo-artokune\/arteinsieme-2020-eksterordinara-arango\/","name":"Arteinsieme 2020 Eksterordinara aran\u011do - Museo Omero","isPartOf":{"@id":"https:\/\/museoomero.it\/eo\/#website"},"primaryImageOfPage":{"@id":"https:\/\/museoomero.it\/eo\/edukado\/bienalo-artokune\/arteinsieme-2020-eksterordinara-arango\/#primaryimage"},"image":{"@id":"https:\/\/museoomero.it\/eo\/edukado\/bienalo-artokune\/arteinsieme-2020-eksterordinara-arango\/#primaryimage"},"thumbnailUrl":"https:\/\/museoomero.it\/wp-content\/uploads\/2020\/11\/educazione-bienalle-arteinsieme-2020.jpg","datePublished":"2020-11-16T07:49:47+00:00","dateModified":"2020-11-16T07:49:49+00:00","breadcrumb":{"@id":"https:\/\/museoomero.it\/eo\/edukado\/bienalo-artokune\/arteinsieme-2020-eksterordinara-arango\/#breadcrumb"},"inLanguage":"eo-UY","potentialAction":[{"@type":"ReadAction","target":["https:\/\/museoomero.it\/eo\/edukado\/bienalo-artokune\/arteinsieme-2020-eksterordinara-arango\/"]}]},{"@type":"ImageObject","inLanguage":"eo-UY","@id":"https:\/\/museoomero.it\/eo\/edukado\/bienalo-artokune\/arteinsieme-2020-eksterordinara-arango\/#primaryimage","url":"https:\/\/museoomero.it\/wp-content\/uploads\/2020\/11\/educazione-bienalle-arteinsieme-2020.jpg","contentUrl":"https:\/\/museoomero.it\/wp-content\/uploads\/2020\/11\/educazione-bienalle-arteinsieme-2020.jpg","width":1200,"height":618,"caption":"logo biennale arteinsieme versione digitale"},{"@type":"BreadcrumbList","@id":"https:\/\/museoomero.it\/eo\/edukado\/bienalo-artokune\/arteinsieme-2020-eksterordinara-arango\/#breadcrumb","itemListElement":[{"@type":"ListItem","position":1,"name":"Edukado","item":"https:\/\/museoomero.it\/eo\/edukado\/"},{"@type":"ListItem","position":2,"name":"Bienalo Artokune","item":"https:\/\/museoomero.it\/eo\/?page_id=14571"},{"@type":"ListItem","position":3,"name":"Arteinsieme 2020 Eksterordinara aran\u011do"}]},{"@type":"WebSite","@id":"https:\/\/museoomero.it\/eo\/#website","url":"https:\/\/museoomero.it\/eo\/","name":"Museo Omero","description":"Museo Tattile Statale","publisher":{"@id":"https:\/\/museoomero.it\/eo\/#organization"},"potentialAction":[{"@type":"SearchAction","target":{"@type":"EntryPoint","urlTemplate":"https:\/\/museoomero.it\/eo\/?s={search_term_string}"},"query-input":{"@type":"PropertyValueSpecification","valueRequired":true,"valueName":"search_term_string"}}],"inLanguage":"eo-UY"},{"@type":"Organization","@id":"https:\/\/museoomero.it\/eo\/#organization","name":"Museo Omero","url":"https:\/\/museoomero.it\/eo\/","logo":{"@type":"ImageObject","inLanguage":"eo-UY","@id":"https:\/\/museoomero.it\/eo\/#\/schema\/logo\/image\/","url":"https:\/\/museoomero.it\/wp-content\/uploads\/2019\/12\/logo_museoomero_nomibact.png","contentUrl":"https:\/\/museoomero.it\/wp-content\/uploads\/2019\/12\/logo_museoomero_nomibact.png","width":400,"height":127,"caption":"Museo Omero"},"image":{"@id":"https:\/\/museoomero.it\/eo\/#\/schema\/logo\/image\/"}}]}},"jetpack_sharing_enabled":true,"_links":{"self":[{"href":"https:\/\/museoomero.it\/eo\/wp-json\/wp\/v2\/pages\/16521","targetHints":{"allow":["GET"]}}],"collection":[{"href":"https:\/\/museoomero.it\/eo\/wp-json\/wp\/v2\/pages"}],"about":[{"href":"https:\/\/museoomero.it\/eo\/wp-json\/wp\/v2\/types\/page"}],"author":[{"embeddable":true,"href":"https:\/\/museoomero.it\/eo\/wp-json\/wp\/v2\/users\/2"}],"replies":[{"embeddable":true,"href":"https:\/\/museoomero.it\/eo\/wp-json\/wp\/v2\/comments?post=16521"}],"version-history":[{"count":1,"href":"https:\/\/museoomero.it\/eo\/wp-json\/wp\/v2\/pages\/16521\/revisions"}],"predecessor-version":[{"id":16523,"href":"https:\/\/museoomero.it\/eo\/wp-json\/wp\/v2\/pages\/16521\/revisions\/16523"}],"up":[{"embeddable":true,"href":"https:\/\/museoomero.it\/eo\/wp-json\/wp\/v2\/pages\/14571"}],"wp:featuredmedia":[{"embeddable":true,"href":"https:\/\/museoomero.it\/eo\/wp-json\/wp\/v2\/media\/16958"}],"wp:attachment":[{"href":"https:\/\/museoomero.it\/eo\/wp-json\/wp\/v2\/media?parent=16521"}],"curies":[{"name":"wp","href":"https:\/\/api.w.org\/{rel}","templated":true}]}}