{"id":16858,"date":"2020-11-19T09:13:44","date_gmt":"2020-11-19T08:13:44","guid":{"rendered":"http:\/\/museoomero.it\/?page_id=16858"},"modified":"2022-08-16T11:52:47","modified_gmt":"2022-08-16T09:52:47","slug":"konsultistoj-kaj-kunlaborantoj","status":"publish","type":"page","link":"https:\/\/museoomero.it\/eo\/travidebla-administracio\/konsultistoj-kaj-kunlaborantoj\/","title":{"rendered":"Konsultistoj kaj kunlaborantoj"},"content":{"rendered":"\n<p><a href=\"http:\/\/museoomero.it\/wp-content\/uploads\/2020\/11\/cveur_Andrea-Socrati.pdf\">Andrea Socrati<\/a>, spertulo pri tiflodidaktiko kaj tiflopedagogio.<br><a href=\"http:\/\/museoomero.it\/wp-content\/uploads\/2020\/11\/cv_Gabriella-Papini.pdf\">Gabriella Papini<\/a>, direktado de la revuo Aisthesis, malkovri arton per \u0109iuj sensoj.<br><strong>Marco Ferretti<\/strong>, librotena, administra kaj fiska konsilanto por la \u015ctata Palpsenta Muzeo Homero; librotena, administra kaj fiska konsulto-servo por la \u015ctata Palpsenta Muzeo Homero.<br><a href=\"http:\/\/museoomero.it\/wp-content\/uploads\/2020\/11\/cv_Alessandra-Panzini.pdf\">Alessandra Panzini<\/a>, por redaktado de la fina-realiga projekto de la nova aran\u011do de la sidejo de \u015ctata Palpsenta Muzeo Homero.<br><a href=\"http:\/\/museoomero.it\/wp-content\/uploads\/2020\/11\/CV-_Avv.-Massimiliano-Galeazzi.pdf\">Massimiliano Galeazzi<\/a>, por respondeco pri la protekto de personaj donita\u0135oj reincarico di Responsabile della protezione dei dati personali (D.P.O.) por konformi\u011do al la preskriboj de la UE-reglamento n\u00b0 2016\/679.<br><a href=\"http:\/\/museoomero.it\/wp-content\/uploads\/2022\/08\/CV-Roberta-Penna2022.pdf\">Roberta Penna<\/a>, Respondeca pri korupto-preventado kaj travidebleco.<\/p>\n","protected":false},"excerpt":{"rendered":"<p>Andrea Socrati, spertulo pri tiflodidaktiko kaj tiflopedagogio.Gabriella Papini, direktado de la revuo Aisthesis, malkovri arton per \u0109iuj sensoj.Marco Ferretti, librotena, administra kaj fiska konsilanto por la \u015ctata Palpsenta Muzeo Homero; librotena, administra kaj fiska konsulto-servo por la \u015ctata Palpsenta Muzeo Homero.Alessandra Panzini, por redaktado de la fina-realiga projekto de la nova aran\u011do de la sidejo [&#8230;] <span class=\"sr-only\"><a href=\"https:\/\/museoomero.it\/eo\/travidebla-administracio\/konsultistoj-kaj-kunlaborantoj\/\">Continua a leggere: Konsultistoj kaj kunlaborantoj<\/a><\/span><\/p>\n","protected":false},"author":2,"featured_media":0,"parent":14961,"menu_order":346,"comment_status":"closed","ping_status":"closed","template":"","meta":{"_acf_changed":false,"footnotes":""},"class_list":["post-16858","page","type-page","status-publish","hentry"],"acf":[],"yoast_head":"<!-- This site is optimized with the Yoast SEO plugin v27.4 - https:\/\/yoast.com\/product\/yoast-seo-wordpress\/ -->\n<title>Konsultistoj kaj kunlaborantoj - Museo Omero<\/title>\n<meta name=\"robots\" content=\"index, follow, max-snippet:-1, max-image-preview:large, max-video-preview:-1\" \/>\n<link rel=\"canonical\" href=\"https:\/\/museoomero.it\/eo\/travidebla-administracio\/konsultistoj-kaj-kunlaborantoj\/\" \/>\n<meta property=\"og:locale\" content=\"eo_EO\" \/>\n<meta property=\"og:type\" content=\"article\" \/>\n<meta property=\"og:title\" content=\"Konsultistoj kaj kunlaborantoj - Museo Omero\" \/>\n<meta property=\"og:description\" content=\"Andrea Socrati, spertulo pri tiflodidaktiko kaj tiflopedagogio.Gabriella Papini, direktado de la revuo Aisthesis, malkovri arton per \u0109iuj sensoj.Marco Ferretti, librotena, administra kaj fiska konsilanto por la \u015ctata Palpsenta Muzeo Homero; librotena, administra kaj fiska konsulto-servo por la \u015ctata Palpsenta Muzeo Homero.Alessandra Panzini, por redaktado de la fina-realiga projekto de la nova aran\u011do de la sidejo [...] Continua a leggere: Konsultistoj kaj kunlaborantoj\" \/>\n<meta property=\"og:url\" content=\"https:\/\/museoomero.it\/eo\/travidebla-administracio\/konsultistoj-kaj-kunlaborantoj\/\" \/>\n<meta property=\"og:site_name\" content=\"Museo Omero\" \/>\n<meta property=\"article:modified_time\" content=\"2022-08-16T09:52:47+00:00\" \/>\n<meta name=\"twitter:card\" content=\"summary_large_image\" \/>\n<meta name=\"twitter:label1\" content=\"Est. reading time\" \/>\n\t<meta name=\"twitter:data1\" content=\"1 minute\" \/>\n<script type=\"application\/ld+json\" class=\"yoast-schema-graph\">{\"@context\":\"https:\\\/\\\/schema.org\",\"@graph\":[{\"@type\":\"WebPage\",\"@id\":\"https:\\\/\\\/museoomero.it\\\/eo\\\/travidebla-administracio\\\/konsultistoj-kaj-kunlaborantoj\\\/\",\"url\":\"https:\\\/\\\/museoomero.it\\\/eo\\\/travidebla-administracio\\\/konsultistoj-kaj-kunlaborantoj\\\/\",\"name\":\"Konsultistoj kaj kunlaborantoj - Museo Omero\",\"isPartOf\":{\"@id\":\"https:\\\/\\\/museoomero.it\\\/eo\\\/#website\"},\"datePublished\":\"2020-11-19T08:13:44+00:00\",\"dateModified\":\"2022-08-16T09:52:47+00:00\",\"breadcrumb\":{\"@id\":\"https:\\\/\\\/museoomero.it\\\/eo\\\/travidebla-administracio\\\/konsultistoj-kaj-kunlaborantoj\\\/#breadcrumb\"},\"inLanguage\":\"eo-UY\",\"potentialAction\":[{\"@type\":\"ReadAction\",\"target\":[\"https:\\\/\\\/museoomero.it\\\/eo\\\/travidebla-administracio\\\/konsultistoj-kaj-kunlaborantoj\\\/\"]}]},{\"@type\":\"BreadcrumbList\",\"@id\":\"https:\\\/\\\/museoomero.it\\\/eo\\\/travidebla-administracio\\\/konsultistoj-kaj-kunlaborantoj\\\/#breadcrumb\",\"itemListElement\":[{\"@type\":\"ListItem\",\"position\":1,\"name\":\"Travidebla Administracio\",\"item\":\"https:\\\/\\\/museoomero.it\\\/eo\\\/travidebla-administracio\\\/\"},{\"@type\":\"ListItem\",\"position\":2,\"name\":\"Konsultistoj kaj kunlaborantoj\"}]},{\"@type\":\"WebSite\",\"@id\":\"https:\\\/\\\/museoomero.it\\\/eo\\\/#website\",\"url\":\"https:\\\/\\\/museoomero.it\\\/eo\\\/\",\"name\":\"Museo Omero\",\"description\":\"Museo Tattile Statale\",\"publisher\":{\"@id\":\"https:\\\/\\\/museoomero.it\\\/eo\\\/#organization\"},\"potentialAction\":[{\"@type\":\"SearchAction\",\"target\":{\"@type\":\"EntryPoint\",\"urlTemplate\":\"https:\\\/\\\/museoomero.it\\\/eo\\\/?s={search_term_string}\"},\"query-input\":{\"@type\":\"PropertyValueSpecification\",\"valueRequired\":true,\"valueName\":\"search_term_string\"}}],\"inLanguage\":\"eo-UY\"},{\"@type\":\"Organization\",\"@id\":\"https:\\\/\\\/museoomero.it\\\/eo\\\/#organization\",\"name\":\"Museo Omero\",\"url\":\"https:\\\/\\\/museoomero.it\\\/eo\\\/\",\"logo\":{\"@type\":\"ImageObject\",\"inLanguage\":\"eo-UY\",\"@id\":\"https:\\\/\\\/museoomero.it\\\/eo\\\/#\\\/schema\\\/logo\\\/image\\\/\",\"url\":\"https:\\\/\\\/museoomero.it\\\/wp-content\\\/uploads\\\/2019\\\/12\\\/logo_museoomero_nomibact.png\",\"contentUrl\":\"https:\\\/\\\/museoomero.it\\\/wp-content\\\/uploads\\\/2019\\\/12\\\/logo_museoomero_nomibact.png\",\"width\":400,\"height\":127,\"caption\":\"Museo Omero\"},\"image\":{\"@id\":\"https:\\\/\\\/museoomero.it\\\/eo\\\/#\\\/schema\\\/logo\\\/image\\\/\"}}]}<\/script>\n<!-- \/ Yoast SEO plugin. -->","yoast_head_json":{"title":"Konsultistoj kaj kunlaborantoj - Museo Omero","robots":{"index":"index","follow":"follow","max-snippet":"max-snippet:-1","max-image-preview":"max-image-preview:large","max-video-preview":"max-video-preview:-1"},"canonical":"https:\/\/museoomero.it\/eo\/travidebla-administracio\/konsultistoj-kaj-kunlaborantoj\/","og_locale":"eo_EO","og_type":"article","og_title":"Konsultistoj kaj kunlaborantoj - Museo Omero","og_description":"Andrea Socrati, spertulo pri tiflodidaktiko kaj tiflopedagogio.Gabriella Papini, direktado de la revuo Aisthesis, malkovri arton per \u0109iuj sensoj.Marco Ferretti, librotena, administra kaj fiska konsilanto por la \u015ctata Palpsenta Muzeo Homero; librotena, administra kaj fiska konsulto-servo por la \u015ctata Palpsenta Muzeo Homero.Alessandra Panzini, por redaktado de la fina-realiga projekto de la nova aran\u011do de la sidejo [...] Continua a leggere: Konsultistoj kaj kunlaborantoj","og_url":"https:\/\/museoomero.it\/eo\/travidebla-administracio\/konsultistoj-kaj-kunlaborantoj\/","og_site_name":"Museo Omero","article_modified_time":"2022-08-16T09:52:47+00:00","twitter_card":"summary_large_image","twitter_misc":{"Est. reading time":"1 minute"},"schema":{"@context":"https:\/\/schema.org","@graph":[{"@type":"WebPage","@id":"https:\/\/museoomero.it\/eo\/travidebla-administracio\/konsultistoj-kaj-kunlaborantoj\/","url":"https:\/\/museoomero.it\/eo\/travidebla-administracio\/konsultistoj-kaj-kunlaborantoj\/","name":"Konsultistoj kaj kunlaborantoj - Museo Omero","isPartOf":{"@id":"https:\/\/museoomero.it\/eo\/#website"},"datePublished":"2020-11-19T08:13:44+00:00","dateModified":"2022-08-16T09:52:47+00:00","breadcrumb":{"@id":"https:\/\/museoomero.it\/eo\/travidebla-administracio\/konsultistoj-kaj-kunlaborantoj\/#breadcrumb"},"inLanguage":"eo-UY","potentialAction":[{"@type":"ReadAction","target":["https:\/\/museoomero.it\/eo\/travidebla-administracio\/konsultistoj-kaj-kunlaborantoj\/"]}]},{"@type":"BreadcrumbList","@id":"https:\/\/museoomero.it\/eo\/travidebla-administracio\/konsultistoj-kaj-kunlaborantoj\/#breadcrumb","itemListElement":[{"@type":"ListItem","position":1,"name":"Travidebla Administracio","item":"https:\/\/museoomero.it\/eo\/travidebla-administracio\/"},{"@type":"ListItem","position":2,"name":"Konsultistoj kaj kunlaborantoj"}]},{"@type":"WebSite","@id":"https:\/\/museoomero.it\/eo\/#website","url":"https:\/\/museoomero.it\/eo\/","name":"Museo Omero","description":"Museo Tattile Statale","publisher":{"@id":"https:\/\/museoomero.it\/eo\/#organization"},"potentialAction":[{"@type":"SearchAction","target":{"@type":"EntryPoint","urlTemplate":"https:\/\/museoomero.it\/eo\/?s={search_term_string}"},"query-input":{"@type":"PropertyValueSpecification","valueRequired":true,"valueName":"search_term_string"}}],"inLanguage":"eo-UY"},{"@type":"Organization","@id":"https:\/\/museoomero.it\/eo\/#organization","name":"Museo Omero","url":"https:\/\/museoomero.it\/eo\/","logo":{"@type":"ImageObject","inLanguage":"eo-UY","@id":"https:\/\/museoomero.it\/eo\/#\/schema\/logo\/image\/","url":"https:\/\/museoomero.it\/wp-content\/uploads\/2019\/12\/logo_museoomero_nomibact.png","contentUrl":"https:\/\/museoomero.it\/wp-content\/uploads\/2019\/12\/logo_museoomero_nomibact.png","width":400,"height":127,"caption":"Museo Omero"},"image":{"@id":"https:\/\/museoomero.it\/eo\/#\/schema\/logo\/image\/"}}]}},"jetpack_sharing_enabled":true,"_links":{"self":[{"href":"https:\/\/museoomero.it\/eo\/wp-json\/wp\/v2\/pages\/16858","targetHints":{"allow":["GET"]}}],"collection":[{"href":"https:\/\/museoomero.it\/eo\/wp-json\/wp\/v2\/pages"}],"about":[{"href":"https:\/\/museoomero.it\/eo\/wp-json\/wp\/v2\/types\/page"}],"author":[{"embeddable":true,"href":"https:\/\/museoomero.it\/eo\/wp-json\/wp\/v2\/users\/2"}],"replies":[{"embeddable":true,"href":"https:\/\/museoomero.it\/eo\/wp-json\/wp\/v2\/comments?post=16858"}],"version-history":[{"count":7,"href":"https:\/\/museoomero.it\/eo\/wp-json\/wp\/v2\/pages\/16858\/revisions"}],"predecessor-version":[{"id":26897,"href":"https:\/\/museoomero.it\/eo\/wp-json\/wp\/v2\/pages\/16858\/revisions\/26897"}],"up":[{"embeddable":true,"href":"https:\/\/museoomero.it\/eo\/wp-json\/wp\/v2\/pages\/14961"}],"wp:attachment":[{"href":"https:\/\/museoomero.it\/eo\/wp-json\/wp\/v2\/media?parent=16858"}],"curies":[{"name":"wp","href":"https:\/\/api.w.org\/{rel}","templated":true}]}}