{"id":16866,"date":"2020-11-19T09:23:04","date_gmt":"2020-11-19T08:23:04","guid":{"rendered":"http:\/\/museoomero.it\/?page_id=16866"},"modified":"2023-03-09T09:13:44","modified_gmt":"2023-03-09T08:13:44","slug":"organizo","status":"publish","type":"page","link":"https:\/\/museoomero.it\/eo\/travidebla-administracio\/organizo\/","title":{"rendered":"Organizo"},"content":{"rendered":"\n<p>La \u015ctata Palpsenta Muzeo Homero estas mastrumata de la <strong>Komunumo Ancona en konvencio kun la Ministerio de Kulturo <\/strong>kun akto subskribita la 3-an de A\u016dgusto 2001 kaj modifita la 22-an de Februaro 2002.<\/p>\n\n\n\n<p>Surbaze de tiu konvencio, eksvalidi\u011donta la 31-an de Decembro 2020, kaj de la posta reglamento, la <strong>Muzeon estras Direkta Komitato<\/strong> kun de\u0135ortempo kvinjara, kunlabore kun <strong>Konsulta Komitato<\/strong>.<\/p>\n\n\n\n<h2 class=\"wp-block-heading\">Direkta Komitato<\/h2>\n\n\n\n<p><a href=\"http:\/\/museoomero.it\/wp-content\/uploads\/2020\/10\/cv_Aldo-Grassini.pdf\">Aldo Grassini<\/a>: prezidanto kun funkcio de direktoro, reprezentanto de la Komunumo Ancona.<br><a href=\"http:\/\/museoomero.it\/wp-content\/uploads\/2020\/10\/cv_Rosella-Bellesi.pdf\">Rosella Bellesi<\/a>: reprezentanto de la Ministerio de Kulturo.<br><strong>Adoriano Corradetti<\/strong>: reprezentanto de la Itala Unui\u011do de Blinduloj kaj malfortevidantoj elektita inter la fakaj spertuloj.<\/p>\n\n\n\n<h2 class=\"wp-block-heading\">Konsulta Komitato<\/h2>\n\n\n\n<p>Sub difino.<\/p>\n","protected":false},"excerpt":{"rendered":"<p>La \u015ctata Palpsenta Muzeo Homero estas mastrumata de la Komunumo Ancona en konvencio kun la Ministerio de Kulturo kun akto subskribita la 3-an de A\u016dgusto 2001 kaj modifita la 22-an de Februaro 2002. Surbaze de tiu konvencio, eksvalidi\u011donta la 31-an de Decembro 2020, kaj de la posta reglamento, la Muzeon estras Direkta Komitato kun de\u0135ortempo [&#8230;] <span class=\"sr-only\"><a href=\"https:\/\/museoomero.it\/eo\/travidebla-administracio\/organizo\/\">Continua a leggere: Organizo<\/a><\/span><\/p>\n","protected":false},"author":2,"featured_media":0,"parent":14961,"menu_order":263,"comment_status":"closed","ping_status":"closed","template":"","meta":{"_acf_changed":false,"footnotes":""},"class_list":["post-16866","page","type-page","status-publish","hentry"],"acf":[],"yoast_head":"<!-- This site is optimized with the Yoast SEO plugin v27.4 - https:\/\/yoast.com\/product\/yoast-seo-wordpress\/ -->\n<title>Organizo - Museo Omero<\/title>\n<meta name=\"description\" content=\"La \u015ctata Palpsenta Muzeo Homero estas mastrumata de la Komunumo Ancona en konvencio kun la Ministerio de Kulturo.\" \/>\n<meta name=\"robots\" content=\"index, follow, max-snippet:-1, max-image-preview:large, max-video-preview:-1\" \/>\n<link rel=\"canonical\" href=\"https:\/\/museoomero.it\/eo\/travidebla-administracio\/organizo\/\" \/>\n<meta property=\"og:locale\" content=\"eo_EO\" \/>\n<meta property=\"og:type\" content=\"article\" \/>\n<meta property=\"og:title\" content=\"Organizo - Museo Omero\" \/>\n<meta property=\"og:description\" content=\"La \u015ctata Palpsenta Muzeo Homero estas mastrumata de la Komunumo Ancona en konvencio kun la Ministerio de Kulturo.\" \/>\n<meta property=\"og:url\" content=\"https:\/\/museoomero.it\/eo\/travidebla-administracio\/organizo\/\" \/>\n<meta property=\"og:site_name\" content=\"Museo Omero\" \/>\n<meta property=\"article:modified_time\" content=\"2023-03-09T08:13:44+00:00\" \/>\n<meta name=\"twitter:card\" content=\"summary_large_image\" \/>\n<meta name=\"twitter:label1\" content=\"Est. reading time\" \/>\n\t<meta name=\"twitter:data1\" content=\"1 minute\" \/>\n<script type=\"application\/ld+json\" class=\"yoast-schema-graph\">{\"@context\":\"https:\\\/\\\/schema.org\",\"@graph\":[{\"@type\":\"WebPage\",\"@id\":\"https:\\\/\\\/museoomero.it\\\/eo\\\/travidebla-administracio\\\/organizo\\\/\",\"url\":\"https:\\\/\\\/museoomero.it\\\/eo\\\/travidebla-administracio\\\/organizo\\\/\",\"name\":\"Organizo - Museo Omero\",\"isPartOf\":{\"@id\":\"https:\\\/\\\/museoomero.it\\\/eo\\\/#website\"},\"datePublished\":\"2020-11-19T08:23:04+00:00\",\"dateModified\":\"2023-03-09T08:13:44+00:00\",\"description\":\"La \u015ctata Palpsenta Muzeo Homero estas mastrumata de la Komunumo Ancona en konvencio kun la Ministerio de Kulturo.\",\"breadcrumb\":{\"@id\":\"https:\\\/\\\/museoomero.it\\\/eo\\\/travidebla-administracio\\\/organizo\\\/#breadcrumb\"},\"inLanguage\":\"eo-UY\",\"potentialAction\":[{\"@type\":\"ReadAction\",\"target\":[\"https:\\\/\\\/museoomero.it\\\/eo\\\/travidebla-administracio\\\/organizo\\\/\"]}]},{\"@type\":\"BreadcrumbList\",\"@id\":\"https:\\\/\\\/museoomero.it\\\/eo\\\/travidebla-administracio\\\/organizo\\\/#breadcrumb\",\"itemListElement\":[{\"@type\":\"ListItem\",\"position\":1,\"name\":\"Travidebla Administracio\",\"item\":\"https:\\\/\\\/museoomero.it\\\/eo\\\/travidebla-administracio\\\/\"},{\"@type\":\"ListItem\",\"position\":2,\"name\":\"Organizo\"}]},{\"@type\":\"WebSite\",\"@id\":\"https:\\\/\\\/museoomero.it\\\/eo\\\/#website\",\"url\":\"https:\\\/\\\/museoomero.it\\\/eo\\\/\",\"name\":\"Museo Omero\",\"description\":\"Museo Tattile Statale\",\"publisher\":{\"@id\":\"https:\\\/\\\/museoomero.it\\\/eo\\\/#organization\"},\"potentialAction\":[{\"@type\":\"SearchAction\",\"target\":{\"@type\":\"EntryPoint\",\"urlTemplate\":\"https:\\\/\\\/museoomero.it\\\/eo\\\/?s={search_term_string}\"},\"query-input\":{\"@type\":\"PropertyValueSpecification\",\"valueRequired\":true,\"valueName\":\"search_term_string\"}}],\"inLanguage\":\"eo-UY\"},{\"@type\":\"Organization\",\"@id\":\"https:\\\/\\\/museoomero.it\\\/eo\\\/#organization\",\"name\":\"Museo Omero\",\"url\":\"https:\\\/\\\/museoomero.it\\\/eo\\\/\",\"logo\":{\"@type\":\"ImageObject\",\"inLanguage\":\"eo-UY\",\"@id\":\"https:\\\/\\\/museoomero.it\\\/eo\\\/#\\\/schema\\\/logo\\\/image\\\/\",\"url\":\"https:\\\/\\\/museoomero.it\\\/wp-content\\\/uploads\\\/2019\\\/12\\\/logo_museoomero_nomibact.png\",\"contentUrl\":\"https:\\\/\\\/museoomero.it\\\/wp-content\\\/uploads\\\/2019\\\/12\\\/logo_museoomero_nomibact.png\",\"width\":400,\"height\":127,\"caption\":\"Museo Omero\"},\"image\":{\"@id\":\"https:\\\/\\\/museoomero.it\\\/eo\\\/#\\\/schema\\\/logo\\\/image\\\/\"}}]}<\/script>\n<!-- \/ Yoast SEO plugin. -->","yoast_head_json":{"title":"Organizo - Museo Omero","description":"La \u015ctata Palpsenta Muzeo Homero estas mastrumata de la Komunumo Ancona en konvencio kun la Ministerio de Kulturo.","robots":{"index":"index","follow":"follow","max-snippet":"max-snippet:-1","max-image-preview":"max-image-preview:large","max-video-preview":"max-video-preview:-1"},"canonical":"https:\/\/museoomero.it\/eo\/travidebla-administracio\/organizo\/","og_locale":"eo_EO","og_type":"article","og_title":"Organizo - Museo Omero","og_description":"La \u015ctata Palpsenta Muzeo Homero estas mastrumata de la Komunumo Ancona en konvencio kun la Ministerio de Kulturo.","og_url":"https:\/\/museoomero.it\/eo\/travidebla-administracio\/organizo\/","og_site_name":"Museo Omero","article_modified_time":"2023-03-09T08:13:44+00:00","twitter_card":"summary_large_image","twitter_misc":{"Est. reading time":"1 minute"},"schema":{"@context":"https:\/\/schema.org","@graph":[{"@type":"WebPage","@id":"https:\/\/museoomero.it\/eo\/travidebla-administracio\/organizo\/","url":"https:\/\/museoomero.it\/eo\/travidebla-administracio\/organizo\/","name":"Organizo - Museo Omero","isPartOf":{"@id":"https:\/\/museoomero.it\/eo\/#website"},"datePublished":"2020-11-19T08:23:04+00:00","dateModified":"2023-03-09T08:13:44+00:00","description":"La \u015ctata Palpsenta Muzeo Homero estas mastrumata de la Komunumo Ancona en konvencio kun la Ministerio de Kulturo.","breadcrumb":{"@id":"https:\/\/museoomero.it\/eo\/travidebla-administracio\/organizo\/#breadcrumb"},"inLanguage":"eo-UY","potentialAction":[{"@type":"ReadAction","target":["https:\/\/museoomero.it\/eo\/travidebla-administracio\/organizo\/"]}]},{"@type":"BreadcrumbList","@id":"https:\/\/museoomero.it\/eo\/travidebla-administracio\/organizo\/#breadcrumb","itemListElement":[{"@type":"ListItem","position":1,"name":"Travidebla Administracio","item":"https:\/\/museoomero.it\/eo\/travidebla-administracio\/"},{"@type":"ListItem","position":2,"name":"Organizo"}]},{"@type":"WebSite","@id":"https:\/\/museoomero.it\/eo\/#website","url":"https:\/\/museoomero.it\/eo\/","name":"Museo Omero","description":"Museo Tattile Statale","publisher":{"@id":"https:\/\/museoomero.it\/eo\/#organization"},"potentialAction":[{"@type":"SearchAction","target":{"@type":"EntryPoint","urlTemplate":"https:\/\/museoomero.it\/eo\/?s={search_term_string}"},"query-input":{"@type":"PropertyValueSpecification","valueRequired":true,"valueName":"search_term_string"}}],"inLanguage":"eo-UY"},{"@type":"Organization","@id":"https:\/\/museoomero.it\/eo\/#organization","name":"Museo Omero","url":"https:\/\/museoomero.it\/eo\/","logo":{"@type":"ImageObject","inLanguage":"eo-UY","@id":"https:\/\/museoomero.it\/eo\/#\/schema\/logo\/image\/","url":"https:\/\/museoomero.it\/wp-content\/uploads\/2019\/12\/logo_museoomero_nomibact.png","contentUrl":"https:\/\/museoomero.it\/wp-content\/uploads\/2019\/12\/logo_museoomero_nomibact.png","width":400,"height":127,"caption":"Museo Omero"},"image":{"@id":"https:\/\/museoomero.it\/eo\/#\/schema\/logo\/image\/"}}]}},"jetpack_sharing_enabled":true,"_links":{"self":[{"href":"https:\/\/museoomero.it\/eo\/wp-json\/wp\/v2\/pages\/16866","targetHints":{"allow":["GET"]}}],"collection":[{"href":"https:\/\/museoomero.it\/eo\/wp-json\/wp\/v2\/pages"}],"about":[{"href":"https:\/\/museoomero.it\/eo\/wp-json\/wp\/v2\/types\/page"}],"author":[{"embeddable":true,"href":"https:\/\/museoomero.it\/eo\/wp-json\/wp\/v2\/users\/2"}],"replies":[{"embeddable":true,"href":"https:\/\/museoomero.it\/eo\/wp-json\/wp\/v2\/comments?post=16866"}],"version-history":[{"count":7,"href":"https:\/\/museoomero.it\/eo\/wp-json\/wp\/v2\/pages\/16866\/revisions"}],"predecessor-version":[{"id":29455,"href":"https:\/\/museoomero.it\/eo\/wp-json\/wp\/v2\/pages\/16866\/revisions\/29455"}],"up":[{"embeddable":true,"href":"https:\/\/museoomero.it\/eo\/wp-json\/wp\/v2\/pages\/14961"}],"wp:attachment":[{"href":"https:\/\/museoomero.it\/eo\/wp-json\/wp\/v2\/media?parent=16866"}],"curies":[{"name":"wp","href":"https:\/\/api.w.org\/{rel}","templated":true}]}}