{"id":17174,"date":"2020-11-20T14:29:44","date_gmt":"2020-11-20T13:29:44","guid":{"rendered":"http:\/\/museoomero.it\/?page_id=17174"},"modified":"2021-07-16T12:22:09","modified_gmt":"2021-07-16T10:22:09","slug":"17174-2","status":"publish","type":"page","link":"https:\/\/museoomero.it\/eo\/muzeo\/17174-2\/","title":{"rendered":"Subtenu nin"},"content":{"rendered":"\n<p>Se pla\u0109as al vi niaj iniciatoj kaj vi \u015datas la filosofion kiu inspiras ilin, se vi partoprenas en niaj aktivadoj kaj \u011duas niajn servojn kaj vi kredas ke \u0109i tiu strukturo meritas subtenon kaj anta\u016denpu\u015don, vi povas helpi \u011din per libera donaco.<\/p>\n\n\n\n<h2 class=\"wp-block-heading\">Kiamaniere?<\/h2>\n\n\n\n<p>Ekzistas volontula asocio ne profitcela nomata <a href=\"https:\/\/museoomero.it\/eo\/muzeo\/la-stata-palpsenta-muzeo-homero-iam-nun-kaj-estonte\/la-associazione-per-il-museo-tattile-statale-omero-onlus\/\">&#8220;Per il Museo Tattile Statale Omero ODV &#8211; Onlus&#8221;<\/a>, eksprese starigita por helpi la Muzeon havigante al \u011di volontulojn kaj financan subtenon por \u011dia agado.<\/p>\n\n\n\n<p>Se vi volas fari liberan donacon por subteni la agadon de nia Muzeo, sendu kreditigon al Associazione &#8220;Per il Museo Tattile Statale Omero ODV &#8211; ONLUS&#8221;<br><br>\u0109e INTESA SAN PAOLO<br>IBAN: IT67I0306902722100000006642<br>Motivo: Libera donaco por la agado de la Asocio<\/p>\n","protected":false},"excerpt":{"rendered":"<p>Se pla\u0109as al vi niaj iniciatoj kaj vi \u015datas la filosofion kiu inspiras ilin, se vi partoprenas en niaj aktivadoj kaj \u011duas niajn servojn kaj vi kredas ke \u0109i tiu strukturo meritas subtenon kaj anta\u016denpu\u015don, vi povas helpi \u011din per libera donaco. Kiamaniere? Ekzistas volontula asocio ne profitcela nomata &#8220;Per il Museo Tattile Statale Omero [&#8230;] <span class=\"sr-only\"><a href=\"https:\/\/museoomero.it\/eo\/muzeo\/17174-2\/\">Continua a leggere: Subtenu nin<\/a><\/span><\/p>\n","protected":false},"author":2,"featured_media":17318,"parent":14392,"menu_order":463,"comment_status":"closed","ping_status":"closed","template":"","meta":{"_acf_changed":false,"footnotes":""},"class_list":["post-17174","page","type-page","status-publish","has-post-thumbnail","hentry"],"acf":[],"yoast_head":"<!-- This site is optimized with the Yoast SEO plugin v27.3 - https:\/\/yoast.com\/product\/yoast-seo-wordpress\/ -->\n<title>Subtenu nin - Museo Omero<\/title>\n<meta name=\"robots\" content=\"index, follow, max-snippet:-1, max-image-preview:large, max-video-preview:-1\" \/>\n<link rel=\"canonical\" href=\"https:\/\/museoomero.it\/eo\/muzeo\/17174-2\/\" \/>\n<meta property=\"og:locale\" content=\"eo_EO\" \/>\n<meta property=\"og:type\" content=\"article\" \/>\n<meta property=\"og:title\" content=\"Subtenu nin - Museo Omero\" \/>\n<meta property=\"og:description\" content=\"Se pla\u0109as al vi niaj iniciatoj kaj vi \u015datas la filosofion kiu inspiras ilin, se vi partoprenas en niaj aktivadoj kaj \u011duas niajn servojn kaj vi kredas ke \u0109i tiu strukturo meritas subtenon kaj anta\u016denpu\u015don, vi povas helpi \u011din per libera donaco. Kiamaniere? Ekzistas volontula asocio ne profitcela nomata &#8220;Per il Museo Tattile Statale Omero [...] Continua a leggere: Subtenu nin\" \/>\n<meta property=\"og:url\" content=\"https:\/\/museoomero.it\/eo\/muzeo\/17174-2\/\" \/>\n<meta property=\"og:site_name\" content=\"Museo Omero\" \/>\n<meta property=\"article:modified_time\" content=\"2021-07-16T10:22:09+00:00\" \/>\n<meta property=\"og:image\" content=\"https:\/\/museoomero.it\/wp-content\/uploads\/2020\/11\/museo-sostienici-2.jpg\" \/>\n\t<meta property=\"og:image:width\" content=\"1200\" \/>\n\t<meta property=\"og:image:height\" content=\"802\" \/>\n\t<meta property=\"og:image:type\" content=\"image\/jpeg\" \/>\n<meta name=\"twitter:card\" content=\"summary_large_image\" \/>\n<meta name=\"twitter:label1\" content=\"Est. reading time\" \/>\n\t<meta name=\"twitter:data1\" content=\"1 minute\" \/>\n<script type=\"application\/ld+json\" class=\"yoast-schema-graph\">{\"@context\":\"https:\\\/\\\/schema.org\",\"@graph\":[{\"@type\":\"WebPage\",\"@id\":\"https:\\\/\\\/museoomero.it\\\/eo\\\/muzeo\\\/17174-2\\\/\",\"url\":\"https:\\\/\\\/museoomero.it\\\/eo\\\/muzeo\\\/17174-2\\\/\",\"name\":\"Subtenu nin - Museo Omero\",\"isPartOf\":{\"@id\":\"https:\\\/\\\/museoomero.it\\\/eo\\\/#website\"},\"primaryImageOfPage\":{\"@id\":\"https:\\\/\\\/museoomero.it\\\/eo\\\/muzeo\\\/17174-2\\\/#primaryimage\"},\"image\":{\"@id\":\"https:\\\/\\\/museoomero.it\\\/eo\\\/muzeo\\\/17174-2\\\/#primaryimage\"},\"thumbnailUrl\":\"https:\\\/\\\/museoomero.it\\\/wp-content\\\/uploads\\\/2020\\\/11\\\/museo-sostienici-2.jpg\",\"datePublished\":\"2020-11-20T13:29:44+00:00\",\"dateModified\":\"2021-07-16T10:22:09+00:00\",\"breadcrumb\":{\"@id\":\"https:\\\/\\\/museoomero.it\\\/eo\\\/muzeo\\\/17174-2\\\/#breadcrumb\"},\"inLanguage\":\"eo-UY\",\"potentialAction\":[{\"@type\":\"ReadAction\",\"target\":[\"https:\\\/\\\/museoomero.it\\\/eo\\\/muzeo\\\/17174-2\\\/\"]}]},{\"@type\":\"ImageObject\",\"inLanguage\":\"eo-UY\",\"@id\":\"https:\\\/\\\/museoomero.it\\\/eo\\\/muzeo\\\/17174-2\\\/#primaryimage\",\"url\":\"https:\\\/\\\/museoomero.it\\\/wp-content\\\/uploads\\\/2020\\\/11\\\/museo-sostienici-2.jpg\",\"contentUrl\":\"https:\\\/\\\/museoomero.it\\\/wp-content\\\/uploads\\\/2020\\\/11\\\/museo-sostienici-2.jpg\",\"width\":1200,\"height\":802,\"caption\":\"Renesanca \u0109ambro\"},{\"@type\":\"BreadcrumbList\",\"@id\":\"https:\\\/\\\/museoomero.it\\\/eo\\\/muzeo\\\/17174-2\\\/#breadcrumb\",\"itemListElement\":[{\"@type\":\"ListItem\",\"position\":1,\"name\":\"Muzeo\",\"item\":\"https:\\\/\\\/museoomero.it\\\/eo\\\/muzeo\\\/\"},{\"@type\":\"ListItem\",\"position\":2,\"name\":\"Subtenu nin\"}]},{\"@type\":\"WebSite\",\"@id\":\"https:\\\/\\\/museoomero.it\\\/eo\\\/#website\",\"url\":\"https:\\\/\\\/museoomero.it\\\/eo\\\/\",\"name\":\"Museo Omero\",\"description\":\"Museo Tattile Statale\",\"publisher\":{\"@id\":\"https:\\\/\\\/museoomero.it\\\/eo\\\/#organization\"},\"potentialAction\":[{\"@type\":\"SearchAction\",\"target\":{\"@type\":\"EntryPoint\",\"urlTemplate\":\"https:\\\/\\\/museoomero.it\\\/eo\\\/?s={search_term_string}\"},\"query-input\":{\"@type\":\"PropertyValueSpecification\",\"valueRequired\":true,\"valueName\":\"search_term_string\"}}],\"inLanguage\":\"eo-UY\"},{\"@type\":\"Organization\",\"@id\":\"https:\\\/\\\/museoomero.it\\\/eo\\\/#organization\",\"name\":\"Museo Omero\",\"url\":\"https:\\\/\\\/museoomero.it\\\/eo\\\/\",\"logo\":{\"@type\":\"ImageObject\",\"inLanguage\":\"eo-UY\",\"@id\":\"https:\\\/\\\/museoomero.it\\\/eo\\\/#\\\/schema\\\/logo\\\/image\\\/\",\"url\":\"https:\\\/\\\/museoomero.it\\\/wp-content\\\/uploads\\\/2019\\\/12\\\/logo_museoomero_nomibact.png\",\"contentUrl\":\"https:\\\/\\\/museoomero.it\\\/wp-content\\\/uploads\\\/2019\\\/12\\\/logo_museoomero_nomibact.png\",\"width\":400,\"height\":127,\"caption\":\"Museo Omero\"},\"image\":{\"@id\":\"https:\\\/\\\/museoomero.it\\\/eo\\\/#\\\/schema\\\/logo\\\/image\\\/\"}}]}<\/script>\n<!-- \/ Yoast SEO plugin. -->","yoast_head_json":{"title":"Subtenu nin - Museo Omero","robots":{"index":"index","follow":"follow","max-snippet":"max-snippet:-1","max-image-preview":"max-image-preview:large","max-video-preview":"max-video-preview:-1"},"canonical":"https:\/\/museoomero.it\/eo\/muzeo\/17174-2\/","og_locale":"eo_EO","og_type":"article","og_title":"Subtenu nin - Museo Omero","og_description":"Se pla\u0109as al vi niaj iniciatoj kaj vi \u015datas la filosofion kiu inspiras ilin, se vi partoprenas en niaj aktivadoj kaj \u011duas niajn servojn kaj vi kredas ke \u0109i tiu strukturo meritas subtenon kaj anta\u016denpu\u015don, vi povas helpi \u011din per libera donaco. Kiamaniere? Ekzistas volontula asocio ne profitcela nomata &#8220;Per il Museo Tattile Statale Omero [...] Continua a leggere: Subtenu nin","og_url":"https:\/\/museoomero.it\/eo\/muzeo\/17174-2\/","og_site_name":"Museo Omero","article_modified_time":"2021-07-16T10:22:09+00:00","og_image":[{"width":1200,"height":802,"url":"https:\/\/museoomero.it\/wp-content\/uploads\/2020\/11\/museo-sostienici-2.jpg","type":"image\/jpeg"}],"twitter_card":"summary_large_image","twitter_misc":{"Est. reading time":"1 minute"},"schema":{"@context":"https:\/\/schema.org","@graph":[{"@type":"WebPage","@id":"https:\/\/museoomero.it\/eo\/muzeo\/17174-2\/","url":"https:\/\/museoomero.it\/eo\/muzeo\/17174-2\/","name":"Subtenu nin - Museo Omero","isPartOf":{"@id":"https:\/\/museoomero.it\/eo\/#website"},"primaryImageOfPage":{"@id":"https:\/\/museoomero.it\/eo\/muzeo\/17174-2\/#primaryimage"},"image":{"@id":"https:\/\/museoomero.it\/eo\/muzeo\/17174-2\/#primaryimage"},"thumbnailUrl":"https:\/\/museoomero.it\/wp-content\/uploads\/2020\/11\/museo-sostienici-2.jpg","datePublished":"2020-11-20T13:29:44+00:00","dateModified":"2021-07-16T10:22:09+00:00","breadcrumb":{"@id":"https:\/\/museoomero.it\/eo\/muzeo\/17174-2\/#breadcrumb"},"inLanguage":"eo-UY","potentialAction":[{"@type":"ReadAction","target":["https:\/\/museoomero.it\/eo\/muzeo\/17174-2\/"]}]},{"@type":"ImageObject","inLanguage":"eo-UY","@id":"https:\/\/museoomero.it\/eo\/muzeo\/17174-2\/#primaryimage","url":"https:\/\/museoomero.it\/wp-content\/uploads\/2020\/11\/museo-sostienici-2.jpg","contentUrl":"https:\/\/museoomero.it\/wp-content\/uploads\/2020\/11\/museo-sostienici-2.jpg","width":1200,"height":802,"caption":"Renesanca \u0109ambro"},{"@type":"BreadcrumbList","@id":"https:\/\/museoomero.it\/eo\/muzeo\/17174-2\/#breadcrumb","itemListElement":[{"@type":"ListItem","position":1,"name":"Muzeo","item":"https:\/\/museoomero.it\/eo\/muzeo\/"},{"@type":"ListItem","position":2,"name":"Subtenu nin"}]},{"@type":"WebSite","@id":"https:\/\/museoomero.it\/eo\/#website","url":"https:\/\/museoomero.it\/eo\/","name":"Museo Omero","description":"Museo Tattile Statale","publisher":{"@id":"https:\/\/museoomero.it\/eo\/#organization"},"potentialAction":[{"@type":"SearchAction","target":{"@type":"EntryPoint","urlTemplate":"https:\/\/museoomero.it\/eo\/?s={search_term_string}"},"query-input":{"@type":"PropertyValueSpecification","valueRequired":true,"valueName":"search_term_string"}}],"inLanguage":"eo-UY"},{"@type":"Organization","@id":"https:\/\/museoomero.it\/eo\/#organization","name":"Museo Omero","url":"https:\/\/museoomero.it\/eo\/","logo":{"@type":"ImageObject","inLanguage":"eo-UY","@id":"https:\/\/museoomero.it\/eo\/#\/schema\/logo\/image\/","url":"https:\/\/museoomero.it\/wp-content\/uploads\/2019\/12\/logo_museoomero_nomibact.png","contentUrl":"https:\/\/museoomero.it\/wp-content\/uploads\/2019\/12\/logo_museoomero_nomibact.png","width":400,"height":127,"caption":"Museo Omero"},"image":{"@id":"https:\/\/museoomero.it\/eo\/#\/schema\/logo\/image\/"}}]}},"jetpack_sharing_enabled":true,"_links":{"self":[{"href":"https:\/\/museoomero.it\/eo\/wp-json\/wp\/v2\/pages\/17174","targetHints":{"allow":["GET"]}}],"collection":[{"href":"https:\/\/museoomero.it\/eo\/wp-json\/wp\/v2\/pages"}],"about":[{"href":"https:\/\/museoomero.it\/eo\/wp-json\/wp\/v2\/types\/page"}],"author":[{"embeddable":true,"href":"https:\/\/museoomero.it\/eo\/wp-json\/wp\/v2\/users\/2"}],"replies":[{"embeddable":true,"href":"https:\/\/museoomero.it\/eo\/wp-json\/wp\/v2\/comments?post=17174"}],"version-history":[{"count":6,"href":"https:\/\/museoomero.it\/eo\/wp-json\/wp\/v2\/pages\/17174\/revisions"}],"predecessor-version":[{"id":20221,"href":"https:\/\/museoomero.it\/eo\/wp-json\/wp\/v2\/pages\/17174\/revisions\/20221"}],"up":[{"embeddable":true,"href":"https:\/\/museoomero.it\/eo\/wp-json\/wp\/v2\/pages\/14392"}],"wp:featuredmedia":[{"embeddable":true,"href":"https:\/\/museoomero.it\/eo\/wp-json\/wp\/v2\/media\/17318"}],"wp:attachment":[{"href":"https:\/\/museoomero.it\/eo\/wp-json\/wp\/v2\/media?parent=17174"}],"curies":[{"name":"wp","href":"https:\/\/api.w.org\/{rel}","templated":true}]}}