{"id":17310,"date":"2020-11-21T09:13:12","date_gmt":"2020-11-21T08:13:12","guid":{"rendered":"http:\/\/museoomero.it\/?page_id=17310"},"modified":"2021-01-26T11:53:39","modified_gmt":"2021-01-26T10:53:39","slug":"palpi-arton","status":"publish","type":"page","link":"https:\/\/museoomero.it\/eo\/palpi-arton\/","title":{"rendered":"Palpi Arton"},"content":{"rendered":"\n<p>Palpsenta muzeo: jen la nova\u0135oj!<\/p>\n\n\n\n<p>Muzeo Homero ne malpermesas tu\u015di la arta\u0135oj.<\/p>\n\n\n\n<p>&#8220;Homero&#8221; estas <strong>senbarila muzeo<\/strong>. &#8220;Ne tu\u015du&#8221; fakte ekskludas tutan kategorion da homoj, tiujn kiuj &#8220;vidas&#8221; per manoj, nome la blinduloj, kaj \u0109i tie oni redonas al ili rajton aliloke rifuzitan. Sed palpsenso apartenas al cxiuj homoj, kiuj tamen forgesis gxin pro kulturo, kiu nobligas la vidpovon kaj rifuzas palpsenson. <\/p>\n\n\n\n<p>Sed \u0109iujsensoj <strong>havas sian noblecon<\/strong>, \u0109iuj regalas la plezuron ekkoni kaj gxui la belecon de naturo kaj de homa inteligento. <\/p>\n\n\n\n<p>Palpesplorado igas malkovri la formojn tra nekutima vojo, e\u0109 kun malfermitaj okuloj; \u011di igas aprezi la nuancojn de ektusxataj surfacoj, \u011di estigas fizikan rilaton kun la ajxoj, kiujn ni amas, \u011di forigas la distancon kaj iusence unuigas subjekton kaj objekton, \u011di komprenigas la diferencon de tu\u015dado kaj karesado, \u011di intensigas la emociojn de intima rilato kun la a\u0135oj.<br>Tiamaniere estas forigita diskriminacio de blinduloj, kiuj nun rajtas eniri la sor\u0109an mondon de arta beleco. Kaj vidantoj retrovas naturan donacon jam delonge perditan.<\/p>\n","protected":false},"excerpt":{"rendered":"<p>Palpsenta muzeo: jen la nova\u0135oj! Muzeo Homero ne malpermesas tu\u015di la arta\u0135oj. &#8220;Homero&#8221; estas senbarila muzeo. &#8220;Ne tu\u015du&#8221; fakte ekskludas tutan kategorion da homoj, tiujn kiuj &#8220;vidas&#8221; per manoj, nome la blinduloj, kaj \u0109i tie oni redonas al ili rajton aliloke rifuzitan. Sed palpsenso apartenas al cxiuj homoj, kiuj tamen forgesis gxin pro kulturo, kiu [&#8230;] <span class=\"sr-only\"><a href=\"https:\/\/museoomero.it\/eo\/palpi-arton\/\">Continua a leggere: Palpi Arton<\/a><\/span><\/p>\n","protected":false},"author":2,"featured_media":17314,"parent":0,"menu_order":240,"comment_status":"closed","ping_status":"closed","template":"","meta":{"_acf_changed":false,"footnotes":""},"class_list":["post-17310","page","type-page","status-publish","has-post-thumbnail","hentry"],"acf":[],"yoast_head":"<!-- This site is optimized with the Yoast SEO plugin v27.3 - https:\/\/yoast.com\/product\/yoast-seo-wordpress\/ -->\n<title>Palpi Arton - Museo Omero<\/title>\n<meta name=\"robots\" content=\"index, follow, max-snippet:-1, max-image-preview:large, max-video-preview:-1\" \/>\n<link rel=\"canonical\" href=\"https:\/\/museoomero.it\/eo\/palpi-arton\/\" \/>\n<meta property=\"og:locale\" content=\"eo_EO\" \/>\n<meta property=\"og:type\" content=\"article\" \/>\n<meta property=\"og:title\" content=\"Palpi Arton - Museo Omero\" \/>\n<meta property=\"og:description\" content=\"Palpsenta muzeo: jen la nova\u0135oj! Muzeo Homero ne malpermesas tu\u015di la arta\u0135oj. &#8220;Homero&#8221; estas senbarila muzeo. &#8220;Ne tu\u015du&#8221; fakte ekskludas tutan kategorion da homoj, tiujn kiuj &#8220;vidas&#8221; per manoj, nome la blinduloj, kaj \u0109i tie oni redonas al ili rajton aliloke rifuzitan. Sed palpsenso apartenas al cxiuj homoj, kiuj tamen forgesis gxin pro kulturo, kiu [...] Continua a leggere: Palpi Arton\" \/>\n<meta property=\"og:url\" content=\"https:\/\/museoomero.it\/eo\/palpi-arton\/\" \/>\n<meta property=\"og:site_name\" content=\"Museo Omero\" \/>\n<meta property=\"article:modified_time\" content=\"2021-01-26T10:53:39+00:00\" \/>\n<meta property=\"og:image\" content=\"https:\/\/museoomero.it\/wp-content\/uploads\/2020\/11\/toccare-l-arte.jpg\" \/>\n\t<meta property=\"og:image:width\" content=\"1200\" \/>\n\t<meta property=\"og:image:height\" content=\"802\" \/>\n\t<meta property=\"og:image:type\" content=\"image\/jpeg\" \/>\n<meta name=\"twitter:card\" content=\"summary_large_image\" \/>\n<meta name=\"twitter:label1\" content=\"Est. reading time\" \/>\n\t<meta name=\"twitter:data1\" content=\"1 minute\" \/>\n<script type=\"application\/ld+json\" class=\"yoast-schema-graph\">{\"@context\":\"https:\\\/\\\/schema.org\",\"@graph\":[{\"@type\":\"WebPage\",\"@id\":\"https:\\\/\\\/museoomero.it\\\/eo\\\/palpi-arton\\\/\",\"url\":\"https:\\\/\\\/museoomero.it\\\/eo\\\/palpi-arton\\\/\",\"name\":\"Palpi Arton - Museo Omero\",\"isPartOf\":{\"@id\":\"https:\\\/\\\/museoomero.it\\\/eo\\\/#website\"},\"primaryImageOfPage\":{\"@id\":\"https:\\\/\\\/museoomero.it\\\/eo\\\/palpi-arton\\\/#primaryimage\"},\"image\":{\"@id\":\"https:\\\/\\\/museoomero.it\\\/eo\\\/palpi-arton\\\/#primaryimage\"},\"thumbnailUrl\":\"https:\\\/\\\/museoomero.it\\\/wp-content\\\/uploads\\\/2020\\\/11\\\/toccare-l-arte.jpg\",\"datePublished\":\"2020-11-21T08:13:12+00:00\",\"dateModified\":\"2021-01-26T10:53:39+00:00\",\"inLanguage\":\"eo-UY\",\"potentialAction\":[{\"@type\":\"ReadAction\",\"target\":[\"https:\\\/\\\/museoomero.it\\\/eo\\\/palpi-arton\\\/\"]}]},{\"@type\":\"ImageObject\",\"inLanguage\":\"eo-UY\",\"@id\":\"https:\\\/\\\/museoomero.it\\\/eo\\\/palpi-arton\\\/#primaryimage\",\"url\":\"https:\\\/\\\/museoomero.it\\\/wp-content\\\/uploads\\\/2020\\\/11\\\/toccare-l-arte.jpg\",\"contentUrl\":\"https:\\\/\\\/museoomero.it\\\/wp-content\\\/uploads\\\/2020\\\/11\\\/toccare-l-arte.jpg\",\"width\":1200,\"height\":802,\"caption\":\"manoj, kiuj tu\u015das la verkon li kaj \u015di de Vangi\"},{\"@type\":\"WebSite\",\"@id\":\"https:\\\/\\\/museoomero.it\\\/eo\\\/#website\",\"url\":\"https:\\\/\\\/museoomero.it\\\/eo\\\/\",\"name\":\"Museo Omero\",\"description\":\"Museo Tattile Statale\",\"publisher\":{\"@id\":\"https:\\\/\\\/museoomero.it\\\/eo\\\/#organization\"},\"potentialAction\":[{\"@type\":\"SearchAction\",\"target\":{\"@type\":\"EntryPoint\",\"urlTemplate\":\"https:\\\/\\\/museoomero.it\\\/eo\\\/?s={search_term_string}\"},\"query-input\":{\"@type\":\"PropertyValueSpecification\",\"valueRequired\":true,\"valueName\":\"search_term_string\"}}],\"inLanguage\":\"eo-UY\"},{\"@type\":\"Organization\",\"@id\":\"https:\\\/\\\/museoomero.it\\\/eo\\\/#organization\",\"name\":\"Museo Omero\",\"url\":\"https:\\\/\\\/museoomero.it\\\/eo\\\/\",\"logo\":{\"@type\":\"ImageObject\",\"inLanguage\":\"eo-UY\",\"@id\":\"https:\\\/\\\/museoomero.it\\\/eo\\\/#\\\/schema\\\/logo\\\/image\\\/\",\"url\":\"https:\\\/\\\/museoomero.it\\\/wp-content\\\/uploads\\\/2019\\\/12\\\/logo_museoomero_nomibact.png\",\"contentUrl\":\"https:\\\/\\\/museoomero.it\\\/wp-content\\\/uploads\\\/2019\\\/12\\\/logo_museoomero_nomibact.png\",\"width\":400,\"height\":127,\"caption\":\"Museo Omero\"},\"image\":{\"@id\":\"https:\\\/\\\/museoomero.it\\\/eo\\\/#\\\/schema\\\/logo\\\/image\\\/\"}}]}<\/script>\n<!-- \/ Yoast SEO plugin. -->","yoast_head_json":{"title":"Palpi Arton - Museo Omero","robots":{"index":"index","follow":"follow","max-snippet":"max-snippet:-1","max-image-preview":"max-image-preview:large","max-video-preview":"max-video-preview:-1"},"canonical":"https:\/\/museoomero.it\/eo\/palpi-arton\/","og_locale":"eo_EO","og_type":"article","og_title":"Palpi Arton - Museo Omero","og_description":"Palpsenta muzeo: jen la nova\u0135oj! Muzeo Homero ne malpermesas tu\u015di la arta\u0135oj. &#8220;Homero&#8221; estas senbarila muzeo. &#8220;Ne tu\u015du&#8221; fakte ekskludas tutan kategorion da homoj, tiujn kiuj &#8220;vidas&#8221; per manoj, nome la blinduloj, kaj \u0109i tie oni redonas al ili rajton aliloke rifuzitan. Sed palpsenso apartenas al cxiuj homoj, kiuj tamen forgesis gxin pro kulturo, kiu [...] Continua a leggere: Palpi Arton","og_url":"https:\/\/museoomero.it\/eo\/palpi-arton\/","og_site_name":"Museo Omero","article_modified_time":"2021-01-26T10:53:39+00:00","og_image":[{"width":1200,"height":802,"url":"https:\/\/museoomero.it\/wp-content\/uploads\/2020\/11\/toccare-l-arte.jpg","type":"image\/jpeg"}],"twitter_card":"summary_large_image","twitter_misc":{"Est. reading time":"1 minute"},"schema":{"@context":"https:\/\/schema.org","@graph":[{"@type":"WebPage","@id":"https:\/\/museoomero.it\/eo\/palpi-arton\/","url":"https:\/\/museoomero.it\/eo\/palpi-arton\/","name":"Palpi Arton - Museo Omero","isPartOf":{"@id":"https:\/\/museoomero.it\/eo\/#website"},"primaryImageOfPage":{"@id":"https:\/\/museoomero.it\/eo\/palpi-arton\/#primaryimage"},"image":{"@id":"https:\/\/museoomero.it\/eo\/palpi-arton\/#primaryimage"},"thumbnailUrl":"https:\/\/museoomero.it\/wp-content\/uploads\/2020\/11\/toccare-l-arte.jpg","datePublished":"2020-11-21T08:13:12+00:00","dateModified":"2021-01-26T10:53:39+00:00","inLanguage":"eo-UY","potentialAction":[{"@type":"ReadAction","target":["https:\/\/museoomero.it\/eo\/palpi-arton\/"]}]},{"@type":"ImageObject","inLanguage":"eo-UY","@id":"https:\/\/museoomero.it\/eo\/palpi-arton\/#primaryimage","url":"https:\/\/museoomero.it\/wp-content\/uploads\/2020\/11\/toccare-l-arte.jpg","contentUrl":"https:\/\/museoomero.it\/wp-content\/uploads\/2020\/11\/toccare-l-arte.jpg","width":1200,"height":802,"caption":"manoj, kiuj tu\u015das la verkon li kaj \u015di de Vangi"},{"@type":"WebSite","@id":"https:\/\/museoomero.it\/eo\/#website","url":"https:\/\/museoomero.it\/eo\/","name":"Museo Omero","description":"Museo Tattile Statale","publisher":{"@id":"https:\/\/museoomero.it\/eo\/#organization"},"potentialAction":[{"@type":"SearchAction","target":{"@type":"EntryPoint","urlTemplate":"https:\/\/museoomero.it\/eo\/?s={search_term_string}"},"query-input":{"@type":"PropertyValueSpecification","valueRequired":true,"valueName":"search_term_string"}}],"inLanguage":"eo-UY"},{"@type":"Organization","@id":"https:\/\/museoomero.it\/eo\/#organization","name":"Museo Omero","url":"https:\/\/museoomero.it\/eo\/","logo":{"@type":"ImageObject","inLanguage":"eo-UY","@id":"https:\/\/museoomero.it\/eo\/#\/schema\/logo\/image\/","url":"https:\/\/museoomero.it\/wp-content\/uploads\/2019\/12\/logo_museoomero_nomibact.png","contentUrl":"https:\/\/museoomero.it\/wp-content\/uploads\/2019\/12\/logo_museoomero_nomibact.png","width":400,"height":127,"caption":"Museo Omero"},"image":{"@id":"https:\/\/museoomero.it\/eo\/#\/schema\/logo\/image\/"}}]}},"jetpack_sharing_enabled":true,"_links":{"self":[{"href":"https:\/\/museoomero.it\/eo\/wp-json\/wp\/v2\/pages\/17310","targetHints":{"allow":["GET"]}}],"collection":[{"href":"https:\/\/museoomero.it\/eo\/wp-json\/wp\/v2\/pages"}],"about":[{"href":"https:\/\/museoomero.it\/eo\/wp-json\/wp\/v2\/types\/page"}],"author":[{"embeddable":true,"href":"https:\/\/museoomero.it\/eo\/wp-json\/wp\/v2\/users\/2"}],"replies":[{"embeddable":true,"href":"https:\/\/museoomero.it\/eo\/wp-json\/wp\/v2\/comments?post=17310"}],"version-history":[{"count":1,"href":"https:\/\/museoomero.it\/eo\/wp-json\/wp\/v2\/pages\/17310\/revisions"}],"predecessor-version":[{"id":17311,"href":"https:\/\/museoomero.it\/eo\/wp-json\/wp\/v2\/pages\/17310\/revisions\/17311"}],"wp:featuredmedia":[{"embeddable":true,"href":"https:\/\/museoomero.it\/eo\/wp-json\/wp\/v2\/media\/17314"}],"wp:attachment":[{"href":"https:\/\/museoomero.it\/eo\/wp-json\/wp\/v2\/media?parent=17310"}],"curies":[{"name":"wp","href":"https:\/\/api.w.org\/{rel}","templated":true}]}}