{"id":17411,"date":"2020-11-23T14:09:55","date_gmt":"2020-11-23T13:09:55","guid":{"rendered":"http:\/\/museoomero.it\/?page_id=17411"},"modified":"2022-06-20T11:09:05","modified_gmt":"2022-06-20T09:09:05","slug":"taskigoj","status":"publish","type":"page","link":"https:\/\/museoomero.it\/eo\/taskigoj\/","title":{"rendered":"Taskigoj"},"content":{"rendered":"\n<p><strong>Projektado kaj redaktado:<\/strong><br>Fako pri Komunikado de la \u015ctata Palpsenta Muzeo Homero<br>Monica Bernacchia<br>Damiano Boriani<br>Alessia Varricchio<\/p>\n\n\n\n<p><strong>Teknika prilaboro kaj enpa\u011digo:<\/strong><br>Roberto Scano<br>Fabrizio Caccavello<br>Marco Milesi, Mario Spada<br><strong>Testo per sintezilo<\/strong><br>Sauro Cesaretti<\/p>\n\n\n\n<p>\u0108iuj <strong>tekstoj <\/strong>kaj videoj zorge de la \u015ctata Palpsenta Muzeo Homero.<br><br><strong>Fotoj<\/strong>: Arkivo de la \u015ctata Palpsenta Muzeo Homero.<br>La fotoj de la verkoj estas de Maurizio Bolognini.<br>Ali-pa\u011daj fotoj estas de Luna Simoncini, Garage creativo, stabo de Muzeo Homero.<\/p>\n\n\n\n<p><strong>Angla traduko<\/strong>: Phyllis Ashburn.<br><strong>Esperanta traduko<\/strong>: Pier Luigi Da Costa.<\/p>\n","protected":false},"excerpt":{"rendered":"<p>Projektado kaj redaktado:Fako pri Komunikado de la \u015ctata Palpsenta Muzeo HomeroMonica BernacchiaDamiano BorianiAlessia Varricchio Teknika prilaboro kaj enpa\u011digo:Roberto ScanoFabrizio CaccavelloMarco Milesi, Mario SpadaTesto per sinteziloSauro Cesaretti \u0108iuj tekstoj kaj videoj zorge de la \u015ctata Palpsenta Muzeo Homero. Fotoj: Arkivo de la \u015ctata Palpsenta Muzeo Homero.La fotoj de la verkoj estas de Maurizio Bolognini.Ali-pa\u011daj fotoj estas [&#8230;] <span class=\"sr-only\"><a href=\"https:\/\/museoomero.it\/eo\/taskigoj\/\">Continua a leggere: Taskigoj<\/a><\/span><\/p>\n","protected":false},"author":2,"featured_media":0,"parent":0,"menu_order":197,"comment_status":"closed","ping_status":"closed","template":"","meta":{"_acf_changed":false,"footnotes":""},"class_list":["post-17411","page","type-page","status-publish","hentry"],"acf":[],"yoast_head":"<!-- This site is optimized with the Yoast SEO plugin v27.3 - https:\/\/yoast.com\/product\/yoast-seo-wordpress\/ -->\n<title>Taskigoj - Museo Omero<\/title>\n<meta name=\"robots\" content=\"index, follow, max-snippet:-1, max-image-preview:large, max-video-preview:-1\" \/>\n<link rel=\"canonical\" href=\"https:\/\/museoomero.it\/eo\/taskigoj\/\" \/>\n<meta property=\"og:locale\" content=\"eo_EO\" \/>\n<meta property=\"og:type\" content=\"article\" \/>\n<meta property=\"og:title\" content=\"Taskigoj - Museo Omero\" \/>\n<meta property=\"og:description\" content=\"Projektado kaj redaktado:Fako pri Komunikado de la \u015ctata Palpsenta Muzeo HomeroMonica BernacchiaDamiano BorianiAlessia Varricchio Teknika prilaboro kaj enpa\u011digo:Roberto ScanoFabrizio CaccavelloMarco Milesi, Mario SpadaTesto per sinteziloSauro Cesaretti \u0108iuj tekstoj kaj videoj zorge de la \u015ctata Palpsenta Muzeo Homero. Fotoj: Arkivo de la \u015ctata Palpsenta Muzeo Homero.La fotoj de la verkoj estas de Maurizio Bolognini.Ali-pa\u011daj fotoj estas [...] Continua a leggere: Taskigoj\" \/>\n<meta property=\"og:url\" content=\"https:\/\/museoomero.it\/eo\/taskigoj\/\" \/>\n<meta property=\"og:site_name\" content=\"Museo Omero\" \/>\n<meta property=\"article:modified_time\" content=\"2022-06-20T09:09:05+00:00\" \/>\n<meta name=\"twitter:card\" content=\"summary_large_image\" \/>\n<meta name=\"twitter:label1\" content=\"Est. reading time\" \/>\n\t<meta name=\"twitter:data1\" content=\"1 minute\" \/>\n<script type=\"application\/ld+json\" class=\"yoast-schema-graph\">{\"@context\":\"https:\\\/\\\/schema.org\",\"@graph\":[{\"@type\":\"WebPage\",\"@id\":\"https:\\\/\\\/museoomero.it\\\/eo\\\/taskigoj\\\/\",\"url\":\"https:\\\/\\\/museoomero.it\\\/eo\\\/taskigoj\\\/\",\"name\":\"Taskigoj - Museo Omero\",\"isPartOf\":{\"@id\":\"https:\\\/\\\/museoomero.it\\\/eo\\\/#website\"},\"datePublished\":\"2020-11-23T13:09:55+00:00\",\"dateModified\":\"2022-06-20T09:09:05+00:00\",\"inLanguage\":\"eo-UY\",\"potentialAction\":[{\"@type\":\"ReadAction\",\"target\":[\"https:\\\/\\\/museoomero.it\\\/eo\\\/taskigoj\\\/\"]}]},{\"@type\":\"WebSite\",\"@id\":\"https:\\\/\\\/museoomero.it\\\/eo\\\/#website\",\"url\":\"https:\\\/\\\/museoomero.it\\\/eo\\\/\",\"name\":\"Museo Omero\",\"description\":\"Museo Tattile Statale\",\"publisher\":{\"@id\":\"https:\\\/\\\/museoomero.it\\\/eo\\\/#organization\"},\"potentialAction\":[{\"@type\":\"SearchAction\",\"target\":{\"@type\":\"EntryPoint\",\"urlTemplate\":\"https:\\\/\\\/museoomero.it\\\/eo\\\/?s={search_term_string}\"},\"query-input\":{\"@type\":\"PropertyValueSpecification\",\"valueRequired\":true,\"valueName\":\"search_term_string\"}}],\"inLanguage\":\"eo-UY\"},{\"@type\":\"Organization\",\"@id\":\"https:\\\/\\\/museoomero.it\\\/eo\\\/#organization\",\"name\":\"Museo Omero\",\"url\":\"https:\\\/\\\/museoomero.it\\\/eo\\\/\",\"logo\":{\"@type\":\"ImageObject\",\"inLanguage\":\"eo-UY\",\"@id\":\"https:\\\/\\\/museoomero.it\\\/eo\\\/#\\\/schema\\\/logo\\\/image\\\/\",\"url\":\"https:\\\/\\\/museoomero.it\\\/wp-content\\\/uploads\\\/2019\\\/12\\\/logo_museoomero_nomibact.png\",\"contentUrl\":\"https:\\\/\\\/museoomero.it\\\/wp-content\\\/uploads\\\/2019\\\/12\\\/logo_museoomero_nomibact.png\",\"width\":400,\"height\":127,\"caption\":\"Museo Omero\"},\"image\":{\"@id\":\"https:\\\/\\\/museoomero.it\\\/eo\\\/#\\\/schema\\\/logo\\\/image\\\/\"}}]}<\/script>\n<!-- \/ Yoast SEO plugin. -->","yoast_head_json":{"title":"Taskigoj - Museo Omero","robots":{"index":"index","follow":"follow","max-snippet":"max-snippet:-1","max-image-preview":"max-image-preview:large","max-video-preview":"max-video-preview:-1"},"canonical":"https:\/\/museoomero.it\/eo\/taskigoj\/","og_locale":"eo_EO","og_type":"article","og_title":"Taskigoj - Museo Omero","og_description":"Projektado kaj redaktado:Fako pri Komunikado de la \u015ctata Palpsenta Muzeo HomeroMonica BernacchiaDamiano BorianiAlessia Varricchio Teknika prilaboro kaj enpa\u011digo:Roberto ScanoFabrizio CaccavelloMarco Milesi, Mario SpadaTesto per sinteziloSauro Cesaretti \u0108iuj tekstoj kaj videoj zorge de la \u015ctata Palpsenta Muzeo Homero. Fotoj: Arkivo de la \u015ctata Palpsenta Muzeo Homero.La fotoj de la verkoj estas de Maurizio Bolognini.Ali-pa\u011daj fotoj estas [...] Continua a leggere: Taskigoj","og_url":"https:\/\/museoomero.it\/eo\/taskigoj\/","og_site_name":"Museo Omero","article_modified_time":"2022-06-20T09:09:05+00:00","twitter_card":"summary_large_image","twitter_misc":{"Est. reading time":"1 minute"},"schema":{"@context":"https:\/\/schema.org","@graph":[{"@type":"WebPage","@id":"https:\/\/museoomero.it\/eo\/taskigoj\/","url":"https:\/\/museoomero.it\/eo\/taskigoj\/","name":"Taskigoj - Museo Omero","isPartOf":{"@id":"https:\/\/museoomero.it\/eo\/#website"},"datePublished":"2020-11-23T13:09:55+00:00","dateModified":"2022-06-20T09:09:05+00:00","inLanguage":"eo-UY","potentialAction":[{"@type":"ReadAction","target":["https:\/\/museoomero.it\/eo\/taskigoj\/"]}]},{"@type":"WebSite","@id":"https:\/\/museoomero.it\/eo\/#website","url":"https:\/\/museoomero.it\/eo\/","name":"Museo Omero","description":"Museo Tattile Statale","publisher":{"@id":"https:\/\/museoomero.it\/eo\/#organization"},"potentialAction":[{"@type":"SearchAction","target":{"@type":"EntryPoint","urlTemplate":"https:\/\/museoomero.it\/eo\/?s={search_term_string}"},"query-input":{"@type":"PropertyValueSpecification","valueRequired":true,"valueName":"search_term_string"}}],"inLanguage":"eo-UY"},{"@type":"Organization","@id":"https:\/\/museoomero.it\/eo\/#organization","name":"Museo Omero","url":"https:\/\/museoomero.it\/eo\/","logo":{"@type":"ImageObject","inLanguage":"eo-UY","@id":"https:\/\/museoomero.it\/eo\/#\/schema\/logo\/image\/","url":"https:\/\/museoomero.it\/wp-content\/uploads\/2019\/12\/logo_museoomero_nomibact.png","contentUrl":"https:\/\/museoomero.it\/wp-content\/uploads\/2019\/12\/logo_museoomero_nomibact.png","width":400,"height":127,"caption":"Museo Omero"},"image":{"@id":"https:\/\/museoomero.it\/eo\/#\/schema\/logo\/image\/"}}]}},"jetpack_sharing_enabled":true,"_links":{"self":[{"href":"https:\/\/museoomero.it\/eo\/wp-json\/wp\/v2\/pages\/17411","targetHints":{"allow":["GET"]}}],"collection":[{"href":"https:\/\/museoomero.it\/eo\/wp-json\/wp\/v2\/pages"}],"about":[{"href":"https:\/\/museoomero.it\/eo\/wp-json\/wp\/v2\/types\/page"}],"author":[{"embeddable":true,"href":"https:\/\/museoomero.it\/eo\/wp-json\/wp\/v2\/users\/2"}],"replies":[{"embeddable":true,"href":"https:\/\/museoomero.it\/eo\/wp-json\/wp\/v2\/comments?post=17411"}],"version-history":[{"count":2,"href":"https:\/\/museoomero.it\/eo\/wp-json\/wp\/v2\/pages\/17411\/revisions"}],"predecessor-version":[{"id":26226,"href":"https:\/\/museoomero.it\/eo\/wp-json\/wp\/v2\/pages\/17411\/revisions\/26226"}],"wp:attachment":[{"href":"https:\/\/museoomero.it\/eo\/wp-json\/wp\/v2\/media?parent=17411"}],"curies":[{"name":"wp","href":"https:\/\/api.w.org\/{rel}","templated":true}]}}