{"id":26922,"date":"2022-08-17T10:51:58","date_gmt":"2022-08-17T08:51:58","guid":{"rendered":"http:\/\/museoomero.it\/?page_id=26922"},"modified":"2025-09-04T16:59:27","modified_gmt":"2025-09-04T14:59:27","slug":"infanago","status":"publish","type":"page","link":"https:\/\/museoomero.it\/eo\/edukado\/lernejoj\/infanago\/","title":{"rendered":"Infana\u011do"},"content":{"rendered":"\n<p>La proponoj dedi\u0109itaj al infan\u011dardeno estas <strong>tri<\/strong>. \u0108iuj inkluzivas la sperton de <strong>argila modelado <\/strong>por krei personajn objektojn. Ili estos bakitaj kaj vi povos repreni ilin en la sekvaj tagoj.<br>Vi trovos informojn pri kostoj kaj rezervado \u0109e la fino de la pa\u011do.<\/p>\n\n\n\n<h2 class=\"wp-block-heading\">La objektoj rakontas rakontojn<\/h2>\n\n\n\n<p>La sensa voja\u011do tra la Kolekto Dezajno gvidos la klason por malkovri, kiel objektoj, kvankam senmovaj kaj silentaj, estas fakte &#8220;viva&#8221; materio esplorinda kaj posedas propran vo\u0109on, kapablon rakonti fascinajn historiojn.<\/p>\n\n\n\n<p>En la laboratorio ni vidos, kiel objektoj lasas memoron pri sia paso kaj \u0109eesto, kreante kompona\u0135on de objekta\u0135oj sur argilaj platoj. La objektoj estos kuiritaj kaj povos esti reprenitaj en la sekvaj tagoj post la vizito.<\/p>\n\n\n\n<p><strong>Niaj celoj<\/strong>:<\/p>\n\n\n\n<ul class=\"wp-block-list\">\n<li>alproksimigi al dezajno;<\/li>\n\n\n\n<li>disvolvi kaj plibonigi la sentojn de tu\u015do, vidado kaj a\u016ddado;<\/li>\n\n\n\n<li>stimuli kreeman lernadon;<\/li>\n\n\n\n<li>plibonigi percepto-kaj komunikadprocezojn;<\/li>\n\n\n\n<li>plibonigi okulmanan kunordigon;<\/li>\n\n\n\n<li>subteni la esprimadon de emocioj per manipulado.<\/li>\n<\/ul>\n\n\n\n<p><strong>Da\u016dro<\/strong>: 2 horoj.<\/p>\n\n\n\n<h2 class=\"wp-block-heading\">Imaga bestaro<\/h2>\n\n\n\n<p>La sensa sperto fokusi\u011das sur skulpta\u0135oj kiuj prezentas la bestan mondon.<br>Ni kune malkovros kun la klaso la tu\u015dajn kvalitojn de la skulpta\u0135oj kaj la karakteriza\u0135ojn de iliaj formoj.<\/p>\n\n\n\n<p>En la laboratorio \u0109iu infano havos la \u015dancon esprimi sian kreemon kaj manajn kapablojn per la modelado de sia plej \u015datata besto el kruda argilo. La objektoj estos kuiritaj kaj povos esti reprenitaj en la sekvaj tagoj post la vizito.<\/p>\n\n\n\n<p><strong>Niaj celoj<\/strong>:<\/p>\n\n\n\n<ul class=\"wp-block-list\">\n<li>alproksimigi al arto;<\/li>\n\n\n\n<li>eduki al mirinda\u0135o;<\/li>\n\n\n\n<li>disvolvi kaj plibonigi la senton de tu\u015do;<\/li>\n\n\n\n<li>stimuli percepto-kaj komunikadprocezojn;<\/li>\n\n\n\n<li>plibonigi okulmanan kunordigon;<\/li>\n\n\n\n<li>subteni la esprimadon de emocioj per manipulado.<\/li>\n<\/ul>\n\n\n\n<p><strong>Da\u016dro<\/strong>: 2 horoj.<\/p>\n\n\n\n<h2 class=\"wp-block-heading\">Faras ni portreton?<\/h2>\n\n\n\n<p>La eduka agado komenci\u011das per fundamenta demando: kio estas portreto?<br>Por reprezenti nin, ni devas kompreni kiel ni aspektas. Kiel fari tion? Observante nin kaj tu\u015dante nian viza\u011don, malkovrante la pozicion de la okuloj, nazo kaj bu\u015do.<br>Promenado inter la skulpta\u0135oj de la Muzeo permesos al ni rekoni aliajn viza\u011dojn kaj emociojn kaj esplori la karakteriza\u0135ojn de portretoj.<\/p>\n\n\n\n<p>En la laboratorio \u0109iu infano modeligos portreton el argilo, uzante anka\u016d diversajn objektojn por lasi spurojn kaj ri\u0109igi la viza\u011dojn. La objektoj estos kuiritaj kaj povos esti reprenitaj en la sekvaj tagoj post la vizito.<\/p>\n\n\n\n<p><strong>Niaj celoj:<\/strong><\/p>\n\n\n\n<ul class=\"wp-block-list\">\n<li>alproksimigi al arto;<\/li>\n\n\n\n<li>eduki al mirinda\u0135o kaj beleco;<\/li>\n\n\n\n<li>plibonigi la tu\u015dan percepton;<\/li>\n\n\n\n<li>esplori la lingvon kaj gramatikon de la viza\u011do;<\/li>\n\n\n\n<li>plibonigi okulmanan kunordigon;<\/li>\n\n\n\n<li>sperti kaj konati\u011di kun argilaj modelaj teknikoj.<\/li>\n<\/ul>\n\n\n\n<p><strong>Da\u016dro<\/strong>: 2 horoj.<\/p>\n\n\n\n<h2 class=\"wp-block-heading\">Kosto<\/h2>\n\n\n\n<p>Klasa grupo: <strong>90 euro <\/strong>por \u0109iu laborejo.<br>Vi povas pagi per: kontanta mono, banka transdono, debeto a\u016d kreditkarto, elektronika fakturado.<\/p>\n\n\n\n<h2 class=\"wp-block-heading\">Nepra rezervado<\/h2>\n\n\n\n<p>Skribu a\u016d telefonu al la numero (anka\u016d WhatsApp) <strong>+39 335 569 69 85<\/strong>.<br>Ni respondas de lundo \u011dis vendredo, inter la 9:00 kaj la 13:00.<br>Vi povas anka\u016d sendi retmesa\u011don al <a href=\"mailto:prenotazioni@museoomero.it\">prenotazioni@museoomero.it<\/a>.<br>Bonvolu kontakti nin almena\u016d 15 tagojn anta\u016d la dezirata dato de la agado por kontroli haveblecon.<\/p>\n\n\n\n<h3 class=\"wp-block-heading\">Nuligo<\/h3>\n\n\n\n<p>Por nuligi rezervadon, sufi\u0109as sciigi nin telefone, per WhatsApp a\u016d retpo\u015dte al <a href=\"mailto:prenotazioni@museoomero.it\">prenotazioni@museoomero.it<\/a>.<br>Repago ne estas anta\u016dvidita.<br>Se la lernejo ne \u0109eestas je la fiksita dato, eblos interkonsenti alian daton.<br>Se la muzeo ne kapablas garantii la elektitan agadon pro neatendita okazo, la lernejo estos tuj kontaktita por anstata\u016digi \u011din per alia agado.<\/p>\n","protected":false},"excerpt":{"rendered":"<p>La proponoj dedi\u0109itaj al infan\u011dardeno estas tri. \u0108iuj inkluzivas la sperton de argila modelado por krei personajn objektojn. Ili estos bakitaj kaj vi povos repreni ilin en la sekvaj tagoj.Vi trovos informojn pri kostoj kaj rezervado \u0109e la fino de la pa\u011do. La objektoj rakontas rakontojn La sensa voja\u011do tra la Kolekto Dezajno gvidos la [&#8230;] <span class=\"sr-only\"><a href=\"https:\/\/museoomero.it\/eo\/edukado\/lernejoj\/infanago\/\">Continua a leggere: Infana\u011do<\/a><\/span><\/p>\n","protected":false},"author":6,"featured_media":31096,"parent":14507,"menu_order":101,"comment_status":"closed","ping_status":"closed","template":"","meta":{"_acf_changed":false,"footnotes":""},"class_list":["post-26922","page","type-page","status-publish","has-post-thumbnail","hentry"],"acf":[],"yoast_head":"<!-- This site is optimized with the Yoast SEO plugin v27.3 - https:\/\/yoast.com\/product\/yoast-seo-wordpress\/ -->\n<title>Infana\u011do - Museo Omero<\/title>\n<meta name=\"description\" content=\"La proponoj dedi\u0109itaj al infan\u011dardeno estas tri. \u0108iuj inkluzivas la sperton de argila modelado por krei personajn objektojn.\" \/>\n<meta name=\"robots\" content=\"index, follow, max-snippet:-1, max-image-preview:large, max-video-preview:-1\" \/>\n<link rel=\"canonical\" href=\"https:\/\/museoomero.it\/eo\/edukado\/lernejoj\/infanago\/\" \/>\n<meta property=\"og:locale\" content=\"eo_EO\" \/>\n<meta property=\"og:type\" content=\"article\" \/>\n<meta property=\"og:title\" content=\"Infana\u011do - Museo Omero\" \/>\n<meta property=\"og:description\" content=\"La proponoj dedi\u0109itaj al infan\u011dardeno estas tri. \u0108iuj inkluzivas la sperton de argila modelado por krei personajn objektojn.\" \/>\n<meta property=\"og:url\" content=\"https:\/\/museoomero.it\/eo\/edukado\/lernejoj\/infanago\/\" \/>\n<meta property=\"og:site_name\" content=\"Museo Omero\" \/>\n<meta property=\"article:modified_time\" content=\"2025-09-04T14:59:27+00:00\" \/>\n<meta property=\"og:image\" content=\"https:\/\/museoomero.it\/wp-content\/uploads\/2023\/09\/museo-omero-educazione-scuola-infanzia.jpg\" \/>\n\t<meta property=\"og:image:width\" content=\"1536\" \/>\n\t<meta property=\"og:image:height\" content=\"1027\" \/>\n\t<meta property=\"og:image:type\" content=\"image\/jpeg\" \/>\n<meta name=\"twitter:card\" content=\"summary_large_image\" \/>\n<meta name=\"twitter:label1\" content=\"Est. reading time\" \/>\n\t<meta name=\"twitter:data1\" content=\"3 minutes\" \/>\n<script type=\"application\/ld+json\" class=\"yoast-schema-graph\">{\"@context\":\"https:\\\/\\\/schema.org\",\"@graph\":[{\"@type\":\"WebPage\",\"@id\":\"https:\\\/\\\/museoomero.it\\\/eo\\\/edukado\\\/lernejoj\\\/infanago\\\/\",\"url\":\"https:\\\/\\\/museoomero.it\\\/eo\\\/edukado\\\/lernejoj\\\/infanago\\\/\",\"name\":\"Infana\u011do - Museo Omero\",\"isPartOf\":{\"@id\":\"https:\\\/\\\/museoomero.it\\\/eo\\\/#website\"},\"primaryImageOfPage\":{\"@id\":\"https:\\\/\\\/museoomero.it\\\/eo\\\/edukado\\\/lernejoj\\\/infanago\\\/#primaryimage\"},\"image\":{\"@id\":\"https:\\\/\\\/museoomero.it\\\/eo\\\/edukado\\\/lernejoj\\\/infanago\\\/#primaryimage\"},\"thumbnailUrl\":\"https:\\\/\\\/museoomero.it\\\/wp-content\\\/uploads\\\/2023\\\/09\\\/museo-omero-educazione-scuola-infanzia.jpg\",\"datePublished\":\"2022-08-17T08:51:58+00:00\",\"dateModified\":\"2025-09-04T14:59:27+00:00\",\"description\":\"La proponoj dedi\u0109itaj al infan\u011dardeno estas tri. \u0108iuj inkluzivas la sperton de argila modelado por krei personajn objektojn.\",\"breadcrumb\":{\"@id\":\"https:\\\/\\\/museoomero.it\\\/eo\\\/edukado\\\/lernejoj\\\/infanago\\\/#breadcrumb\"},\"inLanguage\":\"eo-UY\",\"potentialAction\":[{\"@type\":\"ReadAction\",\"target\":[\"https:\\\/\\\/museoomero.it\\\/eo\\\/edukado\\\/lernejoj\\\/infanago\\\/\"]}]},{\"@type\":\"ImageObject\",\"inLanguage\":\"eo-UY\",\"@id\":\"https:\\\/\\\/museoomero.it\\\/eo\\\/edukado\\\/lernejoj\\\/infanago\\\/#primaryimage\",\"url\":\"https:\\\/\\\/museoomero.it\\\/wp-content\\\/uploads\\\/2023\\\/09\\\/museo-omero-educazione-scuola-infanzia.jpg\",\"contentUrl\":\"https:\\\/\\\/museoomero.it\\\/wp-content\\\/uploads\\\/2023\\\/09\\\/museo-omero-educazione-scuola-infanzia.jpg\",\"width\":1536,\"height\":1027,\"caption\":\"En la anta\u016dplano estas ses lignaj '16 bestoj' de Enzo Mari. En la fono estas miniaturo de la Gufram sofo 'Bocca'.\"},{\"@type\":\"BreadcrumbList\",\"@id\":\"https:\\\/\\\/museoomero.it\\\/eo\\\/edukado\\\/lernejoj\\\/infanago\\\/#breadcrumb\",\"itemListElement\":[{\"@type\":\"ListItem\",\"position\":1,\"name\":\"Edukado\",\"item\":\"https:\\\/\\\/museoomero.it\\\/eo\\\/edukado\\\/\"},{\"@type\":\"ListItem\",\"position\":2,\"name\":\"Lernejoj\",\"item\":\"https:\\\/\\\/museoomero.it\\\/eo\\\/edukado\\\/lernejoj\\\/\"},{\"@type\":\"ListItem\",\"position\":3,\"name\":\"Infana\u011do\"}]},{\"@type\":\"WebSite\",\"@id\":\"https:\\\/\\\/museoomero.it\\\/eo\\\/#website\",\"url\":\"https:\\\/\\\/museoomero.it\\\/eo\\\/\",\"name\":\"Museo Omero\",\"description\":\"Museo Tattile Statale\",\"publisher\":{\"@id\":\"https:\\\/\\\/museoomero.it\\\/eo\\\/#organization\"},\"potentialAction\":[{\"@type\":\"SearchAction\",\"target\":{\"@type\":\"EntryPoint\",\"urlTemplate\":\"https:\\\/\\\/museoomero.it\\\/eo\\\/?s={search_term_string}\"},\"query-input\":{\"@type\":\"PropertyValueSpecification\",\"valueRequired\":true,\"valueName\":\"search_term_string\"}}],\"inLanguage\":\"eo-UY\"},{\"@type\":\"Organization\",\"@id\":\"https:\\\/\\\/museoomero.it\\\/eo\\\/#organization\",\"name\":\"Museo Omero\",\"url\":\"https:\\\/\\\/museoomero.it\\\/eo\\\/\",\"logo\":{\"@type\":\"ImageObject\",\"inLanguage\":\"eo-UY\",\"@id\":\"https:\\\/\\\/museoomero.it\\\/eo\\\/#\\\/schema\\\/logo\\\/image\\\/\",\"url\":\"https:\\\/\\\/museoomero.it\\\/wp-content\\\/uploads\\\/2019\\\/12\\\/logo_museoomero_nomibact.png\",\"contentUrl\":\"https:\\\/\\\/museoomero.it\\\/wp-content\\\/uploads\\\/2019\\\/12\\\/logo_museoomero_nomibact.png\",\"width\":400,\"height\":127,\"caption\":\"Museo Omero\"},\"image\":{\"@id\":\"https:\\\/\\\/museoomero.it\\\/eo\\\/#\\\/schema\\\/logo\\\/image\\\/\"}}]}<\/script>\n<!-- \/ Yoast SEO plugin. -->","yoast_head_json":{"title":"Infana\u011do - Museo Omero","description":"La proponoj dedi\u0109itaj al infan\u011dardeno estas tri. \u0108iuj inkluzivas la sperton de argila modelado por krei personajn objektojn.","robots":{"index":"index","follow":"follow","max-snippet":"max-snippet:-1","max-image-preview":"max-image-preview:large","max-video-preview":"max-video-preview:-1"},"canonical":"https:\/\/museoomero.it\/eo\/edukado\/lernejoj\/infanago\/","og_locale":"eo_EO","og_type":"article","og_title":"Infana\u011do - Museo Omero","og_description":"La proponoj dedi\u0109itaj al infan\u011dardeno estas tri. \u0108iuj inkluzivas la sperton de argila modelado por krei personajn objektojn.","og_url":"https:\/\/museoomero.it\/eo\/edukado\/lernejoj\/infanago\/","og_site_name":"Museo Omero","article_modified_time":"2025-09-04T14:59:27+00:00","og_image":[{"width":1536,"height":1027,"url":"https:\/\/museoomero.it\/wp-content\/uploads\/2023\/09\/museo-omero-educazione-scuola-infanzia.jpg","type":"image\/jpeg"}],"twitter_card":"summary_large_image","twitter_misc":{"Est. reading time":"3 minutes"},"schema":{"@context":"https:\/\/schema.org","@graph":[{"@type":"WebPage","@id":"https:\/\/museoomero.it\/eo\/edukado\/lernejoj\/infanago\/","url":"https:\/\/museoomero.it\/eo\/edukado\/lernejoj\/infanago\/","name":"Infana\u011do - Museo Omero","isPartOf":{"@id":"https:\/\/museoomero.it\/eo\/#website"},"primaryImageOfPage":{"@id":"https:\/\/museoomero.it\/eo\/edukado\/lernejoj\/infanago\/#primaryimage"},"image":{"@id":"https:\/\/museoomero.it\/eo\/edukado\/lernejoj\/infanago\/#primaryimage"},"thumbnailUrl":"https:\/\/museoomero.it\/wp-content\/uploads\/2023\/09\/museo-omero-educazione-scuola-infanzia.jpg","datePublished":"2022-08-17T08:51:58+00:00","dateModified":"2025-09-04T14:59:27+00:00","description":"La proponoj dedi\u0109itaj al infan\u011dardeno estas tri. \u0108iuj inkluzivas la sperton de argila modelado por krei personajn objektojn.","breadcrumb":{"@id":"https:\/\/museoomero.it\/eo\/edukado\/lernejoj\/infanago\/#breadcrumb"},"inLanguage":"eo-UY","potentialAction":[{"@type":"ReadAction","target":["https:\/\/museoomero.it\/eo\/edukado\/lernejoj\/infanago\/"]}]},{"@type":"ImageObject","inLanguage":"eo-UY","@id":"https:\/\/museoomero.it\/eo\/edukado\/lernejoj\/infanago\/#primaryimage","url":"https:\/\/museoomero.it\/wp-content\/uploads\/2023\/09\/museo-omero-educazione-scuola-infanzia.jpg","contentUrl":"https:\/\/museoomero.it\/wp-content\/uploads\/2023\/09\/museo-omero-educazione-scuola-infanzia.jpg","width":1536,"height":1027,"caption":"En la anta\u016dplano estas ses lignaj '16 bestoj' de Enzo Mari. En la fono estas miniaturo de la Gufram sofo 'Bocca'."},{"@type":"BreadcrumbList","@id":"https:\/\/museoomero.it\/eo\/edukado\/lernejoj\/infanago\/#breadcrumb","itemListElement":[{"@type":"ListItem","position":1,"name":"Edukado","item":"https:\/\/museoomero.it\/eo\/edukado\/"},{"@type":"ListItem","position":2,"name":"Lernejoj","item":"https:\/\/museoomero.it\/eo\/edukado\/lernejoj\/"},{"@type":"ListItem","position":3,"name":"Infana\u011do"}]},{"@type":"WebSite","@id":"https:\/\/museoomero.it\/eo\/#website","url":"https:\/\/museoomero.it\/eo\/","name":"Museo Omero","description":"Museo Tattile Statale","publisher":{"@id":"https:\/\/museoomero.it\/eo\/#organization"},"potentialAction":[{"@type":"SearchAction","target":{"@type":"EntryPoint","urlTemplate":"https:\/\/museoomero.it\/eo\/?s={search_term_string}"},"query-input":{"@type":"PropertyValueSpecification","valueRequired":true,"valueName":"search_term_string"}}],"inLanguage":"eo-UY"},{"@type":"Organization","@id":"https:\/\/museoomero.it\/eo\/#organization","name":"Museo Omero","url":"https:\/\/museoomero.it\/eo\/","logo":{"@type":"ImageObject","inLanguage":"eo-UY","@id":"https:\/\/museoomero.it\/eo\/#\/schema\/logo\/image\/","url":"https:\/\/museoomero.it\/wp-content\/uploads\/2019\/12\/logo_museoomero_nomibact.png","contentUrl":"https:\/\/museoomero.it\/wp-content\/uploads\/2019\/12\/logo_museoomero_nomibact.png","width":400,"height":127,"caption":"Museo Omero"},"image":{"@id":"https:\/\/museoomero.it\/eo\/#\/schema\/logo\/image\/"}}]}},"jetpack_sharing_enabled":true,"_links":{"self":[{"href":"https:\/\/museoomero.it\/eo\/wp-json\/wp\/v2\/pages\/26922","targetHints":{"allow":["GET"]}}],"collection":[{"href":"https:\/\/museoomero.it\/eo\/wp-json\/wp\/v2\/pages"}],"about":[{"href":"https:\/\/museoomero.it\/eo\/wp-json\/wp\/v2\/types\/page"}],"author":[{"embeddable":true,"href":"https:\/\/museoomero.it\/eo\/wp-json\/wp\/v2\/users\/6"}],"replies":[{"embeddable":true,"href":"https:\/\/museoomero.it\/eo\/wp-json\/wp\/v2\/comments?post=26922"}],"version-history":[{"count":8,"href":"https:\/\/museoomero.it\/eo\/wp-json\/wp\/v2\/pages\/26922\/revisions"}],"predecessor-version":[{"id":38621,"href":"https:\/\/museoomero.it\/eo\/wp-json\/wp\/v2\/pages\/26922\/revisions\/38621"}],"up":[{"embeddable":true,"href":"https:\/\/museoomero.it\/eo\/wp-json\/wp\/v2\/pages\/14507"}],"wp:featuredmedia":[{"embeddable":true,"href":"https:\/\/museoomero.it\/eo\/wp-json\/wp\/v2\/media\/31096"}],"wp:attachment":[{"href":"https:\/\/museoomero.it\/eo\/wp-json\/wp\/v2\/media?parent=26922"}],"curies":[{"name":"wp","href":"https:\/\/api.w.org\/{rel}","templated":true}]}}