{"id":26925,"date":"2022-08-17T10:55:57","date_gmt":"2022-08-17T08:55:57","guid":{"rendered":"http:\/\/museoomero.it\/?page_id=26925"},"modified":"2025-09-04T17:24:42","modified_gmt":"2025-09-04T15:24:42","slug":"unuagrada-lernejo","status":"publish","type":"page","link":"https:\/\/museoomero.it\/eo\/edukado\/lernejoj\/unuagrada-lernejo\/","title":{"rendered":"Unuagrada lernejo"},"content":{"rendered":"\n<p>La edukaj proponoj por la bazlernejo estas <strong>kvar<\/strong>, kaj \u0109iuj anta\u016dvidas kaj viziton al la salonoj kaj laborejan agadon. Vi trovos informojn pri kostoj kaj rezervado \u0109e la fino de la pa\u011do.<\/p>\n\n\n\n<h2 class=\"wp-block-heading\">La fabriko de maloftaj objektoj<\/h2>\n\n\n\n<p>Edukvoja\u011do por esplori la mondon de objektoj, komencante de kelkaj demandoj: kio estas dezajno? Kiu estas la desegnisto? Kiel oni kreas objekton? Kiel unika objekto fari\u011das serio kaj eniras niajn hejmojn?<br>Ni malkovros kune, ke \u0109io komenci\u011das de ideo, kiu transformi\u011das en desegnon, projekton, kaj poste en objekton.<\/p>\n\n\n\n<p>En la laboratorio, la klaso, kiel en metiejo, fabrikos objektojn uzante likvan argilon kaj gipso\u015dimojn por krei serion de similaj sed unikaj objektoj.<br>La objektoj estos kuiritaj kaj povos esti reprenitaj la tagojn post la vizito.<\/p>\n\n\n\n<p><strong>Niaj celoj<\/strong>:<\/p>\n\n\n\n<ul class=\"wp-block-list\">\n<li>alproksimigi al dezajno;<\/li>\n\n\n\n<li>disvolvi kreeman pensadon;<\/li>\n\n\n\n<li>plibonigi tu\u015dpercepton kaj observadon;<\/li>\n\n\n\n<li>sperti la uzadon de likva argilo.<\/li>\n<\/ul>\n\n\n\n<p><strong>Da\u016dro<\/strong>: 2 horoj.<\/p>\n\n\n\n<h2 class=\"wp-block-heading\">Palplibroj<\/h2>\n\n\n\n<p>Tra la muzeaj salonoj, la partoprenantoj povos tu\u015di la skulpta\u0135ojn kaj a\u016dskulti la legadon de la novaj tu\u015dlibroj de la muzeo, desegnitaj por stimuli imagon kaj inkluzivon per rakontoj por a\u016dskulti, vidi kaj tu\u015di! La klaso tiel malkovros kiel oni realigas tu\u015dlibron kaj kiel funkcias la brajla kodo.<\/p>\n\n\n\n<p>En la laborejo, \u0109iu infano kreos sian unuan tu\u015dlibron, uzante nur tondilojn, gluon kaj multajn materialojn por manipuli. Praktika kaj kreema agado por doni formon al emocioj kaj rakontoj per tu\u015do.<\/p>\n\n\n\n<p><strong>Niaj celoj:<\/strong><\/p>\n\n\n\n<ul class=\"wp-block-list\">\n<li>eduki pri arto;<\/li>\n\n\n\n<li>eduki pri rakontado kaj a\u016dskultado;<\/li>\n\n\n\n<li>plibonigi la senton de tu\u015do;<\/li>\n\n\n\n<li>krei persone kaj a\u016dtente por esprimi sentojn kaj emociojn;<\/li>\n\n\n\n<li>transformi bildojn kaj materialojn por ser\u0109i originalajn figursolvojn.<\/li>\n<\/ul>\n\n\n\n<p><strong>Da\u016dro<\/strong>: 2 horoj.<\/p>\n\n\n\n<h2 class=\"wp-block-heading\">Palpsentaj portretoj<\/h2>\n\n\n\n<p>Takta vizito pri portretoj: ekde tiu de Homero \u011dis la \u201cKoloniaj Manekenoj\u201d de Giorgio De Chirico.<br>La klaso povos esplori per la manoj la viza\u011dojn, okulojn, nazojn kaj bu\u015dojn de diversaj portretoj por malkovri kiel ili estas kreitaj kaj kiujn emociojn ili esprimas.<\/p>\n\n\n\n<p>En la laboratorio \u0109iu infano modeligos portreton, ekde argila plato, uzante anka\u016d diversajn objektojn por lasi spurojn kaj ri\u0109igi la viza\u011dojn. Tio estos \u015danco por rakonti sian propran viza\u011don a\u016d tiun de alia persono pere de tu\u015do.<br>La objektoj estos kuiritaj kaj povos esti reprenitaj la tagojn post la vizito.<\/p>\n\n\n\n<p><strong>Niaj celoj:<\/strong><\/p>\n\n\n\n<ul class=\"wp-block-list\">\n<li>alproksimigi al arto;<\/li>\n\n\n\n<li>eduki pri mirinda\u0135o kaj beleco;<\/li>\n\n\n\n<li>plibonigi la percepton de tu\u015do;<\/li>\n\n\n\n<li>esplori la lingvon kaj gramatikon de la viza\u011do;<\/li>\n\n\n\n<li>sperti kaj konati\u011di kun argilaj modelaj teknikoj;<\/li>\n\n\n\n<li>subteni la esprimadon de emocioj per manipulado.<\/li>\n<\/ul>\n\n\n\n<p><strong>Da\u016dro<\/strong>: 2 horoj.<\/p>\n\n\n\n<h2 class=\"wp-block-heading\">La nevidebla kodo de Louis Braille<\/h2>\n\n\n\n<p>Dum la agado, la infanoj malkovros la historion de Louis, la blinda knabo kiu inventis la brajlan alfabeton kaj por \u0109iam \u015dan\u011dis la manieron la\u016d kiu blinduloj legas kaj skribas. Dum la vizito, ili estos gvidataj en la tu\u015da esploro de la kolekto kaj havos la eblecon konati\u011di kun arta\u0135o dum blindumite: inkluziva sperto pri arto, kiu valorigas la tu\u015don kaj la imagon.<\/p>\n\n\n\n<p>En la laborejo la klaso spertos la brajlan kodon, lernante de\u0109ifri \u011din kaj skribi per tabuleto kaj stilo, en luda kaj eduka kunteksto.<\/p>\n\n\n\n<p><strong>Niaj celoj<\/strong>:<\/p>\n\n\n\n<ul class=\"wp-block-list\">\n<li>proksimigi infanojn al arto en inkluziva maniero;<\/li>\n\n\n\n<li>stimuli pripenson pri la valoro de tu\u015da percepto;<\/li>\n\n\n\n<li>enkonduki la brajlan sistemon kiel formon de alirebla komunikado;<\/li>\n\n\n\n<li>proponi praktikan sperton de brajla skribo.<\/li>\n<\/ul>\n\n\n\n<p><strong>Da\u016dro<\/strong>: 2 horoj.<\/p>\n\n\n\n<h2 class=\"wp-block-heading\">Kosto<\/h2>\n\n\n\n<p>Klasa grupo: <strong>90 euro <\/strong>por \u0109iu laborejo.<br>Vi povas pagi per: kontanta mono, banka transdono, debeto a\u016d kreditkarto, elektronika fakturado.<\/p>\n\n\n\n<h2 class=\"wp-block-heading\">Nepra rezervado<\/h2>\n\n\n\n<p>Skribu a\u016d telefonu al la numero (anka\u016d WhatsApp) <strong>+39 335 569 69 85<\/strong>.<br>Ni respondas de lundo \u011dis vendredo, inter la 9:00 kaj la 13:00.<br>Vi povas anka\u016d sendi retmesa\u011don al <a href=\"mailto:prenotazioni@museoomero.it\">prenotazioni@museoomero.it<\/a>.<br>Bonvolu kontakti nin almena\u016d 15 tagojn anta\u016d la dezirata dato de la agado por kontroli haveblecon.<\/p>\n\n\n\n<h3 class=\"wp-block-heading\">Nuligo<\/h3>\n\n\n\n<p>Por nuligi rezervadon, sufi\u0109as sciigi nin telefone, per WhatsApp a\u016d retpo\u015dte al <a href=\"mailto:prenotazioni@museoomero.it\">prenotazioni@museoomero.it<\/a>.<br>Repago ne estas anta\u016dvidita.<br>Se la lernejo ne \u0109eestas je la fiksita dato, eblos interkonsenti alian daton.<br>Se la muzeo ne kapablas garantii la elektitan agadon pro neatendita okazo, la lernejo estos tuj kontaktita por anstata\u016digi \u011din per alia agado.<\/p>\n","protected":false},"excerpt":{"rendered":"<p>La edukaj proponoj por la bazlernejo estas kvar, kaj \u0109iuj anta\u016dvidas kaj viziton al la salonoj kaj laborejan agadon. Vi trovos informojn pri kostoj kaj rezervado \u0109e la fino de la pa\u011do. La fabriko de maloftaj objektoj Edukvoja\u011do por esplori la mondon de objektoj, komencante de kelkaj demandoj: kio estas dezajno? Kiu estas la desegnisto? [&#8230;] <span class=\"sr-only\"><a href=\"https:\/\/museoomero.it\/eo\/edukado\/lernejoj\/unuagrada-lernejo\/\">Continua a leggere: Unuagrada lernejo<\/a><\/span><\/p>\n","protected":false},"author":6,"featured_media":31102,"parent":14507,"menu_order":110,"comment_status":"closed","ping_status":"closed","template":"","meta":{"_acf_changed":false,"footnotes":""},"class_list":["post-26925","page","type-page","status-publish","has-post-thumbnail","hentry"],"acf":[],"yoast_head":"<!-- This site is optimized with the Yoast SEO plugin v27.3 - https:\/\/yoast.com\/product\/yoast-seo-wordpress\/ -->\n<title>Unuagrada lernejo - Museo Omero<\/title>\n<meta name=\"description\" content=\"La edukaj proponoj por la bazlernejo estas kvar, kaj \u0109iuj anta\u016dvidas kaj viziton al la salonoj kaj laborejan agadon.\" \/>\n<meta name=\"robots\" content=\"index, follow, max-snippet:-1, max-image-preview:large, max-video-preview:-1\" \/>\n<link rel=\"canonical\" href=\"https:\/\/museoomero.it\/eo\/edukado\/lernejoj\/unuagrada-lernejo\/\" \/>\n<meta property=\"og:locale\" content=\"eo_EO\" \/>\n<meta property=\"og:type\" content=\"article\" \/>\n<meta property=\"og:title\" content=\"Unuagrada lernejo - Museo Omero\" \/>\n<meta property=\"og:description\" content=\"La edukaj proponoj por la bazlernejo estas kvar, kaj \u0109iuj anta\u016dvidas kaj viziton al la salonoj kaj laborejan agadon.\" \/>\n<meta property=\"og:url\" content=\"https:\/\/museoomero.it\/eo\/edukado\/lernejoj\/unuagrada-lernejo\/\" \/>\n<meta property=\"og:site_name\" content=\"Museo Omero\" \/>\n<meta property=\"article:modified_time\" content=\"2025-09-04T15:24:42+00:00\" \/>\n<meta property=\"og:image\" content=\"https:\/\/museoomero.it\/wp-content\/uploads\/2023\/09\/museo-omero-educazione-ritratto-scuola-primaria.jpg\" \/>\n\t<meta property=\"og:image:width\" content=\"1536\" \/>\n\t<meta property=\"og:image:height\" content=\"1027\" \/>\n\t<meta property=\"og:image:type\" content=\"image\/jpeg\" \/>\n<meta name=\"twitter:card\" content=\"summary_large_image\" \/>\n<meta name=\"twitter:label1\" content=\"Est. reading time\" \/>\n\t<meta name=\"twitter:data1\" content=\"4 minutes\" \/>\n<script type=\"application\/ld+json\" class=\"yoast-schema-graph\">{\"@context\":\"https:\\\/\\\/schema.org\",\"@graph\":[{\"@type\":\"WebPage\",\"@id\":\"https:\\\/\\\/museoomero.it\\\/eo\\\/edukado\\\/lernejoj\\\/unuagrada-lernejo\\\/\",\"url\":\"https:\\\/\\\/museoomero.it\\\/eo\\\/edukado\\\/lernejoj\\\/unuagrada-lernejo\\\/\",\"name\":\"Unuagrada lernejo - Museo Omero\",\"isPartOf\":{\"@id\":\"https:\\\/\\\/museoomero.it\\\/eo\\\/#website\"},\"primaryImageOfPage\":{\"@id\":\"https:\\\/\\\/museoomero.it\\\/eo\\\/edukado\\\/lernejoj\\\/unuagrada-lernejo\\\/#primaryimage\"},\"image\":{\"@id\":\"https:\\\/\\\/museoomero.it\\\/eo\\\/edukado\\\/lernejoj\\\/unuagrada-lernejo\\\/#primaryimage\"},\"thumbnailUrl\":\"https:\\\/\\\/museoomero.it\\\/wp-content\\\/uploads\\\/2023\\\/09\\\/museo-omero-educazione-ritratto-scuola-primaria.jpg\",\"datePublished\":\"2022-08-17T08:55:57+00:00\",\"dateModified\":\"2025-09-04T15:24:42+00:00\",\"description\":\"La edukaj proponoj por la bazlernejo estas kvar, kaj \u0109iuj anta\u016dvidas kaj viziton al la salonoj kaj laborejan agadon.\",\"breadcrumb\":{\"@id\":\"https:\\\/\\\/museoomero.it\\\/eo\\\/edukado\\\/lernejoj\\\/unuagrada-lernejo\\\/#breadcrumb\"},\"inLanguage\":\"eo-UY\",\"potentialAction\":[{\"@type\":\"ReadAction\",\"target\":[\"https:\\\/\\\/museoomero.it\\\/eo\\\/edukado\\\/lernejoj\\\/unuagrada-lernejo\\\/\"]}]},{\"@type\":\"ImageObject\",\"inLanguage\":\"eo-UY\",\"@id\":\"https:\\\/\\\/museoomero.it\\\/eo\\\/edukado\\\/lernejoj\\\/unuagrada-lernejo\\\/#primaryimage\",\"url\":\"https:\\\/\\\/museoomero.it\\\/wp-content\\\/uploads\\\/2023\\\/09\\\/museo-omero-educazione-ritratto-scuola-primaria.jpg\",\"contentUrl\":\"https:\\\/\\\/museoomero.it\\\/wp-content\\\/uploads\\\/2023\\\/09\\\/museo-omero-educazione-ritratto-scuola-primaria.jpg\",\"width\":1536,\"height\":1027,\"caption\":\"Bambini che lavorano l'argilla all'interno del laboratorio del Museo.\"},{\"@type\":\"BreadcrumbList\",\"@id\":\"https:\\\/\\\/museoomero.it\\\/eo\\\/edukado\\\/lernejoj\\\/unuagrada-lernejo\\\/#breadcrumb\",\"itemListElement\":[{\"@type\":\"ListItem\",\"position\":1,\"name\":\"Edukado\",\"item\":\"https:\\\/\\\/museoomero.it\\\/eo\\\/edukado\\\/\"},{\"@type\":\"ListItem\",\"position\":2,\"name\":\"Lernejoj\",\"item\":\"https:\\\/\\\/museoomero.it\\\/eo\\\/edukado\\\/lernejoj\\\/\"},{\"@type\":\"ListItem\",\"position\":3,\"name\":\"Unuagrada lernejo\"}]},{\"@type\":\"WebSite\",\"@id\":\"https:\\\/\\\/museoomero.it\\\/eo\\\/#website\",\"url\":\"https:\\\/\\\/museoomero.it\\\/eo\\\/\",\"name\":\"Museo Omero\",\"description\":\"Museo Tattile Statale\",\"publisher\":{\"@id\":\"https:\\\/\\\/museoomero.it\\\/eo\\\/#organization\"},\"potentialAction\":[{\"@type\":\"SearchAction\",\"target\":{\"@type\":\"EntryPoint\",\"urlTemplate\":\"https:\\\/\\\/museoomero.it\\\/eo\\\/?s={search_term_string}\"},\"query-input\":{\"@type\":\"PropertyValueSpecification\",\"valueRequired\":true,\"valueName\":\"search_term_string\"}}],\"inLanguage\":\"eo-UY\"},{\"@type\":\"Organization\",\"@id\":\"https:\\\/\\\/museoomero.it\\\/eo\\\/#organization\",\"name\":\"Museo Omero\",\"url\":\"https:\\\/\\\/museoomero.it\\\/eo\\\/\",\"logo\":{\"@type\":\"ImageObject\",\"inLanguage\":\"eo-UY\",\"@id\":\"https:\\\/\\\/museoomero.it\\\/eo\\\/#\\\/schema\\\/logo\\\/image\\\/\",\"url\":\"https:\\\/\\\/museoomero.it\\\/wp-content\\\/uploads\\\/2019\\\/12\\\/logo_museoomero_nomibact.png\",\"contentUrl\":\"https:\\\/\\\/museoomero.it\\\/wp-content\\\/uploads\\\/2019\\\/12\\\/logo_museoomero_nomibact.png\",\"width\":400,\"height\":127,\"caption\":\"Museo Omero\"},\"image\":{\"@id\":\"https:\\\/\\\/museoomero.it\\\/eo\\\/#\\\/schema\\\/logo\\\/image\\\/\"}}]}<\/script>\n<!-- \/ Yoast SEO plugin. -->","yoast_head_json":{"title":"Unuagrada lernejo - Museo Omero","description":"La edukaj proponoj por la bazlernejo estas kvar, kaj \u0109iuj anta\u016dvidas kaj viziton al la salonoj kaj laborejan agadon.","robots":{"index":"index","follow":"follow","max-snippet":"max-snippet:-1","max-image-preview":"max-image-preview:large","max-video-preview":"max-video-preview:-1"},"canonical":"https:\/\/museoomero.it\/eo\/edukado\/lernejoj\/unuagrada-lernejo\/","og_locale":"eo_EO","og_type":"article","og_title":"Unuagrada lernejo - Museo Omero","og_description":"La edukaj proponoj por la bazlernejo estas kvar, kaj \u0109iuj anta\u016dvidas kaj viziton al la salonoj kaj laborejan agadon.","og_url":"https:\/\/museoomero.it\/eo\/edukado\/lernejoj\/unuagrada-lernejo\/","og_site_name":"Museo Omero","article_modified_time":"2025-09-04T15:24:42+00:00","og_image":[{"width":1536,"height":1027,"url":"https:\/\/museoomero.it\/wp-content\/uploads\/2023\/09\/museo-omero-educazione-ritratto-scuola-primaria.jpg","type":"image\/jpeg"}],"twitter_card":"summary_large_image","twitter_misc":{"Est. reading time":"4 minutes"},"schema":{"@context":"https:\/\/schema.org","@graph":[{"@type":"WebPage","@id":"https:\/\/museoomero.it\/eo\/edukado\/lernejoj\/unuagrada-lernejo\/","url":"https:\/\/museoomero.it\/eo\/edukado\/lernejoj\/unuagrada-lernejo\/","name":"Unuagrada lernejo - Museo Omero","isPartOf":{"@id":"https:\/\/museoomero.it\/eo\/#website"},"primaryImageOfPage":{"@id":"https:\/\/museoomero.it\/eo\/edukado\/lernejoj\/unuagrada-lernejo\/#primaryimage"},"image":{"@id":"https:\/\/museoomero.it\/eo\/edukado\/lernejoj\/unuagrada-lernejo\/#primaryimage"},"thumbnailUrl":"https:\/\/museoomero.it\/wp-content\/uploads\/2023\/09\/museo-omero-educazione-ritratto-scuola-primaria.jpg","datePublished":"2022-08-17T08:55:57+00:00","dateModified":"2025-09-04T15:24:42+00:00","description":"La edukaj proponoj por la bazlernejo estas kvar, kaj \u0109iuj anta\u016dvidas kaj viziton al la salonoj kaj laborejan agadon.","breadcrumb":{"@id":"https:\/\/museoomero.it\/eo\/edukado\/lernejoj\/unuagrada-lernejo\/#breadcrumb"},"inLanguage":"eo-UY","potentialAction":[{"@type":"ReadAction","target":["https:\/\/museoomero.it\/eo\/edukado\/lernejoj\/unuagrada-lernejo\/"]}]},{"@type":"ImageObject","inLanguage":"eo-UY","@id":"https:\/\/museoomero.it\/eo\/edukado\/lernejoj\/unuagrada-lernejo\/#primaryimage","url":"https:\/\/museoomero.it\/wp-content\/uploads\/2023\/09\/museo-omero-educazione-ritratto-scuola-primaria.jpg","contentUrl":"https:\/\/museoomero.it\/wp-content\/uploads\/2023\/09\/museo-omero-educazione-ritratto-scuola-primaria.jpg","width":1536,"height":1027,"caption":"Bambini che lavorano l'argilla all'interno del laboratorio del Museo."},{"@type":"BreadcrumbList","@id":"https:\/\/museoomero.it\/eo\/edukado\/lernejoj\/unuagrada-lernejo\/#breadcrumb","itemListElement":[{"@type":"ListItem","position":1,"name":"Edukado","item":"https:\/\/museoomero.it\/eo\/edukado\/"},{"@type":"ListItem","position":2,"name":"Lernejoj","item":"https:\/\/museoomero.it\/eo\/edukado\/lernejoj\/"},{"@type":"ListItem","position":3,"name":"Unuagrada lernejo"}]},{"@type":"WebSite","@id":"https:\/\/museoomero.it\/eo\/#website","url":"https:\/\/museoomero.it\/eo\/","name":"Museo Omero","description":"Museo Tattile Statale","publisher":{"@id":"https:\/\/museoomero.it\/eo\/#organization"},"potentialAction":[{"@type":"SearchAction","target":{"@type":"EntryPoint","urlTemplate":"https:\/\/museoomero.it\/eo\/?s={search_term_string}"},"query-input":{"@type":"PropertyValueSpecification","valueRequired":true,"valueName":"search_term_string"}}],"inLanguage":"eo-UY"},{"@type":"Organization","@id":"https:\/\/museoomero.it\/eo\/#organization","name":"Museo Omero","url":"https:\/\/museoomero.it\/eo\/","logo":{"@type":"ImageObject","inLanguage":"eo-UY","@id":"https:\/\/museoomero.it\/eo\/#\/schema\/logo\/image\/","url":"https:\/\/museoomero.it\/wp-content\/uploads\/2019\/12\/logo_museoomero_nomibact.png","contentUrl":"https:\/\/museoomero.it\/wp-content\/uploads\/2019\/12\/logo_museoomero_nomibact.png","width":400,"height":127,"caption":"Museo Omero"},"image":{"@id":"https:\/\/museoomero.it\/eo\/#\/schema\/logo\/image\/"}}]}},"jetpack_sharing_enabled":true,"_links":{"self":[{"href":"https:\/\/museoomero.it\/eo\/wp-json\/wp\/v2\/pages\/26925","targetHints":{"allow":["GET"]}}],"collection":[{"href":"https:\/\/museoomero.it\/eo\/wp-json\/wp\/v2\/pages"}],"about":[{"href":"https:\/\/museoomero.it\/eo\/wp-json\/wp\/v2\/types\/page"}],"author":[{"embeddable":true,"href":"https:\/\/museoomero.it\/eo\/wp-json\/wp\/v2\/users\/6"}],"replies":[{"embeddable":true,"href":"https:\/\/museoomero.it\/eo\/wp-json\/wp\/v2\/comments?post=26925"}],"version-history":[{"count":10,"href":"https:\/\/museoomero.it\/eo\/wp-json\/wp\/v2\/pages\/26925\/revisions"}],"predecessor-version":[{"id":38637,"href":"https:\/\/museoomero.it\/eo\/wp-json\/wp\/v2\/pages\/26925\/revisions\/38637"}],"up":[{"embeddable":true,"href":"https:\/\/museoomero.it\/eo\/wp-json\/wp\/v2\/pages\/14507"}],"wp:featuredmedia":[{"embeddable":true,"href":"https:\/\/museoomero.it\/eo\/wp-json\/wp\/v2\/media\/31102"}],"wp:attachment":[{"href":"https:\/\/museoomero.it\/eo\/wp-json\/wp\/v2\/media?parent=26925"}],"curies":[{"name":"wp","href":"https:\/\/api.w.org\/{rel}","templated":true}]}}