{"id":26928,"date":"2022-08-17T10:58:55","date_gmt":"2022-08-17T08:58:55","guid":{"rendered":"http:\/\/museoomero.it\/?page_id=26928"},"modified":"2025-09-04T17:49:46","modified_gmt":"2025-09-04T15:49:46","slug":"duagrada-lernejo-unua-kaj-duagrada","status":"publish","type":"page","link":"https:\/\/museoomero.it\/eo\/edukado\/lernejoj\/duagrada-lernejo-unua-kaj-duagrada\/","title":{"rendered":"Duagrada lernejo unua-kaj duagrada"},"content":{"rendered":"\n<p>Por la mezlernejo ni proponas <strong>kvin <\/strong>agadojn, tre diversajn inter si, sed unuigitajn de la interaga kaj alloga malkovro de niaj salonoj. Vi trovos informojn pri kostoj kaj rezervado \u0109e la fino de la pa\u011do.<\/p>\n\n\n\n<h2 class=\"wp-block-heading\">Objektoj en serio, unikaj ideoj<\/h2>\n\n\n\n<p>La klaso estos gvidata en la malkovro de la mondo de dezajno kaj metia produktado, komencante per vizito al la Dezajno-Kolekto, kie ni proksime observos \u0109iutagajn objektojn kaj faros stimulajn demandojn: Kio estas dezajno? Kio vere estas objekto? Kiel \u011di naski\u011das? Kaj kio igas \u011din inda eniri niajn hejmojn a\u016d dezajnokollekton?<br>Dum la voja\u011do, ni kune malkovros la krean kaj produktan procezon, kiu transformas ideon en konkretan, funkcan kaj estetike efikan objekton.<\/p>\n\n\n\n<p>En la laborejo, la studentoj eksperimentos kun la stilo de \u201cmetia laborejo\u201d: ili uzos gipsajn \u015dimojn kaj likvan argilon por lan\u0109i veran malgrand-skalan produktadon, kie \u0109iu objekto, kvankam simila, estos unika danke al la homa mano.<br>La verkoj estos bakitaj kaj povos esti reprenitaj en la sekvaj tagoj.<\/p>\n\n\n\n<p><strong>Niaj celoj<\/strong>:<\/p>\n\n\n\n<ul class=\"wp-block-list\">\n<li>proksimigi la studentojn al la mondo de dezajno;<\/li>\n\n\n\n<li>disvolvi kreeman pensadon per observado kaj praktiko;<\/li>\n\n\n\n<li>plibonigi tu\u015dan percepton kaj scion pri diversaj materialoj;<\/li>\n\n\n\n<li>eksperimenti pri la uzo de likva argilo kaj la tekniko de serioj-\u015dimo.<\/li>\n<\/ul>\n\n\n\n<p><strong>Da\u016dro<\/strong>: 2 horoj.<\/p>\n\n\n\n<h2 class=\"wp-block-heading\">Bildoj el la mallumo<\/h2>\n\n\n\n<p>\u0108u la manoj vidas? Kaj se jes, \u0109u ili vidas kiel la okuloj?<br>Jen la demandoj el kiuj ekas alloga agado, kiu invitas la klason esplori arton en nova, profunda kaj surpriza maniero.<\/p>\n\n\n\n<p>Blindumitaj, la lernantinoj kaj lernantoj estos gvidataj en tu\u015da voja\u011do tra la muzeo, kie ili povos esplori artverkon uzante nur la manojn. Atenta kaj silenta malkovro, kiu aktivigas la tu\u015don por rekte kontakti\u011di kun formoj, surfacoj kaj detaloj ofte preteratentataj de la vido.<br>Maniero stimuli alian percepton de la realo, pridubi la limojn kaj eblecojn de la sensoj, kaj disvolvi novan rigardon pri la artverko.<\/p>\n\n\n\n<p><strong>Niaj celoj:<\/strong><\/p>\n\n\n\n<ul class=\"wp-block-list\">\n<li>renkonti kaj kompreni nuntempan arton en sperta maniero;<\/li>\n\n\n\n<li>kompari tu\u015don kaj vidon kiel perceptilojn;<\/li>\n\n\n\n<li>malkovri kiel formi\u011das mensa tu\u015d-bildo;<\/li>\n\n\n\n<li>pripensi kiel grafike redoni tion, kion oni perceptis.<\/li>\n<\/ul>\n\n\n\n<p><strong>Da\u016dro<\/strong>: 1 horo kaj 30 minutoj.<\/p>\n\n\n\n<h2 class=\"wp-block-heading\">Argilo en la mallumo<\/h2>\n\n\n\n<p>Imersiva kaj eksterordinara agado, pensita por stimuli la sensojn, la imagon kaj la reflektadon. La klaso, tute blindumita, estos gvidata de nia personaro en la malkovro de nuntempaj skulpta\u0135oj: originalaj formoj, nekutimaj materialoj kaj neatenditaj surfacoj estos esploritaj nur per la tu\u015do. Unika okazo por malkovri kiom multe ni povas \u201cvidi\u201d per la manoj.<\/p>\n\n\n\n<p>En la laborejo, \u0109iu lernantino kaj \u0109iu lernanto ricevos blokon da argilo kaj provos modeligi tion, kion ili perceptis, fidante siajn sensajn memorojn. Ekzerco kiu stimulas koncentri\u011don, tu\u015dan memoron kaj la transformon de la sperto en formon.<br>La kreitaj objektoj estos bakitaj kaj povos esti reprenitaj en la sekvaj tagoj.<\/p>\n\n\n\n<p><strong>Niaj celoj:<\/strong><\/p>\n\n\n\n<ul class=\"wp-block-list\">\n<li>proksimigi lernantinojn kaj lernantojn al nuntempa arto en rekta kaj originala maniero;<\/li>\n\n\n\n<li>sperti la rilaton inter tu\u015do kaj vido;<\/li>\n\n\n\n<li>kompreni kiel naski\u011das mensa bildo tu\u015da;<\/li>\n\n\n\n<li>pripensi la transformon de sensa percepto en artan formon.<\/li>\n<\/ul>\n\n\n\n<p><strong>Da\u016dro<\/strong>: 2 horoj.<\/p>\n\n\n\n<h2 class=\"wp-block-heading\">Brajla kodo<\/h2>\n\n\n\n<p>Okazo por koni la historion de Louis Braille, la blinda knabo, kiu revoluciigis la edukadon por malviduloj, inventante la brajlan skribo- kaj legadsistemon.<br>La lernantinoj kaj lernantoj vizitos la muzean kolekton, esplorante kelkajn verkojn de la nuntempa sekcio blindumite. \u0108i tiu sensa sperto helpos ilin evoluigi alian percepton pri arto, bazitan sur tu\u015do kaj imago.<\/p>\n\n\n\n<p>En la laborejo la klaso malkovros kaj spertos la brajlan kodon, lernante kompreni kaj uzi \u0109i tiun fundamentan komunikadsistemon.<\/p>\n\n\n\n<p><strong>Niaj celoj:<\/strong><\/p>\n\n\n\n<ul class=\"wp-block-list\">\n<li>renkonti arton;<\/li>\n\n\n\n<li>kompari la tu\u015don kaj la vidadon;<\/li>\n\n\n\n<li>koni kaj kompreni la Braille-kodon;<\/li>\n\n\n\n<li>sperti la ilojn por skribado;<\/li>\n\n\n\n<li>reflekti pri la graveco de Braille.<\/li>\n<\/ul>\n\n\n\n<p><strong>Da\u016dro<\/strong>: 1 horo kaj 30 minutoj.<\/p>\n\n\n\n<h2 class=\"wp-block-heading\">Muzeo je la mano<\/h2>\n\n\n\n<p>Perfekta agado se vi havas malmulte da tempo, sed multan deziron koni nian muzeon.<br>Ni proponas la \u015dancon esplori nian kolekton de skulpta\u0135oj kaj dezajno per voja\u011do desegnita por stimuli scivolemon kaj intereson.<br>Gvidisto bonvenigos la klason, prezentos la muzeon kaj ties salonojn, kaj akompanos ilin dum la vizito, respondante al \u0109iuj demandoj kaj scivoloj.<br>La studentoj havos la \u015dancon tu\u015di originalajn verkojn, kopiojn de famaj skulpta\u0135oj, kaj objektojn, kiuj faris historion en la itala dezajno.<\/p>\n\n\n\n<p><strong>Niaj celoj:<\/strong><\/p>\n\n\n\n<ul class=\"wp-block-list\">\n<li>sensivigi publikon pri alirebleco;<\/li>\n\n\n\n<li>konati\u011di kun la muzeo kaj ties kolektoj;<\/li>\n\n\n\n<li>malkovri la tu\u015deblan aliron al arto;<\/li>\n\n\n\n<li>veki intereson kaj scivolemon.<\/li>\n<\/ul>\n\n\n\n<p><strong>Da\u016dro<\/strong>: 40 minutoj.<\/p>\n\n\n\n<h2 class=\"wp-block-heading\">Kosto<\/h2>\n\n\n\n<p>Klasa grupo: <strong>90 euro <\/strong>por \u0109iu laborejo.<br>Vi povas pagi per: kontanta mono, banka transdono, debeto a\u016d kreditkarto, elektronika fakturado.<\/p>\n\n\n\n<h2 class=\"wp-block-heading\">Nepra rezervado<\/h2>\n\n\n\n<p>Skribu a\u016d telefonu al la numero (anka\u016d WhatsApp) <strong>+39 335 569 69 85<\/strong>.<br>Ni respondas de lundo \u011dis vendredo, inter la 9:00 kaj la 13:00.<br>Vi povas anka\u016d sendi retmesa\u011don al <a href=\"mailto:prenotazioni@museoomero.it\">prenotazioni@museoomero.it<\/a>.<br>Bonvolu kontakti nin almena\u016d 15 tagojn anta\u016d la dezirata dato de la agado por kontroli haveblecon.<\/p>\n\n\n\n<h3 class=\"wp-block-heading\">Nuligo<\/h3>\n\n\n\n<p>Por nuligi rezervadon, sufi\u0109as sciigi nin telefone, per WhatsApp a\u016d retpo\u015dte al <a href=\"mailto:prenotazioni@museoomero.it\">prenotazioni@museoomero.it<\/a>.<br>Repago ne estas anta\u016dvidita.<br>Se la lernejo ne \u0109eestas je la fiksita dato, eblos interkonsenti alian daton.<br>Se la muzeo ne kapablas garantii la elektitan agadon pro neatendita okazo, la lernejo estos tuj kontaktita por anstata\u016digi \u011din per alia agado.<\/p>\n","protected":false},"excerpt":{"rendered":"<p>Por la mezlernejo ni proponas kvin agadojn, tre diversajn inter si, sed unuigitajn de la interaga kaj alloga malkovro de niaj salonoj. Vi trovos informojn pri kostoj kaj rezervado \u0109e la fino de la pa\u011do. Objektoj en serio, unikaj ideoj La klaso estos gvidata en la malkovro de la mondo de dezajno kaj metia produktado, [&#8230;] <span class=\"sr-only\"><a href=\"https:\/\/museoomero.it\/eo\/edukado\/lernejoj\/duagrada-lernejo-unua-kaj-duagrada\/\">Continua a leggere: Duagrada lernejo unua-kaj duagrada<\/a><\/span><\/p>\n","protected":false},"author":6,"featured_media":17259,"parent":14507,"menu_order":140,"comment_status":"closed","ping_status":"closed","template":"","meta":{"_acf_changed":false,"footnotes":""},"class_list":["post-26928","page","type-page","status-publish","has-post-thumbnail","hentry"],"acf":[],"yoast_head":"<!-- This site is optimized with the Yoast SEO plugin v27.3 - https:\/\/yoast.com\/product\/yoast-seo-wordpress\/ -->\n<title>Duagrada lernejo unua-kaj duagrada - Museo Omero<\/title>\n<meta name=\"description\" content=\"Por la mezlernejo ni proponas kvin agadojn, tre diversajn inter si, sed unuigitajn de la interaga kaj alloga malkovro de niaj salonoj.\" \/>\n<meta name=\"robots\" content=\"index, follow, max-snippet:-1, max-image-preview:large, max-video-preview:-1\" \/>\n<link rel=\"canonical\" href=\"https:\/\/museoomero.it\/eo\/edukado\/lernejoj\/duagrada-lernejo-unua-kaj-duagrada\/\" \/>\n<meta property=\"og:locale\" content=\"eo_EO\" \/>\n<meta property=\"og:type\" content=\"article\" \/>\n<meta property=\"og:title\" content=\"Duagrada lernejo unua-kaj duagrada - Museo Omero\" \/>\n<meta property=\"og:description\" content=\"Por la mezlernejo ni proponas kvin agadojn, tre diversajn inter si, sed unuigitajn de la interaga kaj alloga malkovro de niaj salonoj.\" \/>\n<meta property=\"og:url\" content=\"https:\/\/museoomero.it\/eo\/edukado\/lernejoj\/duagrada-lernejo-unua-kaj-duagrada\/\" \/>\n<meta property=\"og:site_name\" content=\"Museo Omero\" \/>\n<meta property=\"article:modified_time\" content=\"2025-09-04T15:49:46+00:00\" \/>\n<meta property=\"og:image\" content=\"https:\/\/museoomero.it\/wp-content\/uploads\/2020\/11\/Educazione-Scuole-Progetti-inclusivi-1.jpg\" \/>\n\t<meta property=\"og:image:width\" content=\"1200\" \/>\n\t<meta property=\"og:image:height\" content=\"802\" \/>\n\t<meta property=\"og:image:type\" content=\"image\/jpeg\" \/>\n<meta name=\"twitter:card\" content=\"summary_large_image\" \/>\n<meta name=\"twitter:label1\" content=\"Est. reading time\" \/>\n\t<meta name=\"twitter:data1\" content=\"5 minutes\" \/>\n<script type=\"application\/ld+json\" class=\"yoast-schema-graph\">{\"@context\":\"https:\\\/\\\/schema.org\",\"@graph\":[{\"@type\":\"WebPage\",\"@id\":\"https:\\\/\\\/museoomero.it\\\/eo\\\/edukado\\\/lernejoj\\\/duagrada-lernejo-unua-kaj-duagrada\\\/\",\"url\":\"https:\\\/\\\/museoomero.it\\\/eo\\\/edukado\\\/lernejoj\\\/duagrada-lernejo-unua-kaj-duagrada\\\/\",\"name\":\"Duagrada lernejo unua-kaj duagrada - Museo Omero\",\"isPartOf\":{\"@id\":\"https:\\\/\\\/museoomero.it\\\/eo\\\/#website\"},\"primaryImageOfPage\":{\"@id\":\"https:\\\/\\\/museoomero.it\\\/eo\\\/edukado\\\/lernejoj\\\/duagrada-lernejo-unua-kaj-duagrada\\\/#primaryimage\"},\"image\":{\"@id\":\"https:\\\/\\\/museoomero.it\\\/eo\\\/edukado\\\/lernejoj\\\/duagrada-lernejo-unua-kaj-duagrada\\\/#primaryimage\"},\"thumbnailUrl\":\"https:\\\/\\\/museoomero.it\\\/wp-content\\\/uploads\\\/2020\\\/11\\\/Educazione-Scuole-Progetti-inclusivi-1.jpg\",\"datePublished\":\"2022-08-17T08:58:55+00:00\",\"dateModified\":\"2025-09-04T15:49:46+00:00\",\"description\":\"Por la mezlernejo ni proponas kvin agadojn, tre diversajn inter si, sed unuigitajn de la interaga kaj alloga malkovro de niaj salonoj.\",\"breadcrumb\":{\"@id\":\"https:\\\/\\\/museoomero.it\\\/eo\\\/edukado\\\/lernejoj\\\/duagrada-lernejo-unua-kaj-duagrada\\\/#breadcrumb\"},\"inLanguage\":\"eo-UY\",\"potentialAction\":[{\"@type\":\"ReadAction\",\"target\":[\"https:\\\/\\\/museoomero.it\\\/eo\\\/edukado\\\/lernejoj\\\/duagrada-lernejo-unua-kaj-duagrada\\\/\"]}]},{\"@type\":\"ImageObject\",\"inLanguage\":\"eo-UY\",\"@id\":\"https:\\\/\\\/museoomero.it\\\/eo\\\/edukado\\\/lernejoj\\\/duagrada-lernejo-unua-kaj-duagrada\\\/#primaryimage\",\"url\":\"https:\\\/\\\/museoomero.it\\\/wp-content\\\/uploads\\\/2020\\\/11\\\/Educazione-Scuole-Progetti-inclusivi-1.jpg\",\"contentUrl\":\"https:\\\/\\\/museoomero.it\\\/wp-content\\\/uploads\\\/2020\\\/11\\\/Educazione-Scuole-Progetti-inclusivi-1.jpg\",\"width\":1200,\"height\":802,\"caption\":\"Grupo da junuloj vizitas la muzeon per okulkovriloj.\"},{\"@type\":\"BreadcrumbList\",\"@id\":\"https:\\\/\\\/museoomero.it\\\/eo\\\/edukado\\\/lernejoj\\\/duagrada-lernejo-unua-kaj-duagrada\\\/#breadcrumb\",\"itemListElement\":[{\"@type\":\"ListItem\",\"position\":1,\"name\":\"Edukado\",\"item\":\"https:\\\/\\\/museoomero.it\\\/eo\\\/edukado\\\/\"},{\"@type\":\"ListItem\",\"position\":2,\"name\":\"Lernejoj\",\"item\":\"https:\\\/\\\/museoomero.it\\\/eo\\\/edukado\\\/lernejoj\\\/\"},{\"@type\":\"ListItem\",\"position\":3,\"name\":\"Duagrada lernejo unua-kaj duagrada\"}]},{\"@type\":\"WebSite\",\"@id\":\"https:\\\/\\\/museoomero.it\\\/eo\\\/#website\",\"url\":\"https:\\\/\\\/museoomero.it\\\/eo\\\/\",\"name\":\"Museo Omero\",\"description\":\"Museo Tattile Statale\",\"publisher\":{\"@id\":\"https:\\\/\\\/museoomero.it\\\/eo\\\/#organization\"},\"potentialAction\":[{\"@type\":\"SearchAction\",\"target\":{\"@type\":\"EntryPoint\",\"urlTemplate\":\"https:\\\/\\\/museoomero.it\\\/eo\\\/?s={search_term_string}\"},\"query-input\":{\"@type\":\"PropertyValueSpecification\",\"valueRequired\":true,\"valueName\":\"search_term_string\"}}],\"inLanguage\":\"eo-UY\"},{\"@type\":\"Organization\",\"@id\":\"https:\\\/\\\/museoomero.it\\\/eo\\\/#organization\",\"name\":\"Museo Omero\",\"url\":\"https:\\\/\\\/museoomero.it\\\/eo\\\/\",\"logo\":{\"@type\":\"ImageObject\",\"inLanguage\":\"eo-UY\",\"@id\":\"https:\\\/\\\/museoomero.it\\\/eo\\\/#\\\/schema\\\/logo\\\/image\\\/\",\"url\":\"https:\\\/\\\/museoomero.it\\\/wp-content\\\/uploads\\\/2019\\\/12\\\/logo_museoomero_nomibact.png\",\"contentUrl\":\"https:\\\/\\\/museoomero.it\\\/wp-content\\\/uploads\\\/2019\\\/12\\\/logo_museoomero_nomibact.png\",\"width\":400,\"height\":127,\"caption\":\"Museo Omero\"},\"image\":{\"@id\":\"https:\\\/\\\/museoomero.it\\\/eo\\\/#\\\/schema\\\/logo\\\/image\\\/\"}}]}<\/script>\n<!-- \/ Yoast SEO plugin. -->","yoast_head_json":{"title":"Duagrada lernejo unua-kaj duagrada - Museo Omero","description":"Por la mezlernejo ni proponas kvin agadojn, tre diversajn inter si, sed unuigitajn de la interaga kaj alloga malkovro de niaj salonoj.","robots":{"index":"index","follow":"follow","max-snippet":"max-snippet:-1","max-image-preview":"max-image-preview:large","max-video-preview":"max-video-preview:-1"},"canonical":"https:\/\/museoomero.it\/eo\/edukado\/lernejoj\/duagrada-lernejo-unua-kaj-duagrada\/","og_locale":"eo_EO","og_type":"article","og_title":"Duagrada lernejo unua-kaj duagrada - Museo Omero","og_description":"Por la mezlernejo ni proponas kvin agadojn, tre diversajn inter si, sed unuigitajn de la interaga kaj alloga malkovro de niaj salonoj.","og_url":"https:\/\/museoomero.it\/eo\/edukado\/lernejoj\/duagrada-lernejo-unua-kaj-duagrada\/","og_site_name":"Museo Omero","article_modified_time":"2025-09-04T15:49:46+00:00","og_image":[{"width":1200,"height":802,"url":"https:\/\/museoomero.it\/wp-content\/uploads\/2020\/11\/Educazione-Scuole-Progetti-inclusivi-1.jpg","type":"image\/jpeg"}],"twitter_card":"summary_large_image","twitter_misc":{"Est. reading time":"5 minutes"},"schema":{"@context":"https:\/\/schema.org","@graph":[{"@type":"WebPage","@id":"https:\/\/museoomero.it\/eo\/edukado\/lernejoj\/duagrada-lernejo-unua-kaj-duagrada\/","url":"https:\/\/museoomero.it\/eo\/edukado\/lernejoj\/duagrada-lernejo-unua-kaj-duagrada\/","name":"Duagrada lernejo unua-kaj duagrada - Museo Omero","isPartOf":{"@id":"https:\/\/museoomero.it\/eo\/#website"},"primaryImageOfPage":{"@id":"https:\/\/museoomero.it\/eo\/edukado\/lernejoj\/duagrada-lernejo-unua-kaj-duagrada\/#primaryimage"},"image":{"@id":"https:\/\/museoomero.it\/eo\/edukado\/lernejoj\/duagrada-lernejo-unua-kaj-duagrada\/#primaryimage"},"thumbnailUrl":"https:\/\/museoomero.it\/wp-content\/uploads\/2020\/11\/Educazione-Scuole-Progetti-inclusivi-1.jpg","datePublished":"2022-08-17T08:58:55+00:00","dateModified":"2025-09-04T15:49:46+00:00","description":"Por la mezlernejo ni proponas kvin agadojn, tre diversajn inter si, sed unuigitajn de la interaga kaj alloga malkovro de niaj salonoj.","breadcrumb":{"@id":"https:\/\/museoomero.it\/eo\/edukado\/lernejoj\/duagrada-lernejo-unua-kaj-duagrada\/#breadcrumb"},"inLanguage":"eo-UY","potentialAction":[{"@type":"ReadAction","target":["https:\/\/museoomero.it\/eo\/edukado\/lernejoj\/duagrada-lernejo-unua-kaj-duagrada\/"]}]},{"@type":"ImageObject","inLanguage":"eo-UY","@id":"https:\/\/museoomero.it\/eo\/edukado\/lernejoj\/duagrada-lernejo-unua-kaj-duagrada\/#primaryimage","url":"https:\/\/museoomero.it\/wp-content\/uploads\/2020\/11\/Educazione-Scuole-Progetti-inclusivi-1.jpg","contentUrl":"https:\/\/museoomero.it\/wp-content\/uploads\/2020\/11\/Educazione-Scuole-Progetti-inclusivi-1.jpg","width":1200,"height":802,"caption":"Grupo da junuloj vizitas la muzeon per okulkovriloj."},{"@type":"BreadcrumbList","@id":"https:\/\/museoomero.it\/eo\/edukado\/lernejoj\/duagrada-lernejo-unua-kaj-duagrada\/#breadcrumb","itemListElement":[{"@type":"ListItem","position":1,"name":"Edukado","item":"https:\/\/museoomero.it\/eo\/edukado\/"},{"@type":"ListItem","position":2,"name":"Lernejoj","item":"https:\/\/museoomero.it\/eo\/edukado\/lernejoj\/"},{"@type":"ListItem","position":3,"name":"Duagrada lernejo unua-kaj duagrada"}]},{"@type":"WebSite","@id":"https:\/\/museoomero.it\/eo\/#website","url":"https:\/\/museoomero.it\/eo\/","name":"Museo Omero","description":"Museo Tattile Statale","publisher":{"@id":"https:\/\/museoomero.it\/eo\/#organization"},"potentialAction":[{"@type":"SearchAction","target":{"@type":"EntryPoint","urlTemplate":"https:\/\/museoomero.it\/eo\/?s={search_term_string}"},"query-input":{"@type":"PropertyValueSpecification","valueRequired":true,"valueName":"search_term_string"}}],"inLanguage":"eo-UY"},{"@type":"Organization","@id":"https:\/\/museoomero.it\/eo\/#organization","name":"Museo Omero","url":"https:\/\/museoomero.it\/eo\/","logo":{"@type":"ImageObject","inLanguage":"eo-UY","@id":"https:\/\/museoomero.it\/eo\/#\/schema\/logo\/image\/","url":"https:\/\/museoomero.it\/wp-content\/uploads\/2019\/12\/logo_museoomero_nomibact.png","contentUrl":"https:\/\/museoomero.it\/wp-content\/uploads\/2019\/12\/logo_museoomero_nomibact.png","width":400,"height":127,"caption":"Museo Omero"},"image":{"@id":"https:\/\/museoomero.it\/eo\/#\/schema\/logo\/image\/"}}]}},"jetpack_sharing_enabled":true,"_links":{"self":[{"href":"https:\/\/museoomero.it\/eo\/wp-json\/wp\/v2\/pages\/26928","targetHints":{"allow":["GET"]}}],"collection":[{"href":"https:\/\/museoomero.it\/eo\/wp-json\/wp\/v2\/pages"}],"about":[{"href":"https:\/\/museoomero.it\/eo\/wp-json\/wp\/v2\/types\/page"}],"author":[{"embeddable":true,"href":"https:\/\/museoomero.it\/eo\/wp-json\/wp\/v2\/users\/6"}],"replies":[{"embeddable":true,"href":"https:\/\/museoomero.it\/eo\/wp-json\/wp\/v2\/comments?post=26928"}],"version-history":[{"count":11,"href":"https:\/\/museoomero.it\/eo\/wp-json\/wp\/v2\/pages\/26928\/revisions"}],"predecessor-version":[{"id":38688,"href":"https:\/\/museoomero.it\/eo\/wp-json\/wp\/v2\/pages\/26928\/revisions\/38688"}],"up":[{"embeddable":true,"href":"https:\/\/museoomero.it\/eo\/wp-json\/wp\/v2\/pages\/14507"}],"wp:featuredmedia":[{"embeddable":true,"href":"https:\/\/museoomero.it\/eo\/wp-json\/wp\/v2\/media\/17259"}],"wp:attachment":[{"href":"https:\/\/museoomero.it\/eo\/wp-json\/wp\/v2\/media?parent=26928"}],"curies":[{"name":"wp","href":"https:\/\/api.w.org\/{rel}","templated":true}]}}