{"id":34791,"date":"2024-09-26T11:54:43","date_gmt":"2024-09-26T09:54:43","guid":{"rendered":"http:\/\/museoomero.it\/?page_id=34791"},"modified":"2025-09-16T09:13:11","modified_gmt":"2025-09-16T07:13:11","slug":"infangardeno","status":"publish","type":"page","link":"https:\/\/museoomero.it\/eo\/edukado\/lernejoj\/infangardeno\/","title":{"rendered":"Infan\u011dardeno"},"content":{"rendered":"\n<p>La propono por infanoj de 0 \u011dis 3 jaroj estis kreita por disvolvi ilian kapablon malfermi\u011di al la mondo kaj malkovri sin kiel parto de \u011di.<\/p>\n\n\n\n<h2 class=\"wp-block-heading\">Etaj manoj en la Muzeo<\/h2>\n\n\n\n<p>La agado estas desegnita por fari la <strong>Muzeon agrabla malkovro<\/strong> jam ekde la unuaj monatoj de la vivo.<\/p>\n\n\n\n<p>Kion povas fari etaj infanoj en la Muzeo?<\/p>\n\n\n\n<p>Sentu sin liberaj. Karesi, mar\u015di, rampi kaj rampeti. Malkovri kaj mirigi. Premadi, premegi kaj formi pilketojn. Fari serpenton, helikon kaj lasi siajn spurojn.<br>A\u016dskulti la vo\u0109ojn de la gepatroj kaj infanrima\u0135ojn. Veturigi sin per la beba\u0109areto. Ridi kaj plori. Preni man\u011detojn kun la geavoj. Ludi kaj apla\u016ddi. Observi, flari kaj tu\u015di.<br>Ruli\u011di kaj fari kapricojn. Teni manojn kaj sidi\u011di sur la planko a\u016d sur la genuoj de la edukistoj. Turni\u011di, babiladi kaj sperti la Muzeon kiel hejmon.<\/p>\n\n\n\n<p><strong>Niaj celoj<\/strong>:<\/p>\n\n\n\n<ul class=\"wp-block-list\">\n<li>alproksimigi la infanojn al la Muzeo kaj igi ilin senti sin bonvenaj;<\/li>\n\n\n\n<li>eduki al la mirinda\u0135o;<\/li>\n\n\n\n<li>disvolvi kaj plifortigi la tu\u015dosenson;<\/li>\n\n\n\n<li>stimuli percepto-kaj komunikadprocezojn;<\/li>\n\n\n\n<li>perfekti la oculo-manan kunordigon;<\/li>\n\n\n\n<li>favori la psikmotorikon.<\/li>\n<\/ul>\n\n\n\n<p><strong>Da\u016dro de la agado<\/strong>: 1 horo.<\/p>\n\n\n\n<h3 class=\"wp-block-heading\">Kosto<\/h3>\n\n\n\n<p>Kosto de la agado: 5,00 e\u016droj po partoprenanto, senpaga personoj kun handikapo kaj iliaj akompanantoj.<br>Vi povas pagi per: kontanta mono, banka transdono, debeto a\u016d kreditkarto, elektronika fakturado.<\/p>\n\n\n\n<h3 class=\"wp-block-heading\">Nepra rezervado<\/h3>\n\n\n\n<p>Skribu a\u016d telefonu al la numero (anka\u016d WhatsApp) <strong>+39 335 569 69 85<\/strong>.<br>Ni respondas de lundo \u011dis vendredo, inter la 9:00 kaj la 13:00.<br>Vi povas anka\u016d sendi retmesa\u011don al <a href=\"mailto:prenotazioni@museoomero.it\">prenotazioni@museoomero.it<\/a>.<br>Bonvolu kontakti nin almena\u016d 15 tagojn anta\u016d la dezirata dato de la agado por kontroli haveblecon.<\/p>\n\n\n\n<h3 class=\"wp-block-heading\">Nuligo<\/h3>\n\n\n\n<p>Por nuligi rezervadon, sufi\u0109as sciigi nin telefone, per WhatsApp a\u016d retpo\u015dte al <a href=\"mailto:prenotazioni@museoomero.it\">prenotazioni@museoomero.it<\/a>.<br>Repago ne estas anta\u016dvidita.<br>Se la lernejo ne \u0109eestas je la fiksita dato, eblos interkonsenti alian daton.<br>Se la muzeo ne kapablas garantii la elektitan agadon pro neatendita okazo, la lernejo estos tuj kontaktita por anstata\u016digi \u011din per alia agado.<\/p>\n","protected":false},"excerpt":{"rendered":"<p>La propono por infanoj de 0 \u011dis 3 jaroj estis kreita por disvolvi ilian kapablon malfermi\u011di al la mondo kaj malkovri sin kiel parto de \u011di. Etaj manoj en la Muzeo La agado estas desegnita por fari la Muzeon agrabla malkovro jam ekde la unuaj monatoj de la vivo. Kion povas fari etaj infanoj en [&#8230;] <span class=\"sr-only\"><a href=\"https:\/\/museoomero.it\/eo\/edukado\/lernejoj\/infangardeno\/\">Continua a leggere: Infan\u011dardeno<\/a><\/span><\/p>\n","protected":false},"author":6,"featured_media":34448,"parent":14507,"menu_order":100,"comment_status":"closed","ping_status":"closed","template":"","meta":{"_acf_changed":false,"footnotes":""},"class_list":["post-34791","page","type-page","status-publish","has-post-thumbnail","hentry"],"acf":[],"yoast_head":"<!-- This site is optimized with the Yoast SEO plugin v27.3 - https:\/\/yoast.com\/product\/yoast-seo-wordpress\/ -->\n<title>Infan\u011dardeno - Museo Omero<\/title>\n<meta name=\"description\" content=\"La propono por infanoj de 0 \u011dis 3 jaroj estis kreita por disvolvi ilian kapablon malfermi\u011di al la mondo kaj malkovri sin kiel parto de \u011di.\" \/>\n<meta name=\"robots\" content=\"index, follow, max-snippet:-1, max-image-preview:large, max-video-preview:-1\" \/>\n<link rel=\"canonical\" href=\"https:\/\/museoomero.it\/eo\/edukado\/lernejoj\/infangardeno\/\" \/>\n<meta property=\"og:locale\" content=\"eo_EO\" \/>\n<meta property=\"og:type\" content=\"article\" \/>\n<meta property=\"og:title\" content=\"Infan\u011dardeno - Museo Omero\" \/>\n<meta property=\"og:description\" content=\"La propono por infanoj de 0 \u011dis 3 jaroj estis kreita por disvolvi ilian kapablon malfermi\u011di al la mondo kaj malkovri sin kiel parto de \u011di.\" \/>\n<meta property=\"og:url\" content=\"https:\/\/museoomero.it\/eo\/edukado\/lernejoj\/infangardeno\/\" \/>\n<meta property=\"og:site_name\" content=\"Museo Omero\" \/>\n<meta property=\"article:modified_time\" content=\"2025-09-16T07:13:11+00:00\" \/>\n<meta property=\"og:image\" content=\"https:\/\/museoomero.it\/wp-content\/uploads\/2024\/08\/Educazione-Scuole-nido.jpg\" \/>\n\t<meta property=\"og:image:width\" content=\"1200\" \/>\n\t<meta property=\"og:image:height\" content=\"802\" \/>\n\t<meta property=\"og:image:type\" content=\"image\/jpeg\" \/>\n<meta name=\"twitter:card\" content=\"summary_large_image\" \/>\n<meta name=\"twitter:label1\" content=\"Est. reading time\" \/>\n\t<meta name=\"twitter:data1\" content=\"2 minutes\" \/>\n<script type=\"application\/ld+json\" class=\"yoast-schema-graph\">{\"@context\":\"https:\\\/\\\/schema.org\",\"@graph\":[{\"@type\":\"WebPage\",\"@id\":\"https:\\\/\\\/museoomero.it\\\/eo\\\/edukado\\\/lernejoj\\\/infangardeno\\\/\",\"url\":\"https:\\\/\\\/museoomero.it\\\/eo\\\/edukado\\\/lernejoj\\\/infangardeno\\\/\",\"name\":\"Infan\u011dardeno - Museo Omero\",\"isPartOf\":{\"@id\":\"https:\\\/\\\/museoomero.it\\\/eo\\\/#website\"},\"primaryImageOfPage\":{\"@id\":\"https:\\\/\\\/museoomero.it\\\/eo\\\/edukado\\\/lernejoj\\\/infangardeno\\\/#primaryimage\"},\"image\":{\"@id\":\"https:\\\/\\\/museoomero.it\\\/eo\\\/edukado\\\/lernejoj\\\/infangardeno\\\/#primaryimage\"},\"thumbnailUrl\":\"https:\\\/\\\/museoomero.it\\\/wp-content\\\/uploads\\\/2024\\\/08\\\/Educazione-Scuole-nido.jpg\",\"datePublished\":\"2024-09-26T09:54:43+00:00\",\"dateModified\":\"2025-09-16T07:13:11+00:00\",\"description\":\"La propono por infanoj de 0 \u011dis 3 jaroj estis kreita por disvolvi ilian kapablon malfermi\u011di al la mondo kaj malkovri sin kiel parto de \u011di.\",\"breadcrumb\":{\"@id\":\"https:\\\/\\\/museoomero.it\\\/eo\\\/edukado\\\/lernejoj\\\/infangardeno\\\/#breadcrumb\"},\"inLanguage\":\"eo-UY\",\"potentialAction\":[{\"@type\":\"ReadAction\",\"target\":[\"https:\\\/\\\/museoomero.it\\\/eo\\\/edukado\\\/lernejoj\\\/infangardeno\\\/\"]}]},{\"@type\":\"ImageObject\",\"inLanguage\":\"eo-UY\",\"@id\":\"https:\\\/\\\/museoomero.it\\\/eo\\\/edukado\\\/lernejoj\\\/infangardeno\\\/#primaryimage\",\"url\":\"https:\\\/\\\/museoomero.it\\\/wp-content\\\/uploads\\\/2024\\\/08\\\/Educazione-Scuole-nido.jpg\",\"contentUrl\":\"https:\\\/\\\/museoomero.it\\\/wp-content\\\/uploads\\\/2024\\\/08\\\/Educazione-Scuole-nido.jpg\",\"width\":1200,\"height\":802,\"caption\":\"Infanoj de kelkaj monatoj \u0109irka\u016d la arkitektura modelo de Piazza dei Miracoli\"},{\"@type\":\"BreadcrumbList\",\"@id\":\"https:\\\/\\\/museoomero.it\\\/eo\\\/edukado\\\/lernejoj\\\/infangardeno\\\/#breadcrumb\",\"itemListElement\":[{\"@type\":\"ListItem\",\"position\":1,\"name\":\"Edukado\",\"item\":\"https:\\\/\\\/museoomero.it\\\/eo\\\/edukado\\\/\"},{\"@type\":\"ListItem\",\"position\":2,\"name\":\"Lernejoj\",\"item\":\"https:\\\/\\\/museoomero.it\\\/eo\\\/edukado\\\/lernejoj\\\/\"},{\"@type\":\"ListItem\",\"position\":3,\"name\":\"Infan\u011dardeno\"}]},{\"@type\":\"WebSite\",\"@id\":\"https:\\\/\\\/museoomero.it\\\/eo\\\/#website\",\"url\":\"https:\\\/\\\/museoomero.it\\\/eo\\\/\",\"name\":\"Museo Omero\",\"description\":\"Museo Tattile Statale\",\"publisher\":{\"@id\":\"https:\\\/\\\/museoomero.it\\\/eo\\\/#organization\"},\"potentialAction\":[{\"@type\":\"SearchAction\",\"target\":{\"@type\":\"EntryPoint\",\"urlTemplate\":\"https:\\\/\\\/museoomero.it\\\/eo\\\/?s={search_term_string}\"},\"query-input\":{\"@type\":\"PropertyValueSpecification\",\"valueRequired\":true,\"valueName\":\"search_term_string\"}}],\"inLanguage\":\"eo-UY\"},{\"@type\":\"Organization\",\"@id\":\"https:\\\/\\\/museoomero.it\\\/eo\\\/#organization\",\"name\":\"Museo Omero\",\"url\":\"https:\\\/\\\/museoomero.it\\\/eo\\\/\",\"logo\":{\"@type\":\"ImageObject\",\"inLanguage\":\"eo-UY\",\"@id\":\"https:\\\/\\\/museoomero.it\\\/eo\\\/#\\\/schema\\\/logo\\\/image\\\/\",\"url\":\"https:\\\/\\\/museoomero.it\\\/wp-content\\\/uploads\\\/2019\\\/12\\\/logo_museoomero_nomibact.png\",\"contentUrl\":\"https:\\\/\\\/museoomero.it\\\/wp-content\\\/uploads\\\/2019\\\/12\\\/logo_museoomero_nomibact.png\",\"width\":400,\"height\":127,\"caption\":\"Museo Omero\"},\"image\":{\"@id\":\"https:\\\/\\\/museoomero.it\\\/eo\\\/#\\\/schema\\\/logo\\\/image\\\/\"}}]}<\/script>\n<!-- \/ Yoast SEO plugin. -->","yoast_head_json":{"title":"Infan\u011dardeno - Museo Omero","description":"La propono por infanoj de 0 \u011dis 3 jaroj estis kreita por disvolvi ilian kapablon malfermi\u011di al la mondo kaj malkovri sin kiel parto de \u011di.","robots":{"index":"index","follow":"follow","max-snippet":"max-snippet:-1","max-image-preview":"max-image-preview:large","max-video-preview":"max-video-preview:-1"},"canonical":"https:\/\/museoomero.it\/eo\/edukado\/lernejoj\/infangardeno\/","og_locale":"eo_EO","og_type":"article","og_title":"Infan\u011dardeno - Museo Omero","og_description":"La propono por infanoj de 0 \u011dis 3 jaroj estis kreita por disvolvi ilian kapablon malfermi\u011di al la mondo kaj malkovri sin kiel parto de \u011di.","og_url":"https:\/\/museoomero.it\/eo\/edukado\/lernejoj\/infangardeno\/","og_site_name":"Museo Omero","article_modified_time":"2025-09-16T07:13:11+00:00","og_image":[{"width":1200,"height":802,"url":"https:\/\/museoomero.it\/wp-content\/uploads\/2024\/08\/Educazione-Scuole-nido.jpg","type":"image\/jpeg"}],"twitter_card":"summary_large_image","twitter_misc":{"Est. reading time":"2 minutes"},"schema":{"@context":"https:\/\/schema.org","@graph":[{"@type":"WebPage","@id":"https:\/\/museoomero.it\/eo\/edukado\/lernejoj\/infangardeno\/","url":"https:\/\/museoomero.it\/eo\/edukado\/lernejoj\/infangardeno\/","name":"Infan\u011dardeno - Museo Omero","isPartOf":{"@id":"https:\/\/museoomero.it\/eo\/#website"},"primaryImageOfPage":{"@id":"https:\/\/museoomero.it\/eo\/edukado\/lernejoj\/infangardeno\/#primaryimage"},"image":{"@id":"https:\/\/museoomero.it\/eo\/edukado\/lernejoj\/infangardeno\/#primaryimage"},"thumbnailUrl":"https:\/\/museoomero.it\/wp-content\/uploads\/2024\/08\/Educazione-Scuole-nido.jpg","datePublished":"2024-09-26T09:54:43+00:00","dateModified":"2025-09-16T07:13:11+00:00","description":"La propono por infanoj de 0 \u011dis 3 jaroj estis kreita por disvolvi ilian kapablon malfermi\u011di al la mondo kaj malkovri sin kiel parto de \u011di.","breadcrumb":{"@id":"https:\/\/museoomero.it\/eo\/edukado\/lernejoj\/infangardeno\/#breadcrumb"},"inLanguage":"eo-UY","potentialAction":[{"@type":"ReadAction","target":["https:\/\/museoomero.it\/eo\/edukado\/lernejoj\/infangardeno\/"]}]},{"@type":"ImageObject","inLanguage":"eo-UY","@id":"https:\/\/museoomero.it\/eo\/edukado\/lernejoj\/infangardeno\/#primaryimage","url":"https:\/\/museoomero.it\/wp-content\/uploads\/2024\/08\/Educazione-Scuole-nido.jpg","contentUrl":"https:\/\/museoomero.it\/wp-content\/uploads\/2024\/08\/Educazione-Scuole-nido.jpg","width":1200,"height":802,"caption":"Infanoj de kelkaj monatoj \u0109irka\u016d la arkitektura modelo de Piazza dei Miracoli"},{"@type":"BreadcrumbList","@id":"https:\/\/museoomero.it\/eo\/edukado\/lernejoj\/infangardeno\/#breadcrumb","itemListElement":[{"@type":"ListItem","position":1,"name":"Edukado","item":"https:\/\/museoomero.it\/eo\/edukado\/"},{"@type":"ListItem","position":2,"name":"Lernejoj","item":"https:\/\/museoomero.it\/eo\/edukado\/lernejoj\/"},{"@type":"ListItem","position":3,"name":"Infan\u011dardeno"}]},{"@type":"WebSite","@id":"https:\/\/museoomero.it\/eo\/#website","url":"https:\/\/museoomero.it\/eo\/","name":"Museo Omero","description":"Museo Tattile Statale","publisher":{"@id":"https:\/\/museoomero.it\/eo\/#organization"},"potentialAction":[{"@type":"SearchAction","target":{"@type":"EntryPoint","urlTemplate":"https:\/\/museoomero.it\/eo\/?s={search_term_string}"},"query-input":{"@type":"PropertyValueSpecification","valueRequired":true,"valueName":"search_term_string"}}],"inLanguage":"eo-UY"},{"@type":"Organization","@id":"https:\/\/museoomero.it\/eo\/#organization","name":"Museo Omero","url":"https:\/\/museoomero.it\/eo\/","logo":{"@type":"ImageObject","inLanguage":"eo-UY","@id":"https:\/\/museoomero.it\/eo\/#\/schema\/logo\/image\/","url":"https:\/\/museoomero.it\/wp-content\/uploads\/2019\/12\/logo_museoomero_nomibact.png","contentUrl":"https:\/\/museoomero.it\/wp-content\/uploads\/2019\/12\/logo_museoomero_nomibact.png","width":400,"height":127,"caption":"Museo Omero"},"image":{"@id":"https:\/\/museoomero.it\/eo\/#\/schema\/logo\/image\/"}}]}},"jetpack_sharing_enabled":true,"_links":{"self":[{"href":"https:\/\/museoomero.it\/eo\/wp-json\/wp\/v2\/pages\/34791","targetHints":{"allow":["GET"]}}],"collection":[{"href":"https:\/\/museoomero.it\/eo\/wp-json\/wp\/v2\/pages"}],"about":[{"href":"https:\/\/museoomero.it\/eo\/wp-json\/wp\/v2\/types\/page"}],"author":[{"embeddable":true,"href":"https:\/\/museoomero.it\/eo\/wp-json\/wp\/v2\/users\/6"}],"replies":[{"embeddable":true,"href":"https:\/\/museoomero.it\/eo\/wp-json\/wp\/v2\/comments?post=34791"}],"version-history":[{"count":5,"href":"https:\/\/museoomero.it\/eo\/wp-json\/wp\/v2\/pages\/34791\/revisions"}],"predecessor-version":[{"id":38872,"href":"https:\/\/museoomero.it\/eo\/wp-json\/wp\/v2\/pages\/34791\/revisions\/38872"}],"up":[{"embeddable":true,"href":"https:\/\/museoomero.it\/eo\/wp-json\/wp\/v2\/pages\/14507"}],"wp:featuredmedia":[{"embeddable":true,"href":"https:\/\/museoomero.it\/eo\/wp-json\/wp\/v2\/media\/34448"}],"wp:attachment":[{"href":"https:\/\/museoomero.it\/eo\/wp-json\/wp\/v2\/media?parent=34791"}],"curies":[{"name":"wp","href":"https:\/\/api.w.org\/{rel}","templated":true}]}}