{"id":38788,"date":"2025-09-15T09:59:14","date_gmt":"2025-09-15T07:59:14","guid":{"rendered":"http:\/\/museoomero.it\/?page_id=38788"},"modified":"2025-09-15T10:11:31","modified_gmt":"2025-09-15T08:11:31","slug":"media","status":"publish","type":"page","link":"https:\/\/museoomero.it\/eo\/media\/","title":{"rendered":"Medioj"},"content":{"rendered":"\n<p>En \u0109i tiu sekcio vi povas malkovri la eseojn, katalogojn kaj dispensojn a\u0109eteblajn \u0109e nia Librovendejo a\u016d rekte en la reta vendejo. <\/p>\n\n\n\n<p>La Muzeo Omero krome eldonas sian propran revuon &#8220;Aisthesis. Malkovri la arton per \u0109iuj sensoj&#8221; en la itala, angla kaj hispana lingvoj.<\/p>\n","protected":false},"excerpt":{"rendered":"<p>En \u0109i tiu sekcio vi povas malkovri la eseojn, katalogojn kaj dispensojn a\u0109eteblajn \u0109e nia Librovendejo a\u016d rekte en la reta vendejo. La Muzeo Omero krome eldonas sian propran revuon &#8220;Aisthesis. Malkovri la arton per \u0109iuj sensoj&#8221; en la itala, angla kaj hispana lingvoj.<\/p>\n","protected":false},"author":2,"featured_media":24209,"parent":0,"menu_order":2,"comment_status":"closed","ping_status":"closed","template":"","meta":{"_acf_changed":false,"footnotes":""},"class_list":["post-38788","page","type-page","status-publish","has-post-thumbnail","hentry"],"acf":[],"yoast_head":"<!-- This site is optimized with the Yoast SEO plugin v27.3 - https:\/\/yoast.com\/product\/yoast-seo-wordpress\/ -->\n<title>Medioj - Museo Omero<\/title>\n<meta name=\"description\" content=\"En \u0109i tiu sekcio vi povas malkovri la eseojn, katalogojn kaj dispensojn a\u0109eteblajn \u0109e nia Librovendejo a\u016d rekte en la reta vendejo.\" \/>\n<meta name=\"robots\" content=\"index, follow, max-snippet:-1, max-image-preview:large, max-video-preview:-1\" \/>\n<link rel=\"canonical\" href=\"https:\/\/museoomero.it\/eo\/media\/\" \/>\n<meta property=\"og:locale\" content=\"eo_EO\" \/>\n<meta property=\"og:type\" content=\"article\" \/>\n<meta property=\"og:title\" content=\"Medioj - Museo Omero\" \/>\n<meta property=\"og:description\" content=\"En \u0109i tiu sekcio vi povas malkovri la eseojn, katalogojn kaj dispensojn a\u0109eteblajn \u0109e nia Librovendejo a\u016d rekte en la reta vendejo.\" \/>\n<meta property=\"og:url\" content=\"https:\/\/museoomero.it\/eo\/media\/\" \/>\n<meta property=\"og:site_name\" content=\"Museo Omero\" \/>\n<meta property=\"article:modified_time\" content=\"2025-09-15T08:11:31+00:00\" \/>\n<meta property=\"og:image\" content=\"https:\/\/museoomero.it\/wp-content\/uploads\/2022\/03\/media-museo-omero-ragazza-che-scatta-una-foto.jpg\" \/>\n\t<meta property=\"og:image:width\" content=\"1024\" \/>\n\t<meta property=\"og:image:height\" content=\"684\" \/>\n\t<meta property=\"og:image:type\" content=\"image\/jpeg\" \/>\n<meta name=\"twitter:card\" content=\"summary_large_image\" \/>\n<meta name=\"twitter:label1\" content=\"Est. reading time\" \/>\n\t<meta name=\"twitter:data1\" content=\"1 minute\" \/>\n<script type=\"application\/ld+json\" class=\"yoast-schema-graph\">{\"@context\":\"https:\\\/\\\/schema.org\",\"@graph\":[{\"@type\":\"WebPage\",\"@id\":\"https:\\\/\\\/museoomero.it\\\/eo\\\/media\\\/\",\"url\":\"https:\\\/\\\/museoomero.it\\\/eo\\\/media\\\/\",\"name\":\"Medioj - Museo Omero\",\"isPartOf\":{\"@id\":\"https:\\\/\\\/museoomero.it\\\/eo\\\/#website\"},\"primaryImageOfPage\":{\"@id\":\"https:\\\/\\\/museoomero.it\\\/eo\\\/media\\\/#primaryimage\"},\"image\":{\"@id\":\"https:\\\/\\\/museoomero.it\\\/eo\\\/media\\\/#primaryimage\"},\"thumbnailUrl\":\"https:\\\/\\\/museoomero.it\\\/wp-content\\\/uploads\\\/2022\\\/03\\\/media-museo-omero-ragazza-che-scatta-una-foto.jpg\",\"datePublished\":\"2025-09-15T07:59:14+00:00\",\"dateModified\":\"2025-09-15T08:11:31+00:00\",\"description\":\"En \u0109i tiu sekcio vi povas malkovri la eseojn, katalogojn kaj dispensojn a\u0109eteblajn \u0109e nia Librovendejo a\u016d rekte en la reta vendejo.\",\"inLanguage\":\"eo-UY\",\"potentialAction\":[{\"@type\":\"ReadAction\",\"target\":[\"https:\\\/\\\/museoomero.it\\\/eo\\\/media\\\/\"]}]},{\"@type\":\"ImageObject\",\"inLanguage\":\"eo-UY\",\"@id\":\"https:\\\/\\\/museoomero.it\\\/eo\\\/media\\\/#primaryimage\",\"url\":\"https:\\\/\\\/museoomero.it\\\/wp-content\\\/uploads\\\/2022\\\/03\\\/media-museo-omero-ragazza-che-scatta-una-foto.jpg\",\"contentUrl\":\"https:\\\/\\\/museoomero.it\\\/wp-content\\\/uploads\\\/2022\\\/03\\\/media-museo-omero-ragazza-che-scatta-una-foto.jpg\",\"width\":1024,\"height\":684},{\"@type\":\"WebSite\",\"@id\":\"https:\\\/\\\/museoomero.it\\\/eo\\\/#website\",\"url\":\"https:\\\/\\\/museoomero.it\\\/eo\\\/\",\"name\":\"Museo Omero\",\"description\":\"Museo Tattile Statale\",\"publisher\":{\"@id\":\"https:\\\/\\\/museoomero.it\\\/eo\\\/#organization\"},\"potentialAction\":[{\"@type\":\"SearchAction\",\"target\":{\"@type\":\"EntryPoint\",\"urlTemplate\":\"https:\\\/\\\/museoomero.it\\\/eo\\\/?s={search_term_string}\"},\"query-input\":{\"@type\":\"PropertyValueSpecification\",\"valueRequired\":true,\"valueName\":\"search_term_string\"}}],\"inLanguage\":\"eo-UY\"},{\"@type\":\"Organization\",\"@id\":\"https:\\\/\\\/museoomero.it\\\/eo\\\/#organization\",\"name\":\"Museo Omero\",\"url\":\"https:\\\/\\\/museoomero.it\\\/eo\\\/\",\"logo\":{\"@type\":\"ImageObject\",\"inLanguage\":\"eo-UY\",\"@id\":\"https:\\\/\\\/museoomero.it\\\/eo\\\/#\\\/schema\\\/logo\\\/image\\\/\",\"url\":\"https:\\\/\\\/museoomero.it\\\/wp-content\\\/uploads\\\/2019\\\/12\\\/logo_museoomero_nomibact.png\",\"contentUrl\":\"https:\\\/\\\/museoomero.it\\\/wp-content\\\/uploads\\\/2019\\\/12\\\/logo_museoomero_nomibact.png\",\"width\":400,\"height\":127,\"caption\":\"Museo Omero\"},\"image\":{\"@id\":\"https:\\\/\\\/museoomero.it\\\/eo\\\/#\\\/schema\\\/logo\\\/image\\\/\"}}]}<\/script>\n<!-- \/ Yoast SEO plugin. -->","yoast_head_json":{"title":"Medioj - Museo Omero","description":"En \u0109i tiu sekcio vi povas malkovri la eseojn, katalogojn kaj dispensojn a\u0109eteblajn \u0109e nia Librovendejo a\u016d rekte en la reta vendejo.","robots":{"index":"index","follow":"follow","max-snippet":"max-snippet:-1","max-image-preview":"max-image-preview:large","max-video-preview":"max-video-preview:-1"},"canonical":"https:\/\/museoomero.it\/eo\/media\/","og_locale":"eo_EO","og_type":"article","og_title":"Medioj - Museo Omero","og_description":"En \u0109i tiu sekcio vi povas malkovri la eseojn, katalogojn kaj dispensojn a\u0109eteblajn \u0109e nia Librovendejo a\u016d rekte en la reta vendejo.","og_url":"https:\/\/museoomero.it\/eo\/media\/","og_site_name":"Museo Omero","article_modified_time":"2025-09-15T08:11:31+00:00","og_image":[{"width":1024,"height":684,"url":"https:\/\/museoomero.it\/wp-content\/uploads\/2022\/03\/media-museo-omero-ragazza-che-scatta-una-foto.jpg","type":"image\/jpeg"}],"twitter_card":"summary_large_image","twitter_misc":{"Est. reading time":"1 minute"},"schema":{"@context":"https:\/\/schema.org","@graph":[{"@type":"WebPage","@id":"https:\/\/museoomero.it\/eo\/media\/","url":"https:\/\/museoomero.it\/eo\/media\/","name":"Medioj - Museo Omero","isPartOf":{"@id":"https:\/\/museoomero.it\/eo\/#website"},"primaryImageOfPage":{"@id":"https:\/\/museoomero.it\/eo\/media\/#primaryimage"},"image":{"@id":"https:\/\/museoomero.it\/eo\/media\/#primaryimage"},"thumbnailUrl":"https:\/\/museoomero.it\/wp-content\/uploads\/2022\/03\/media-museo-omero-ragazza-che-scatta-una-foto.jpg","datePublished":"2025-09-15T07:59:14+00:00","dateModified":"2025-09-15T08:11:31+00:00","description":"En \u0109i tiu sekcio vi povas malkovri la eseojn, katalogojn kaj dispensojn a\u0109eteblajn \u0109e nia Librovendejo a\u016d rekte en la reta vendejo.","inLanguage":"eo-UY","potentialAction":[{"@type":"ReadAction","target":["https:\/\/museoomero.it\/eo\/media\/"]}]},{"@type":"ImageObject","inLanguage":"eo-UY","@id":"https:\/\/museoomero.it\/eo\/media\/#primaryimage","url":"https:\/\/museoomero.it\/wp-content\/uploads\/2022\/03\/media-museo-omero-ragazza-che-scatta-una-foto.jpg","contentUrl":"https:\/\/museoomero.it\/wp-content\/uploads\/2022\/03\/media-museo-omero-ragazza-che-scatta-una-foto.jpg","width":1024,"height":684},{"@type":"WebSite","@id":"https:\/\/museoomero.it\/eo\/#website","url":"https:\/\/museoomero.it\/eo\/","name":"Museo Omero","description":"Museo Tattile Statale","publisher":{"@id":"https:\/\/museoomero.it\/eo\/#organization"},"potentialAction":[{"@type":"SearchAction","target":{"@type":"EntryPoint","urlTemplate":"https:\/\/museoomero.it\/eo\/?s={search_term_string}"},"query-input":{"@type":"PropertyValueSpecification","valueRequired":true,"valueName":"search_term_string"}}],"inLanguage":"eo-UY"},{"@type":"Organization","@id":"https:\/\/museoomero.it\/eo\/#organization","name":"Museo Omero","url":"https:\/\/museoomero.it\/eo\/","logo":{"@type":"ImageObject","inLanguage":"eo-UY","@id":"https:\/\/museoomero.it\/eo\/#\/schema\/logo\/image\/","url":"https:\/\/museoomero.it\/wp-content\/uploads\/2019\/12\/logo_museoomero_nomibact.png","contentUrl":"https:\/\/museoomero.it\/wp-content\/uploads\/2019\/12\/logo_museoomero_nomibact.png","width":400,"height":127,"caption":"Museo Omero"},"image":{"@id":"https:\/\/museoomero.it\/eo\/#\/schema\/logo\/image\/"}}]}},"jetpack_sharing_enabled":true,"_links":{"self":[{"href":"https:\/\/museoomero.it\/eo\/wp-json\/wp\/v2\/pages\/38788","targetHints":{"allow":["GET"]}}],"collection":[{"href":"https:\/\/museoomero.it\/eo\/wp-json\/wp\/v2\/pages"}],"about":[{"href":"https:\/\/museoomero.it\/eo\/wp-json\/wp\/v2\/types\/page"}],"author":[{"embeddable":true,"href":"https:\/\/museoomero.it\/eo\/wp-json\/wp\/v2\/users\/2"}],"replies":[{"embeddable":true,"href":"https:\/\/museoomero.it\/eo\/wp-json\/wp\/v2\/comments?post=38788"}],"version-history":[{"count":3,"href":"https:\/\/museoomero.it\/eo\/wp-json\/wp\/v2\/pages\/38788\/revisions"}],"predecessor-version":[{"id":38859,"href":"https:\/\/museoomero.it\/eo\/wp-json\/wp\/v2\/pages\/38788\/revisions\/38859"}],"wp:featuredmedia":[{"embeddable":true,"href":"https:\/\/museoomero.it\/eo\/wp-json\/wp\/v2\/media\/24209"}],"wp:attachment":[{"href":"https:\/\/museoomero.it\/eo\/wp-json\/wp\/v2\/media?parent=38788"}],"curies":[{"name":"wp","href":"https:\/\/api.w.org\/{rel}","templated":true}]}}