{"id":16600,"date":"2020-11-03T13:16:37","date_gmt":"2020-11-16T14:11:34","guid":{"rendered":"http:\/\/nuovosito.museoomero.it\/?post_type=product&#038;p=16600"},"modified":"2020-11-23T11:32:43","modified_gmt":"2020-11-23T10:32:43","slug":"per-unestetica-della-tattilita-ma-esistono-davvero-arti-visive","status":"publish","type":"product","link":"https:\/\/museoomero.it\/eo\/prodotto\/per-unestetica-della-tattilita-ma-esistono-davvero-arti-visive\/","title":{"rendered":"Sa\u011da Per un\u2019estetica della tattilit\u00e0 \u2013 Ma esistono davvero arti visive?"},"content":{"rendered":"<p>\u0108u belecon oni perceptas nur per okuloj? \u0108u vere ekzistas vidaj artoj? Kaj kiu rilato ekzistas inter blinduloj kaj la diversaj artaj formoj? Se anka\u016d blinduloj aprezas belecon, tio signifas, ke ekzistas Aliaj alirvojoj al arto. Kaj kial ili ne devus ta\u016dgi anka\u016d por vidantoj? Se palpsento havas propran specifan estetikon kaj se palpsento apartenas al \u0109iuj, jen nova maniero \u011dui arton, kiu, mobilizante \u0109iujn sensojn, kondukas nin al tuteca kontakto kun tio kio belas.<br \/>\nAldo Grassini, Prezidanto kaj elpensinto de la \u015ctata Palpsenta Muzeo Homero, anta\u016denpu\u015dis \u011dian reskadon kaj disvolvi\u011don.Li estas konsiderata unu el la plej grandaj spertuloj pri la problemoj de alirebleco al arto. En la reta katalogo de la sonbiblioteko Centro Nazionale del Libro Parlato de Unione Italiana dei Ciechi e degli Ipovedenti ONLUS Disponeblas la sonlibro kun katalognumero 87294 (oni povas pruntepreni la kompaktdiskon kaj\/a\u016d el\u015duti laverkon en formato mp3 el la retejo, post registri\u011do). De la brajla biblioteko Biblioteca Italiana per i Ciechi Regina Margherita ONLUS en Monza Oni povas pruntepreni la brajlan ekzempleron.<\/p>\n<p>Eseo de Aldo Grassini por la eldonejo Armando Editore.<\/p>\n","protected":false},"excerpt":{"rendered":"<p>Speco: Eseo<br \/>\nPa\u011doj: 171<br \/>\nEldono: Armando Editore<\/p>\n","protected":false},"featured_media":10938,"template":"","meta":{"_acf_changed":false},"product_brand":[],"product_cat":[496],"product_tag":[],"class_list":{"0":"post-16600","1":"product","2":"type-product","3":"status-publish","4":"has-post-thumbnail","6":"product_cat-vetrino","8":"first","9":"instock","10":"purchasable","11":"product-type-simple"},"acf":[],"yoast_head":"<!-- This site is optimized with the Yoast SEO plugin v27.4 - https:\/\/yoast.com\/product\/yoast-seo-wordpress\/ -->\n<title>Sa\u011da Per un\u2019estetica della tattilit\u00e0 \u2013 Ma esistono davvero arti visive? - Museo Omero<\/title>\n<meta name=\"robots\" content=\"index, follow, max-snippet:-1, max-image-preview:large, max-video-preview:-1\" \/>\n<link rel=\"canonical\" href=\"https:\/\/museoomero.it\/eo\/prodotto\/per-unestetica-della-tattilita-ma-esistono-davvero-arti-visive\/\" \/>\n<meta property=\"og:locale\" content=\"eo_EO\" \/>\n<meta property=\"og:type\" content=\"article\" \/>\n<meta property=\"og:title\" content=\"Sa\u011da Per un\u2019estetica della tattilit\u00e0 \u2013 Ma esistono davvero arti visive? - Museo Omero\" \/>\n<meta property=\"og:description\" content=\"Speco: Eseo Pa\u011doj: 171 Eldono: Armando Editore\" \/>\n<meta property=\"og:url\" content=\"https:\/\/museoomero.it\/eo\/prodotto\/per-unestetica-della-tattilita-ma-esistono-davvero-arti-visive\/\" \/>\n<meta property=\"og:site_name\" content=\"Museo Omero\" \/>\n<meta property=\"article:modified_time\" content=\"2020-11-23T10:32:43+00:00\" \/>\n<meta property=\"og:image\" content=\"https:\/\/museoomero.it\/wp-content\/uploads\/2020\/09\/pubblicazioni-per-estetica-tattilita-2015.jpg\" \/>\n\t<meta property=\"og:image:width\" content=\"849\" \/>\n\t<meta property=\"og:image:height\" content=\"1200\" \/>\n\t<meta property=\"og:image:type\" content=\"image\/jpeg\" \/>\n<meta name=\"twitter:card\" content=\"summary_large_image\" \/>\n<meta name=\"twitter:label1\" content=\"Est. reading time\" \/>\n\t<meta name=\"twitter:data1\" content=\"1 minute\" \/>\n<script type=\"application\/ld+json\" class=\"yoast-schema-graph\">{\"@context\":\"https:\\\/\\\/schema.org\",\"@graph\":[{\"@type\":\"WebPage\",\"@id\":\"https:\\\/\\\/museoomero.it\\\/eo\\\/prodotto\\\/per-unestetica-della-tattilita-ma-esistono-davvero-arti-visive\\\/\",\"url\":\"https:\\\/\\\/museoomero.it\\\/eo\\\/prodotto\\\/per-unestetica-della-tattilita-ma-esistono-davvero-arti-visive\\\/\",\"name\":\"Sa\u011da Per un\u2019estetica della tattilit\u00e0 \u2013 Ma esistono davvero arti visive? - Museo Omero\",\"isPartOf\":{\"@id\":\"https:\\\/\\\/museoomero.it\\\/eo\\\/#website\"},\"primaryImageOfPage\":{\"@id\":\"https:\\\/\\\/museoomero.it\\\/eo\\\/prodotto\\\/per-unestetica-della-tattilita-ma-esistono-davvero-arti-visive\\\/#primaryimage\"},\"image\":{\"@id\":\"https:\\\/\\\/museoomero.it\\\/eo\\\/prodotto\\\/per-unestetica-della-tattilita-ma-esistono-davvero-arti-visive\\\/#primaryimage\"},\"thumbnailUrl\":\"https:\\\/\\\/museoomero.it\\\/wp-content\\\/uploads\\\/2020\\\/09\\\/pubblicazioni-per-estetica-tattilita-2015.jpg\",\"datePublished\":\"2020-11-16T14:11:34+00:00\",\"dateModified\":\"2020-11-23T10:32:43+00:00\",\"breadcrumb\":{\"@id\":\"https:\\\/\\\/museoomero.it\\\/eo\\\/prodotto\\\/per-unestetica-della-tattilita-ma-esistono-davvero-arti-visive\\\/#breadcrumb\"},\"inLanguage\":\"eo-UY\",\"potentialAction\":[{\"@type\":\"ReadAction\",\"target\":[\"https:\\\/\\\/museoomero.it\\\/eo\\\/prodotto\\\/per-unestetica-della-tattilita-ma-esistono-davvero-arti-visive\\\/\"]}]},{\"@type\":\"ImageObject\",\"inLanguage\":\"eo-UY\",\"@id\":\"https:\\\/\\\/museoomero.it\\\/eo\\\/prodotto\\\/per-unestetica-della-tattilita-ma-esistono-davvero-arti-visive\\\/#primaryimage\",\"url\":\"https:\\\/\\\/museoomero.it\\\/wp-content\\\/uploads\\\/2020\\\/09\\\/pubblicazioni-per-estetica-tattilita-2015.jpg\",\"contentUrl\":\"https:\\\/\\\/museoomero.it\\\/wp-content\\\/uploads\\\/2020\\\/09\\\/pubblicazioni-per-estetica-tattilita-2015.jpg\",\"width\":849,\"height\":1200,\"caption\":\"Per un'estetica della tattilita' - Ma esistono davvero arti visive\"},{\"@type\":\"BreadcrumbList\",\"@id\":\"https:\\\/\\\/museoomero.it\\\/eo\\\/prodotto\\\/per-unestetica-della-tattilita-ma-esistono-davvero-arti-visive\\\/#breadcrumb\",\"itemListElement\":[{\"@type\":\"ListItem\",\"position\":1,\"name\":\"A\u0109etejo\",\"item\":\"https:\\\/\\\/museoomero.it\\\/eo\\\/acetejo\\\/\"},{\"@type\":\"ListItem\",\"position\":2,\"name\":\"Sa\u011da Per un\u2019estetica della tattilit\u00e0 \u2013 Ma esistono davvero arti visive?\"}]},{\"@type\":\"WebSite\",\"@id\":\"https:\\\/\\\/museoomero.it\\\/eo\\\/#website\",\"url\":\"https:\\\/\\\/museoomero.it\\\/eo\\\/\",\"name\":\"Museo Omero\",\"description\":\"Museo Tattile Statale\",\"publisher\":{\"@id\":\"https:\\\/\\\/museoomero.it\\\/eo\\\/#organization\"},\"potentialAction\":[{\"@type\":\"SearchAction\",\"target\":{\"@type\":\"EntryPoint\",\"urlTemplate\":\"https:\\\/\\\/museoomero.it\\\/eo\\\/?s={search_term_string}\"},\"query-input\":{\"@type\":\"PropertyValueSpecification\",\"valueRequired\":true,\"valueName\":\"search_term_string\"}}],\"inLanguage\":\"eo-UY\"},{\"@type\":\"Organization\",\"@id\":\"https:\\\/\\\/museoomero.it\\\/eo\\\/#organization\",\"name\":\"Museo Omero\",\"url\":\"https:\\\/\\\/museoomero.it\\\/eo\\\/\",\"logo\":{\"@type\":\"ImageObject\",\"inLanguage\":\"eo-UY\",\"@id\":\"https:\\\/\\\/museoomero.it\\\/eo\\\/#\\\/schema\\\/logo\\\/image\\\/\",\"url\":\"https:\\\/\\\/museoomero.it\\\/wp-content\\\/uploads\\\/2019\\\/12\\\/logo_museoomero_nomibact.png\",\"contentUrl\":\"https:\\\/\\\/museoomero.it\\\/wp-content\\\/uploads\\\/2019\\\/12\\\/logo_museoomero_nomibact.png\",\"width\":400,\"height\":127,\"caption\":\"Museo Omero\"},\"image\":{\"@id\":\"https:\\\/\\\/museoomero.it\\\/eo\\\/#\\\/schema\\\/logo\\\/image\\\/\"}}]}<\/script>\n<!-- \/ Yoast SEO plugin. -->","yoast_head_json":{"title":"Sa\u011da Per un\u2019estetica della tattilit\u00e0 \u2013 Ma esistono davvero arti visive? - Museo Omero","robots":{"index":"index","follow":"follow","max-snippet":"max-snippet:-1","max-image-preview":"max-image-preview:large","max-video-preview":"max-video-preview:-1"},"canonical":"https:\/\/museoomero.it\/eo\/prodotto\/per-unestetica-della-tattilita-ma-esistono-davvero-arti-visive\/","og_locale":"eo_EO","og_type":"article","og_title":"Sa\u011da Per un\u2019estetica della tattilit\u00e0 \u2013 Ma esistono davvero arti visive? - Museo Omero","og_description":"Speco: Eseo Pa\u011doj: 171 Eldono: Armando Editore","og_url":"https:\/\/museoomero.it\/eo\/prodotto\/per-unestetica-della-tattilita-ma-esistono-davvero-arti-visive\/","og_site_name":"Museo Omero","article_modified_time":"2020-11-23T10:32:43+00:00","og_image":[{"width":849,"height":1200,"url":"https:\/\/museoomero.it\/wp-content\/uploads\/2020\/09\/pubblicazioni-per-estetica-tattilita-2015.jpg","type":"image\/jpeg"}],"twitter_card":"summary_large_image","twitter_misc":{"Est. reading time":"1 minute"},"schema":{"@context":"https:\/\/schema.org","@graph":[{"@type":"WebPage","@id":"https:\/\/museoomero.it\/eo\/prodotto\/per-unestetica-della-tattilita-ma-esistono-davvero-arti-visive\/","url":"https:\/\/museoomero.it\/eo\/prodotto\/per-unestetica-della-tattilita-ma-esistono-davvero-arti-visive\/","name":"Sa\u011da Per un\u2019estetica della tattilit\u00e0 \u2013 Ma esistono davvero arti visive? - Museo Omero","isPartOf":{"@id":"https:\/\/museoomero.it\/eo\/#website"},"primaryImageOfPage":{"@id":"https:\/\/museoomero.it\/eo\/prodotto\/per-unestetica-della-tattilita-ma-esistono-davvero-arti-visive\/#primaryimage"},"image":{"@id":"https:\/\/museoomero.it\/eo\/prodotto\/per-unestetica-della-tattilita-ma-esistono-davvero-arti-visive\/#primaryimage"},"thumbnailUrl":"https:\/\/museoomero.it\/wp-content\/uploads\/2020\/09\/pubblicazioni-per-estetica-tattilita-2015.jpg","datePublished":"2020-11-16T14:11:34+00:00","dateModified":"2020-11-23T10:32:43+00:00","breadcrumb":{"@id":"https:\/\/museoomero.it\/eo\/prodotto\/per-unestetica-della-tattilita-ma-esistono-davvero-arti-visive\/#breadcrumb"},"inLanguage":"eo-UY","potentialAction":[{"@type":"ReadAction","target":["https:\/\/museoomero.it\/eo\/prodotto\/per-unestetica-della-tattilita-ma-esistono-davvero-arti-visive\/"]}]},{"@type":"ImageObject","inLanguage":"eo-UY","@id":"https:\/\/museoomero.it\/eo\/prodotto\/per-unestetica-della-tattilita-ma-esistono-davvero-arti-visive\/#primaryimage","url":"https:\/\/museoomero.it\/wp-content\/uploads\/2020\/09\/pubblicazioni-per-estetica-tattilita-2015.jpg","contentUrl":"https:\/\/museoomero.it\/wp-content\/uploads\/2020\/09\/pubblicazioni-per-estetica-tattilita-2015.jpg","width":849,"height":1200,"caption":"Per un'estetica della tattilita' - Ma esistono davvero arti visive"},{"@type":"BreadcrumbList","@id":"https:\/\/museoomero.it\/eo\/prodotto\/per-unestetica-della-tattilita-ma-esistono-davvero-arti-visive\/#breadcrumb","itemListElement":[{"@type":"ListItem","position":1,"name":"A\u0109etejo","item":"https:\/\/museoomero.it\/eo\/acetejo\/"},{"@type":"ListItem","position":2,"name":"Sa\u011da Per un\u2019estetica della tattilit\u00e0 \u2013 Ma esistono davvero arti visive?"}]},{"@type":"WebSite","@id":"https:\/\/museoomero.it\/eo\/#website","url":"https:\/\/museoomero.it\/eo\/","name":"Museo Omero","description":"Museo Tattile Statale","publisher":{"@id":"https:\/\/museoomero.it\/eo\/#organization"},"potentialAction":[{"@type":"SearchAction","target":{"@type":"EntryPoint","urlTemplate":"https:\/\/museoomero.it\/eo\/?s={search_term_string}"},"query-input":{"@type":"PropertyValueSpecification","valueRequired":true,"valueName":"search_term_string"}}],"inLanguage":"eo-UY"},{"@type":"Organization","@id":"https:\/\/museoomero.it\/eo\/#organization","name":"Museo Omero","url":"https:\/\/museoomero.it\/eo\/","logo":{"@type":"ImageObject","inLanguage":"eo-UY","@id":"https:\/\/museoomero.it\/eo\/#\/schema\/logo\/image\/","url":"https:\/\/museoomero.it\/wp-content\/uploads\/2019\/12\/logo_museoomero_nomibact.png","contentUrl":"https:\/\/museoomero.it\/wp-content\/uploads\/2019\/12\/logo_museoomero_nomibact.png","width":400,"height":127,"caption":"Museo Omero"},"image":{"@id":"https:\/\/museoomero.it\/eo\/#\/schema\/logo\/image\/"}}]}},"jetpack_sharing_enabled":true,"_links":{"self":[{"href":"https:\/\/museoomero.it\/eo\/wp-json\/wp\/v2\/product\/16600","targetHints":{"allow":["GET"]}}],"collection":[{"href":"https:\/\/museoomero.it\/eo\/wp-json\/wp\/v2\/product"}],"about":[{"href":"https:\/\/museoomero.it\/eo\/wp-json\/wp\/v2\/types\/product"}],"wp:featuredmedia":[{"embeddable":true,"href":"https:\/\/museoomero.it\/eo\/wp-json\/wp\/v2\/media\/10938"}],"wp:attachment":[{"href":"https:\/\/museoomero.it\/eo\/wp-json\/wp\/v2\/media?parent=16600"}],"wp:term":[{"taxonomy":"product_brand","embeddable":true,"href":"https:\/\/museoomero.it\/eo\/wp-json\/wp\/v2\/product_brand?post=16600"},{"taxonomy":"product_cat","embeddable":true,"href":"https:\/\/museoomero.it\/eo\/wp-json\/wp\/v2\/product_cat?post=16600"},{"taxonomy":"product_tag","embeddable":true,"href":"https:\/\/museoomero.it\/eo\/wp-json\/wp\/v2\/product_tag?post=16600"}],"curies":[{"name":"wp","href":"https:\/\/api.w.org\/{rel}","templated":true}]}}