{"id":16613,"date":"2015-09-11T11:12:46","date_gmt":"2020-11-16T15:16:17","guid":{"rendered":"http:\/\/nuovosito.museoomero.it\/?post_type=product&#038;p=16613"},"modified":"2020-11-18T16:54:00","modified_gmt":"2020-11-18T15:54:00","slug":"katalogo-percepire-il-soffio-una-mostra-di-silvia-fiorentino","status":"publish","type":"product","link":"https:\/\/museoomero.it\/eo\/prodotto\/katalogo-percepire-il-soffio-una-mostra-di-silvia-fiorentino\/","title":{"rendered":"Katalogo Percepire il soffio una mostra di Silvia Fiorentino"},"content":{"rendered":"<p>Katalogo de la ekspozicio &#8220;Percepti la blovadon&#8221; de Silvia Fiorentino organizita \u0109e Komplekso Vanvitelli de Ankono de la 16-a de Julio \u011dis la 14-a de Septembro 2014. La\u016d grafika projekto de Loretta Tavoloni, la katalogo prezentas sur 40 pa\u011doj la kreivan substancon de la artistino kaj ampleksan trarigardon de \u015diaj plej lastaj verkoj kaj ekspoziciaj momentoj. Zorge de Valerio Deh\u00f2. Eldonjaro: 2014.<\/p>\n","protected":false},"excerpt":{"rendered":"<p>Katalogo de la ekspozicio &#8220;Percepti la blovadon&#8221; de Silvia Fiorentino organizita \u0109e Komplekso Vanvitelli de Ankono de la 16-a de Julio \u011dis la 14-a de Septembro 2014. La\u016d grafika projekto de Loretta Tavoloni, la katalogo prezentas sur 40 pa\u011doj la kreivan substancon de la artistino kaj ampleksan trarigardon de \u015diaj plej lastaj verkoj kaj ekspoziciaj [&#8230;] <span class=\"sr-only\"><a href=\"https:\/\/museoomero.it\/eo\/prodotto\/katalogo-percepire-il-soffio-una-mostra-di-silvia-fiorentino\/\">Continua a leggere: Katalogo Percepire il soffio una mostra di Silvia Fiorentino<\/a><\/span><\/p>\n","protected":false},"featured_media":10977,"template":"","meta":{"_acf_changed":false},"product_brand":[],"product_cat":[15],"product_tag":[],"class_list":{"0":"post-16613","1":"product","2":"type-product","3":"status-publish","4":"has-post-thumbnail","6":"product_cat-cataloghi-saggi-dispense","8":"first","9":"instock","10":"purchasable","11":"product-type-simple"},"acf":[],"yoast_head":"<!-- This site is optimized with the Yoast SEO plugin v27.4 - https:\/\/yoast.com\/product\/yoast-seo-wordpress\/ -->\n<title>Katalogo Percepire il soffio una mostra di Silvia Fiorentino - Museo Omero<\/title>\n<meta name=\"robots\" content=\"index, follow, max-snippet:-1, max-image-preview:large, max-video-preview:-1\" \/>\n<link rel=\"canonical\" href=\"https:\/\/museoomero.it\/eo\/prodotto\/katalogo-percepire-il-soffio-una-mostra-di-silvia-fiorentino\/\" \/>\n<meta property=\"og:locale\" content=\"eo_EO\" \/>\n<meta property=\"og:type\" content=\"article\" \/>\n<meta property=\"og:title\" content=\"Katalogo Percepire il soffio una mostra di Silvia Fiorentino - Museo Omero\" \/>\n<meta property=\"og:description\" content=\"Katalogo de la ekspozicio &#8220;Percepti la blovadon&#8221; de Silvia Fiorentino organizita \u0109e Komplekso Vanvitelli de Ankono de la 16-a de Julio \u011dis la 14-a de Septembro 2014. La\u016d grafika projekto de Loretta Tavoloni, la katalogo prezentas sur 40 pa\u011doj la kreivan substancon de la artistino kaj ampleksan trarigardon de \u015diaj plej lastaj verkoj kaj ekspoziciaj [...] Continua a leggere: Katalogo Percepire il soffio una mostra di Silvia Fiorentino\" \/>\n<meta property=\"og:url\" content=\"https:\/\/museoomero.it\/eo\/prodotto\/katalogo-percepire-il-soffio-una-mostra-di-silvia-fiorentino\/\" \/>\n<meta property=\"og:site_name\" content=\"Museo Omero\" \/>\n<meta property=\"article:modified_time\" content=\"2020-11-18T15:54:00+00:00\" \/>\n<meta property=\"og:image\" content=\"https:\/\/museoomero.it\/wp-content\/uploads\/2020\/09\/pubblicazioni-rinascimento-oltre-immagine.jpg\" \/>\n\t<meta property=\"og:image:width\" content=\"1200\" \/>\n\t<meta property=\"og:image:height\" content=\"1203\" \/>\n\t<meta property=\"og:image:type\" content=\"image\/jpeg\" \/>\n<meta name=\"twitter:card\" content=\"summary_large_image\" \/>\n<script type=\"application\/ld+json\" class=\"yoast-schema-graph\">{\"@context\":\"https:\\\/\\\/schema.org\",\"@graph\":[{\"@type\":\"WebPage\",\"@id\":\"https:\\\/\\\/museoomero.it\\\/eo\\\/prodotto\\\/katalogo-percepire-il-soffio-una-mostra-di-silvia-fiorentino\\\/\",\"url\":\"https:\\\/\\\/museoomero.it\\\/eo\\\/prodotto\\\/katalogo-percepire-il-soffio-una-mostra-di-silvia-fiorentino\\\/\",\"name\":\"Katalogo Percepire il soffio una mostra di Silvia Fiorentino - Museo Omero\",\"isPartOf\":{\"@id\":\"https:\\\/\\\/museoomero.it\\\/eo\\\/#website\"},\"primaryImageOfPage\":{\"@id\":\"https:\\\/\\\/museoomero.it\\\/eo\\\/prodotto\\\/katalogo-percepire-il-soffio-una-mostra-di-silvia-fiorentino\\\/#primaryimage\"},\"image\":{\"@id\":\"https:\\\/\\\/museoomero.it\\\/eo\\\/prodotto\\\/katalogo-percepire-il-soffio-una-mostra-di-silvia-fiorentino\\\/#primaryimage\"},\"thumbnailUrl\":\"https:\\\/\\\/museoomero.it\\\/wp-content\\\/uploads\\\/2020\\\/09\\\/pubblicazioni-rinascimento-oltre-immagine.jpg\",\"datePublished\":\"2020-11-16T15:16:17+00:00\",\"dateModified\":\"2020-11-18T15:54:00+00:00\",\"breadcrumb\":{\"@id\":\"https:\\\/\\\/museoomero.it\\\/eo\\\/prodotto\\\/katalogo-percepire-il-soffio-una-mostra-di-silvia-fiorentino\\\/#breadcrumb\"},\"inLanguage\":\"eo-UY\",\"potentialAction\":[{\"@type\":\"ReadAction\",\"target\":[\"https:\\\/\\\/museoomero.it\\\/eo\\\/prodotto\\\/katalogo-percepire-il-soffio-una-mostra-di-silvia-fiorentino\\\/\"]}]},{\"@type\":\"ImageObject\",\"inLanguage\":\"eo-UY\",\"@id\":\"https:\\\/\\\/museoomero.it\\\/eo\\\/prodotto\\\/katalogo-percepire-il-soffio-una-mostra-di-silvia-fiorentino\\\/#primaryimage\",\"url\":\"https:\\\/\\\/museoomero.it\\\/wp-content\\\/uploads\\\/2020\\\/09\\\/pubblicazioni-rinascimento-oltre-immagine.jpg\",\"contentUrl\":\"https:\\\/\\\/museoomero.it\\\/wp-content\\\/uploads\\\/2020\\\/09\\\/pubblicazioni-rinascimento-oltre-immagine.jpg\",\"width\":1200,\"height\":1203,\"caption\":\"Catalogo Il Rinascimento oltre l'immagine\"},{\"@type\":\"BreadcrumbList\",\"@id\":\"https:\\\/\\\/museoomero.it\\\/eo\\\/prodotto\\\/katalogo-percepire-il-soffio-una-mostra-di-silvia-fiorentino\\\/#breadcrumb\",\"itemListElement\":[{\"@type\":\"ListItem\",\"position\":1,\"name\":\"A\u0109etejo\",\"item\":\"https:\\\/\\\/museoomero.it\\\/eo\\\/acetejo\\\/\"},{\"@type\":\"ListItem\",\"position\":2,\"name\":\"Katalogo Percepire il soffio una mostra di Silvia Fiorentino\"}]},{\"@type\":\"WebSite\",\"@id\":\"https:\\\/\\\/museoomero.it\\\/eo\\\/#website\",\"url\":\"https:\\\/\\\/museoomero.it\\\/eo\\\/\",\"name\":\"Museo Omero\",\"description\":\"Museo Tattile Statale\",\"publisher\":{\"@id\":\"https:\\\/\\\/museoomero.it\\\/eo\\\/#organization\"},\"potentialAction\":[{\"@type\":\"SearchAction\",\"target\":{\"@type\":\"EntryPoint\",\"urlTemplate\":\"https:\\\/\\\/museoomero.it\\\/eo\\\/?s={search_term_string}\"},\"query-input\":{\"@type\":\"PropertyValueSpecification\",\"valueRequired\":true,\"valueName\":\"search_term_string\"}}],\"inLanguage\":\"eo-UY\"},{\"@type\":\"Organization\",\"@id\":\"https:\\\/\\\/museoomero.it\\\/eo\\\/#organization\",\"name\":\"Museo Omero\",\"url\":\"https:\\\/\\\/museoomero.it\\\/eo\\\/\",\"logo\":{\"@type\":\"ImageObject\",\"inLanguage\":\"eo-UY\",\"@id\":\"https:\\\/\\\/museoomero.it\\\/eo\\\/#\\\/schema\\\/logo\\\/image\\\/\",\"url\":\"https:\\\/\\\/museoomero.it\\\/wp-content\\\/uploads\\\/2019\\\/12\\\/logo_museoomero_nomibact.png\",\"contentUrl\":\"https:\\\/\\\/museoomero.it\\\/wp-content\\\/uploads\\\/2019\\\/12\\\/logo_museoomero_nomibact.png\",\"width\":400,\"height\":127,\"caption\":\"Museo Omero\"},\"image\":{\"@id\":\"https:\\\/\\\/museoomero.it\\\/eo\\\/#\\\/schema\\\/logo\\\/image\\\/\"}}]}<\/script>\n<!-- \/ Yoast SEO plugin. -->","yoast_head_json":{"title":"Katalogo Percepire il soffio una mostra di Silvia Fiorentino - Museo Omero","robots":{"index":"index","follow":"follow","max-snippet":"max-snippet:-1","max-image-preview":"max-image-preview:large","max-video-preview":"max-video-preview:-1"},"canonical":"https:\/\/museoomero.it\/eo\/prodotto\/katalogo-percepire-il-soffio-una-mostra-di-silvia-fiorentino\/","og_locale":"eo_EO","og_type":"article","og_title":"Katalogo Percepire il soffio una mostra di Silvia Fiorentino - Museo Omero","og_description":"Katalogo de la ekspozicio &#8220;Percepti la blovadon&#8221; de Silvia Fiorentino organizita \u0109e Komplekso Vanvitelli de Ankono de la 16-a de Julio \u011dis la 14-a de Septembro 2014. La\u016d grafika projekto de Loretta Tavoloni, la katalogo prezentas sur 40 pa\u011doj la kreivan substancon de la artistino kaj ampleksan trarigardon de \u015diaj plej lastaj verkoj kaj ekspoziciaj [...] Continua a leggere: Katalogo Percepire il soffio una mostra di Silvia Fiorentino","og_url":"https:\/\/museoomero.it\/eo\/prodotto\/katalogo-percepire-il-soffio-una-mostra-di-silvia-fiorentino\/","og_site_name":"Museo Omero","article_modified_time":"2020-11-18T15:54:00+00:00","og_image":[{"width":1200,"height":1203,"url":"https:\/\/museoomero.it\/wp-content\/uploads\/2020\/09\/pubblicazioni-rinascimento-oltre-immagine.jpg","type":"image\/jpeg"}],"twitter_card":"summary_large_image","schema":{"@context":"https:\/\/schema.org","@graph":[{"@type":"WebPage","@id":"https:\/\/museoomero.it\/eo\/prodotto\/katalogo-percepire-il-soffio-una-mostra-di-silvia-fiorentino\/","url":"https:\/\/museoomero.it\/eo\/prodotto\/katalogo-percepire-il-soffio-una-mostra-di-silvia-fiorentino\/","name":"Katalogo Percepire il soffio una mostra di Silvia Fiorentino - Museo Omero","isPartOf":{"@id":"https:\/\/museoomero.it\/eo\/#website"},"primaryImageOfPage":{"@id":"https:\/\/museoomero.it\/eo\/prodotto\/katalogo-percepire-il-soffio-una-mostra-di-silvia-fiorentino\/#primaryimage"},"image":{"@id":"https:\/\/museoomero.it\/eo\/prodotto\/katalogo-percepire-il-soffio-una-mostra-di-silvia-fiorentino\/#primaryimage"},"thumbnailUrl":"https:\/\/museoomero.it\/wp-content\/uploads\/2020\/09\/pubblicazioni-rinascimento-oltre-immagine.jpg","datePublished":"2020-11-16T15:16:17+00:00","dateModified":"2020-11-18T15:54:00+00:00","breadcrumb":{"@id":"https:\/\/museoomero.it\/eo\/prodotto\/katalogo-percepire-il-soffio-una-mostra-di-silvia-fiorentino\/#breadcrumb"},"inLanguage":"eo-UY","potentialAction":[{"@type":"ReadAction","target":["https:\/\/museoomero.it\/eo\/prodotto\/katalogo-percepire-il-soffio-una-mostra-di-silvia-fiorentino\/"]}]},{"@type":"ImageObject","inLanguage":"eo-UY","@id":"https:\/\/museoomero.it\/eo\/prodotto\/katalogo-percepire-il-soffio-una-mostra-di-silvia-fiorentino\/#primaryimage","url":"https:\/\/museoomero.it\/wp-content\/uploads\/2020\/09\/pubblicazioni-rinascimento-oltre-immagine.jpg","contentUrl":"https:\/\/museoomero.it\/wp-content\/uploads\/2020\/09\/pubblicazioni-rinascimento-oltre-immagine.jpg","width":1200,"height":1203,"caption":"Catalogo Il Rinascimento oltre l'immagine"},{"@type":"BreadcrumbList","@id":"https:\/\/museoomero.it\/eo\/prodotto\/katalogo-percepire-il-soffio-una-mostra-di-silvia-fiorentino\/#breadcrumb","itemListElement":[{"@type":"ListItem","position":1,"name":"A\u0109etejo","item":"https:\/\/museoomero.it\/eo\/acetejo\/"},{"@type":"ListItem","position":2,"name":"Katalogo Percepire il soffio una mostra di Silvia Fiorentino"}]},{"@type":"WebSite","@id":"https:\/\/museoomero.it\/eo\/#website","url":"https:\/\/museoomero.it\/eo\/","name":"Museo Omero","description":"Museo Tattile Statale","publisher":{"@id":"https:\/\/museoomero.it\/eo\/#organization"},"potentialAction":[{"@type":"SearchAction","target":{"@type":"EntryPoint","urlTemplate":"https:\/\/museoomero.it\/eo\/?s={search_term_string}"},"query-input":{"@type":"PropertyValueSpecification","valueRequired":true,"valueName":"search_term_string"}}],"inLanguage":"eo-UY"},{"@type":"Organization","@id":"https:\/\/museoomero.it\/eo\/#organization","name":"Museo Omero","url":"https:\/\/museoomero.it\/eo\/","logo":{"@type":"ImageObject","inLanguage":"eo-UY","@id":"https:\/\/museoomero.it\/eo\/#\/schema\/logo\/image\/","url":"https:\/\/museoomero.it\/wp-content\/uploads\/2019\/12\/logo_museoomero_nomibact.png","contentUrl":"https:\/\/museoomero.it\/wp-content\/uploads\/2019\/12\/logo_museoomero_nomibact.png","width":400,"height":127,"caption":"Museo Omero"},"image":{"@id":"https:\/\/museoomero.it\/eo\/#\/schema\/logo\/image\/"}}]}},"jetpack_sharing_enabled":true,"_links":{"self":[{"href":"https:\/\/museoomero.it\/eo\/wp-json\/wp\/v2\/product\/16613","targetHints":{"allow":["GET"]}}],"collection":[{"href":"https:\/\/museoomero.it\/eo\/wp-json\/wp\/v2\/product"}],"about":[{"href":"https:\/\/museoomero.it\/eo\/wp-json\/wp\/v2\/types\/product"}],"wp:featuredmedia":[{"embeddable":true,"href":"https:\/\/museoomero.it\/eo\/wp-json\/wp\/v2\/media\/10977"}],"wp:attachment":[{"href":"https:\/\/museoomero.it\/eo\/wp-json\/wp\/v2\/media?parent=16613"}],"wp:term":[{"taxonomy":"product_brand","embeddable":true,"href":"https:\/\/museoomero.it\/eo\/wp-json\/wp\/v2\/product_brand?post=16613"},{"taxonomy":"product_cat","embeddable":true,"href":"https:\/\/museoomero.it\/eo\/wp-json\/wp\/v2\/product_cat?post=16613"},{"taxonomy":"product_tag","embeddable":true,"href":"https:\/\/museoomero.it\/eo\/wp-json\/wp\/v2\/product_tag?post=16613"}],"curies":[{"name":"wp","href":"https:\/\/api.w.org\/{rel}","templated":true}]}}