{"id":16621,"date":"2005-09-17T10:59:05","date_gmt":"2020-11-16T15:57:15","guid":{"rendered":"http:\/\/nuovosito.museoomero.it\/?post_type=product&#038;p=16621"},"modified":"2020-11-18T16:34:07","modified_gmt":"2020-11-18T15:34:07","slug":"katalogo-omaggio-a-vittorio-morelli","status":"publish","type":"product","link":"https:\/\/museoomero.it\/eo\/prodotto\/katalogo-omaggio-a-vittorio-morelli\/","title":{"rendered":"Katalogo Omaggio a Vittorio Morelli"},"content":{"rendered":"<p>La katalogo, realigita okaze de la palpsenta ekspozicio &#8220;Oma\u011do al Vittorio Morelli&#8221;, aran\u011dita \u0109e Komplekso Vanvitelli, Ankono, de la 12\u00aa de Marto \u011dis la 17\u00aa de Aprilo 2005 enhavas bildojn de \u0109iuj ekspoziciitaj verkoj. Enkonduko de Roberto Farroni kaj Fabiola Brugiamolini, kritika eseo de Massimo Di Matteo.<\/p>\n","protected":false},"excerpt":{"rendered":"<p>Tipo: Katalogo<br \/>\nPa\u011doj: 71<br \/>\nEldono: Museo Omero<\/p>\n","protected":false},"featured_media":11087,"template":"","meta":{"_acf_changed":false},"product_brand":[],"product_cat":[15],"product_tag":[],"class_list":{"0":"post-16621","1":"product","2":"type-product","3":"status-publish","4":"has-post-thumbnail","6":"product_cat-cataloghi-saggi-dispense","8":"first","9":"instock","10":"purchasable","11":"product-type-simple"},"acf":[],"yoast_head":"<!-- This site is optimized with the Yoast SEO plugin v27.4 - https:\/\/yoast.com\/product\/yoast-seo-wordpress\/ -->\n<title>Katalogo Omaggio a Vittorio Morelli - Museo Omero<\/title>\n<meta name=\"robots\" content=\"index, follow, max-snippet:-1, max-image-preview:large, max-video-preview:-1\" \/>\n<link rel=\"canonical\" href=\"https:\/\/museoomero.it\/eo\/prodotto\/katalogo-omaggio-a-vittorio-morelli\/\" \/>\n<meta property=\"og:locale\" content=\"eo_EO\" \/>\n<meta property=\"og:type\" content=\"article\" \/>\n<meta property=\"og:title\" content=\"Katalogo Omaggio a Vittorio Morelli - Museo Omero\" \/>\n<meta property=\"og:description\" content=\"Tipo: Katalogo Pa\u011doj: 71 Eldono: Museo Omero\" \/>\n<meta property=\"og:url\" content=\"https:\/\/museoomero.it\/eo\/prodotto\/katalogo-omaggio-a-vittorio-morelli\/\" \/>\n<meta property=\"og:site_name\" content=\"Museo Omero\" \/>\n<meta property=\"article:modified_time\" content=\"2020-11-18T15:34:07+00:00\" \/>\n<meta property=\"og:image\" content=\"https:\/\/museoomero.it\/wp-content\/uploads\/2020\/09\/pubblicazioni-morelli-2005.jpg\" \/>\n\t<meta property=\"og:image:width\" content=\"1200\" \/>\n\t<meta property=\"og:image:height\" content=\"1043\" \/>\n\t<meta property=\"og:image:type\" content=\"image\/jpeg\" \/>\n<meta name=\"twitter:card\" content=\"summary_large_image\" \/>\n<script type=\"application\/ld+json\" class=\"yoast-schema-graph\">{\"@context\":\"https:\\\/\\\/schema.org\",\"@graph\":[{\"@type\":\"WebPage\",\"@id\":\"https:\\\/\\\/museoomero.it\\\/eo\\\/prodotto\\\/katalogo-omaggio-a-vittorio-morelli\\\/\",\"url\":\"https:\\\/\\\/museoomero.it\\\/eo\\\/prodotto\\\/katalogo-omaggio-a-vittorio-morelli\\\/\",\"name\":\"Katalogo Omaggio a Vittorio Morelli - Museo Omero\",\"isPartOf\":{\"@id\":\"https:\\\/\\\/museoomero.it\\\/eo\\\/#website\"},\"primaryImageOfPage\":{\"@id\":\"https:\\\/\\\/museoomero.it\\\/eo\\\/prodotto\\\/katalogo-omaggio-a-vittorio-morelli\\\/#primaryimage\"},\"image\":{\"@id\":\"https:\\\/\\\/museoomero.it\\\/eo\\\/prodotto\\\/katalogo-omaggio-a-vittorio-morelli\\\/#primaryimage\"},\"thumbnailUrl\":\"https:\\\/\\\/museoomero.it\\\/wp-content\\\/uploads\\\/2020\\\/09\\\/pubblicazioni-morelli-2005.jpg\",\"datePublished\":\"2020-11-16T15:57:15+00:00\",\"dateModified\":\"2020-11-18T15:34:07+00:00\",\"breadcrumb\":{\"@id\":\"https:\\\/\\\/museoomero.it\\\/eo\\\/prodotto\\\/katalogo-omaggio-a-vittorio-morelli\\\/#breadcrumb\"},\"inLanguage\":\"eo-UY\",\"potentialAction\":[{\"@type\":\"ReadAction\",\"target\":[\"https:\\\/\\\/museoomero.it\\\/eo\\\/prodotto\\\/katalogo-omaggio-a-vittorio-morelli\\\/\"]}]},{\"@type\":\"ImageObject\",\"inLanguage\":\"eo-UY\",\"@id\":\"https:\\\/\\\/museoomero.it\\\/eo\\\/prodotto\\\/katalogo-omaggio-a-vittorio-morelli\\\/#primaryimage\",\"url\":\"https:\\\/\\\/museoomero.it\\\/wp-content\\\/uploads\\\/2020\\\/09\\\/pubblicazioni-morelli-2005.jpg\",\"contentUrl\":\"https:\\\/\\\/museoomero.it\\\/wp-content\\\/uploads\\\/2020\\\/09\\\/pubblicazioni-morelli-2005.jpg\",\"width\":1200,\"height\":1043,\"caption\":\"Catalogo Omaggio a Vittorio Morelli\"},{\"@type\":\"BreadcrumbList\",\"@id\":\"https:\\\/\\\/museoomero.it\\\/eo\\\/prodotto\\\/katalogo-omaggio-a-vittorio-morelli\\\/#breadcrumb\",\"itemListElement\":[{\"@type\":\"ListItem\",\"position\":1,\"name\":\"A\u0109etejo\",\"item\":\"https:\\\/\\\/museoomero.it\\\/eo\\\/acetejo\\\/\"},{\"@type\":\"ListItem\",\"position\":2,\"name\":\"Katalogo Omaggio a Vittorio Morelli\"}]},{\"@type\":\"WebSite\",\"@id\":\"https:\\\/\\\/museoomero.it\\\/eo\\\/#website\",\"url\":\"https:\\\/\\\/museoomero.it\\\/eo\\\/\",\"name\":\"Museo Omero\",\"description\":\"Museo Tattile Statale\",\"publisher\":{\"@id\":\"https:\\\/\\\/museoomero.it\\\/eo\\\/#organization\"},\"potentialAction\":[{\"@type\":\"SearchAction\",\"target\":{\"@type\":\"EntryPoint\",\"urlTemplate\":\"https:\\\/\\\/museoomero.it\\\/eo\\\/?s={search_term_string}\"},\"query-input\":{\"@type\":\"PropertyValueSpecification\",\"valueRequired\":true,\"valueName\":\"search_term_string\"}}],\"inLanguage\":\"eo-UY\"},{\"@type\":\"Organization\",\"@id\":\"https:\\\/\\\/museoomero.it\\\/eo\\\/#organization\",\"name\":\"Museo Omero\",\"url\":\"https:\\\/\\\/museoomero.it\\\/eo\\\/\",\"logo\":{\"@type\":\"ImageObject\",\"inLanguage\":\"eo-UY\",\"@id\":\"https:\\\/\\\/museoomero.it\\\/eo\\\/#\\\/schema\\\/logo\\\/image\\\/\",\"url\":\"https:\\\/\\\/museoomero.it\\\/wp-content\\\/uploads\\\/2019\\\/12\\\/logo_museoomero_nomibact.png\",\"contentUrl\":\"https:\\\/\\\/museoomero.it\\\/wp-content\\\/uploads\\\/2019\\\/12\\\/logo_museoomero_nomibact.png\",\"width\":400,\"height\":127,\"caption\":\"Museo Omero\"},\"image\":{\"@id\":\"https:\\\/\\\/museoomero.it\\\/eo\\\/#\\\/schema\\\/logo\\\/image\\\/\"}}]}<\/script>\n<!-- \/ Yoast SEO plugin. -->","yoast_head_json":{"title":"Katalogo Omaggio a Vittorio Morelli - Museo Omero","robots":{"index":"index","follow":"follow","max-snippet":"max-snippet:-1","max-image-preview":"max-image-preview:large","max-video-preview":"max-video-preview:-1"},"canonical":"https:\/\/museoomero.it\/eo\/prodotto\/katalogo-omaggio-a-vittorio-morelli\/","og_locale":"eo_EO","og_type":"article","og_title":"Katalogo Omaggio a Vittorio Morelli - Museo Omero","og_description":"Tipo: Katalogo Pa\u011doj: 71 Eldono: Museo Omero","og_url":"https:\/\/museoomero.it\/eo\/prodotto\/katalogo-omaggio-a-vittorio-morelli\/","og_site_name":"Museo Omero","article_modified_time":"2020-11-18T15:34:07+00:00","og_image":[{"width":1200,"height":1043,"url":"https:\/\/museoomero.it\/wp-content\/uploads\/2020\/09\/pubblicazioni-morelli-2005.jpg","type":"image\/jpeg"}],"twitter_card":"summary_large_image","schema":{"@context":"https:\/\/schema.org","@graph":[{"@type":"WebPage","@id":"https:\/\/museoomero.it\/eo\/prodotto\/katalogo-omaggio-a-vittorio-morelli\/","url":"https:\/\/museoomero.it\/eo\/prodotto\/katalogo-omaggio-a-vittorio-morelli\/","name":"Katalogo Omaggio a Vittorio Morelli - Museo Omero","isPartOf":{"@id":"https:\/\/museoomero.it\/eo\/#website"},"primaryImageOfPage":{"@id":"https:\/\/museoomero.it\/eo\/prodotto\/katalogo-omaggio-a-vittorio-morelli\/#primaryimage"},"image":{"@id":"https:\/\/museoomero.it\/eo\/prodotto\/katalogo-omaggio-a-vittorio-morelli\/#primaryimage"},"thumbnailUrl":"https:\/\/museoomero.it\/wp-content\/uploads\/2020\/09\/pubblicazioni-morelli-2005.jpg","datePublished":"2020-11-16T15:57:15+00:00","dateModified":"2020-11-18T15:34:07+00:00","breadcrumb":{"@id":"https:\/\/museoomero.it\/eo\/prodotto\/katalogo-omaggio-a-vittorio-morelli\/#breadcrumb"},"inLanguage":"eo-UY","potentialAction":[{"@type":"ReadAction","target":["https:\/\/museoomero.it\/eo\/prodotto\/katalogo-omaggio-a-vittorio-morelli\/"]}]},{"@type":"ImageObject","inLanguage":"eo-UY","@id":"https:\/\/museoomero.it\/eo\/prodotto\/katalogo-omaggio-a-vittorio-morelli\/#primaryimage","url":"https:\/\/museoomero.it\/wp-content\/uploads\/2020\/09\/pubblicazioni-morelli-2005.jpg","contentUrl":"https:\/\/museoomero.it\/wp-content\/uploads\/2020\/09\/pubblicazioni-morelli-2005.jpg","width":1200,"height":1043,"caption":"Catalogo Omaggio a Vittorio Morelli"},{"@type":"BreadcrumbList","@id":"https:\/\/museoomero.it\/eo\/prodotto\/katalogo-omaggio-a-vittorio-morelli\/#breadcrumb","itemListElement":[{"@type":"ListItem","position":1,"name":"A\u0109etejo","item":"https:\/\/museoomero.it\/eo\/acetejo\/"},{"@type":"ListItem","position":2,"name":"Katalogo Omaggio a Vittorio Morelli"}]},{"@type":"WebSite","@id":"https:\/\/museoomero.it\/eo\/#website","url":"https:\/\/museoomero.it\/eo\/","name":"Museo Omero","description":"Museo Tattile Statale","publisher":{"@id":"https:\/\/museoomero.it\/eo\/#organization"},"potentialAction":[{"@type":"SearchAction","target":{"@type":"EntryPoint","urlTemplate":"https:\/\/museoomero.it\/eo\/?s={search_term_string}"},"query-input":{"@type":"PropertyValueSpecification","valueRequired":true,"valueName":"search_term_string"}}],"inLanguage":"eo-UY"},{"@type":"Organization","@id":"https:\/\/museoomero.it\/eo\/#organization","name":"Museo Omero","url":"https:\/\/museoomero.it\/eo\/","logo":{"@type":"ImageObject","inLanguage":"eo-UY","@id":"https:\/\/museoomero.it\/eo\/#\/schema\/logo\/image\/","url":"https:\/\/museoomero.it\/wp-content\/uploads\/2019\/12\/logo_museoomero_nomibact.png","contentUrl":"https:\/\/museoomero.it\/wp-content\/uploads\/2019\/12\/logo_museoomero_nomibact.png","width":400,"height":127,"caption":"Museo Omero"},"image":{"@id":"https:\/\/museoomero.it\/eo\/#\/schema\/logo\/image\/"}}]}},"jetpack_sharing_enabled":true,"_links":{"self":[{"href":"https:\/\/museoomero.it\/eo\/wp-json\/wp\/v2\/product\/16621","targetHints":{"allow":["GET"]}}],"collection":[{"href":"https:\/\/museoomero.it\/eo\/wp-json\/wp\/v2\/product"}],"about":[{"href":"https:\/\/museoomero.it\/eo\/wp-json\/wp\/v2\/types\/product"}],"wp:featuredmedia":[{"embeddable":true,"href":"https:\/\/museoomero.it\/eo\/wp-json\/wp\/v2\/media\/11087"}],"wp:attachment":[{"href":"https:\/\/museoomero.it\/eo\/wp-json\/wp\/v2\/media?parent=16621"}],"wp:term":[{"taxonomy":"product_brand","embeddable":true,"href":"https:\/\/museoomero.it\/eo\/wp-json\/wp\/v2\/product_brand?post=16621"},{"taxonomy":"product_cat","embeddable":true,"href":"https:\/\/museoomero.it\/eo\/wp-json\/wp\/v2\/product_cat?post=16621"},{"taxonomy":"product_tag","embeddable":true,"href":"https:\/\/museoomero.it\/eo\/wp-json\/wp\/v2\/product_tag?post=16621"}],"curies":[{"name":"wp","href":"https:\/\/api.w.org\/{rel}","templated":true}]}}