{"id":20758,"date":"2020-10-20T09:39:09","date_gmt":"2021-09-22T08:34:43","guid":{"rendered":"http:\/\/museoomero.it\/?post_type=product&#038;p=20758"},"modified":"2021-09-23T10:58:39","modified_gmt":"2021-09-23T08:58:39","slug":"brosuro-alirebleco-al-muzeaj-ricajoj-kaj-arta-kaj-estetica-edukado-de-vidhandikapitaj-homoj","status":"publish","type":"product","link":"https:\/\/museoomero.it\/eo\/prodotto\/brosuro-alirebleco-al-muzeaj-ricajoj-kaj-arta-kaj-estetica-edukado-de-vidhandikapitaj-homoj\/","title":{"rendered":"Brosuro Alireblo de vidhandikapitoj al la muzeaj ri\u0109a\u0135oj"},"content":{"rendered":"<p>Zorge de la stabo de Muzeo Homero.<br \/>\nLa bro\u015duro entenas informojn kun le\u011da, komunika kaj praktika karaktero, krom edukaj spertoj kaj konkretaj indikoj por realigi efikajn kaj signifajn agojn koncerne ka alireblecon de vidhandikapitoj al muzeaj ri\u0109a\u0135oj.<\/p>\n<p>Speco: USB.<br \/>\nEldonis: Muzeo Homero.<br \/>\nPrezo (e\u016droj): 20,00.<\/p>\n","protected":false},"excerpt":{"rendered":"<p>Speco: USB.<br \/>\nPrezo (e\u016droj): 20,00<\/p>\n","protected":false},"featured_media":20836,"template":"","meta":{"_acf_changed":false},"product_brand":[],"product_cat":[15],"product_tag":[],"class_list":{"0":"post-20758","1":"product","2":"type-product","3":"status-publish","4":"has-post-thumbnail","6":"product_cat-cataloghi-saggi-dispense","8":"first","9":"instock","10":"purchasable","11":"product-type-simple"},"acf":[],"yoast_head":"<!-- This site is optimized with the Yoast SEO plugin v27.4 - https:\/\/yoast.com\/product\/yoast-seo-wordpress\/ -->\n<title>Brosuro Alireblo de vidhandikapitoj al la muzeaj ri\u0109a\u0135oj - Museo Omero<\/title>\n<meta name=\"robots\" content=\"index, follow, max-snippet:-1, max-image-preview:large, max-video-preview:-1\" \/>\n<link rel=\"canonical\" href=\"https:\/\/museoomero.it\/eo\/prodotto\/brosuro-alirebleco-al-muzeaj-ricajoj-kaj-arta-kaj-estetica-edukado-de-vidhandikapitaj-homoj\/\" \/>\n<meta property=\"og:locale\" content=\"eo_EO\" \/>\n<meta property=\"og:type\" content=\"article\" \/>\n<meta property=\"og:title\" content=\"Brosuro Alireblo de vidhandikapitoj al la muzeaj ri\u0109a\u0135oj - Museo Omero\" \/>\n<meta property=\"og:description\" content=\"Speco: USB. Prezo (e\u016droj): 20,00\" \/>\n<meta property=\"og:url\" content=\"https:\/\/museoomero.it\/eo\/prodotto\/brosuro-alirebleco-al-muzeaj-ricajoj-kaj-arta-kaj-estetica-edukado-de-vidhandikapitaj-homoj\/\" \/>\n<meta property=\"og:site_name\" content=\"Museo Omero\" \/>\n<meta property=\"article:modified_time\" content=\"2021-09-23T08:58:39+00:00\" \/>\n<meta property=\"og:image\" content=\"https:\/\/museoomero.it\/wp-content\/uploads\/2020\/10\/pubblicazioni-accessibilita-2021.jpg\" \/>\n\t<meta property=\"og:image:width\" content=\"600\" \/>\n\t<meta property=\"og:image:height\" content=\"601\" \/>\n\t<meta property=\"og:image:type\" content=\"image\/jpeg\" \/>\n<meta name=\"twitter:card\" content=\"summary_large_image\" \/>\n<script type=\"application\/ld+json\" class=\"yoast-schema-graph\">{\"@context\":\"https:\\\/\\\/schema.org\",\"@graph\":[{\"@type\":\"WebPage\",\"@id\":\"https:\\\/\\\/museoomero.it\\\/eo\\\/prodotto\\\/brosuro-alirebleco-al-muzeaj-ricajoj-kaj-arta-kaj-estetica-edukado-de-vidhandikapitaj-homoj\\\/\",\"url\":\"https:\\\/\\\/museoomero.it\\\/eo\\\/prodotto\\\/brosuro-alirebleco-al-muzeaj-ricajoj-kaj-arta-kaj-estetica-edukado-de-vidhandikapitaj-homoj\\\/\",\"name\":\"Brosuro Alireblo de vidhandikapitoj al la muzeaj ri\u0109a\u0135oj - Museo Omero\",\"isPartOf\":{\"@id\":\"https:\\\/\\\/museoomero.it\\\/eo\\\/#website\"},\"primaryImageOfPage\":{\"@id\":\"https:\\\/\\\/museoomero.it\\\/eo\\\/prodotto\\\/brosuro-alirebleco-al-muzeaj-ricajoj-kaj-arta-kaj-estetica-edukado-de-vidhandikapitaj-homoj\\\/#primaryimage\"},\"image\":{\"@id\":\"https:\\\/\\\/museoomero.it\\\/eo\\\/prodotto\\\/brosuro-alirebleco-al-muzeaj-ricajoj-kaj-arta-kaj-estetica-edukado-de-vidhandikapitaj-homoj\\\/#primaryimage\"},\"thumbnailUrl\":\"https:\\\/\\\/museoomero.it\\\/wp-content\\\/uploads\\\/2020\\\/10\\\/pubblicazioni-accessibilita-2021.jpg\",\"datePublished\":\"2021-09-22T08:34:43+00:00\",\"dateModified\":\"2021-09-23T08:58:39+00:00\",\"breadcrumb\":{\"@id\":\"https:\\\/\\\/museoomero.it\\\/eo\\\/prodotto\\\/brosuro-alirebleco-al-muzeaj-ricajoj-kaj-arta-kaj-estetica-edukado-de-vidhandikapitaj-homoj\\\/#breadcrumb\"},\"inLanguage\":\"eo-UY\",\"potentialAction\":[{\"@type\":\"ReadAction\",\"target\":[\"https:\\\/\\\/museoomero.it\\\/eo\\\/prodotto\\\/brosuro-alirebleco-al-muzeaj-ricajoj-kaj-arta-kaj-estetica-edukado-de-vidhandikapitaj-homoj\\\/\"]}]},{\"@type\":\"ImageObject\",\"inLanguage\":\"eo-UY\",\"@id\":\"https:\\\/\\\/museoomero.it\\\/eo\\\/prodotto\\\/brosuro-alirebleco-al-muzeaj-ricajoj-kaj-arta-kaj-estetica-edukado-de-vidhandikapitaj-homoj\\\/#primaryimage\",\"url\":\"https:\\\/\\\/museoomero.it\\\/wp-content\\\/uploads\\\/2020\\\/10\\\/pubblicazioni-accessibilita-2021.jpg\",\"contentUrl\":\"https:\\\/\\\/museoomero.it\\\/wp-content\\\/uploads\\\/2020\\\/10\\\/pubblicazioni-accessibilita-2021.jpg\",\"width\":600,\"height\":601,\"caption\":\"L\u2019accessibilit\u00e0 al patrimonio museale per le persone con disabilit\u00e0 visiva\"},{\"@type\":\"BreadcrumbList\",\"@id\":\"https:\\\/\\\/museoomero.it\\\/eo\\\/prodotto\\\/brosuro-alirebleco-al-muzeaj-ricajoj-kaj-arta-kaj-estetica-edukado-de-vidhandikapitaj-homoj\\\/#breadcrumb\",\"itemListElement\":[{\"@type\":\"ListItem\",\"position\":1,\"name\":\"A\u0109etejo\",\"item\":\"https:\\\/\\\/museoomero.it\\\/eo\\\/acetejo\\\/\"},{\"@type\":\"ListItem\",\"position\":2,\"name\":\"Brosuro Alireblo de vidhandikapitoj al la muzeaj ri\u0109a\u0135oj\"}]},{\"@type\":\"WebSite\",\"@id\":\"https:\\\/\\\/museoomero.it\\\/eo\\\/#website\",\"url\":\"https:\\\/\\\/museoomero.it\\\/eo\\\/\",\"name\":\"Museo Omero\",\"description\":\"Museo Tattile Statale\",\"publisher\":{\"@id\":\"https:\\\/\\\/museoomero.it\\\/eo\\\/#organization\"},\"potentialAction\":[{\"@type\":\"SearchAction\",\"target\":{\"@type\":\"EntryPoint\",\"urlTemplate\":\"https:\\\/\\\/museoomero.it\\\/eo\\\/?s={search_term_string}\"},\"query-input\":{\"@type\":\"PropertyValueSpecification\",\"valueRequired\":true,\"valueName\":\"search_term_string\"}}],\"inLanguage\":\"eo-UY\"},{\"@type\":\"Organization\",\"@id\":\"https:\\\/\\\/museoomero.it\\\/eo\\\/#organization\",\"name\":\"Museo Omero\",\"url\":\"https:\\\/\\\/museoomero.it\\\/eo\\\/\",\"logo\":{\"@type\":\"ImageObject\",\"inLanguage\":\"eo-UY\",\"@id\":\"https:\\\/\\\/museoomero.it\\\/eo\\\/#\\\/schema\\\/logo\\\/image\\\/\",\"url\":\"https:\\\/\\\/museoomero.it\\\/wp-content\\\/uploads\\\/2019\\\/12\\\/logo_museoomero_nomibact.png\",\"contentUrl\":\"https:\\\/\\\/museoomero.it\\\/wp-content\\\/uploads\\\/2019\\\/12\\\/logo_museoomero_nomibact.png\",\"width\":400,\"height\":127,\"caption\":\"Museo Omero\"},\"image\":{\"@id\":\"https:\\\/\\\/museoomero.it\\\/eo\\\/#\\\/schema\\\/logo\\\/image\\\/\"}}]}<\/script>\n<!-- \/ Yoast SEO plugin. -->","yoast_head_json":{"title":"Brosuro Alireblo de vidhandikapitoj al la muzeaj ri\u0109a\u0135oj - Museo Omero","robots":{"index":"index","follow":"follow","max-snippet":"max-snippet:-1","max-image-preview":"max-image-preview:large","max-video-preview":"max-video-preview:-1"},"canonical":"https:\/\/museoomero.it\/eo\/prodotto\/brosuro-alirebleco-al-muzeaj-ricajoj-kaj-arta-kaj-estetica-edukado-de-vidhandikapitaj-homoj\/","og_locale":"eo_EO","og_type":"article","og_title":"Brosuro Alireblo de vidhandikapitoj al la muzeaj ri\u0109a\u0135oj - Museo Omero","og_description":"Speco: USB. Prezo (e\u016droj): 20,00","og_url":"https:\/\/museoomero.it\/eo\/prodotto\/brosuro-alirebleco-al-muzeaj-ricajoj-kaj-arta-kaj-estetica-edukado-de-vidhandikapitaj-homoj\/","og_site_name":"Museo Omero","article_modified_time":"2021-09-23T08:58:39+00:00","og_image":[{"width":600,"height":601,"url":"https:\/\/museoomero.it\/wp-content\/uploads\/2020\/10\/pubblicazioni-accessibilita-2021.jpg","type":"image\/jpeg"}],"twitter_card":"summary_large_image","schema":{"@context":"https:\/\/schema.org","@graph":[{"@type":"WebPage","@id":"https:\/\/museoomero.it\/eo\/prodotto\/brosuro-alirebleco-al-muzeaj-ricajoj-kaj-arta-kaj-estetica-edukado-de-vidhandikapitaj-homoj\/","url":"https:\/\/museoomero.it\/eo\/prodotto\/brosuro-alirebleco-al-muzeaj-ricajoj-kaj-arta-kaj-estetica-edukado-de-vidhandikapitaj-homoj\/","name":"Brosuro Alireblo de vidhandikapitoj al la muzeaj ri\u0109a\u0135oj - Museo Omero","isPartOf":{"@id":"https:\/\/museoomero.it\/eo\/#website"},"primaryImageOfPage":{"@id":"https:\/\/museoomero.it\/eo\/prodotto\/brosuro-alirebleco-al-muzeaj-ricajoj-kaj-arta-kaj-estetica-edukado-de-vidhandikapitaj-homoj\/#primaryimage"},"image":{"@id":"https:\/\/museoomero.it\/eo\/prodotto\/brosuro-alirebleco-al-muzeaj-ricajoj-kaj-arta-kaj-estetica-edukado-de-vidhandikapitaj-homoj\/#primaryimage"},"thumbnailUrl":"https:\/\/museoomero.it\/wp-content\/uploads\/2020\/10\/pubblicazioni-accessibilita-2021.jpg","datePublished":"2021-09-22T08:34:43+00:00","dateModified":"2021-09-23T08:58:39+00:00","breadcrumb":{"@id":"https:\/\/museoomero.it\/eo\/prodotto\/brosuro-alirebleco-al-muzeaj-ricajoj-kaj-arta-kaj-estetica-edukado-de-vidhandikapitaj-homoj\/#breadcrumb"},"inLanguage":"eo-UY","potentialAction":[{"@type":"ReadAction","target":["https:\/\/museoomero.it\/eo\/prodotto\/brosuro-alirebleco-al-muzeaj-ricajoj-kaj-arta-kaj-estetica-edukado-de-vidhandikapitaj-homoj\/"]}]},{"@type":"ImageObject","inLanguage":"eo-UY","@id":"https:\/\/museoomero.it\/eo\/prodotto\/brosuro-alirebleco-al-muzeaj-ricajoj-kaj-arta-kaj-estetica-edukado-de-vidhandikapitaj-homoj\/#primaryimage","url":"https:\/\/museoomero.it\/wp-content\/uploads\/2020\/10\/pubblicazioni-accessibilita-2021.jpg","contentUrl":"https:\/\/museoomero.it\/wp-content\/uploads\/2020\/10\/pubblicazioni-accessibilita-2021.jpg","width":600,"height":601,"caption":"L\u2019accessibilit\u00e0 al patrimonio museale per le persone con disabilit\u00e0 visiva"},{"@type":"BreadcrumbList","@id":"https:\/\/museoomero.it\/eo\/prodotto\/brosuro-alirebleco-al-muzeaj-ricajoj-kaj-arta-kaj-estetica-edukado-de-vidhandikapitaj-homoj\/#breadcrumb","itemListElement":[{"@type":"ListItem","position":1,"name":"A\u0109etejo","item":"https:\/\/museoomero.it\/eo\/acetejo\/"},{"@type":"ListItem","position":2,"name":"Brosuro Alireblo de vidhandikapitoj al la muzeaj ri\u0109a\u0135oj"}]},{"@type":"WebSite","@id":"https:\/\/museoomero.it\/eo\/#website","url":"https:\/\/museoomero.it\/eo\/","name":"Museo Omero","description":"Museo Tattile Statale","publisher":{"@id":"https:\/\/museoomero.it\/eo\/#organization"},"potentialAction":[{"@type":"SearchAction","target":{"@type":"EntryPoint","urlTemplate":"https:\/\/museoomero.it\/eo\/?s={search_term_string}"},"query-input":{"@type":"PropertyValueSpecification","valueRequired":true,"valueName":"search_term_string"}}],"inLanguage":"eo-UY"},{"@type":"Organization","@id":"https:\/\/museoomero.it\/eo\/#organization","name":"Museo Omero","url":"https:\/\/museoomero.it\/eo\/","logo":{"@type":"ImageObject","inLanguage":"eo-UY","@id":"https:\/\/museoomero.it\/eo\/#\/schema\/logo\/image\/","url":"https:\/\/museoomero.it\/wp-content\/uploads\/2019\/12\/logo_museoomero_nomibact.png","contentUrl":"https:\/\/museoomero.it\/wp-content\/uploads\/2019\/12\/logo_museoomero_nomibact.png","width":400,"height":127,"caption":"Museo Omero"},"image":{"@id":"https:\/\/museoomero.it\/eo\/#\/schema\/logo\/image\/"}}]}},"jetpack_sharing_enabled":true,"_links":{"self":[{"href":"https:\/\/museoomero.it\/eo\/wp-json\/wp\/v2\/product\/20758","targetHints":{"allow":["GET"]}}],"collection":[{"href":"https:\/\/museoomero.it\/eo\/wp-json\/wp\/v2\/product"}],"about":[{"href":"https:\/\/museoomero.it\/eo\/wp-json\/wp\/v2\/types\/product"}],"wp:featuredmedia":[{"embeddable":true,"href":"https:\/\/museoomero.it\/eo\/wp-json\/wp\/v2\/media\/20836"}],"wp:attachment":[{"href":"https:\/\/museoomero.it\/eo\/wp-json\/wp\/v2\/media?parent=20758"}],"wp:term":[{"taxonomy":"product_brand","embeddable":true,"href":"https:\/\/museoomero.it\/eo\/wp-json\/wp\/v2\/product_brand?post=20758"},{"taxonomy":"product_cat","embeddable":true,"href":"https:\/\/museoomero.it\/eo\/wp-json\/wp\/v2\/product_cat?post=20758"},{"taxonomy":"product_tag","embeddable":true,"href":"https:\/\/museoomero.it\/eo\/wp-json\/wp\/v2\/product_tag?post=20758"}],"curies":[{"name":"wp","href":"https:\/\/api.w.org\/{rel}","templated":true}]}}